{"id":158,"date":"2016-08-28T11:15:13","date_gmt":"2016-08-28T09:15:13","guid":{"rendered":"http:\/\/web.c-307.maxcluster.net\/shinheae\/?page_id=158"},"modified":"2020-09-23T19:28:40","modified_gmt":"2020-09-23T17:28:40","slug":"media","status":"publish","type":"page","link":"http:\/\/www.shin-heae-kang.com\/de\/media\/","title":{"rendered":"Media"},"content":{"rendered":"Auf dieser Seite m\u00f6chten wir Ihnen einige H\u00f6rbeispiele mit Live- und Studioaufnahmen von Shin-Heae Kang pr\u00e4sentieren. Weiter unten auf der Seite haben wir zudem einige Videomitschnitte von ausgew\u00e4hlten Auftritten hinzugef\u00fcgt.<\/p>\n<h2>Audio<\/h2>\n<p><strong>Fr\u00e9d\u00e9ric Chopin: Nocturne Nr. 20 op. posth. in cis-Moll<br \/>\n<\/strong>Copyright: NDR Kultur Rolf-Liebermann-Studio Hamburg Podium der Jungen<\/p>\n<div class=\"x-audio player\" data-x-element-mejs><audio class=\"x-mejs x-wp-audio-shortcode advanced-controls\" id=\"audio-158-1\" preload=\"none\" style=\"width: 100%;\" controls=\"controls\"><source type=\"audio\/mpeg\" src=\"http:\/\/www.shin-heae-kang.com\/wp-content\/uploads\/2016\/08\/01.mp3?_=1\" \/><\/audio><\/div>\n<p>&nbsp;<\/p>\n<p><strong>Franz Liszt: Rhapsodie Espagnole (Ausschnitt)<br \/>\n<\/strong>Copyright: NDR Kultur\u00a0Rolf-Liebermann-Studio Hamburg Podium der Jungen<\/p>\n<div class=\"x-audio player\" data-x-element-mejs><audio class=\"x-mejs x-wp-audio-shortcode advanced-controls\" id=\"audio-158-2\" preload=\"none\" style=\"width: 100%;\" controls=\"controls\"><source type=\"audio\/mpeg\" src=\"http:\/\/www.shin-heae-kang.com\/wp-content\/uploads\/2016\/08\/02.mp3?_=2\" \/><\/audio><\/div>\n<p>&nbsp;<\/p>\n<p><strong>Johannes Brahms: Paganini-Variationen Band I \u00a0Variation 5 + 6<br \/>\n<\/strong>Live-Mitschnitt vom Rezital beim Festival Progetto Martha Argerich<br \/>\nCopyright: Radiotelevisione Svizzera Italiana Lugano Festival<\/p>\n<div class=\"x-audio player\" data-x-element-mejs><audio class=\"x-mejs x-wp-audio-shortcode advanced-controls\" id=\"audio-158-3\" preload=\"none\" style=\"width: 100%;\" controls=\"controls\"><source type=\"audio\/mpeg\" src=\"http:\/\/www.shin-heae-kang.com\/wp-content\/uploads\/2016\/08\/03.mp3?_=3\" \/><\/audio><\/div>\n<p>&nbsp;<\/p>\n<p><strong>Johannes Brahms:\u00a0Paganini-Variationen Band I \u00a0Variation 8 + 9<br \/>\n<\/strong>Live-Mitschnitt vom Rezital beim Festival Progetto Martha Argerich<br \/>\nCopyright: Radiotelevisione Svizzera Italiana Lugano Festival<\/p>\n<div class=\"x-audio player\" data-x-element-mejs><audio class=\"x-mejs x-wp-audio-shortcode advanced-controls\" id=\"audio-158-4\" preload=\"none\" style=\"width: 100%;\" controls=\"controls\"><source type=\"audio\/mpeg\" src=\"http:\/\/www.shin-heae-kang.com\/wp-content\/uploads\/2016\/08\/04.mp3?_=4\" \/><\/audio><\/div>\n<p>&nbsp;<\/p>\n<p><strong>Robert Schumann: Symphonische Et\u00fcden op. 13 Et\u00fcde III<br \/>\n<\/strong>Copyright: Shin-Heae Kang<\/p>\n<div class=\"x-audio player\" data-x-element-mejs><audio class=\"x-mejs x-wp-audio-shortcode advanced-controls\" id=\"audio-158-5\" preload=\"none\" style=\"width: 100%;\" controls=\"controls\"><source type=\"audio\/mpeg\" src=\"http:\/\/www.shin-heae-kang.com\/wp-content\/uploads\/2016\/08\/05.mp3?_=5\" \/><\/audio><\/div>\n<p>&nbsp;<\/p>\n<p><strong>Robert Schumann: Symphonische Et\u00fcden op. 13 Et\u00fcde VI<br \/>\n<\/strong>Copyright: Shin-Heae Kang<\/p>\n<div class=\"x-audio player\" data-x-element-mejs><audio class=\"x-mejs x-wp-audio-shortcode advanced-controls\" id=\"audio-158-6\" preload=\"none\" style=\"width: 100%;\" controls=\"controls\"><source type=\"audio\/mpeg\" src=\"http:\/\/www.shin-heae-kang.com\/wp-content\/uploads\/2016\/08\/06.mp3?_=6\" \/><\/audio><\/div>\n<p>&nbsp;<\/p>\n<p><strong>Robert Schumann: Symphonische Et\u00fcden op. 13 Posthume Variation II<br \/>\n<\/strong>Copyright: Shin-Heae Kang<\/p>\n<div class=\"x-audio player\" data-x-element-mejs><audio class=\"x-mejs x-wp-audio-shortcode advanced-controls\" id=\"audio-158-7\" preload=\"none\" style=\"width: 100%;\" controls=\"controls\"><source type=\"audio\/mpeg\" src=\"http:\/\/www.shin-heae-kang.com\/wp-content\/uploads\/2016\/08\/07.mp3?_=7\" \/><\/audio><\/div>\n<p>&nbsp;<\/p>\n<p><strong>Robert Schumann: Symphonische Et\u00fcden op. 13 Et\u00fcde IX<br \/>\n<\/strong>Copyright: Shin-Heae Kang<\/p>\n<div class=\"x-audio player\" data-x-element-mejs><audio class=\"x-mejs x-wp-audio-shortcode advanced-controls\" id=\"audio-158-8\" preload=\"none\" style=\"width: 100%;\" controls=\"controls\"><source type=\"audio\/mpeg\" src=\"http:\/\/www.shin-heae-kang.com\/wp-content\/uploads\/2016\/08\/08.mp3?_=8\" \/><\/audio><\/div>\n<p>&nbsp;<\/p>\n<h2>Videos<\/h2>\n<p><strong>Live beim Schleswig-Holstein Musik Festival<\/strong><\/p>\n<p><iframe loading=\"lazy\" style=\"width: 480px; height: 360px;\" src=\"https:\/\/www.youtube.com\/embed\/k8k17HJz3vQ?rel=0\" width=\"300\" height=\"150\" frameborder=\"0\" allowfullscreen=\"allowfullscreen\"><\/iframe><\/p>\n<p>&nbsp;<\/p>\n<p><strong>Live Rezital in Korea &#8211; Fr\u00e9d\u00e9ric Chopin: Scherzo Nr. 2 op. 31<\/strong><br \/>\n\r\n    <div style=\"max-width:480px;\">        \r\n    <video id=\"plyr69de4b5333b10\" controls>\r\n       <source src=\"http:\/\/www.shin-heae-kang.com\/wp-content\/uploads\/2016\/08\/Chopin_Scherzo-No2-Play-by-Shin-Heae-Kang.mp4\" type=\"video\/mp4\" \/>\r\n    <\/video>\r\n    <\/div>    <script>\r\n        const evplayerplyr69de4b5333b10 = new Plyr(document.getElementById('plyr69de4b5333b10'));\r\n        evplayerplyr69de4b5333b10.ratio = '16:9';\r\n        evplayerplyr69de4b5333b10.iconUrl = 'http:\/\/www.shin-heae-kang.com\/wp-content\/plugins\/easy-video-player\/lib\/plyr.svg';\r\n        evplayerplyr69de4b5333b10.blankVideo = 'http:\/\/www.shin-heae-kang.com\/wp-content\/plugins\/easy-video-player\/lib\/blank.mp4';  \r\n    <\/script>\n<p>&nbsp;<\/p>\n<p><strong>Et\u00fcde Op. 10 No. 12 von Fr\u00e9d\u00e9ric Chopin<\/strong><\/p>\n<p><iframe loading=\"lazy\" style=\"width: 480px; height: 360px;\" src=\"https:\/\/www.youtube.com\/embed\/xI1P4yw2g1E?rel=0\" width=\"300\" height=\"150\" frameborder=\"0\" allowfullscreen=\"allowfullscreen\"><\/iframe><\/p>\n<p>&nbsp;<\/p>\n<p><strong>Nocturne Op. 9 No. 1 von Fr\u00e9d\u00e9ric Chopin<\/strong><\/p>\n<p><iframe loading=\"lazy\" style=\"width: 480px; height: 360px;\" src=\"https:\/\/www.youtube.com\/embed\/OXXAKTSwmRg?rel=0\" width=\"300\" height=\"150\" frameborder=\"0\" allowfullscreen=\"allowfullscreen\"><\/iframe><\/p>\n<p>&nbsp;<\/p>\n<p><strong>Et\u00fcde Op. 10 No. 4 von Fr\u00e9d\u00e9ric Chopin<\/strong><\/p>\n<p><iframe loading=\"lazy\" style=\"width: 480px; height: 360px;\" src=\"https:\/\/www.youtube.com\/embed\/dOmYHZaZ7RU?rel=0\" width=\"300\" height=\"150\" frameborder=\"0\" allowfullscreen=\"allowfullscreen\"><\/iframe><\/p>\n<p>&nbsp;<\/p>\n<p><strong>Sonata in f-Moll K 466 von Domenico Scarlatti<\/strong><\/p>\n<p><iframe loading=\"lazy\" style=\"width: 480px; height: 360px;\" src=\"https:\/\/www.youtube.com\/embed\/s78npMLsd8U?rel=0\" width=\"300\" height=\"150\" frameborder=\"0\" allowfullscreen=\"allowfullscreen\"><\/iframe><\/p>\n<p>&nbsp;<\/p>\n<p><strong>Franz Liszt&#8217;s Klavierbearbeitung von Schumann`s &#8222;Liebeslied (Widmung)&#8220;<\/strong><\/p>\n<p><iframe loading=\"lazy\" style=\"width: 480px; height: 360px;\" src=\"https:\/\/www.youtube.com\/embed\/6Ue0-ccHOdg?rel=0\" width=\"300\" height=\"150\" frameborder=\"0\" allowfullscreen=\"allowfullscreen\"><\/iframe><\/p>\n<p>&nbsp;<\/p>\n<p><strong>Konzertmitschnitt aus dem Jahr 1998. Die damals 11-j\u00e4hrige Shin-Heae Kang spielt das Klavierkonzert Nr. 1 op. 25 von Felix Mendelssohn Bartholdy. Als Zugabe folgt &#8222;Suggestion Diabolique&#8220; von Sergej Prokofjew.<\/strong><\/p>\n<p><iframe loading=\"lazy\" style=\"width: 480px; height: 360px;\" src=\"https:\/\/www.youtube.com\/embed\/3jMhdRHqsbg?rel=0\" width=\"300\" height=\"150\" frameborder=\"0\" allowfullscreen=\"allowfullscreen\"><\/iframe>","protected":false},"excerpt":{"rendered":"<p>Auf dieser Seite m\u00f6chten wir Ihnen einige H\u00f6rbeispiele mit Live- und Studioaufnahmen von Shin-Heae Kang pr\u00e4sentieren. Weiter unten auf der Seite haben wir zudem einige Videomitschnitte von ausgew\u00e4hlten Auftritten hinzugef\u00fcgt. Audio Fr\u00e9d\u00e9ric Chopin: Nocturne Nr. 20 op. posth. in cis-Moll Copyright: NDR Kultur Rolf-Liebermann-Studio Hamburg Podium der Jungen &nbsp; Franz Liszt: Rhapsodie Espagnole (Ausschnitt) Copyright: NDR Kultur\u00a0Rolf-Liebermann-Studio Hamburg Podium der &#8230; <\/p>\n<div><a href=\"http:\/\/www.shin-heae-kang.com\/de\/media\/\" class=\"more-link\">Read More<\/a><\/div>\n","protected":false},"author":1,"featured_media":0,"parent":0,"menu_order":0,"comment_status":"closed","ping_status":"closed","template":"","meta":[],"yoast_head":"<!-- This site is optimized with the Yoast SEO plugin v19.14 - https:\/\/yoast.com\/wordpress\/plugins\/seo\/ -->\n<title>Media - Shin-Heae Kang<\/title>\n<meta name=\"robots\" content=\"index, follow, max-snippet:-1, max-image-preview:large, max-video-preview:-1\" \/>\n<link rel=\"canonical\" href=\"http:\/\/www.shin-heae-kang.com\/en\/media\/\" \/>\n<meta property=\"og:locale\" content=\"de_DE\" \/>\n<meta property=\"og:type\" content=\"article\" \/>\n<meta property=\"og:title\" content=\"Media - Shin-Heae Kang\" \/>\n<meta property=\"og:description\" content=\"Auf dieser Seite m\u00f6chten wir Ihnen einige H\u00f6rbeispiele mit Live- und Studioaufnahmen von Shin-Heae Kang pr\u00e4sentieren. Weiter unten auf der Seite haben wir zudem einige Videomitschnitte von ausgew\u00e4hlten Auftritten hinzugef\u00fcgt. Audio Fr\u00e9d\u00e9ric Chopin: Nocturne Nr. 20 op. posth. in cis-Moll Copyright: NDR Kultur Rolf-Liebermann-Studio Hamburg Podium der Jungen &nbsp; Franz Liszt: Rhapsodie Espagnole (Ausschnitt) Copyright: NDR Kultur\u00a0Rolf-Liebermann-Studio Hamburg Podium der ... Read More\" \/>\n<meta property=\"og:url\" content=\"http:\/\/www.shin-heae-kang.com\/en\/media\/\" \/>\n<meta property=\"og:site_name\" content=\"Shin-Heae Kang\" \/>\n<meta property=\"article:modified_time\" content=\"2020-09-23T17:28:40+00:00\" \/>\n<meta name=\"twitter:card\" content=\"summary_large_image\" \/>\n<meta name=\"twitter:label1\" content=\"Gesch\u00e4tzte Lesezeit\" \/>\n\t<meta name=\"twitter:data1\" content=\"4\u00a0Minuten\" \/>\n<script type=\"application\/ld+json\" class=\"yoast-schema-graph\">{\"@context\":\"https:\/\/schema.org\",\"@graph\":[{\"@type\":\"WebPage\",\"@id\":\"http:\/\/www.shin-heae-kang.com\/en\/media\/\",\"url\":\"http:\/\/www.shin-heae-kang.com\/en\/media\/\",\"name\":\"Media - Shin-Heae Kang\",\"isPartOf\":{\"@id\":\"http:\/\/www.shin-heae-kang.com\/en\/#website\"},\"datePublished\":\"2016-08-28T09:15:13+00:00\",\"dateModified\":\"2020-09-23T17:28:40+00:00\",\"breadcrumb\":{\"@id\":\"http:\/\/www.shin-heae-kang.com\/en\/media\/#breadcrumb\"},\"inLanguage\":\"de\",\"potentialAction\":[{\"@type\":\"ReadAction\",\"target\":[\"http:\/\/www.shin-heae-kang.com\/en\/media\/\"]}]},{\"@type\":\"BreadcrumbList\",\"@id\":\"http:\/\/www.shin-heae-kang.com\/en\/media\/#breadcrumb\",\"itemListElement\":[{\"@type\":\"ListItem\",\"position\":1,\"name\":\"Startseite\",\"item\":\"http:\/\/www.shin-heae-kang.com\/en\/\"},{\"@type\":\"ListItem\",\"position\":2,\"name\":\"Media\"}]},{\"@type\":\"WebSite\",\"@id\":\"http:\/\/www.shin-heae-kang.com\/en\/#website\",\"url\":\"http:\/\/www.shin-heae-kang.com\/en\/\",\"name\":\"Shin-Heae Kang\",\"description\":\"Pianistin\",\"potentialAction\":[{\"@type\":\"SearchAction\",\"target\":{\"@type\":\"EntryPoint\",\"urlTemplate\":\"http:\/\/www.shin-heae-kang.com\/en\/?s={search_term_string}\"},\"query-input\":\"required name=search_term_string\"}],\"inLanguage\":\"de\"}]}<\/script>\n<!-- \/ Yoast SEO plugin. -->","yoast_head_json":{"title":"Media - Shin-Heae Kang","robots":{"index":"index","follow":"follow","max-snippet":"max-snippet:-1","max-image-preview":"max-image-preview:large","max-video-preview":"max-video-preview:-1"},"canonical":"http:\/\/www.shin-heae-kang.com\/en\/media\/","og_locale":"de_DE","og_type":"article","og_title":"Media - Shin-Heae Kang","og_description":"Auf dieser Seite m\u00f6chten wir Ihnen einige H\u00f6rbeispiele mit Live- und Studioaufnahmen von Shin-Heae Kang pr\u00e4sentieren. Weiter unten auf der Seite haben wir zudem einige Videomitschnitte von ausgew\u00e4hlten Auftritten hinzugef\u00fcgt. Audio Fr\u00e9d\u00e9ric Chopin: Nocturne Nr. 20 op. posth. in cis-Moll Copyright: NDR Kultur Rolf-Liebermann-Studio Hamburg Podium der Jungen &nbsp; Franz Liszt: Rhapsodie Espagnole (Ausschnitt) Copyright: NDR Kultur\u00a0Rolf-Liebermann-Studio Hamburg Podium der ... Read More","og_url":"http:\/\/www.shin-heae-kang.com\/en\/media\/","og_site_name":"Shin-Heae Kang","article_modified_time":"2020-09-23T17:28:40+00:00","twitter_card":"summary_large_image","twitter_misc":{"Gesch\u00e4tzte Lesezeit":"4\u00a0Minuten"},"schema":{"@context":"https:\/\/schema.org","@graph":[{"@type":"WebPage","@id":"http:\/\/www.shin-heae-kang.com\/en\/media\/","url":"http:\/\/www.shin-heae-kang.com\/en\/media\/","name":"Media - Shin-Heae Kang","isPartOf":{"@id":"http:\/\/www.shin-heae-kang.com\/en\/#website"},"datePublished":"2016-08-28T09:15:13+00:00","dateModified":"2020-09-23T17:28:40+00:00","breadcrumb":{"@id":"http:\/\/www.shin-heae-kang.com\/en\/media\/#breadcrumb"},"inLanguage":"de","potentialAction":[{"@type":"ReadAction","target":["http:\/\/www.shin-heae-kang.com\/en\/media\/"]}]},{"@type":"BreadcrumbList","@id":"http:\/\/www.shin-heae-kang.com\/en\/media\/#breadcrumb","itemListElement":[{"@type":"ListItem","position":1,"name":"Startseite","item":"http:\/\/www.shin-heae-kang.com\/en\/"},{"@type":"ListItem","position":2,"name":"Media"}]},{"@type":"WebSite","@id":"http:\/\/www.shin-heae-kang.com\/en\/#website","url":"http:\/\/www.shin-heae-kang.com\/en\/","name":"Shin-Heae Kang","description":"Pianistin","potentialAction":[{"@type":"SearchAction","target":{"@type":"EntryPoint","urlTemplate":"http:\/\/www.shin-heae-kang.com\/en\/?s={search_term_string}"},"query-input":"required name=search_term_string"}],"inLanguage":"de"}]}},"_links":{"self":[{"href":"http:\/\/www.shin-heae-kang.com\/de\/wp-json\/wp\/v2\/pages\/158"}],"collection":[{"href":"http:\/\/www.shin-heae-kang.com\/de\/wp-json\/wp\/v2\/pages"}],"about":[{"href":"http:\/\/www.shin-heae-kang.com\/de\/wp-json\/wp\/v2\/types\/page"}],"author":[{"embeddable":true,"href":"http:\/\/www.shin-heae-kang.com\/de\/wp-json\/wp\/v2\/users\/1"}],"replies":[{"embeddable":true,"href":"http:\/\/www.shin-heae-kang.com\/de\/wp-json\/wp\/v2\/comments?post=158"}],"version-history":[{"count":27,"href":"http:\/\/www.shin-heae-kang.com\/de\/wp-json\/wp\/v2\/pages\/158\/revisions"}],"predecessor-version":[{"id":486,"href":"http:\/\/www.shin-heae-kang.com\/de\/wp-json\/wp\/v2\/pages\/158\/revisions\/486"}],"wp:attachment":[{"href":"http:\/\/www.shin-heae-kang.com\/de\/wp-json\/wp\/v2\/media?parent=158"}],"curies":[{"name":"wp","href":"https:\/\/api.w.org\/{rel}","templated":true}]}}