{"id":161,"date":"2016-08-28T11:15:40","date_gmt":"2016-08-28T09:15:40","guid":{"rendered":"http:\/\/web.c-307.maxcluster.net\/shinheae\/?page_id=161"},"modified":"2017-09-19T06:58:02","modified_gmt":"2017-09-19T04:58:02","slug":"downloads","status":"publish","type":"page","link":"http:\/\/www.shin-heae-kang.com\/de\/downloads\/","title":{"rendered":"Downloads"},"content":{"rendered":"Die folgenden Bilder stehen Ihnen zum Download zur Verf\u00fcgung.<\/p>\n<style type=\"text\/css\">\n.dlimage{width:250px;}<br \/>\n.dltext{vertical-align:top;}<br \/>\n<\/style>\n<table>\n<tbody>\n<tr>\n<td class=\"dlimage\"><img decoding=\"async\" class=\"alignnone wp-image-358\" src=\"http:\/\/www.shin-heae-kang.com\/wp-content\/uploads\/images\/20190503_01.jpg\" alt=\"20190503_01\" width=\"200\" \/><\/td>\n<td class=\"dltext\"><a href=\"http:\/\/www.shin-heae-kang.com\/wp-content\/uploads\/images\/20190503_01.jpg\">Download .jpg &#8211; Aufl\u00f6sung: 869&#215;869 &#8211; Dateigr\u00f6\u00dfe: 542KB<\/a><br \/>\n<a href=\"http:\/\/www.shin-heae-kang.com\/wp-content\/uploads\/images\/20190503_01_large.tif\">Download .tif &#8211; Aufl\u00f6sung: 3622&#215;3621 &#8211; Dateigr\u00f6\u00dfe: 37,5MB<\/a><br \/>\nFoto: Felix Broede<\/td>\n<\/tr>\n<tr>\n<td class=\"dlimage\"><img decoding=\"async\" class=\"alignnone wp-image-358\" src=\"http:\/\/www.shin-heae-kang.com\/wp-content\/uploads\/images\/20190503_02.jpg\" alt=\"20190503_02\" width=\"200\" \/><\/td>\n<td class=\"dltext\"><a href=\"http:\/\/www.shin-heae-kang.com\/wp-content\/uploads\/images\/20190503_02.jpg\">Download .jpg &#8211; Aufl\u00f6sung: 469&#215;459 &#8211; Dateigr\u00f6\u00dfe: 205KB<\/a><br \/>\n<a href=\"http:\/\/www.shin-heae-kang.com\/wp-content\/uploads\/images\/20190503_02_large.tif\">Download .tif &#8211; Aufl\u00f6sung: 1956&#215;1914 &#8211; Dateigr\u00f6\u00dfe: 10,7MB<\/a><br \/>\nFoto: Felix Broede<\/td>\n<\/tr>\n<tr>\n<td class=\"dlimage\"><img decoding=\"async\" class=\"alignnone wp-image-358\" src=\"http:\/\/www.shin-heae-kang.com\/wp-content\/uploads\/images\/20190503_03.jpg\" alt=\"20190503_03\" width=\"200\" \/><\/td>\n<td class=\"dltext\"><a href=\"http:\/\/www.shin-heae-kang.com\/wp-content\/uploads\/images\/20190503_03.jpg\">Download .jpg &#8211; Aufl\u00f6sung: 899&#215;1106 &#8211; Dateigr\u00f6\u00dfe: 532KB<\/a><br \/>\n<a href=\"http:\/\/www.shin-heae-kang.com\/wp-content\/uploads\/images\/20190503_03_large.tif\">Download .tif &#8211; Aufl\u00f6sung: 3744&#215;4609 &#8211; Dateigr\u00f6\u00dfe: 49,4MB<\/a><br \/>\nFoto: Felix Broede<\/td>\n<\/tr>\n<tr>\n<td class=\"dlimage\"><img decoding=\"async\" class=\"alignnone wp-image-358\" src=\"http:\/\/www.shin-heae-kang.com\/wp-content\/uploads\/images\/20190503_04.jpg\" alt=\"20190503_04\" width=\"200\" \/><\/td>\n<td class=\"dltext\"><a href=\"http:\/\/www.shin-heae-kang.com\/wp-content\/uploads\/images\/20190503_04.jpg\">Download .jpg &#8211; Aufl\u00f6sung: 1348&#215;899 &#8211; Dateigr\u00f6\u00dfe: 562KB<\/a><br \/>\n<a href=\"http:\/\/www.shin-heae-kang.com\/wp-content\/uploads\/images\/20190503_04_large.tif\">Download .tif &#8211; Aufl\u00f6sung: 5616&#215;3744 &#8211; Dateigr\u00f6\u00dfe: 60,1MB<\/a><br \/>\nFoto: Felix Broede<\/td>\n<\/tr>\n<tr>\n<td class=\"dlimage\"><img decoding=\"async\" class=\"alignnone wp-image-358\" src=\"http:\/\/www.shin-heae-kang.com\/wp-content\/uploads\/images\/20190503_05.jpg\" alt=\"20190503_05\" width=\"200\" \/><\/td>\n<td class=\"dltext\"><a href=\"http:\/\/www.shin-heae-kang.com\/wp-content\/uploads\/images\/20190503_05.jpg\">Download .jpg &#8211; Aufl\u00f6sung: 899&#215;1348 &#8211; Dateigr\u00f6\u00dfe: 774KB<\/a><br \/>\n<a href=\"http:\/\/www.shin-heae-kang.com\/wp-content\/uploads\/images\/20190503_05_large.tif\">Download .tif &#8211; Aufl\u00f6sung: 3744&#215;5616 &#8211; Dateigr\u00f6\u00dfe: 60,1MB<\/a><br \/>\nFoto: Felix Broede<\/td>\n<\/tr>\n<tr>\n<td class=\"dlimage\"><img decoding=\"async\" loading=\"lazy\" class=\"alignnone wp-image-358\" src=\"http:\/\/www.shin-heae-kang.com\/wp-content\/uploads\/images\/fb01.jpg\" alt=\"FB01\" width=\"200\" height=\"192\" \/><\/td>\n<td class=\"dltext\"><a href=\"http:\/\/www.shin-heae-kang.com\/wp-content\/uploads\/images\/fb01.jpg\">Download .jpg &#8211; Aufl\u00f6sung: 938&#215;899 &#8211; Dateigr\u00f6\u00dfe: 205KB<\/a><br \/>\n<a href=\"http:\/\/www.shin-heae-kang.com\/wp-content\/uploads\/images\/fb01.tif\">Download .tif &#8211; Aufl\u00f6sung: 3906&#215;3744 &#8211; Dateigr\u00f6\u00dfe: 42,9MB<\/a><br \/>\nFoto: Felix Broede<\/td>\n<\/tr>\n<tr>\n<td class=\"dlimage\"><img decoding=\"async\" loading=\"lazy\" class=\"alignnone wp-image-359\" src=\"http:\/\/www.shin-heae-kang.com\/wp-content\/uploads\/images\/fb02.jpg\" alt=\"FB02\" width=\"200\" height=\"233\" \/><\/td>\n<td class=\"dltext\"><a href=\"http:\/\/www.shin-heae-kang.com\/wp-content\/uploads\/images\/fb02.jpg\">Download .jpg &#8211; Aufl\u00f6sung: 892&#215;1038 &#8211; Dateigr\u00f6\u00dfe: 115KB<\/a><br \/>\n<a href=\"http:\/\/www.shin-heae-kang.com\/wp-content\/uploads\/images\/fb02.tif\">Download .tif &#8211; Aufl\u00f6sung: 3717&#215;4327 &#8211; Dateigr\u00f6\u00dfe: 47,2MB<\/a><br \/>\nFoto: Felix Broede<\/td>\n<\/tr>\n<tr>\n<td class=\"dlimage\"><img decoding=\"async\" loading=\"lazy\" class=\"alignnone wp-image-360\" src=\"http:\/\/www.shin-heae-kang.com\/wp-content\/uploads\/images\/fb03.jpg\" alt=\"FB03\" width=\"200\" height=\"182\" \/><\/td>\n<td class=\"dltext\"><a href=\"http:\/\/www.shin-heae-kang.com\/wp-content\/uploads\/images\/fb03.jpg\">Download .jpg &#8211; Aufl\u00f6sung: 857&#215;780 &#8211; Dateigr\u00f6\u00dfe: 119KB<\/a><br \/>\n<a href=\"http:\/\/www.shin-heae-kang.com\/wp-content\/uploads\/images\/fb03.tif\">Download .tif &#8211; Aufl\u00f6sung: 3572&#215;3251 &#8211; Dateigr\u00f6\u00dfe: 34,1MB<\/a><br \/>\nFoto: Felix Broede<\/td>\n<\/tr>\n<tr>\n<td class=\"dlimage\"><img decoding=\"async\" loading=\"lazy\" class=\"alignnone wp-image-361\" src=\"http:\/\/www.shin-heae-kang.com\/wp-content\/uploads\/images\/fb04.jpg\" alt=\"FB04\" width=\"200\" height=\"187\" \/><\/td>\n<td class=\"dltext\"><a href=\"http:\/\/www.shin-heae-kang.com\/wp-content\/uploads\/images\/fb04.jpg\">Download .jpg &#8211; Aufl\u00f6sung: 937&#215;876 &#8211; Dateigr\u00f6\u00dfe: 169KB<\/a><br \/>\n<a href=\"http:\/\/www.shin-heae-kang.com\/wp-content\/uploads\/images\/fb04.tif\">Download .tif &#8211; Aufl\u00f6sung: 3906&#215;3650 &#8211; Dateigr\u00f6\u00dfe: 41,8MB<\/a><br \/>\nFoto: Felix Broede<\/td>\n<\/tr>\n<tr>\n<td class=\"dlimage\"><img decoding=\"async\" loading=\"lazy\" class=\"alignnone wp-image-362\" src=\"http:\/\/www.shin-heae-kang.com\/wp-content\/uploads\/images\/fb05.jpg\" alt=\"FB05\" width=\"200\" height=\"247\" \/><\/td>\n<td class=\"dltext\"><a href=\"http:\/\/www.shin-heae-kang.com\/wp-content\/uploads\/images\/fb05.jpg\">Download .jpg &#8211; Aufl\u00f6sung: 827&#215;1022 &#8211; Dateigr\u00f6\u00dfe: 156KB<\/a><br \/>\n<a href=\"http:\/\/www.shin-heae-kang.com\/wp-content\/uploads\/images\/fb05.tif\">Download .tif &#8211; Aufl\u00f6sung: 3444&#215;4257 &#8211; Dateigr\u00f6\u00dfe: 42,9MB<\/a><br \/>\nFoto: Felix Broede<\/td>\n<\/tr>\n<tr>\n<td class=\"dlimage\"><img decoding=\"async\" loading=\"lazy\" class=\"alignnone wp-image-196\" src=\"http:\/\/www.shin-heae-kang.com\/wp-content\/uploads\/images\/fb06.jpg\" alt=\"FB06\" width=\"201\" height=\"117\" \/><\/td>\n<td class=\"dltext\"><a href=\"http:\/\/www.shin-heae-kang.com\/wp-content\/uploads\/images\/fb06.jpg\">Download .jpg &#8211; Aufl\u00f6sung: 2784&#215;1856 &#8211; Dateigr\u00f6\u00dfe: 1,1MB<\/a><br \/>\nFoto: Felix Broede<\/td>\n<\/tr>\n<tr>\n<td class=\"dlimage\"><img decoding=\"async\" loading=\"lazy\" class=\"alignnone wp-image-196\" src=\"http:\/\/www.shin-heae-kang.com\/wp-content\/uploads\/images\/fb07.jpg\" alt=\"FB07\" width=\"200\" height=\"187\" \/><\/td>\n<td class=\"dltext\"><a href=\"http:\/\/www.shin-heae-kang.com\/wp-content\/uploads\/images\/fb07.jpg\">Download .jpg &#8211; Aufl\u00f6sung: 899&#215;901 &#8211; Dateigr\u00f6\u00dfe: 89KB<\/a><br \/>\n<a href=\"http:\/\/www.shin-heae-kang.com\/wp-content\/uploads\/images\/fb07.tif\">Download .tif &#8211; Aufl\u00f6sung: 3744&#215;3753 &#8211; Dateigr\u00f6\u00dfe: 41,2MB<\/a><br \/>\nFoto: Felix Broede<\/td>\n<\/tr>\n<tr>\n<td class=\"dlimage\"><img decoding=\"async\" loading=\"lazy\" class=\"alignnone wp-image-196\" src=\"http:\/\/www.shin-heae-kang.com\/wp-content\/uploads\/images\/ah01.jpg\" alt=\"FB07\" width=\"200\" height=\"200\" \/><\/td>\n<td class=\"dltext\"><a href=\"http:\/\/www.shin-heae-kang.com\/wp-content\/uploads\/images\/ah01.jpg\">Download .jpg &#8211; Aufl\u00f6sung: 1000&#215;1000 &#8211; Dateigr\u00f6\u00dfe: 110KB<\/a><br \/>\n<a href=\"http:\/\/www.shin-heae-kang.com\/wp-content\/uploads\/images\/ah01.tif\">Download .tif &#8211; Aufl\u00f6sung: 4077&#215;4077 &#8211; Dateigr\u00f6\u00dfe: 33,0MB<\/a><br \/>\nFoto: Adriano Heitmann<\/td>\n<\/tr>\n<tr>\n<td class=\"dlimage\"><img decoding=\"async\" loading=\"lazy\" class=\"alignnone wp-image-196\" src=\"http:\/\/www.shin-heae-kang.com\/wp-content\/uploads\/images\/ah02.jpg\" alt=\"FB07\" width=\"200\" height=\"300\" \/><\/td>\n<td class=\"dltext\"><a href=\"http:\/\/www.shin-heae-kang.com\/wp-content\/uploads\/images\/ah02.jpg\">Download .jpg &#8211; Aufl\u00f6sung: 799&#215;1200 &#8211; Dateigr\u00f6\u00dfe: 80KB<\/a><br \/>\n<a href=\"http:\/\/www.shin-heae-kang.com\/wp-content\/uploads\/images\/ah02.tif\">Download .tif &#8211; Aufl\u00f6sung: 4088&#215;6144 &#8211; Dateigr\u00f6\u00dfe: 53,3MB<\/a><br \/>\nFoto: Adriano Heitmann<\/td>\n<\/tr>\n<tr>\n<td class=\"dlimage\"><img decoding=\"async\" loading=\"lazy\" class=\"alignnone wp-image-196\" src=\"http:\/\/www.shin-heae-kang.com\/wp-content\/uploads\/images\/ah03.jpg\" alt=\"FB07\" width=\"199\" height=\"299\" \/><\/td>\n<td class=\"dltext\"><a href=\"http:\/\/www.shin-heae-kang.com\/wp-content\/uploads\/images\/ah03.jpg\">Download .jpg &#8211; Aufl\u00f6sung: 799&#215;1200 &#8211; Dateigr\u00f6\u00dfe: 94KB<\/a><br \/>\n<a href=\"http:\/\/www.shin-heae-kang.com\/wp-content\/uploads\/images\/ah03.tif\">Download .tif &#8211; Aufl\u00f6sung: 4088&#215;6144 &#8211; Dateigr\u00f6\u00dfe: 51,5MB<\/a><br \/>\nFoto: Adriano Heitmann<\/td>\n<\/tr>\n<tr>\n<td class=\"dlimage\"><img decoding=\"async\" loading=\"lazy\" class=\"alignnone wp-image-196\" src=\"http:\/\/www.shin-heae-kang.com\/wp-content\/uploads\/images\/ah04.jpg\" alt=\"FB07\" width=\"200\" height=\"300\" \/><\/td>\n<td class=\"dltext\"><a href=\"http:\/\/www.shin-heae-kang.com\/wp-content\/uploads\/images\/ah04.jpg\">Download .jpg &#8211; Aufl\u00f6sung: 799&#215;1200 &#8211; Dateigr\u00f6\u00dfe: 63KB<\/a><br \/>\n<a href=\"http:\/\/www.shin-heae-kang.com\/wp-content\/uploads\/images\/ah04.tif\">Download .tif &#8211; Aufl\u00f6sung: 4088&#215;6144 &#8211; Dateigr\u00f6\u00dfe: 39,0MB<\/a><br \/>\nFoto: Adriano Heitmann<\/td>\n<\/tr>\n<tr>\n<td class=\"dlimage\"><img decoding=\"async\" loading=\"lazy\" class=\"alignnone wp-image-196\" src=\"http:\/\/www.shin-heae-kang.com\/wp-content\/uploads\/images\/ah05.jpg\" alt=\"FB07\" width=\"200\" height=\"133\" \/><\/td>\n<td class=\"dltext\"><a href=\"http:\/\/www.shin-heae-kang.com\/wp-content\/uploads\/images\/ah05.jpg\">Download .jpg &#8211; Aufl\u00f6sung: 1000&#215;665 &#8211; Dateigr\u00f6\u00dfe: 46KB<\/a><br \/>\n<a href=\"http:\/\/www.shin-heae-kang.com\/wp-content\/uploads\/images\/ah05.tif\">Download .tif &#8211; Aufl\u00f6sung: 6144&#215;4088 &#8211; Dateigr\u00f6\u00dfe: 36,6MB<\/a><br \/>\nFoto: Adriano Heitmann<\/td>\n<\/tr>\n<tr>\n<td class=\"dlimage\"><img decoding=\"async\" loading=\"lazy\" class=\"alignnone wp-image-196\" src=\"http:\/\/www.shin-heae-kang.com\/wp-content\/uploads\/images\/ah06.jpg\" alt=\"FB07\" width=\"200\" height=\"147\" \/><\/td>\n<td class=\"dltext\"><a href=\"http:\/\/www.shin-heae-kang.com\/wp-content\/uploads\/images\/ah06.jpg\">Download .jpg &#8211; Aufl\u00f6sung: 1000&#215;738 &#8211; Dateigr\u00f6\u00dfe: 66KB<\/a><br \/>\n<a href=\"http:\/\/www.shin-heae-kang.com\/wp-content\/uploads\/images\/ah06.tif\">Download .tif &#8211; Aufl\u00f6sung: 5137&#215;3789 &#8211; Dateigr\u00f6\u00dfe: 35,0MB<\/a><br \/>\nFoto: Adriano Heitmann<\/td>\n<\/tr>\n<\/tbody>\n<\/table>","protected":false},"excerpt":{"rendered":"<p>Die folgenden Bilder stehen Ihnen zum Download zur Verf\u00fcgung. Download .jpg &#8211; Aufl\u00f6sung: 869&#215;869 &#8211; Dateigr\u00f6\u00dfe: 542KB Download .tif &#8211; Aufl\u00f6sung: 3622&#215;3621 &#8211; Dateigr\u00f6\u00dfe: 37,5MB Foto: Felix Broede Download .jpg &#8211; Aufl\u00f6sung: 469&#215;459 &#8211; Dateigr\u00f6\u00dfe: 205KB Download .tif &#8211; Aufl\u00f6sung: 1956&#215;1914 &#8211; Dateigr\u00f6\u00dfe: 10,7MB Foto: Felix Broede Download .jpg &#8211; Aufl\u00f6sung: 899&#215;1106 &#8211; Dateigr\u00f6\u00dfe: 532KB Download .tif &#8211; Aufl\u00f6sung: 3744&#215;4609 &#8230; <\/p>\n<div><a href=\"http:\/\/www.shin-heae-kang.com\/de\/downloads\/\" class=\"more-link\">Read More<\/a><\/div>\n","protected":false},"author":1,"featured_media":0,"parent":0,"menu_order":0,"comment_status":"closed","ping_status":"closed","template":"","meta":[],"yoast_head":"<!-- This site is optimized with the Yoast SEO plugin v19.14 - https:\/\/yoast.com\/wordpress\/plugins\/seo\/ -->\n<title>Downloads - Shin-Heae Kang<\/title>\n<meta name=\"robots\" content=\"index, follow, max-snippet:-1, max-image-preview:large, max-video-preview:-1\" \/>\n<link rel=\"canonical\" href=\"http:\/\/www.shin-heae-kang.com\/en\/downloads\/\" \/>\n<meta property=\"og:locale\" content=\"de_DE\" \/>\n<meta property=\"og:type\" content=\"article\" \/>\n<meta property=\"og:title\" content=\"Downloads - Shin-Heae Kang\" \/>\n<meta property=\"og:description\" content=\"Die folgenden Bilder stehen Ihnen zum Download zur Verf\u00fcgung. Download .jpg &#8211; Aufl\u00f6sung: 869&#215;869 &#8211; Dateigr\u00f6\u00dfe: 542KB Download .tif &#8211; Aufl\u00f6sung: 3622&#215;3621 &#8211; Dateigr\u00f6\u00dfe: 37,5MB Foto: Felix Broede Download .jpg &#8211; Aufl\u00f6sung: 469&#215;459 &#8211; Dateigr\u00f6\u00dfe: 205KB Download .tif &#8211; Aufl\u00f6sung: 1956&#215;1914 &#8211; Dateigr\u00f6\u00dfe: 10,7MB Foto: Felix Broede Download .jpg &#8211; Aufl\u00f6sung: 899&#215;1106 &#8211; Dateigr\u00f6\u00dfe: 532KB Download .tif &#8211; Aufl\u00f6sung: 3744&#215;4609 ... Read More\" \/>\n<meta property=\"og:url\" content=\"http:\/\/www.shin-heae-kang.com\/en\/downloads\/\" \/>\n<meta property=\"og:site_name\" content=\"Shin-Heae Kang\" \/>\n<meta property=\"article:modified_time\" content=\"2017-09-19T04:58:02+00:00\" \/>\n<meta property=\"og:image\" content=\"http:\/\/www.shin-heae-kang.com\/wp-content\/uploads\/images\/20190503_01.jpg\" \/>\n<meta name=\"twitter:card\" content=\"summary_large_image\" \/>\n<meta name=\"twitter:label1\" content=\"Gesch\u00e4tzte Lesezeit\" \/>\n\t<meta name=\"twitter:data1\" content=\"4\u00a0Minuten\" \/>\n<script type=\"application\/ld+json\" class=\"yoast-schema-graph\">{\"@context\":\"https:\/\/schema.org\",\"@graph\":[{\"@type\":\"WebPage\",\"@id\":\"http:\/\/www.shin-heae-kang.com\/en\/downloads\/\",\"url\":\"http:\/\/www.shin-heae-kang.com\/en\/downloads\/\",\"name\":\"Downloads - Shin-Heae Kang\",\"isPartOf\":{\"@id\":\"http:\/\/www.shin-heae-kang.com\/en\/#website\"},\"datePublished\":\"2016-08-28T09:15:40+00:00\",\"dateModified\":\"2017-09-19T04:58:02+00:00\",\"breadcrumb\":{\"@id\":\"http:\/\/www.shin-heae-kang.com\/en\/downloads\/#breadcrumb\"},\"inLanguage\":\"de\",\"potentialAction\":[{\"@type\":\"ReadAction\",\"target\":[\"http:\/\/www.shin-heae-kang.com\/en\/downloads\/\"]}]},{\"@type\":\"BreadcrumbList\",\"@id\":\"http:\/\/www.shin-heae-kang.com\/en\/downloads\/#breadcrumb\",\"itemListElement\":[{\"@type\":\"ListItem\",\"position\":1,\"name\":\"Startseite\",\"item\":\"http:\/\/www.shin-heae-kang.com\/en\/\"},{\"@type\":\"ListItem\",\"position\":2,\"name\":\"Downloads\"}]},{\"@type\":\"WebSite\",\"@id\":\"http:\/\/www.shin-heae-kang.com\/en\/#website\",\"url\":\"http:\/\/www.shin-heae-kang.com\/en\/\",\"name\":\"Shin-Heae Kang\",\"description\":\"Pianistin\",\"potentialAction\":[{\"@type\":\"SearchAction\",\"target\":{\"@type\":\"EntryPoint\",\"urlTemplate\":\"http:\/\/www.shin-heae-kang.com\/en\/?s={search_term_string}\"},\"query-input\":\"required name=search_term_string\"}],\"inLanguage\":\"de\"}]}<\/script>\n<!-- \/ Yoast SEO plugin. -->","yoast_head_json":{"title":"Downloads - Shin-Heae Kang","robots":{"index":"index","follow":"follow","max-snippet":"max-snippet:-1","max-image-preview":"max-image-preview:large","max-video-preview":"max-video-preview:-1"},"canonical":"http:\/\/www.shin-heae-kang.com\/en\/downloads\/","og_locale":"de_DE","og_type":"article","og_title":"Downloads - Shin-Heae Kang","og_description":"Die folgenden Bilder stehen Ihnen zum Download zur Verf\u00fcgung. Download .jpg &#8211; Aufl\u00f6sung: 869&#215;869 &#8211; Dateigr\u00f6\u00dfe: 542KB Download .tif &#8211; Aufl\u00f6sung: 3622&#215;3621 &#8211; Dateigr\u00f6\u00dfe: 37,5MB Foto: Felix Broede Download .jpg &#8211; Aufl\u00f6sung: 469&#215;459 &#8211; Dateigr\u00f6\u00dfe: 205KB Download .tif &#8211; Aufl\u00f6sung: 1956&#215;1914 &#8211; Dateigr\u00f6\u00dfe: 10,7MB Foto: Felix Broede Download .jpg &#8211; Aufl\u00f6sung: 899&#215;1106 &#8211; Dateigr\u00f6\u00dfe: 532KB Download .tif &#8211; Aufl\u00f6sung: 3744&#215;4609 ... Read More","og_url":"http:\/\/www.shin-heae-kang.com\/en\/downloads\/","og_site_name":"Shin-Heae Kang","article_modified_time":"2017-09-19T04:58:02+00:00","og_image":[{"url":"http:\/\/www.shin-heae-kang.com\/wp-content\/uploads\/images\/20190503_01.jpg"}],"twitter_card":"summary_large_image","twitter_misc":{"Gesch\u00e4tzte Lesezeit":"4\u00a0Minuten"},"schema":{"@context":"https:\/\/schema.org","@graph":[{"@type":"WebPage","@id":"http:\/\/www.shin-heae-kang.com\/en\/downloads\/","url":"http:\/\/www.shin-heae-kang.com\/en\/downloads\/","name":"Downloads - Shin-Heae Kang","isPartOf":{"@id":"http:\/\/www.shin-heae-kang.com\/en\/#website"},"datePublished":"2016-08-28T09:15:40+00:00","dateModified":"2017-09-19T04:58:02+00:00","breadcrumb":{"@id":"http:\/\/www.shin-heae-kang.com\/en\/downloads\/#breadcrumb"},"inLanguage":"de","potentialAction":[{"@type":"ReadAction","target":["http:\/\/www.shin-heae-kang.com\/en\/downloads\/"]}]},{"@type":"BreadcrumbList","@id":"http:\/\/www.shin-heae-kang.com\/en\/downloads\/#breadcrumb","itemListElement":[{"@type":"ListItem","position":1,"name":"Startseite","item":"http:\/\/www.shin-heae-kang.com\/en\/"},{"@type":"ListItem","position":2,"name":"Downloads"}]},{"@type":"WebSite","@id":"http:\/\/www.shin-heae-kang.com\/en\/#website","url":"http:\/\/www.shin-heae-kang.com\/en\/","name":"Shin-Heae Kang","description":"Pianistin","potentialAction":[{"@type":"SearchAction","target":{"@type":"EntryPoint","urlTemplate":"http:\/\/www.shin-heae-kang.com\/en\/?s={search_term_string}"},"query-input":"required name=search_term_string"}],"inLanguage":"de"}]}},"_links":{"self":[{"href":"http:\/\/www.shin-heae-kang.com\/de\/wp-json\/wp\/v2\/pages\/161"}],"collection":[{"href":"http:\/\/www.shin-heae-kang.com\/de\/wp-json\/wp\/v2\/pages"}],"about":[{"href":"http:\/\/www.shin-heae-kang.com\/de\/wp-json\/wp\/v2\/types\/page"}],"author":[{"embeddable":true,"href":"http:\/\/www.shin-heae-kang.com\/de\/wp-json\/wp\/v2\/users\/1"}],"replies":[{"embeddable":true,"href":"http:\/\/www.shin-heae-kang.com\/de\/wp-json\/wp\/v2\/comments?post=161"}],"version-history":[{"count":22,"href":"http:\/\/www.shin-heae-kang.com\/de\/wp-json\/wp\/v2\/pages\/161\/revisions"}],"predecessor-version":[{"id":435,"href":"http:\/\/www.shin-heae-kang.com\/de\/wp-json\/wp\/v2\/pages\/161\/revisions\/435"}],"wp:attachment":[{"href":"http:\/\/www.shin-heae-kang.com\/de\/wp-json\/wp\/v2\/media?parent=161"}],"curies":[{"name":"wp","href":"https:\/\/api.w.org\/{rel}","templated":true}]}}