{"id":2,"date":"2016-05-07T12:29:10","date_gmt":"2016-05-07T10:29:10","guid":{"rendered":"http:\/\/web.c-307.maxcluster.net\/shinheae\/?page_id=2"},"modified":"2020-09-29T11:41:25","modified_gmt":"2020-09-29T09:41:25","slug":"biographie","status":"publish","type":"page","link":"http:\/\/www.shin-heae-kang.com\/de\/biographie\/","title":{"rendered":"Biographie"},"content":{"rendered":"<p class=\"bodytext\"><a href=\"http:\/\/www.shin-heae-kang.com\/en\/biographie\/\">Biography in english<\/a> \u00b7\u00a0<a href=\"http:\/\/www.shin-heae-kang.com\/fr\/biographie\/\">Biographie en fran\u00e7ais<\/a> \u00b7\u00a0<a href=\"http:\/\/www.shin-heae-kang.com\/kr\/biographie\/\">\ubc14\uc774\uc624\uadf8\ub77c\ud53c<\/a><\/p>\n<blockquote>\n<p class=\"bodytext\">\u201eShin-Heae Kang is a magnificent pianist. She has all the qualities, superb technique, serious and devoted musicianship, very big repertoire. I strongly recommend her to your attention.\u201c &#8211; <strong>MARTHA ARGERICH<\/strong><\/p>\n<p class=\"bodytext\">\u201eA truly brilliant conversation between two pianists and the orchestra &#8211; Poulenc\u00b4s Concerto for Two Pianos performed by Martha Argerich and Shin-Heae Kang with the NDR Radio Philharmonic Orchestra conducted by Andrew Manze\u2026The most delicate and charming of Sugar Plum Fairies\u201c &#8211; <strong>BBC RADIO 3<\/strong><\/p>\n<p class=\"bodytext\">\u201eThis is a super performance of a splendid piece by a spectacularly talented pianist. There is some utterly beautiful and intelligent playing here, and some splendid virtuosity. Ms. Kang certainly deserves the attention that she has received, and is clearly an artist to watch out for.\u201c &#8211; <strong>MUSIC WEB INTERNATIONAL<\/strong><\/p>\n<p class=\"bodytext\">\u201eDie Musikalit\u00e4t ist schier beeindruckend. Jeder Takt atmet gro\u00dfe Erfahrung, Stilempfinden und tiefe Menschlichkeit. Alle technische Meisterschaft stellt sie in den Dienst einer schl\u00fcssigen Dramaturgie, legt Facetten in der Musik frei, die sonst h\u00e4ufig von Virtuosit\u00e4t \u00fcberlagert werden.\u201c &#8211; <strong>NDR KULTUR<\/strong><\/p>\n<p class=\"bodytext\">\u201eNeben der Virtuosit\u00e4t ist ihr Spiel aber auch in emotional ausdrucksvollen St\u00fccken schlichtweg vorbildlich.\u201c &#8211; <strong>PIANO NEWS<\/strong><\/p>\n<p class=\"bodytext\">\u201eDie Kieler Pianistin Shin-Heae Kang begn\u00fcgt sich nicht damit, den Anstieg auf der Virtuosit\u00e4tsleiter von Variation zu Variation tastenflink abzubilden, sondern verleiht dem wohlbekannten Rei\u00dfer einen noblen,<br \/>\ngeistesgegenw\u00e4rtig abget\u00f6nten Grundton, aus dem heraus sich allerlei Farben-Feuerwerke abschie\u00dfen lassen.\u201c &#8211; <strong>DEUTSCHLANDFUNK KULTUR<\/strong><\/p>\n<p class=\"bodytext\">\u201eBescheidenes Multitalent\u201c &#8211; <strong>HANNOVERSCHE ALLGEMEINE ZEITUNG<\/strong><\/p>\n<p class=\"bodytext\">\u201eIn einem reinen Liszt-Programm hat sie technisch alles, um virtuos zu spielen und musikalisch die Intelligenz, um die Virtuosit\u00e4t dem Dienste an der Musik unterzuordnen. Das l\u00e4sst ihr Spiel so differenziert wirken.\u201c &#8211; <strong>PIZZICATO<\/strong><\/p>\n<p class=\"bodytext\">\u201eThe Debutante of the Festival the young pianist Shin-Heae Kang performed pieces by Liszt and Schumann with the utmost professionalism (\u2026) and she proved all qualities for a great concert career\u201c &#8211; <strong>MARIINSKY-THEATER MAGAZIN ST. PETERSBURG<\/strong><\/p>\n<p class=\"bodytext\">\u201eShin-Heae Kang impresses as a pianist of considerable technical accomplishment, intent on placing a personal stamp on everything she plays.\u201c &#8211; <strong>GRAMOPHONE<\/strong><\/p>\n<p class=\"bodytext\">\u201eStar des Abends war die Pianistin Shin-Heae Kang, die bereits mit zahlreichen Musikpreisen ausgezeichnet wurde. Die in Kiel geborene Tochter koreanischer Eltern riss mit ihrem brillanten Spiel die Zuh\u00f6rer f\u00f6rmlich von den Sitzen\u201c &#8211; <strong>DIE WELT<\/strong><\/p>\n<p class=\"bodytext\">\u201eEin \u00fcberw\u00e4ltigender WOW-Effekt beim Rezital mit der international zur Weltelite z\u00e4hlenden Pianistin Shin-Heae Kang\u201c &#8211; <strong>THE KUKMIN ILBO DAILY NEWSPAPER SOUTH KOREA \/ KOREAN NAVER<\/strong><\/p>\n<p class=\"bodytext\">\u201eSie beherrscht das Instrument vollkommen. Es ist, als w\u00e4re es ein Teil von ihr selbst.\u201c &#8211; <strong>NIEDERS\u00c4CHSISCHES TAGEBLATT<\/strong><\/p>\n<p class=\"bodytext\">\u201eAuf dem Weg zu einer Weltkarriere\u201c &#8211; <strong>SCHLESWIG-HOLSTEIN MUSIK FESTIVAL RECITAL DEB\u00dcT<\/strong><\/p>\n<p class=\"bodytext\">\u201eAuf ihrer neuen Liszt-CD kann man Shin-Heae Kang nicht nur als klangsensible Poetin am Klavier erleben, sondern auch als furchtlose Virtuosin mit gro\u00dfer Klaviertechnik.\u201c &#8211; <strong>RADIO BREMEN<\/strong><\/p>\n<\/blockquote>\n<p>\u201eDie Musikalit\u00e4t ist schier beeindruckend. Jeder Takt atmet gro\u00dfe Erfahrung, Stilempfinden und tiefe Menschlichkeit\u201c, so beschreibt <em>NDR Kultur<\/em> die Kunst von Shin-Heae Kang. Piano News schreibt: \u201eNeben der Virtuosit\u00e4t ist ihr Spiel aber auch in emotional ausdrucksvollen St\u00fccken schlichtweg vorbildlich\u201c. Eine \u201efurchtlose Virtuosin mit gro\u00dfer Klaviertechnik\u201c zeigte sich <em>Radio Bremen<\/em> beeindruckt, \u201ees ist eine ausgezeichnete Auff\u00fchrung eines hervorragenden Werkes durch eine sensationell begabte Pianistin\u201c, und so auch <em>MusicWeb International<\/em>.<\/p>\n<p>Internationale Bekanntheit erlangte Shin-Heae Kang besonders seit dem spektakul\u00e4ren Auftritt an zwei Klavieren gemeinsam mit der legend\u00e4ren Pianistin Martha Argerich und dem NDR Radiophilharmonie Orchester unter der Leitung des Chefdirigenten Andrew Manze beim Neujahrskonzert der NDR Radiophilharmonie im Kuppelsaal in Hannover, wo sie das Doppelkonzert f\u00fcr zwei Klaviere und Orchester von Francis Poulenc auff\u00fchrten. Das Konzert wurde als herausragendes Gemeinschaftsprojekt von der Europ\u00e4ischen Rundfunkunion (EBU) aufgenommen und international live ausgestrahlt. Seitdem wird es in zahlreichen L\u00e4ndern wiederholt gesendet u.a. auf BBC Radio 3 Vereinigtes K\u00f6nigreich, RT\u00c9 Irland, NRK Klassisk Radio Norwegen, Sveriges Radio Schweden, Klara Radio Belgien, Radio Rom\u00e2nia Muzical Rum\u00e4nien, HRT Hrvatski Radio Kroatien, Polskie Radio Polen, ORF \u00d61 Radio \u00d6sterreich, Radio Cl\u00e1sica Spanien, RTP R\u00e1dio e Televis\u00e3o Portugal etc. \u201eEin wahrhaftig brillanter Dialog zwischen zwei Pianisten und dem Orchester\u201c schw\u00e4rmte <em>BBC Radio 3<\/em> nach dem Konzert.<\/p>\n<p>Ihr erstes Konzert gab Shin-Heae Kang im Alter von f\u00fcnf Jahren. Im Alter von 9 Jahren gab sie ihr erstes Klavierkonzert mit Orchester, wo sie Mozarts Klavierkonzert Nr. 8 KV 246 spielte. Daraufhin folgten zahlreiche Klavierkonzerte und Klavierabende. Im Alter von 12 Jahren gab sie ihr erstes Philharmonie-Deb\u00fct im Gro\u00dfen Saal der Berliner Philharmonie, wo sie das Klavierkonzert Nr. 1 von Felix Mendelssohn Bartholdy zusammen mit den Berliner Symphonikern auff\u00fchrte. Im selben Jahr brachte sie das Klavierkonzert Nr. 2 in f-moll von Fr\u00e9d\u00e9ric Chopin zur Auff\u00fchrung. Mit 15 Jahren spielte Shin-Heae Kang in einem Konzertabend die Ungarische Fantasie f\u00fcr Klavier und Orchester von Franz Liszt und das Konzertst\u00fcck in f-moll ebenfalls f\u00fcr Klavier und Orchester von Carl Maria von Weber. 2003 f\u00fchrte sie das Klavierkonzert in G-Dur von Maurice Ravel, das Klavierkonzert f\u00fcr drei Klaviere KV 242 von Wolfgang Amadeus Mozart mit dem Braunschweiger Staatsorchester, und beide Klavierkonzerte von Felix Mendelssohn Bartholdy an einem Abend im Gro\u00dfen Saal der Hamburger Laeiszhalle auf. Seither konzertiert sie regelm\u00e4\u00dfig mit renommierten Orchestern und Dirigenten.<\/p>\n<p>Shin-Heae Kang ist Gast bei renommierten Festivals unter anderem beim Kissinger Sommer, dem Classix-Festival in Braunschweig, dem Sommerfestival des Alpen Klassiks in Bad Reichenhall, dem Festival in Passau, dem Bodenseefestival, dem Festival Sommets Musicaux de Gstaad, und bei weiteren zahlreichen anderen Festspielen. Ebenfalls gastierte sie u.a. auf Einladungen der Brahmsgesellschaft Schleswig-Holstein, der Brahms-Forschungsstelle der Christian-Albrechts-Universit\u00e4t zu Kiel, erhielt Einladungen von der Brahmsgesellschaft in Baden-Baden f\u00fcr Kammermusikabende im Brahms-Haus, und gab bei den Robert-Schumann-Gesellschaften in D\u00fcsseldorf und in Zwickau Klavierabende. Im Jahre 2008 erhielt sie eine Einladung nach Puerto Rico, wo sie im Gro\u00dfen Saal des Theaters in San Juan ihr amerikanisches Recital-Deb\u00fct gab und wo sie an der dortigen Universit\u00e4t einen Meisterkurs veranstaltete und einen Vortrag hielt. Sie gibt Meisterkurse in Deutschland.<\/p>\n<p>2012 deb\u00fctierte sie auf Einladung von Martha Argerich beim Festival Progetto Martha Argerich in Lugano in der Schweiz mit einem Klavierabend. 2015 gastierte sie beim Mariinsky International Piano Festival im St. Petersburger Mariinsky Theater in Russland ebenfalls mit einem Klavierabend Deb\u00fct, dem im selben Jahr ein fulminanter Klavierabend beim Schleswig-Holstein Musik Festival folgte. 2017 deb\u00fctierte sie in S\u00fcdkorea mit einem Rezital, das von Seiten des Publikums und den Medien mit \u00fcberw\u00e4ltigenden Reaktionen aufgenommenen wurde und erhielt daraufhin Wiedereinladungen f\u00fcr die kommenden Jahre.<\/p>\n<p>Sie gastierte in diversen St\u00e4dten in Europa, in Asien und in den USA. So trat sie u.a. auf der Weltausstellung (EXPO) in Hannover, im Kuppelsaal Hannover, auf Schloss Elmau, im Gro\u00dfen Saal der Laeiszhalle in Hamburg, im Deutschen Haus in Flensburg, im Gro\u00dfen Saal der Berliner Philharmonie, in der Braunschweiger Stadthalle, im Konzerthaus Berlin, im Wiener Saal in Salzburg, im Gro\u00dfen Saal des Theaters in San Juan in Puerto Rico, im Mariinsky-Theater in St. Petersburg, in M\u00fcnchen, Baden-Baden, D\u00fcsseldorf, Lugano, Gstaad, Florenz, Rom, Mallorca, Barcelona, Incheon etc. auf.<\/p>\n<p>Sie ist h\u00e4ufig zu Gast bei verschiedenen Radio- und Fernsehsendern weltweit.<\/p>\n<p>Im September 2019 erschien das Album \u201eKaleidoscope\u201c mit Werken f\u00fcr Solo-Klavier von Franz Liszt international beim Label Oehms Classics. Die CD erhielt hervorragende Rezensionen von den internationalen Medien, wurde vielfach zur Critics\u2019 Choice Recording gew\u00e4hlt, und wurde von etlichen Radiosendern wie dem Deutschlandfunk Kultur, dem Bayerischen Rundfunk, Radio France, NDR Kultur, Radio Bremen etc. ausf\u00fchrlich vorgestellt.<\/p>\n<p>Shin-Heae Kang erhielt zahlreiche Musikpreise, Sonderpreise und Stipendien von unterschiedlichen Institutionen und gewann mehrere Klavierwettbewerbe. Sie war unter anderem Stipendiatin der Marie-Luise-Imbusch-Stiftung L\u00fcbeck, wurde von verschiedenen Internationalen Lions-Clubs, Rotary-Clubs und dem Zonta Club gef\u00f6rdert, studierte im Sommer 2005 als j\u00fcngste Stipendiatin \u00fcberhaupt der Wilhelm-Kempff-Stiftung das Gesamtwerk an Beethovens Klaviersonaten und -konzerten in einem speziellen Beethovenkurs in Positano. Im Jahre 2006 wurde sie als j\u00fcngste Preistr\u00e4gerin \u00fcberhaupt in der Geschichte des Deutschen Druiden-Ordens mit dem Ehrenpreis ausgezeichnet, eine Auszeichnung, die u.a. Karl-Heinz B\u00f6hm und der Theologe Prof. Dr. Hans K\u00fcng erhielten. 2012 und 2015 erhielt sie eine Einladung von der Internationalen Brahms-Stiftung f\u00fcr einen Arbeitsaufenthalt im Brahms-Haus-Studio in Baden-Baden. Auf Einladung von NDR Kultur \u201ePodium der Jungen\u201c machte sie Aufnahmen im Rolf-Liebermann-Studio Hamburg f\u00fcr ein Portr\u00e4t.<\/p>\n<p>Shin-Heae Kang, deutsche Pianistin koreanischer Herkunft, wurde 1987 in Kiel geboren. Sie begann im Alter von zwei Jahren nach Geh\u00f6r zu spielen. Ihren ersten Klavierunterricht erhielt sie im Alter von drei Jahren. Seit ihrem sechsten Lebensjahr studierte sie zun\u00e4chst an der Musikhochschule in L\u00fcbeck, und ab 2001 an der Hochschule f\u00fcr Musik, Theater und Medien in Hannover bei Professor Karl-Heinz K\u00e4mmerling. Seit vielen Jahren erh\u00e4lt sie wichtige k\u00fcnstlerische Impulse von der Pianistin und Mentorin Martha Argerich und wird ma\u00dfgeblich von ihr gef\u00f6rdert.<\/p>\n<p>Das Abitur hat sie am naturwissenschaftlichen Max-Planck-Gymnasium in Kiel mit den Leistungsf\u00e4chern Physik und Franz\u00f6sisch mit Auszeichnung abgelegt. Ihre Diplomarbeit verfasste sie \u00fcber das Thema \u201eWissenschaftliche Erkenntnis und k\u00fcnstlerische Interpretation \u2013 Beobachtungen an der 3. Klaviersonate von Johannes Brahms\u201c. Sie spricht vier Sprachen.<\/p>\n<p>Neben dem Klavierspiel erhielt sie auch Geigen- und Querfl\u00f6ten-Unterricht und war sportlich sehr aktiv. Unter anderem war sie Landesmeisterin in Rhythmischer Sportgymnastik, trainierte Taekwondo und spielte Fu\u00dfball. Ab 1994 erhielt sie neben dem Klavier auch Unterricht in klassischer Gitarre. 1997 begann sie als zweites Instrument ein Gitarrenstudium ebenfalls an der Musikhochschule in L\u00fcbeck. Auch auf diesem Instrument gab sie Konzerte und wurde ebenfalls 1. Preistr\u00e4gerin beim Bundeswettbewerb Jugend Musiziert. Shin-Heae Kang spielt mit gro\u00dfer Freude und Leidenschaft Kammermusik. Derzeit lebt sie in Hamburg und bei Kiel.<\/p>\n<p class=\"bodytext\"><a href=\"http:\/\/www.shin-heae-kang.com\">www.shin-heae-kang.com<\/a><\/p>\n<p class=\"bodytext\">[Wir bitten Sie ausschlie\u00dflich diese biographischen Informationen zu verwenden. \u00c4nderungen bzw. K\u00fcrzungen bed\u00fcrfen der R\u00fccksprache. Herzlichen Dank!]","protected":false},"excerpt":{"rendered":"<p>Biography in english \u00b7\u00a0Biographie en fran\u00e7ais \u00b7\u00a0\ubc14\uc774\uc624\uadf8\ub77c\ud53c \u201eShin-Heae Kang is a magnificent pianist. She has all the qualities, superb technique, serious and devoted musicianship, very big repertoire. I strongly recommend her to your attention.\u201c &#8211; MARTHA ARGERICH \u201eA truly brilliant conversation between two pianists and the orchestra &#8211; Poulenc\u00b4s Concerto for Two Pianos performed by Martha Argerich and Shin-Heae Kang &#8230; <\/p>\n<div><a href=\"http:\/\/www.shin-heae-kang.com\/de\/biographie\/\" class=\"more-link\">Read More<\/a><\/div>\n","protected":false},"author":1,"featured_media":0,"parent":0,"menu_order":0,"comment_status":"closed","ping_status":"open","template":"","meta":[],"yoast_head":"<!-- This site is optimized with the Yoast SEO plugin v19.14 - https:\/\/yoast.com\/wordpress\/plugins\/seo\/ -->\n<title>Biographie - Shin-Heae Kang<\/title>\n<meta name=\"robots\" content=\"index, follow, max-snippet:-1, max-image-preview:large, max-video-preview:-1\" \/>\n<link rel=\"canonical\" href=\"http:\/\/www.shin-heae-kang.com\/de\/biographie\/\" \/>\n<meta property=\"og:locale\" content=\"de_DE\" \/>\n<meta property=\"og:type\" content=\"article\" \/>\n<meta property=\"og:title\" content=\"Biographie - Shin-Heae Kang\" \/>\n<meta property=\"og:description\" content=\"Biography in english \u00b7\u00a0Biographie en fran\u00e7ais \u00b7\u00a0\ubc14\uc774\uc624\uadf8\ub77c\ud53c \u201eShin-Heae Kang is a magnificent pianist. She has all the qualities, superb technique, serious and devoted musicianship, very big repertoire. I strongly recommend her to your attention.\u201c &#8211; MARTHA ARGERICH \u201eA truly brilliant conversation between two pianists and the orchestra &#8211; Poulenc\u00b4s Concerto for Two Pianos performed by Martha Argerich and Shin-Heae Kang ... Read More\" \/>\n<meta property=\"og:url\" content=\"http:\/\/www.shin-heae-kang.com\/de\/biographie\/\" \/>\n<meta property=\"og:site_name\" content=\"Shin-Heae Kang\" \/>\n<meta property=\"article:modified_time\" content=\"2020-09-29T09:41:25+00:00\" \/>\n<meta name=\"twitter:card\" content=\"summary_large_image\" \/>\n<meta name=\"twitter:label1\" content=\"Gesch\u00e4tzte Lesezeit\" \/>\n\t<meta name=\"twitter:data1\" content=\"31\u00a0Minuten\" \/>\n<script type=\"application\/ld+json\" class=\"yoast-schema-graph\">{\"@context\":\"https:\/\/schema.org\",\"@graph\":[{\"@type\":\"WebPage\",\"@id\":\"http:\/\/www.shin-heae-kang.com\/de\/biographie\/\",\"url\":\"http:\/\/www.shin-heae-kang.com\/de\/biographie\/\",\"name\":\"Biographie - Shin-Heae Kang\",\"isPartOf\":{\"@id\":\"http:\/\/www.shin-heae-kang.com\/en\/#website\"},\"datePublished\":\"2016-05-07T10:29:10+00:00\",\"dateModified\":\"2020-09-29T09:41:25+00:00\",\"breadcrumb\":{\"@id\":\"http:\/\/www.shin-heae-kang.com\/de\/biographie\/#breadcrumb\"},\"inLanguage\":\"de\",\"potentialAction\":[{\"@type\":\"ReadAction\",\"target\":[\"http:\/\/www.shin-heae-kang.com\/de\/biographie\/\"]}]},{\"@type\":\"BreadcrumbList\",\"@id\":\"http:\/\/www.shin-heae-kang.com\/de\/biographie\/#breadcrumb\",\"itemListElement\":[{\"@type\":\"ListItem\",\"position\":1,\"name\":\"Startseite\",\"item\":\"http:\/\/www.shin-heae-kang.com\/en\/\"},{\"@type\":\"ListItem\",\"position\":2,\"name\":\"Biographie\"}]},{\"@type\":\"WebSite\",\"@id\":\"http:\/\/www.shin-heae-kang.com\/en\/#website\",\"url\":\"http:\/\/www.shin-heae-kang.com\/en\/\",\"name\":\"Shin-Heae Kang\",\"description\":\"Pianistin\",\"potentialAction\":[{\"@type\":\"SearchAction\",\"target\":{\"@type\":\"EntryPoint\",\"urlTemplate\":\"http:\/\/www.shin-heae-kang.com\/en\/?s={search_term_string}\"},\"query-input\":\"required name=search_term_string\"}],\"inLanguage\":\"de\"}]}<\/script>\n<!-- \/ Yoast SEO plugin. -->","yoast_head_json":{"title":"Biographie - Shin-Heae Kang","robots":{"index":"index","follow":"follow","max-snippet":"max-snippet:-1","max-image-preview":"max-image-preview:large","max-video-preview":"max-video-preview:-1"},"canonical":"http:\/\/www.shin-heae-kang.com\/de\/biographie\/","og_locale":"de_DE","og_type":"article","og_title":"Biographie - Shin-Heae Kang","og_description":"Biography in english \u00b7\u00a0Biographie en fran\u00e7ais \u00b7\u00a0\ubc14\uc774\uc624\uadf8\ub77c\ud53c \u201eShin-Heae Kang is a magnificent pianist. She has all the qualities, superb technique, serious and devoted musicianship, very big repertoire. I strongly recommend her to your attention.\u201c &#8211; MARTHA ARGERICH \u201eA truly brilliant conversation between two pianists and the orchestra &#8211; Poulenc\u00b4s Concerto for Two Pianos performed by Martha Argerich and Shin-Heae Kang ... Read More","og_url":"http:\/\/www.shin-heae-kang.com\/de\/biographie\/","og_site_name":"Shin-Heae Kang","article_modified_time":"2020-09-29T09:41:25+00:00","twitter_card":"summary_large_image","twitter_misc":{"Gesch\u00e4tzte Lesezeit":"31\u00a0Minuten"},"schema":{"@context":"https:\/\/schema.org","@graph":[{"@type":"WebPage","@id":"http:\/\/www.shin-heae-kang.com\/de\/biographie\/","url":"http:\/\/www.shin-heae-kang.com\/de\/biographie\/","name":"Biographie - Shin-Heae Kang","isPartOf":{"@id":"http:\/\/www.shin-heae-kang.com\/en\/#website"},"datePublished":"2016-05-07T10:29:10+00:00","dateModified":"2020-09-29T09:41:25+00:00","breadcrumb":{"@id":"http:\/\/www.shin-heae-kang.com\/de\/biographie\/#breadcrumb"},"inLanguage":"de","potentialAction":[{"@type":"ReadAction","target":["http:\/\/www.shin-heae-kang.com\/de\/biographie\/"]}]},{"@type":"BreadcrumbList","@id":"http:\/\/www.shin-heae-kang.com\/de\/biographie\/#breadcrumb","itemListElement":[{"@type":"ListItem","position":1,"name":"Startseite","item":"http:\/\/www.shin-heae-kang.com\/en\/"},{"@type":"ListItem","position":2,"name":"Biographie"}]},{"@type":"WebSite","@id":"http:\/\/www.shin-heae-kang.com\/en\/#website","url":"http:\/\/www.shin-heae-kang.com\/en\/","name":"Shin-Heae Kang","description":"Pianistin","potentialAction":[{"@type":"SearchAction","target":{"@type":"EntryPoint","urlTemplate":"http:\/\/www.shin-heae-kang.com\/en\/?s={search_term_string}"},"query-input":"required name=search_term_string"}],"inLanguage":"de"}]}},"_links":{"self":[{"href":"http:\/\/www.shin-heae-kang.com\/de\/wp-json\/wp\/v2\/pages\/2"}],"collection":[{"href":"http:\/\/www.shin-heae-kang.com\/de\/wp-json\/wp\/v2\/pages"}],"about":[{"href":"http:\/\/www.shin-heae-kang.com\/de\/wp-json\/wp\/v2\/types\/page"}],"author":[{"embeddable":true,"href":"http:\/\/www.shin-heae-kang.com\/de\/wp-json\/wp\/v2\/users\/1"}],"replies":[{"embeddable":true,"href":"http:\/\/www.shin-heae-kang.com\/de\/wp-json\/wp\/v2\/comments?post=2"}],"version-history":[{"count":65,"href":"http:\/\/www.shin-heae-kang.com\/de\/wp-json\/wp\/v2\/pages\/2\/revisions"}],"predecessor-version":[{"id":594,"href":"http:\/\/www.shin-heae-kang.com\/de\/wp-json\/wp\/v2\/pages\/2\/revisions\/594"}],"wp:attachment":[{"href":"http:\/\/www.shin-heae-kang.com\/de\/wp-json\/wp\/v2\/media?parent=2"}],"curies":[{"name":"wp","href":"https:\/\/api.w.org\/{rel}","templated":true}]}}