{"id":262,"date":"2016-09-02T10:42:58","date_gmt":"2016-09-02T08:42:58","guid":{"rendered":"http:\/\/web.c-307.maxcluster.net\/shinheae\/?page_id=262"},"modified":"2020-09-29T12:53:52","modified_gmt":"2020-09-29T10:53:52","slug":"presse","status":"publish","type":"page","link":"http:\/\/www.shin-heae-kang.com\/de\/presse\/","title":{"rendered":"Presse-Spiegel"},"content":{"rendered":"<h3>MARTHA ARGERICH<\/h3>\n<p>\u201eShin-Heae Kang is a magnificent pianist. She has all the qualities, superb technique, serious and devoted musicianship, very big repertoire. I strongly recommend her to your attention.\u201c<\/p>\n<h3>BBC RADIO 3<\/h3>\n<p>\u201eA truly brilliant conversation between two pianists and the orchestra &#8211; Poulenc\u00b4s Concerto for Two Pianos performed by Martha Argerich and Shin-Heae Kang with the NDR Radio Philharmonic Orchestra conducted by Andrew Manze\u2026An encore from Martha Argerich and Shin-Heae Kang getting the audience in the Kuppelsaal swaying to the rhythms of Milhaud\u2019s Brazileira\u2026The most delicate and charming of Sugar Plum Fairies\u201c<\/p>\n<h3>RADIO BREMEN<\/h3>\n<p>\u201eAuf ihrer neuen Liszt-CD kann man Shin-Heae Kang nicht nur als klangsensible Poetin am Klavier erleben, sondern auch als furchtlose Virtuosin mit gro\u00dfer Klaviertechnik.\u201c<\/p>\n<h3>NDR KULTUR<\/h3>\n<p>\u201eDie Musikalit\u00e4t ist schier beeindruckend. Shin-Heae Kang versteht es die Idee hinter jedem St\u00fcck zu zeigen. Jeder Takt atmet gro\u00dfe Erfahrung, Stilempfinden und tiefe Menschlichkeit. Alle technische Meisterschaft stellt sie in den Dienst einer schl\u00fcssigen Dramaturgie, legt Facetten in der Musik frei, die sonst h\u00e4ufig von Virtuosit\u00e4t \u00fcberlagert werden.\u201c<\/p>\n<h3>KLASSIK HEUTE<\/h3>\n<p>\u201eDaraus folgte bei diesem Projekt eine klug durchdachte St\u00fccke-Auswahl, die bestens dazu angetan ist, eine musikalische \u201eGeschichte\u201c im besten Sinne zu erz\u00e4hlen. Denn dies leistet das Spiel dieser Pianistin allemal. Daf\u00fcr ist Shin-Heae Kang in jedem Moment an durchdringender Klarheit und vorbehaltloser Einf\u00fchlung in die Stimmungszust\u00e4nde gelegen. Sensibel versetzt Shin Heae Kangs Spiel die Figurationen in einen silbrigen Glanz, der funkelt, aber nie blendet, der herrlich leichtf\u00fc\u00dfig und mit pointierter Akzentierung die vielen pianistischen M\u00f6glichkeiten auskostet.\u201c<\/p>\n<h3>HANNOVERSCHE ALLGEMEINE ZEITUNG<\/h3>\n<p>\u201eBescheidenes Multitalent\u201c<\/p>\n<h3>DEUTSCHLANDFUNK KULTUR<\/h3>\n<p>\u201eDie Kieler Pianistin Shin-Heae Kang begn\u00fcgt sich nicht damit, den Anstieg auf der Virtuosit\u00e4tsleiter von Variation zu Variation tastenflink abzubilden, sondern verleiht dem wohlbekannten Rei\u00dfer einen noblen, geistesgegenw\u00e4rtig abget\u00f6nten Grundton, aus dem heraus sich allerlei Farben-Feuerwerke abschie\u00dfen lassen.\u201c<\/p>\n<h3>PIANO NEWS<\/h3>\n<p>\u201eNeben der Virtuosit\u00e4t ist ihr Spiel aber auch in emotional ausdrucksvollen St\u00fccken schlichtweg vorbildlich. Beim Zusammenwirken der verschiedenen Harmonien scheint der Pianistin hier quasi die Quadratur des Kreises zu gelingen: Sie wirken pr\u00e4zise abgegrenzt, zugleich aber in unendlichen Schattierungen ineinander zerflie\u00dfend. Eine vielseitige und in h\u00f6chstem Ma\u00dfe beeindruckende Einspielung!\u201c<\/p>\n<h3>PIZZICATO<\/h3>\n<p>\u201eIn einem reinen Liszt-Programm hat sie technisch alles, um virtuos zu spielen und musikalisch die Intelligenz, um die Virtuosit\u00e4t dem Dienste an der Musik unterzuordnen. Das l\u00e4sst ihr Spiel so differenziert wirken.\u201c<\/p>\n<h3>MUSIC WEB INTERNATIONAL<\/h3>\n<p>\u201eThis is a super performance of a splendid piece by a spectacularly talented pianist. I have a new favourite recording of this work! I would definitely put this as one of the top Liszt recordings that I have heard over the last couple of years. There is some utterly beautiful and intelligent playing here, and some splendid virtuosity. Ms. Kang certainly deserves the attention that she has received, and is clearly an artist to watch out for.\u201c<\/p>\n<h3>LANDESZEITUNG L\u00dcNEBURG<\/h3>\n<p>\u201eIhr Album widmet Shin-Heae Kang ganz Franz Liszt und durchmisst das ganze Spektrum menschlicher Gef\u00fchle. Ihr gelingt das Entscheidende, den hohen virtuosen Anspr\u00fcchen n\u00e4mlich die pure Bravour zu nehmen und tiefer in die Werke einzudringen.\u201c<\/p>\n<h3>KIELER NACHRICHTEN<\/h3>\n<p>\u201eNeben delikat aufgebl\u00e4tterter Poesie im dritten Lisztschen Liebestraum oder seiner Bearbeitung von Schumanns Widmung begeistert vor allem die erz\u00e4hlerische Ausdruckskraft, mit der hier die Dante-Sonate aus den Ann\u00e9es de P\u00e8lerinage: 2\u00e8me ann\u00e9e: Italie zwischen H\u00f6lle und Himmel ausbalanciert wird. Der Klavierklang ist wunderbar erdig und vollt\u00f6nend, die Melodienlinien erscheinen elegant gesungen. Die hochvirtuosen Et\u00fcden, die so manche Pianisten eher zu zirzensischen Kapriolen und technischer Selbstdarstellung als zum Musikmachen anregen, verraten unter ihren H\u00e4nden \u00fcberall den thematischen Kern, t\u00f6nen plastisch und sch\u00f6n.\u201c<\/p>\n<h3>GRAMOPHONE<\/h3>\n<p>\u201eShin-Heae Kang impresses as a pianist of considerable technical accomplishment, intent on placing a personal stamp on everything she plays.\u201c<\/p>\n<h3>O-TON<\/h3>\n<p>\u201eSie hat das Programm mit Bedacht gew\u00e4hlt. Es h\u00e4tte ein Vorschlag ihrer Mentorin Martha Argerich sein k\u00f6nnen, das Album ist so gut gelungen, dass man es den lieben langen Tag rauf und runter h\u00f6ren kann. So muss ein Deb\u00fct-Album sein!\u201c<\/p>\n<h3>MAIN-POST<\/h3>\n<p>Festival Kissinger Sommer Recital Deb\u00fct<br \/>\n\u201eDas Zeug zu einer ganz Gro\u00dfen &#8211; Erstaunlich, mit welcher Akkuratesse Shin-Heae Kang es hier verstand, mit der linken Hand aus dem ganzt\u00f6nigen und chromatischen Gespinst, in dem sich immer wieder Tristan-Kl\u00e4nge verfangen, profilierte Klanglinien hervortreten zu lassen (&#8230;) neben jenen Abschnitten, bei denen die K\u00fcnstlerin mit \u00fcberzeugender Geradlinigkeit die pochenden Ton-Repetitionen des immer wiederkehrenden Kopfthemas den Tasten entlockte, verstand sie es auch durchaus, den lyrischen Partien Konturen zu verleihen\u201c<\/p>\n<h3>DIE WELT<\/h3>\n<p>\u201eStar des Abends war die Pianistin Shin-Heae Kang, die bereits mit zahlreichen Musikpreisen ausgezeichnet wurde. Die in Kiel geborene Tochter koreanischer Eltern riss mit ihrem brillanten Spiel die Zuh\u00f6rer f\u00f6rmlich von den Sitzen\u201c<\/p>\n<h3>THE KUKMIN ILBO DAILY NEWSPAPER SOUTH KOREA &#8211; KOREAN NAVER<\/h3>\n<p>\u201eEin \u00fcberw\u00e4ltigender WOW-Effekt beim Rezital mit der international zur Weltelite z\u00e4hlenden Pianistin Shin-Heae Kang\u201c<\/p>\n<h3>HAMBURGER ABENDBLATT<\/h3>\n<p>\u201eEine hochbegabte Kieler Sprotte\u201c<\/p>\n<h3>NIEDERS\u00c4CHSISCHES TAGEBLATT<\/h3>\n<p>\u201eSie beherrscht das Instrument vollkommen. Es ist, als w\u00e4re es ein Teil von ihr selbst.\u201c<\/p>\n<h3>SCHLESWIG-HOLSTEINISCHE LANDESZEITUNG<\/h3>\n<p>Schleswig-Holstein Musik Festival Recital Deb\u00fct<br \/>\n\u201eAuf dem Weg zu einer Weltkarriere &#8211; Von zur\u00fcckhaltender Sch\u00fcchternheit und Ehrfurcht bis zum pianistischen Wirbelwind zeigte Shin-Heae Kang ihre Entwicklung vom Wunderkind zur reifen Pianistin. Als Tochter koreanischer Eltern in Kiel geboren und aufgewachsen, sowie nach ersten Studien an der Musikhochschule in L\u00fcbeck ist sie ein echtes schleswig-holsteinisches Kind auf dem Weg in eine Weltkarriere (&#8230;) Shin-Heae Kang zeigte fulminante Beherrschung von Musik und Technik (&#8230;) Shin-Heae Kang hatte sich im Laufe des Abends zur &#8222;Furie&#8220; an den Tasten entwickelt\u201c<\/p>\n<h3>KIELER NACHRICHTEN<\/h3>\n<p>Schleswig-Holstein Musik Festival Recital Deb\u00fct<br \/>\n\u201eIn der ausverkauften Thormannhalle gab jetzt die 1987 in Kiel geborene und bei Kiel lebende Shin-Heae Kang ihr erfolgreiches Festivaldeb\u00fct (&#8230;) T\u00e4nzerisches, Ironisches, Expressives und formaler Weitblick gehen bei ihr eine sch\u00f6ne Symbiose ein. Das furiose 7\/8-Takt-Finale wird ebenso intelligent wie vehement bis zum explosiven Schluss gesteigert &#8211; eine Meisterleistung!\u201c<\/p>\n<h3>MARIINSKY-THEATER-MAGAZIN ST. PETERSBURG<\/h3>\n<p>Mariinsky International Piano Festival Recital Deb\u00fct \u201eDie Deb\u00fctantin des Festivals die junge Pianistin Shin-Heae Kang f\u00fchrte mit h\u00f6chster Professionalit\u00e4t ein Programm mit Werken von Liszt und Schumann auf. Dabei bewies sie alle Qualit\u00e4ten f\u00fcr eine gro\u00dfe Konzertkarriere\u201c<\/p>\n<h3>PIANO-FORUM-MAGAZIN MOSKAU<\/h3>\n<p>Mariinsky International Piano Festival Recital Deb\u00fct<br \/>\n\u201eMit einer angeborenen Musikbegabung und sehr vielseitiger Ausbildung, die sie in Deutschland erhielt, f\u00fchrte Kang das Programm hoch professionell, mit einem sehr angenehmen Klang auf, ohne die dynamischen Grenzen jemals zu \u00fcberschreiten. Dies erfordert von einem K\u00fcnstler bei spezifischen akustischen Umst\u00e4nden eines Konzertsaals vor allem gro\u00dfe B\u00fchnenerfahrungen und das handwerkliche K\u00f6nnen\u201c<\/p>\n<h3>DITHMARSCHER LANDESZEITUNG<\/h3>\n<p>\u201eMusikalische Glanzleistung &#8211; Sie sieht nicht so aus. Und ihr Name h\u00f6rt sich nicht so an. Aber sie ist eine echte Norddeutsche &#8211; die Pianistin Shin-Heae Kang (&#8230;) Der Ruf ihrer pianistischen Hochbegabung war Shin-Heae Kang offenbar vorausgeeilt, denn Besucher aus ganz Schleswig-Holstein waren nach Heide gekommen, um sie zu erleben. (&#8230;) entf\u00fchrte die Zuh\u00f6rer in eine Welt klassischer Poesie voller Klangfarben, wie man sie selten zu h\u00f6ren bekommt\u201c<\/p>\n<h3>KIELER NACHRICHTEN<\/h3>\n<p>\u201eEine Appassionata mit heftiger Glut &#8211; (&#8230;) zeigte Kang die ganze Palette ihrer hohen und kaum zu \u00fcberbietenden Virtuosit\u00e4t. Fingerflink fegte sie in atemberaubender Schnelligkeit \u00fcber die Tasten und entfachte in den einzelnen Et\u00fcden ein Spiel von intensiver und dynamischer Geballtheit beinahe be\u00e4ngstigender Kraft\u201c<\/p>\n<h3>NIEDERS\u00c4CHSISCHES TAGEBLATT<\/h3>\n<p>\u201eMit wuchtigen Schl\u00e4gen jagte sie zum Finale \u00fcber die Tasten und lie\u00df das Werk in Akkorden wie gemei\u00dfelt ausklingen\u201c<\/p>\n<h3>FLENSBURGER TAGEBLATT und SCHLESWIGER NACHRICHTEN<\/h3>\n<p>\u201eFaszinierend ist vor allem die gestalterische Bandbreite, die die K\u00fcnstlerin beherrscht. Kraftvoll zupackend, aber auch zart und zur\u00fcckhaltend, schier unbegrenzt ist die Vielfalt der Darstellung. Und leidenschaftlich ging die junge Pianistin das Werk an, spielte gro\u00dfartig, setzte unterschiedliche Akzente, oft hoch-virtuos, aber stets dem Werk verpflichtet\u201c<\/p>\n<h3>GLINDER ZEITUNG<\/h3>\n<p>\u201eEine Symbiose zwischen Instrument und Meisterin\u201c<\/p>\n<h3>KIELER NACHRICHTEN<\/h3>\n<p>\u201eMit Schubert, Schumann und Brahms steht sie offenbar auf Du und Du\u201c<\/p>\n<h3>GUBENER TAGESZEITUNG<\/h3>\n<p>\u201eEin einmaliges Erlebnis mit einer Ausnahmek\u00f6nnerin\u201c<\/p>\n<h3>NIEDERS\u00c4CHSISCHES TAGEBLATT<\/h3>\n<p>\u201eShin-Heae Kang spielt Liszt &#8211; und das Publikum ist begeistert und verbl\u00fcfft, Zeuge von etwas Unglaublichen. Es h\u00f6rt es ja und kann, wenn es gl\u00fccklich sitzt, sogar die H\u00e4nde \u00fcber die Tasten zaubern sehen\u201c<\/p>\n<h3>LAUSITZER RUNDSCHAU<\/h3>\n<p>\u201eSternstunde der Klaviermusik &#8211; Ein bestechender Klavierabend, in dem Eindringlichkeit und Tiefe geschliffenen Spiels zur Leucht- und \u00dcberzeugungskraft f\u00fchrten. Erstaunlich, wie die aufstrebende Nachwuchsk\u00fcnstlerin in und mit den T\u00f6nen lebte und ihre absoluten pianistischen H\u00f6hepunkte immer dann erreichte und an die H\u00f6rer weitergab, wenn sie das Innerste der Musik nach au\u00dfen kehrte und im Wohlklang schwelgte\u201c<\/p>\n<h3>AUS DEM BUCH &#8211; DER DRUIDEN-ORDEN IN ZENTRAL-EUROPA<\/h3>\n<p>\u201eIndessen \u00fcberreichte die Gro\u00df-Loge Schleswig-Holstein an die 19-j\u00e4hrige Pianistin Shin-Heae Kang den Preis des Druiden-Ordens f\u00fcr hoch qualifizierte und in herausragendem Ma\u00dfe leistungsbereiten Nachwuchs f\u00fcr ihre bisherige au\u00dfergew\u00f6hnliche Leistung als hochtalentierte Pianistin, die nicht nur durch ihre hervorragenden \u00f6ffentlichen Konzerte auf sich aufmerksam macht, sondern auch in der musikalischen Fachwelt bereits h\u00f6chste Anerkennung findet\u201c<\/p>\n<h3>KIELER NACHRICHTEN<\/h3>\n<p>\u201eF\u00fcr das pianistisch gnadenlose Werk hatte sie nicht nur Nerven wie Stahlseile. Nein, sie lie\u00df die H\u00f6rer schlicht vergessen, wie verteufelt schwer die pianistische Materie ist. Furchtlos nahm sie die vertrackten Sexten-, Oktav- und Sprungpassagen in Angriff, verwandelte sie in d\u00e4monischen Schwung, t\u00f6nte bei Wiederholungen die Stimmen neu ab und versenkte sich so nachhaltig in die intimen Variationen, dass man bei ihrem Brahms das Hier und Jetzt fast verga\u00df\u201c<\/p>\n<h3>HUSUMER NACHRICHTEN<\/h3>\n<p>\u201eShin-Heae Kang paart Virtuosit\u00e4t mit hoher musikalischer Ausdruckskraft\u201c<\/p>\n<h3>MAIN-ECHO<\/h3>\n<p>Festival Kissinger Sommer Recital Deb\u00fct<br \/>\n\u201e(\u2026) begeisterte mit einer erstaunlichen Palette an Klangfarben in virtuos-brillant genommenen Werken\u201c<\/p>\n<\/span><\/p>","protected":false},"excerpt":{"rendered":"<p>MARTHA ARGERICH \u201eShin-Heae Kang is a magnificent pianist. She has all the qualities, superb technique, serious and devoted musicianship, very big repertoire. I strongly recommend her to your attention.\u201c BBC RADIO 3 \u201eA truly brilliant conversation between two pianists and the orchestra &#8211; Poulenc\u00b4s Concerto for Two Pianos performed by Martha Argerich and Shin-Heae Kang with the NDR Radio Philharmonic &#8230; <\/p>\n<div><a href=\"http:\/\/www.shin-heae-kang.com\/de\/presse\/\" class=\"more-link\">Read More<\/a><\/div>\n","protected":false},"author":1,"featured_media":0,"parent":0,"menu_order":0,"comment_status":"closed","ping_status":"closed","template":"","meta":[],"yoast_head":"<!-- This site is optimized with the Yoast SEO plugin v19.14 - https:\/\/yoast.com\/wordpress\/plugins\/seo\/ -->\n<title>Presse-Spiegel - Shin-Heae Kang<\/title>\n<meta name=\"robots\" content=\"index, follow, max-snippet:-1, max-image-preview:large, max-video-preview:-1\" \/>\n<link rel=\"canonical\" href=\"http:\/\/www.shin-heae-kang.com\/en\/presse\/\" \/>\n<meta property=\"og:locale\" content=\"de_DE\" \/>\n<meta property=\"og:type\" content=\"article\" \/>\n<meta property=\"og:title\" content=\"Presse-Spiegel - Shin-Heae Kang\" \/>\n<meta property=\"og:description\" content=\"MARTHA ARGERICH \u201eShin-Heae Kang is a magnificent pianist. She has all the qualities, superb technique, serious and devoted musicianship, very big repertoire. I strongly recommend her to your attention.\u201c BBC RADIO 3 \u201eA truly brilliant conversation between two pianists and the orchestra &#8211; Poulenc\u00b4s Concerto for Two Pianos performed by Martha Argerich and Shin-Heae Kang with the NDR Radio Philharmonic ... Read More\" \/>\n<meta property=\"og:url\" content=\"http:\/\/www.shin-heae-kang.com\/en\/presse\/\" \/>\n<meta property=\"og:site_name\" content=\"Shin-Heae Kang\" \/>\n<meta property=\"article:modified_time\" content=\"2020-09-29T10:53:52+00:00\" \/>\n<meta name=\"twitter:card\" content=\"summary_large_image\" \/>\n<meta name=\"twitter:label1\" content=\"Gesch\u00e4tzte Lesezeit\" \/>\n\t<meta name=\"twitter:data1\" content=\"16\u00a0Minuten\" \/>\n<script type=\"application\/ld+json\" class=\"yoast-schema-graph\">{\"@context\":\"https:\/\/schema.org\",\"@graph\":[{\"@type\":\"WebPage\",\"@id\":\"http:\/\/www.shin-heae-kang.com\/en\/presse\/\",\"url\":\"http:\/\/www.shin-heae-kang.com\/en\/presse\/\",\"name\":\"Presse-Spiegel - Shin-Heae Kang\",\"isPartOf\":{\"@id\":\"http:\/\/www.shin-heae-kang.com\/en\/#website\"},\"datePublished\":\"2016-09-02T08:42:58+00:00\",\"dateModified\":\"2020-09-29T10:53:52+00:00\",\"breadcrumb\":{\"@id\":\"http:\/\/www.shin-heae-kang.com\/en\/presse\/#breadcrumb\"},\"inLanguage\":\"de\",\"potentialAction\":[{\"@type\":\"ReadAction\",\"target\":[\"http:\/\/www.shin-heae-kang.com\/en\/presse\/\"]}]},{\"@type\":\"BreadcrumbList\",\"@id\":\"http:\/\/www.shin-heae-kang.com\/en\/presse\/#breadcrumb\",\"itemListElement\":[{\"@type\":\"ListItem\",\"position\":1,\"name\":\"Startseite\",\"item\":\"http:\/\/www.shin-heae-kang.com\/en\/\"},{\"@type\":\"ListItem\",\"position\":2,\"name\":\"Press Reviews\"}]},{\"@type\":\"WebSite\",\"@id\":\"http:\/\/www.shin-heae-kang.com\/en\/#website\",\"url\":\"http:\/\/www.shin-heae-kang.com\/en\/\",\"name\":\"Shin-Heae Kang\",\"description\":\"Pianistin\",\"potentialAction\":[{\"@type\":\"SearchAction\",\"target\":{\"@type\":\"EntryPoint\",\"urlTemplate\":\"http:\/\/www.shin-heae-kang.com\/en\/?s={search_term_string}\"},\"query-input\":\"required name=search_term_string\"}],\"inLanguage\":\"de\"}]}<\/script>\n<!-- \/ Yoast SEO plugin. -->","yoast_head_json":{"title":"Presse-Spiegel - Shin-Heae Kang","robots":{"index":"index","follow":"follow","max-snippet":"max-snippet:-1","max-image-preview":"max-image-preview:large","max-video-preview":"max-video-preview:-1"},"canonical":"http:\/\/www.shin-heae-kang.com\/en\/presse\/","og_locale":"de_DE","og_type":"article","og_title":"Presse-Spiegel - Shin-Heae Kang","og_description":"MARTHA ARGERICH \u201eShin-Heae Kang is a magnificent pianist. She has all the qualities, superb technique, serious and devoted musicianship, very big repertoire. I strongly recommend her to your attention.\u201c BBC RADIO 3 \u201eA truly brilliant conversation between two pianists and the orchestra &#8211; Poulenc\u00b4s Concerto for Two Pianos performed by Martha Argerich and Shin-Heae Kang with the NDR Radio Philharmonic ... Read More","og_url":"http:\/\/www.shin-heae-kang.com\/en\/presse\/","og_site_name":"Shin-Heae Kang","article_modified_time":"2020-09-29T10:53:52+00:00","twitter_card":"summary_large_image","twitter_misc":{"Gesch\u00e4tzte Lesezeit":"16\u00a0Minuten"},"schema":{"@context":"https:\/\/schema.org","@graph":[{"@type":"WebPage","@id":"http:\/\/www.shin-heae-kang.com\/en\/presse\/","url":"http:\/\/www.shin-heae-kang.com\/en\/presse\/","name":"Presse-Spiegel - Shin-Heae Kang","isPartOf":{"@id":"http:\/\/www.shin-heae-kang.com\/en\/#website"},"datePublished":"2016-09-02T08:42:58+00:00","dateModified":"2020-09-29T10:53:52+00:00","breadcrumb":{"@id":"http:\/\/www.shin-heae-kang.com\/en\/presse\/#breadcrumb"},"inLanguage":"de","potentialAction":[{"@type":"ReadAction","target":["http:\/\/www.shin-heae-kang.com\/en\/presse\/"]}]},{"@type":"BreadcrumbList","@id":"http:\/\/www.shin-heae-kang.com\/en\/presse\/#breadcrumb","itemListElement":[{"@type":"ListItem","position":1,"name":"Startseite","item":"http:\/\/www.shin-heae-kang.com\/en\/"},{"@type":"ListItem","position":2,"name":"Press Reviews"}]},{"@type":"WebSite","@id":"http:\/\/www.shin-heae-kang.com\/en\/#website","url":"http:\/\/www.shin-heae-kang.com\/en\/","name":"Shin-Heae Kang","description":"Pianistin","potentialAction":[{"@type":"SearchAction","target":{"@type":"EntryPoint","urlTemplate":"http:\/\/www.shin-heae-kang.com\/en\/?s={search_term_string}"},"query-input":"required name=search_term_string"}],"inLanguage":"de"}]}},"_links":{"self":[{"href":"http:\/\/www.shin-heae-kang.com\/de\/wp-json\/wp\/v2\/pages\/262"}],"collection":[{"href":"http:\/\/www.shin-heae-kang.com\/de\/wp-json\/wp\/v2\/pages"}],"about":[{"href":"http:\/\/www.shin-heae-kang.com\/de\/wp-json\/wp\/v2\/types\/page"}],"author":[{"embeddable":true,"href":"http:\/\/www.shin-heae-kang.com\/de\/wp-json\/wp\/v2\/users\/1"}],"replies":[{"embeddable":true,"href":"http:\/\/www.shin-heae-kang.com\/de\/wp-json\/wp\/v2\/comments?post=262"}],"version-history":[{"count":14,"href":"http:\/\/www.shin-heae-kang.com\/de\/wp-json\/wp\/v2\/pages\/262\/revisions"}],"predecessor-version":[{"id":611,"href":"http:\/\/www.shin-heae-kang.com\/de\/wp-json\/wp\/v2\/pages\/262\/revisions\/611"}],"wp:attachment":[{"href":"http:\/\/www.shin-heae-kang.com\/de\/wp-json\/wp\/v2\/media?parent=262"}],"curies":[{"name":"wp","href":"https:\/\/api.w.org\/{rel}","templated":true}]}}