{"id":280,"date":"2016-09-02T10:44:16","date_gmt":"2016-09-02T08:44:16","guid":{"rendered":"http:\/\/web.c-307.maxcluster.net\/shinheae\/?page_id=280"},"modified":"2017-09-19T06:43:06","modified_gmt":"2017-09-19T04:43:06","slug":"2010-2","status":"publish","type":"page","link":"http:\/\/www.shin-heae-kang.com\/de\/presse\/2010-2\/","title":{"rendered":"2010"},"content":{"rendered":"<h2>Intensiv, mit gr\u00f6\u00dfter Konzentration<\/h2>\n<p>&#8222;Dannenberger Fr\u00fchling: Bravo-Rufe f\u00fcr die Pianistin Shin-Heae Kang &#8211; Zu einem wirklichen H\u00f6hepunkt des vom Dannenberger Kulturring veranstalteten Festivals Dannenberger Fr\u00fchling geriet der Auftritt der erst 23-j\u00e4hringen und in Kiel geborenen Pianistin Shin Heae Kang. Shin-Heae bedeutet &#8222;Heiliger Berg&#8220; &#8211; und es mag wohl Zufall sein, dass sich das Konzert um einen heiligen Berg der Klavierliteratur gruppierte: Klaviersonate h-moll von Liszt.<\/p>\n<p>Den Auftakt des beeindruckenden Konzerts bildete die Sonate in E-Dur K. 380 von D. Scarlatti. Dieses St\u00fcck war damit fein abgestimmt auf die folgende Sonate h-moll. Franz Liszt schrieb diese, seine einzige Sonate im Jahr 1885 und verschmolz darin die vier Hauptteile zus\u00e4tzlich mit dem viers\u00e4tzigen Sonatenzyklus zu einer unaufl\u00f6slichen Einheit. Die dem Werk zugrunde gelegten f\u00fcnf thematischen Gestalten wurden auseinander entwickelt und aufeinander bezogen. Das Erl\u00f6sungsdrama einer leidenschaftlichen Seele, vom vorangestellten d\u00fcsteren Motto bis hin zu den entr\u00fcckt entschwebenden Schlussakkorden gestaltete Kang intensiv und mit gr\u00f6\u00dfter Konzentration. Unaufdringlich kraftvoll und stets mit der notwendigen Leichtigkeit erklomm sie brillant diesen Gipfel der Klaviermusik. Bravo-Rufe und anhaltender Beifall belohnten die ausgezeichnete Darbietung.<\/p>\n<p>Den Abschluss des ersten Teils bildeten drei Lieder von Franz Schubertt (Transkriptionen: Gretchen am Spinnrade, Auf dem Wasser zu singen, Erlk\u00f6nig), ebenfalls bearbeitet von Liszt. Auch diese vertonten Gedichte von Goethe und von Stollberg-Stollberg pr\u00e4sentierte die junge Pianistin meisterhaft und werkgetreu. Gef\u00fchlvoll und sehr exakt und mit viel Ausdruck setzte Kang damit noch ein Ausrufezeichen vor der wohlverdienten Pause.<\/p>\n<p>Im zweiten Teil des mehr als zweieinhalbst\u00fcndigen Konzerts h\u00f6rten die Besucher im ausverkauften Ohmschen Haus passend zum Chopin-Jahr, begeisternde 12 Grandes Etudes op. 25 und 12 Grandes Etudes op. 10. Kang, die schon in der Berliner Philharmonie, der Laeiszhalle Hamburg, im Wieder Saal Salzburg und anderen hochkar\u00e4tigen Konzerts\u00e4len Europas gespielt hat, beeindruckte auch durch ihr sehr bescheidenes und zur\u00fcckhaltendes Auftreten.<\/p>\n<p>Ohne Kompromisse steht bei ihr das Werk im Vordergrund. Sie spielt zun\u00e4chst f\u00fcr die Musik und erst in zweiter Linie f\u00fcr das Auditorium. &#8222;Ich mag Herausforderungen&#8220;, ist ihre schlichte Antwort auf die Frage nach der Motivation zur Erarbeitung eines schweren neuen St\u00fcckes. Langer und heftiger Applaus und eine herrliche Zugabe Liebeslied von R. Schumann (Liszt) &#8211; beendete einen anspruchsvollen Konzertabend und belohnte sie f\u00fcr die bew\u00e4ltigte Herausforderung.&#8220;<\/p>\n<p><em>NIEDERS\u00c4CHSISCHES TAGEBLATT &#8211; ELBE-JEETZEL-ZEITUNG<\/em>","protected":false},"excerpt":{"rendered":"<p>Intensiv, mit gr\u00f6\u00dfter Konzentration &#8222;Dannenberger Fr\u00fchling: Bravo-Rufe f\u00fcr die Pianistin Shin-Heae Kang &#8211; Zu einem wirklichen H\u00f6hepunkt des vom Dannenberger Kulturring veranstalteten Festivals Dannenberger Fr\u00fchling geriet der Auftritt der erst 23-j\u00e4hringen und in Kiel geborenen Pianistin Shin Heae Kang. Shin-Heae bedeutet &#8222;Heiliger Berg&#8220; &#8211; und es mag wohl Zufall sein, dass sich das Konzert um einen heiligen Berg der Klavierliteratur &#8230; <\/p>\n<div><a href=\"http:\/\/www.shin-heae-kang.com\/de\/presse\/2010-2\/\" class=\"more-link\">Read More<\/a><\/div>\n","protected":false},"author":1,"featured_media":0,"parent":262,"menu_order":0,"comment_status":"closed","ping_status":"closed","template":"","meta":[],"yoast_head":"<!-- This site is optimized with the Yoast SEO plugin v19.14 - https:\/\/yoast.com\/wordpress\/plugins\/seo\/ -->\n<title>2010 - Shin-Heae Kang<\/title>\n<meta name=\"robots\" content=\"index, follow, max-snippet:-1, max-image-preview:large, max-video-preview:-1\" \/>\n<link rel=\"canonical\" href=\"http:\/\/www.shin-heae-kang.com\/de\/presse\/2010-2\/\" \/>\n<meta property=\"og:locale\" content=\"de_DE\" \/>\n<meta property=\"og:type\" content=\"article\" \/>\n<meta property=\"og:title\" content=\"2010 - Shin-Heae Kang\" \/>\n<meta property=\"og:description\" content=\"Intensiv, mit gr\u00f6\u00dfter Konzentration &#8222;Dannenberger Fr\u00fchling: Bravo-Rufe f\u00fcr die Pianistin Shin-Heae Kang &#8211; Zu einem wirklichen H\u00f6hepunkt des vom Dannenberger Kulturring veranstalteten Festivals Dannenberger Fr\u00fchling geriet der Auftritt der erst 23-j\u00e4hringen und in Kiel geborenen Pianistin Shin Heae Kang. Shin-Heae bedeutet &#8222;Heiliger Berg&#8220; &#8211; und es mag wohl Zufall sein, dass sich das Konzert um einen heiligen Berg der Klavierliteratur ... Read More\" \/>\n<meta property=\"og:url\" content=\"http:\/\/www.shin-heae-kang.com\/de\/presse\/2010-2\/\" \/>\n<meta property=\"og:site_name\" content=\"Shin-Heae Kang\" \/>\n<meta property=\"article:modified_time\" content=\"2017-09-19T04:43:06+00:00\" \/>\n<meta name=\"twitter:card\" content=\"summary_large_image\" \/>\n<meta name=\"twitter:label1\" content=\"Gesch\u00e4tzte Lesezeit\" \/>\n\t<meta name=\"twitter:data1\" content=\"2\u00a0Minuten\" \/>\n<script type=\"application\/ld+json\" class=\"yoast-schema-graph\">{\"@context\":\"https:\/\/schema.org\",\"@graph\":[{\"@type\":\"WebPage\",\"@id\":\"http:\/\/www.shin-heae-kang.com\/de\/presse\/2010-2\/\",\"url\":\"http:\/\/www.shin-heae-kang.com\/de\/presse\/2010-2\/\",\"name\":\"2010 - Shin-Heae Kang\",\"isPartOf\":{\"@id\":\"http:\/\/www.shin-heae-kang.com\/en\/#website\"},\"datePublished\":\"2016-09-02T08:44:16+00:00\",\"dateModified\":\"2017-09-19T04:43:06+00:00\",\"breadcrumb\":{\"@id\":\"http:\/\/www.shin-heae-kang.com\/de\/presse\/2010-2\/#breadcrumb\"},\"inLanguage\":\"de\",\"potentialAction\":[{\"@type\":\"ReadAction\",\"target\":[\"http:\/\/www.shin-heae-kang.com\/de\/presse\/2010-2\/\"]}]},{\"@type\":\"BreadcrumbList\",\"@id\":\"http:\/\/www.shin-heae-kang.com\/de\/presse\/2010-2\/#breadcrumb\",\"itemListElement\":[{\"@type\":\"ListItem\",\"position\":1,\"name\":\"Startseite\",\"item\":\"http:\/\/www.shin-heae-kang.com\/en\/\"},{\"@type\":\"ListItem\",\"position\":2,\"name\":\"Press Reviews\",\"item\":\"http:\/\/www.shin-heae-kang.com\/en\/presse\/\"},{\"@type\":\"ListItem\",\"position\":3,\"name\":\"2010\"}]},{\"@type\":\"WebSite\",\"@id\":\"http:\/\/www.shin-heae-kang.com\/en\/#website\",\"url\":\"http:\/\/www.shin-heae-kang.com\/en\/\",\"name\":\"Shin-Heae Kang\",\"description\":\"Pianistin\",\"potentialAction\":[{\"@type\":\"SearchAction\",\"target\":{\"@type\":\"EntryPoint\",\"urlTemplate\":\"http:\/\/www.shin-heae-kang.com\/en\/?s={search_term_string}\"},\"query-input\":\"required name=search_term_string\"}],\"inLanguage\":\"de\"}]}<\/script>\n<!-- \/ Yoast SEO plugin. -->","yoast_head_json":{"title":"2010 - Shin-Heae Kang","robots":{"index":"index","follow":"follow","max-snippet":"max-snippet:-1","max-image-preview":"max-image-preview:large","max-video-preview":"max-video-preview:-1"},"canonical":"http:\/\/www.shin-heae-kang.com\/de\/presse\/2010-2\/","og_locale":"de_DE","og_type":"article","og_title":"2010 - Shin-Heae Kang","og_description":"Intensiv, mit gr\u00f6\u00dfter Konzentration &#8222;Dannenberger Fr\u00fchling: Bravo-Rufe f\u00fcr die Pianistin Shin-Heae Kang &#8211; Zu einem wirklichen H\u00f6hepunkt des vom Dannenberger Kulturring veranstalteten Festivals Dannenberger Fr\u00fchling geriet der Auftritt der erst 23-j\u00e4hringen und in Kiel geborenen Pianistin Shin Heae Kang. Shin-Heae bedeutet &#8222;Heiliger Berg&#8220; &#8211; und es mag wohl Zufall sein, dass sich das Konzert um einen heiligen Berg der Klavierliteratur ... Read More","og_url":"http:\/\/www.shin-heae-kang.com\/de\/presse\/2010-2\/","og_site_name":"Shin-Heae Kang","article_modified_time":"2017-09-19T04:43:06+00:00","twitter_card":"summary_large_image","twitter_misc":{"Gesch\u00e4tzte Lesezeit":"2\u00a0Minuten"},"schema":{"@context":"https:\/\/schema.org","@graph":[{"@type":"WebPage","@id":"http:\/\/www.shin-heae-kang.com\/de\/presse\/2010-2\/","url":"http:\/\/www.shin-heae-kang.com\/de\/presse\/2010-2\/","name":"2010 - Shin-Heae Kang","isPartOf":{"@id":"http:\/\/www.shin-heae-kang.com\/en\/#website"},"datePublished":"2016-09-02T08:44:16+00:00","dateModified":"2017-09-19T04:43:06+00:00","breadcrumb":{"@id":"http:\/\/www.shin-heae-kang.com\/de\/presse\/2010-2\/#breadcrumb"},"inLanguage":"de","potentialAction":[{"@type":"ReadAction","target":["http:\/\/www.shin-heae-kang.com\/de\/presse\/2010-2\/"]}]},{"@type":"BreadcrumbList","@id":"http:\/\/www.shin-heae-kang.com\/de\/presse\/2010-2\/#breadcrumb","itemListElement":[{"@type":"ListItem","position":1,"name":"Startseite","item":"http:\/\/www.shin-heae-kang.com\/en\/"},{"@type":"ListItem","position":2,"name":"Press Reviews","item":"http:\/\/www.shin-heae-kang.com\/en\/presse\/"},{"@type":"ListItem","position":3,"name":"2010"}]},{"@type":"WebSite","@id":"http:\/\/www.shin-heae-kang.com\/en\/#website","url":"http:\/\/www.shin-heae-kang.com\/en\/","name":"Shin-Heae Kang","description":"Pianistin","potentialAction":[{"@type":"SearchAction","target":{"@type":"EntryPoint","urlTemplate":"http:\/\/www.shin-heae-kang.com\/en\/?s={search_term_string}"},"query-input":"required name=search_term_string"}],"inLanguage":"de"}]}},"_links":{"self":[{"href":"http:\/\/www.shin-heae-kang.com\/de\/wp-json\/wp\/v2\/pages\/280"}],"collection":[{"href":"http:\/\/www.shin-heae-kang.com\/de\/wp-json\/wp\/v2\/pages"}],"about":[{"href":"http:\/\/www.shin-heae-kang.com\/de\/wp-json\/wp\/v2\/types\/page"}],"author":[{"embeddable":true,"href":"http:\/\/www.shin-heae-kang.com\/de\/wp-json\/wp\/v2\/users\/1"}],"replies":[{"embeddable":true,"href":"http:\/\/www.shin-heae-kang.com\/de\/wp-json\/wp\/v2\/comments?post=280"}],"version-history":[{"count":3,"href":"http:\/\/www.shin-heae-kang.com\/de\/wp-json\/wp\/v2\/pages\/280\/revisions"}],"predecessor-version":[{"id":427,"href":"http:\/\/www.shin-heae-kang.com\/de\/wp-json\/wp\/v2\/pages\/280\/revisions\/427"}],"up":[{"embeddable":true,"href":"http:\/\/www.shin-heae-kang.com\/de\/wp-json\/wp\/v2\/pages\/262"}],"wp:attachment":[{"href":"http:\/\/www.shin-heae-kang.com\/de\/wp-json\/wp\/v2\/media?parent=280"}],"curies":[{"name":"wp","href":"https:\/\/api.w.org\/{rel}","templated":true}]}}