{"id":283,"date":"2016-09-02T10:44:27","date_gmt":"2016-09-02T08:44:27","guid":{"rendered":"http:\/\/web.c-307.maxcluster.net\/shinheae\/?page_id=283"},"modified":"2017-09-19T06:42:42","modified_gmt":"2017-09-19T04:42:42","slug":"2009-2","status":"publish","type":"page","link":"http:\/\/www.shin-heae-kang.com\/de\/presse\/2009-2\/","title":{"rendered":"2009"},"content":{"rendered":"<h2>Shin-Heae Kang begeistert auf L\u00fcttenheid<\/h2>\n<p>&#8222;Stehende Ovationen f\u00fcr Ausnahmetalent &#8211; Brillanter Brahms im Wohnzimmer &#8211; Stehende Ovationen und viele Gl\u00fcckw\u00fcnsche f\u00fcr die K\u00fcnstlerin \u2013 die junge Pianistin Shin-Heae Kang brillierte am Fl\u00fcgel und begeisterte das Publikum im Heider Brahmshaus \u2013 Ohne ein Notenblatt, daf\u00fcr mit Gef\u00fchl und Pr\u00e4zision, interpretierte die gerade 22-j\u00e4hrige Deutsch-Koreanerin zwei Sonaten von Johannes Brahms und Ludwig van Beethoven und versetzte die Heider Musikfreunde in Verz\u00fcckung. &#8222;Sie haben uns eine so gro\u00dfe Freude gemacht&#8220;, begl\u00fcckw\u00fcnschte eine Besucherin die sch\u00fcchterne Klavier-Virtuosin nach dem Konzert im Stammhaus der Familie Brahms auf L\u00fcttenheid.<\/p>\n<p>Und auch Shin-Heae Kang zeigte sich beeindruckt von dem historischen Rahmen. &#8222;Es ist eine gro\u00dfe Ehre, hier spielen zu d\u00fcrfen&#8220;, so die Ausnahmepianistin, die gerade ihre Diplomarbeit \u00fcber Brahms beendet hat und nun eine Karriere als Konzertpianistin anstrebt. Die Vita der jungen Musikerin jedenfalls spricht dabei f\u00fcr sich selbst. An dem quasi &#8222;praktischen&#8220; Stand ihrer Studien lie\u00df die junge K\u00fcnstlerin das Heider Publikum ausf\u00fchrlich und auf beeindruckende Weise teilhaben und zeigte gerade an sehr schwierigen Passagen der Werke Brahms\u00b4 und Beethovens ihr au\u00dfergew\u00f6hnliches Talent und das gef\u00fchlvolle Verh\u00e4ltnis zu den St\u00fccken und ihrem Instrument. Das Publikum erlebte ein brillantes &#8222;Konzert im Wohnzimmer.&#8220;&#8220;<\/p>\n<p><em>BRAHMS-GESELLSCHAFT SCHLESWIG-HOLSTEIN<\/em><br \/>\n<em>DITHMARSCHER LANDESZEITUNG &#8211; HEIDER ANZEIGER<\/em><\/p>\n<hr \/>\n<h2>Eine grandiose Leistung &#8211; Die Pianistin Shin-Heae Kang begeisterte in Dannenberg<\/h2>\n<p>&#8222;Bravo-Rufe nach mehreren St\u00fccken und anhaltender Applaus zeigten der noch jungen Pianistin Shin-Heae Kang, wie begeistert das Publikum von ihrem Konzert im Rahmen des \u00bbDannenberger Fr\u00fchlings\u00bb war. Am Sonnabend pr\u00e4sentierte sich die deutsche Pianistin koreanischer Herkunft im Ohmschen Haus mit einem \u00e4u\u00dferst anspruchsvollen Programm, das sie meisterhaft interpretierte.<\/p>\n<p>Neben einer brillanten Technik \u00fcberzeugte Shin-Heae Kang mit einer beeindruckenden Ausdruckskraft vom ersten bis zum letzten Ton. Jeder Ton bekam seine ihm eigene Bedeutung zugewiesen, und das in h\u00f6chster Qualit\u00e4t. Der Abend begann mit Johann-Sebastian Bachs Chaconne in d-Moll in der Transkription f\u00fcr Klavier von Ferruccio Busoni. Klar und deutlich strukturierte Kang diesen Variationssatz, den Bach urspr\u00fcnglich f\u00fcr Violine solo komponiert hatte und der durch Busonis Bearbeitung fast eine orchestrale Klanggewalt bekam. Dynamisch differenziert interpretierte Kang die unterschiedlichen Charaktere, spielte \u00fcberzeugende \u00dcberg\u00e4nge und bestach mit ihrer Leichtigkeit selbst bei schnellsten Passagen. Diese Leichtigkeit der perlenden brillanten L\u00e4ufe faszinierte das Publikum auch im Finalsatz von Fr\u00e9d\u00e9ric Chopins Klaviersonate Nr. 3 op. 58 in h-Moll. Eine grandiose Leistung!<\/p>\n<p>Doch Kang beherrschte auch das lyrische Spiel: Das Largo musizierte sie herrlich flie\u00dfend, mit gro\u00dfer Ruhe und Musikalit\u00e4t. Eine beklemmende Atmosph\u00e4re schuf sie im zweiten Satz (\u00bbLe gibet &#8211; Der Galgen\u00bb) von Maurice Ravels \u00bbGaspard de la nuit\u00bb, w\u00e4hrend im ersten die Meerjungfrau verk\u00f6rpert wurde. Sehr spannend, mit gewaltigen und kraftvollen Ausbr\u00fcchen, akzentuierten rhythmisch vertrackten Passagen, klaren schnellen Tonrepetitionen gestaltete Kang den \u00bbScarbo\u00bb, den D\u00e4mon, der die Menschen im Schlaf st\u00f6rt. Scheinbar ohne M\u00fche meisterte Kang bravour\u00f6s dieses Werk, mit dem Ravel beabsichtigt hatte, das schwierigste Solost\u00fcck f\u00fcr Klavier \u00fcberhaupt zu erschaffen.<\/p>\n<p>Der faszinierende Klavierabend ging mit der Rhapsodie Espagnole von Franz Liszt gekonnt zu Ende. Die unterschiedlichen Themen und Motive waren deutlich und charakteristisch pr\u00e4gnant herausgearbeitet, und der Virtuosit\u00e4t der Komposition wurde Kang gerecht, ohne in Effekthascherei zu verfallen. Ein fulminantes Konzert einer gro\u00dfartigen jungen Pianistin!&#8220;<\/p>\n<p><em>NIEDERS\u00c4CHSISCHES TAGEBLATT &#8211; ELBE-JEETZEL-ZEITUNG<\/em><\/p>\n<hr \/>\n<h2>Shin Heae Kang &#8211; Konzert in Schulensee<\/h2>\n<p>&#8222;Zu einem ganz besonderen musikalischen Ereignis hatte Ende November 2008 das Kulturforum Molfsee und der F\u00f6rderkreis f\u00fcr Musik in der Thomaskirche eingeladen: ein Konzert mit der Pianistin Shin-Heae Kang. Der geplante Termin dieses Konzerts musste verlegt werden, da Shin-Heae noch wenige Tage zuvor Konzerte und einen Musikvortrag als Meisterkurs in Puerto Rico geben musste. F\u00fcr die vielen Freunde und Anh\u00e4nger der jungen K\u00fcnstlerin aber kein Problem und die mit Besuchern voll gef\u00fcllte Thomaskirche bewies das gro\u00dfe Interesse an der klassischen Klaviermusik.<\/p>\n<p>In der Kirche in Schulensee spielte Shin Heae Kang Werke von Brahms, Beehoven, Schumann, Ravel und Liszt. Sie zeigte dabei ihre \u00fcberragende F\u00e4higkeit, unterschiedliche Komponisten zu interpretieren und die Sonaten, Rhapsodien und Fantasien der jeweiligen Stimmung angepasst vorzutragen. Das Konzert von Shin Heae Kang war der musikalische H\u00f6hepunkt des hiesigen Musikjahres.&#8220;<\/p>\n<p><em>KIELER JOURNAL<\/em>","protected":false},"excerpt":{"rendered":"<p>Shin-Heae Kang begeistert auf L\u00fcttenheid &#8222;Stehende Ovationen f\u00fcr Ausnahmetalent &#8211; Brillanter Brahms im Wohnzimmer &#8211; Stehende Ovationen und viele Gl\u00fcckw\u00fcnsche f\u00fcr die K\u00fcnstlerin \u2013 die junge Pianistin Shin-Heae Kang brillierte am Fl\u00fcgel und begeisterte das Publikum im Heider Brahmshaus \u2013 Ohne ein Notenblatt, daf\u00fcr mit Gef\u00fchl und Pr\u00e4zision, interpretierte die gerade 22-j\u00e4hrige Deutsch-Koreanerin zwei Sonaten von Johannes Brahms und Ludwig &#8230; <\/p>\n<div><a href=\"http:\/\/www.shin-heae-kang.com\/de\/presse\/2009-2\/\" class=\"more-link\">Read More<\/a><\/div>\n","protected":false},"author":1,"featured_media":0,"parent":262,"menu_order":0,"comment_status":"closed","ping_status":"closed","template":"","meta":[],"yoast_head":"<!-- This site is optimized with the Yoast SEO plugin v19.14 - https:\/\/yoast.com\/wordpress\/plugins\/seo\/ -->\n<title>2009 - Shin-Heae Kang<\/title>\n<meta name=\"robots\" content=\"index, follow, max-snippet:-1, max-image-preview:large, max-video-preview:-1\" \/>\n<link rel=\"canonical\" href=\"http:\/\/www.shin-heae-kang.com\/de\/presse\/2009-2\/\" \/>\n<meta property=\"og:locale\" content=\"de_DE\" \/>\n<meta property=\"og:type\" content=\"article\" \/>\n<meta property=\"og:title\" content=\"2009 - Shin-Heae Kang\" \/>\n<meta property=\"og:description\" content=\"Shin-Heae Kang begeistert auf L\u00fcttenheid &#8222;Stehende Ovationen f\u00fcr Ausnahmetalent &#8211; Brillanter Brahms im Wohnzimmer &#8211; Stehende Ovationen und viele Gl\u00fcckw\u00fcnsche f\u00fcr die K\u00fcnstlerin \u2013 die junge Pianistin Shin-Heae Kang brillierte am Fl\u00fcgel und begeisterte das Publikum im Heider Brahmshaus \u2013 Ohne ein Notenblatt, daf\u00fcr mit Gef\u00fchl und Pr\u00e4zision, interpretierte die gerade 22-j\u00e4hrige Deutsch-Koreanerin zwei Sonaten von Johannes Brahms und Ludwig ... Read More\" \/>\n<meta property=\"og:url\" content=\"http:\/\/www.shin-heae-kang.com\/de\/presse\/2009-2\/\" \/>\n<meta property=\"og:site_name\" content=\"Shin-Heae Kang\" \/>\n<meta property=\"article:modified_time\" content=\"2017-09-19T04:42:42+00:00\" \/>\n<meta name=\"twitter:card\" content=\"summary_large_image\" \/>\n<meta name=\"twitter:label1\" content=\"Gesch\u00e4tzte Lesezeit\" \/>\n\t<meta name=\"twitter:data1\" content=\"4\u00a0Minuten\" \/>\n<script type=\"application\/ld+json\" class=\"yoast-schema-graph\">{\"@context\":\"https:\/\/schema.org\",\"@graph\":[{\"@type\":\"WebPage\",\"@id\":\"http:\/\/www.shin-heae-kang.com\/de\/presse\/2009-2\/\",\"url\":\"http:\/\/www.shin-heae-kang.com\/de\/presse\/2009-2\/\",\"name\":\"2009 - Shin-Heae Kang\",\"isPartOf\":{\"@id\":\"http:\/\/www.shin-heae-kang.com\/en\/#website\"},\"datePublished\":\"2016-09-02T08:44:27+00:00\",\"dateModified\":\"2017-09-19T04:42:42+00:00\",\"breadcrumb\":{\"@id\":\"http:\/\/www.shin-heae-kang.com\/de\/presse\/2009-2\/#breadcrumb\"},\"inLanguage\":\"de\",\"potentialAction\":[{\"@type\":\"ReadAction\",\"target\":[\"http:\/\/www.shin-heae-kang.com\/de\/presse\/2009-2\/\"]}]},{\"@type\":\"BreadcrumbList\",\"@id\":\"http:\/\/www.shin-heae-kang.com\/de\/presse\/2009-2\/#breadcrumb\",\"itemListElement\":[{\"@type\":\"ListItem\",\"position\":1,\"name\":\"Startseite\",\"item\":\"http:\/\/www.shin-heae-kang.com\/en\/\"},{\"@type\":\"ListItem\",\"position\":2,\"name\":\"Press Reviews\",\"item\":\"http:\/\/www.shin-heae-kang.com\/en\/presse\/\"},{\"@type\":\"ListItem\",\"position\":3,\"name\":\"2009\"}]},{\"@type\":\"WebSite\",\"@id\":\"http:\/\/www.shin-heae-kang.com\/en\/#website\",\"url\":\"http:\/\/www.shin-heae-kang.com\/en\/\",\"name\":\"Shin-Heae Kang\",\"description\":\"Pianistin\",\"potentialAction\":[{\"@type\":\"SearchAction\",\"target\":{\"@type\":\"EntryPoint\",\"urlTemplate\":\"http:\/\/www.shin-heae-kang.com\/en\/?s={search_term_string}\"},\"query-input\":\"required name=search_term_string\"}],\"inLanguage\":\"de\"}]}<\/script>\n<!-- \/ Yoast SEO plugin. -->","yoast_head_json":{"title":"2009 - Shin-Heae Kang","robots":{"index":"index","follow":"follow","max-snippet":"max-snippet:-1","max-image-preview":"max-image-preview:large","max-video-preview":"max-video-preview:-1"},"canonical":"http:\/\/www.shin-heae-kang.com\/de\/presse\/2009-2\/","og_locale":"de_DE","og_type":"article","og_title":"2009 - Shin-Heae Kang","og_description":"Shin-Heae Kang begeistert auf L\u00fcttenheid &#8222;Stehende Ovationen f\u00fcr Ausnahmetalent &#8211; Brillanter Brahms im Wohnzimmer &#8211; Stehende Ovationen und viele Gl\u00fcckw\u00fcnsche f\u00fcr die K\u00fcnstlerin \u2013 die junge Pianistin Shin-Heae Kang brillierte am Fl\u00fcgel und begeisterte das Publikum im Heider Brahmshaus \u2013 Ohne ein Notenblatt, daf\u00fcr mit Gef\u00fchl und Pr\u00e4zision, interpretierte die gerade 22-j\u00e4hrige Deutsch-Koreanerin zwei Sonaten von Johannes Brahms und Ludwig ... Read More","og_url":"http:\/\/www.shin-heae-kang.com\/de\/presse\/2009-2\/","og_site_name":"Shin-Heae Kang","article_modified_time":"2017-09-19T04:42:42+00:00","twitter_card":"summary_large_image","twitter_misc":{"Gesch\u00e4tzte Lesezeit":"4\u00a0Minuten"},"schema":{"@context":"https:\/\/schema.org","@graph":[{"@type":"WebPage","@id":"http:\/\/www.shin-heae-kang.com\/de\/presse\/2009-2\/","url":"http:\/\/www.shin-heae-kang.com\/de\/presse\/2009-2\/","name":"2009 - Shin-Heae Kang","isPartOf":{"@id":"http:\/\/www.shin-heae-kang.com\/en\/#website"},"datePublished":"2016-09-02T08:44:27+00:00","dateModified":"2017-09-19T04:42:42+00:00","breadcrumb":{"@id":"http:\/\/www.shin-heae-kang.com\/de\/presse\/2009-2\/#breadcrumb"},"inLanguage":"de","potentialAction":[{"@type":"ReadAction","target":["http:\/\/www.shin-heae-kang.com\/de\/presse\/2009-2\/"]}]},{"@type":"BreadcrumbList","@id":"http:\/\/www.shin-heae-kang.com\/de\/presse\/2009-2\/#breadcrumb","itemListElement":[{"@type":"ListItem","position":1,"name":"Startseite","item":"http:\/\/www.shin-heae-kang.com\/en\/"},{"@type":"ListItem","position":2,"name":"Press Reviews","item":"http:\/\/www.shin-heae-kang.com\/en\/presse\/"},{"@type":"ListItem","position":3,"name":"2009"}]},{"@type":"WebSite","@id":"http:\/\/www.shin-heae-kang.com\/en\/#website","url":"http:\/\/www.shin-heae-kang.com\/en\/","name":"Shin-Heae Kang","description":"Pianistin","potentialAction":[{"@type":"SearchAction","target":{"@type":"EntryPoint","urlTemplate":"http:\/\/www.shin-heae-kang.com\/en\/?s={search_term_string}"},"query-input":"required name=search_term_string"}],"inLanguage":"de"}]}},"_links":{"self":[{"href":"http:\/\/www.shin-heae-kang.com\/de\/wp-json\/wp\/v2\/pages\/283"}],"collection":[{"href":"http:\/\/www.shin-heae-kang.com\/de\/wp-json\/wp\/v2\/pages"}],"about":[{"href":"http:\/\/www.shin-heae-kang.com\/de\/wp-json\/wp\/v2\/types\/page"}],"author":[{"embeddable":true,"href":"http:\/\/www.shin-heae-kang.com\/de\/wp-json\/wp\/v2\/users\/1"}],"replies":[{"embeddable":true,"href":"http:\/\/www.shin-heae-kang.com\/de\/wp-json\/wp\/v2\/comments?post=283"}],"version-history":[{"count":3,"href":"http:\/\/www.shin-heae-kang.com\/de\/wp-json\/wp\/v2\/pages\/283\/revisions"}],"predecessor-version":[{"id":426,"href":"http:\/\/www.shin-heae-kang.com\/de\/wp-json\/wp\/v2\/pages\/283\/revisions\/426"}],"up":[{"embeddable":true,"href":"http:\/\/www.shin-heae-kang.com\/de\/wp-json\/wp\/v2\/pages\/262"}],"wp:attachment":[{"href":"http:\/\/www.shin-heae-kang.com\/de\/wp-json\/wp\/v2\/media?parent=283"}],"curies":[{"name":"wp","href":"https:\/\/api.w.org\/{rel}","templated":true}]}}