{"id":286,"date":"2016-09-02T10:44:37","date_gmt":"2016-09-02T08:44:37","guid":{"rendered":"http:\/\/web.c-307.maxcluster.net\/shinheae\/?page_id=286"},"modified":"2017-09-19T06:42:22","modified_gmt":"2017-09-19T04:42:22","slug":"2008-2","status":"publish","type":"page","link":"http:\/\/www.shin-heae-kang.com\/de\/presse\/2008-2\/","title":{"rendered":"2008"},"content":{"rendered":"<h2>Eine Symbiose zwischen Instrument und Meisterin<\/h2>\n<p>&#8222;Ein Ausnahmetalent begeisterte das Publikum \u2013 Manche Menschen sind einfach begnadet. So auch die blutjunge und hochbegabte Pianistin Shin-Heae Kang, die am Sonntag im Reinbeker Schloss ein Benefizkonzert gab (\u2026) Shin-Heae Kang ist in Person ganz die asiatische H\u00f6flichkeit und Bescheidenheit. Ihre Familie stammt aus Korea, sie selbst ist in Kiel geboren und seit einiger Zeit deutsche Staatsb\u00fcrgerin.<\/p>\n<p>Mit Brahms f-Moll-Sonate Op. 5 begann Shin-Heae Kang, steigerte sich mit Beethovens &#8222;Appassionata&#8220;, sp\u00fcrte dann nach der Pause dem verkl\u00e4rten Charakter Schumanns &#8222;Fantasie&#8220; nach und erarbeitete bei &#8222;Gaspard de la Nuit&#8220; des Impressionisten Ravel wunderbar einf\u00fchlsam einen flirrenden Klangteppich aus tr\u00e4umerischen und d\u00fcsteren Stimmungen. Den Abschluss bildete eine schwungvolle &#8222;Rhapsodie Espagnole&#8220; von Liszt. Immer wieder beeindruckte Kangs Pr\u00e4zision der flie\u00dfenden Wechsel in Dynamik und Tempo. Ihre bewusst gesetzten Verz\u00f6gerungen und Akzente machten deutlich, dass sie nicht spielt, sondern interpretiert.<\/p>\n<p>Bei jedem St\u00fcck, so die Pianistin, frage sie sich, was der Komponist im Moment des Komponierens gedacht habe. Das, so Kang, empfinde sie dann beim Spielen ganz intensiv. Und wenn sie dann so am Fl\u00fcgel sitzt mit geschlossenen Augen, die Noten im Kopf, \u00fcberw\u00e4ltigt vom Spiel, dann bietet sie dem Betrachter ein Bild vollkommener Symbiose zwischen Instrument und seiner jungen Meisterin. Standing Ovations f\u00fcr eine Musikerin mit gro\u00dfer Zukunft.\u201c<\/p>\n<p><em>GLINDER ZEITUNG<\/em><\/p>\n<hr \/>\n<h2>Hochromantisches Power-Programm<\/h2>\n<p>&#8222;Mit Schubert, Schumann und Brahms steht sie offenbar auf Du und Du. Die 1987 in Kiel geborene Pianistin Shin-Heae Kang gab in der F\u00f6rde Sparkasse wieder einen Klavierabend im Rahmen der gemeinsam mit dem Verein der Musikfreunde ausgerichteten Meisterklassen-Konzerte: Schuberts radikal lapidare a-Moll-Sonate op. 143 (D 784), Schumanns C-Dur-Fantasie und Brahms\u00b4 f-Moll-Sonate &#8211; das war ein Power-Programm aus drei Jahrzehnten musikalischer Hochromantik, das unterschiedlichste Facetten hatte.<\/p>\n<p>Die Leistung der K\u00fcnstlerin sei aus drei Blickwinkeln gew\u00fcrdigt: Das Pianistische: Was die K\u00fcnstlerin an klaviertechnischem K\u00f6nnen, Konzentration, \u00dcbersicht und Geistesgegenwart bietet, ist wieder erstaunlich. Eher klein von Statur, entlockt sie mit den richtigen Kraft-Hebelpunkten dem Fl\u00fcgel enorme Klangkr\u00e4fte. In Schuberts Andante leuchten beneidenswert makellose Triller leise auf, im Finale explodieren die Akkordbrechungen genau kalkuliert, und die spieltechnisch geradezu b\u00f6sartigen Triolenoktaven rasen ohne Verlegenheits-Bremse auf den harschen Schluss zu.<\/p>\n<p>Von Schumann und Brahms lie\u00dfe sich \u00c4hnliches sagen \u2013 und schw\u00e4rmen. Musikalit\u00e4t und Virtuosit\u00e4t: Doch solch famose Virtuosit\u00e4t dr\u00e4ngt sich bei dieser K\u00fcnstlerin nicht vor. Bei Brahms balanciert sie \u00dcberschwang und Formbewusstsein intelligent und intuitiv aus. Schumanns 1. Satz mit seinem leidenschaftlichen Erz\u00e4hl- und Erinnerungsgestus erfasst sie schwungvoll-lebendig-manche Details h\u00f6rt man wie neu. In Schuberts lapidarem Kopfsatz stellt sie &#8211; so wie es von einer sensiblen 21-j\u00e4hrigen zu erwarten ist &#8211; dem unbeugsamen schicksalsrhythmus kleine empfindsam seufzende melodische Dehnungen entgegen. Und Brahms w\u00fcrde \u2013 ganz auf Du und Du \u2013 anerkennend brummen: Wie schaffst Du das nur? Bravos, Blumen, eine Zugabe (Rachmaninow: B-Dur Pr\u00e9lude op. 23\/2)\u201c<\/p>\n<p><em>KIELER NACHRICHTEN<\/em><\/p>\n<hr \/>\n<h2>Virtuosit\u00e4t in knappen Gesten<\/h2>\n<p>&#8222;Die Pianistin Shin Heae Kang er\u00f6ffnet den Dannenberger Fr\u00fchling &#8211; Dass dessen Klavierspiel wundersame Regionen enth\u00fclle, das hat einst Robert Schumann von Johannes Brahms gesagt. Vielleicht hat der \u00c4ltere dabei die Klaviersonate f-Moll op. 5 des J\u00fcngeren im Ohr gehabt, die deutlich macht, dass Brahms beim Komponieren von Klaviermusik alle M\u00f6glichkeiten des Instruments immer wieder neu auslotete. Brahms Werk, in Teilen in D\u00fcsseldorf, in der N\u00e4he des Mentors entstanden, bildete das Zentrum des Programms, mit dem Shin Heae Kang am Sonnabend die Reihe Dannenberger Fr\u00fchling er\u00f6ffnete.<\/p>\n<p>Dabei realisierte ihre Interpretation die Vorgaben des Werks: Im Finale &#8211; Allegro moderato ma non rubato etwa betonte das Spiel Kontrast zwischen den fast gewaltsamen Akkorden im Bass und den vertr\u00e4umten kleinen Motiven der H\u00f6hen, deren verspielte Rhythmik fast tr\u00e4umerisch wirkte, zeichnete sorgsam nach, wie sich die Thematik aus knappen Gesten des Beginns entwickelt. Die eigenwillige Harmonik dieser Sonate findet sich auch in dem vorangehenden Intermezzo &#8211; Andante molto: ein eigenwilliger Satz, der davon gepr\u00e4gt ist, dass er sich immer wieder aufs Neue der musikalischen Strukturen vergewissern zu wollen scheint, w\u00e4hrend sich der Zusammenhang der Motiv-Gruppen zugleich permanent aufzul\u00f6sen scheint.<\/p>\n<p>Zweites gro\u00dfes Werk des Abends war die von Beethoven seinem G\u00f6nner Waldstein dedizierte Sonate C-Dur op. 53. Entstanden in zeitlicher N\u00e4he zur Appassionata entwickelt das St\u00fcck nach den markanten Akkorden des Kopfsatzes eine subtile Poesie, die sich im Rondo mit seiner fast widerspr\u00fcchlichen Harmonik besonders entfaltet. Dieses wie auch der Kopfsatz Allegro con brio entwickelt aus kleinen Partikeln weit gespannte B\u00f6gen. Dass Shin Heae Kang das Kleinteilige, die knappe virtuose Geste sehr liegt, wurde auch anhand der 32 Variationen c-Moll von Beethoven deutlich (Werk ohne Opus-Zahl 80). Jede davon erklang frisch und rasant, f\u00fcr Shin Heae Kang Gelegenheit, ihrer Spielfreude freien Lauf zu lassen.&#8220;<\/p>\n<p><em>NIEDERS\u00c4CHSISCHES TAGEBLATT &#8211; ELBE-JEETZEL-ZEITUNG<\/em><\/p>\n<hr \/>\n<p>&nbsp;<\/p>\n<p>&#8222;Indessen \u00fcberreichte die Gro\u00df-Loge Schleswig-Holstein an die 19-j\u00e4hrige Pianistin Shin-Heae Kang in 2006 den Preis des Druiden-Ordens f\u00fcr hoch qualifizierte und in herausragendem Ma\u00dfe leistungsbereiten Nachwuchs f\u00fcr ihre bisherige au\u00dfergew\u00f6hnliche Leistung als hochtalentierte Pianistin, die nicht nur durch ihre hervorragenden \u00f6ffentlichen Konzerte auf sich aufmerksam macht, sondern auch in der musikalischen Fachwelt bereits h\u00f6chste Anerkennung findet.&#8220;<\/p>\n<p><em>AUS DEM BUCH &#8211; DER DRUIDEN-ORDEN IN ZENTRAL-EUROPA<\/em>","protected":false},"excerpt":{"rendered":"<p>Eine Symbiose zwischen Instrument und Meisterin &#8222;Ein Ausnahmetalent begeisterte das Publikum \u2013 Manche Menschen sind einfach begnadet. So auch die blutjunge und hochbegabte Pianistin Shin-Heae Kang, die am Sonntag im Reinbeker Schloss ein Benefizkonzert gab (\u2026) Shin-Heae Kang ist in Person ganz die asiatische H\u00f6flichkeit und Bescheidenheit. Ihre Familie stammt aus Korea, sie selbst ist in Kiel geboren und seit &#8230; <\/p>\n<div><a href=\"http:\/\/www.shin-heae-kang.com\/de\/presse\/2008-2\/\" class=\"more-link\">Read More<\/a><\/div>\n","protected":false},"author":1,"featured_media":0,"parent":262,"menu_order":0,"comment_status":"closed","ping_status":"closed","template":"","meta":[],"yoast_head":"<!-- This site is optimized with the Yoast SEO plugin v19.14 - https:\/\/yoast.com\/wordpress\/plugins\/seo\/ -->\n<title>2008 - Shin-Heae Kang<\/title>\n<meta name=\"robots\" content=\"index, follow, max-snippet:-1, max-image-preview:large, max-video-preview:-1\" \/>\n<link rel=\"canonical\" href=\"http:\/\/www.shin-heae-kang.com\/kr\/presse\/2008-2\/\" \/>\n<meta property=\"og:locale\" content=\"de_DE\" \/>\n<meta property=\"og:type\" content=\"article\" \/>\n<meta property=\"og:title\" content=\"2008 - Shin-Heae Kang\" \/>\n<meta property=\"og:description\" content=\"Eine Symbiose zwischen Instrument und Meisterin &#8222;Ein Ausnahmetalent begeisterte das Publikum \u2013 Manche Menschen sind einfach begnadet. So auch die blutjunge und hochbegabte Pianistin Shin-Heae Kang, die am Sonntag im Reinbeker Schloss ein Benefizkonzert gab (\u2026) Shin-Heae Kang ist in Person ganz die asiatische H\u00f6flichkeit und Bescheidenheit. Ihre Familie stammt aus Korea, sie selbst ist in Kiel geboren und seit ... Read More\" \/>\n<meta property=\"og:url\" content=\"http:\/\/www.shin-heae-kang.com\/kr\/presse\/2008-2\/\" \/>\n<meta property=\"og:site_name\" content=\"Shin-Heae Kang\" \/>\n<meta property=\"article:modified_time\" content=\"2017-09-19T04:42:22+00:00\" \/>\n<meta name=\"twitter:card\" content=\"summary_large_image\" \/>\n<meta name=\"twitter:label1\" content=\"Gesch\u00e4tzte Lesezeit\" \/>\n\t<meta name=\"twitter:data1\" content=\"4\u00a0Minuten\" \/>\n<script type=\"application\/ld+json\" class=\"yoast-schema-graph\">{\"@context\":\"https:\/\/schema.org\",\"@graph\":[{\"@type\":\"WebPage\",\"@id\":\"http:\/\/www.shin-heae-kang.com\/kr\/presse\/2008-2\/\",\"url\":\"http:\/\/www.shin-heae-kang.com\/kr\/presse\/2008-2\/\",\"name\":\"2008 - Shin-Heae Kang\",\"isPartOf\":{\"@id\":\"http:\/\/www.shin-heae-kang.com\/en\/#website\"},\"datePublished\":\"2016-09-02T08:44:37+00:00\",\"dateModified\":\"2017-09-19T04:42:22+00:00\",\"breadcrumb\":{\"@id\":\"http:\/\/www.shin-heae-kang.com\/kr\/presse\/2008-2\/#breadcrumb\"},\"inLanguage\":\"de\",\"potentialAction\":[{\"@type\":\"ReadAction\",\"target\":[\"http:\/\/www.shin-heae-kang.com\/kr\/presse\/2008-2\/\"]}]},{\"@type\":\"BreadcrumbList\",\"@id\":\"http:\/\/www.shin-heae-kang.com\/kr\/presse\/2008-2\/#breadcrumb\",\"itemListElement\":[{\"@type\":\"ListItem\",\"position\":1,\"name\":\"Startseite\",\"item\":\"http:\/\/www.shin-heae-kang.com\/en\/\"},{\"@type\":\"ListItem\",\"position\":2,\"name\":\"Press Reviews\",\"item\":\"http:\/\/www.shin-heae-kang.com\/en\/presse\/\"},{\"@type\":\"ListItem\",\"position\":3,\"name\":\"2008\"}]},{\"@type\":\"WebSite\",\"@id\":\"http:\/\/www.shin-heae-kang.com\/en\/#website\",\"url\":\"http:\/\/www.shin-heae-kang.com\/en\/\",\"name\":\"Shin-Heae Kang\",\"description\":\"Pianistin\",\"potentialAction\":[{\"@type\":\"SearchAction\",\"target\":{\"@type\":\"EntryPoint\",\"urlTemplate\":\"http:\/\/www.shin-heae-kang.com\/en\/?s={search_term_string}\"},\"query-input\":\"required name=search_term_string\"}],\"inLanguage\":\"de\"}]}<\/script>\n<!-- \/ Yoast SEO plugin. -->","yoast_head_json":{"title":"2008 - Shin-Heae Kang","robots":{"index":"index","follow":"follow","max-snippet":"max-snippet:-1","max-image-preview":"max-image-preview:large","max-video-preview":"max-video-preview:-1"},"canonical":"http:\/\/www.shin-heae-kang.com\/kr\/presse\/2008-2\/","og_locale":"de_DE","og_type":"article","og_title":"2008 - Shin-Heae Kang","og_description":"Eine Symbiose zwischen Instrument und Meisterin &#8222;Ein Ausnahmetalent begeisterte das Publikum \u2013 Manche Menschen sind einfach begnadet. So auch die blutjunge und hochbegabte Pianistin Shin-Heae Kang, die am Sonntag im Reinbeker Schloss ein Benefizkonzert gab (\u2026) Shin-Heae Kang ist in Person ganz die asiatische H\u00f6flichkeit und Bescheidenheit. Ihre Familie stammt aus Korea, sie selbst ist in Kiel geboren und seit ... Read More","og_url":"http:\/\/www.shin-heae-kang.com\/kr\/presse\/2008-2\/","og_site_name":"Shin-Heae Kang","article_modified_time":"2017-09-19T04:42:22+00:00","twitter_card":"summary_large_image","twitter_misc":{"Gesch\u00e4tzte Lesezeit":"4\u00a0Minuten"},"schema":{"@context":"https:\/\/schema.org","@graph":[{"@type":"WebPage","@id":"http:\/\/www.shin-heae-kang.com\/kr\/presse\/2008-2\/","url":"http:\/\/www.shin-heae-kang.com\/kr\/presse\/2008-2\/","name":"2008 - Shin-Heae Kang","isPartOf":{"@id":"http:\/\/www.shin-heae-kang.com\/en\/#website"},"datePublished":"2016-09-02T08:44:37+00:00","dateModified":"2017-09-19T04:42:22+00:00","breadcrumb":{"@id":"http:\/\/www.shin-heae-kang.com\/kr\/presse\/2008-2\/#breadcrumb"},"inLanguage":"de","potentialAction":[{"@type":"ReadAction","target":["http:\/\/www.shin-heae-kang.com\/kr\/presse\/2008-2\/"]}]},{"@type":"BreadcrumbList","@id":"http:\/\/www.shin-heae-kang.com\/kr\/presse\/2008-2\/#breadcrumb","itemListElement":[{"@type":"ListItem","position":1,"name":"Startseite","item":"http:\/\/www.shin-heae-kang.com\/en\/"},{"@type":"ListItem","position":2,"name":"Press Reviews","item":"http:\/\/www.shin-heae-kang.com\/en\/presse\/"},{"@type":"ListItem","position":3,"name":"2008"}]},{"@type":"WebSite","@id":"http:\/\/www.shin-heae-kang.com\/en\/#website","url":"http:\/\/www.shin-heae-kang.com\/en\/","name":"Shin-Heae Kang","description":"Pianistin","potentialAction":[{"@type":"SearchAction","target":{"@type":"EntryPoint","urlTemplate":"http:\/\/www.shin-heae-kang.com\/en\/?s={search_term_string}"},"query-input":"required name=search_term_string"}],"inLanguage":"de"}]}},"_links":{"self":[{"href":"http:\/\/www.shin-heae-kang.com\/de\/wp-json\/wp\/v2\/pages\/286"}],"collection":[{"href":"http:\/\/www.shin-heae-kang.com\/de\/wp-json\/wp\/v2\/pages"}],"about":[{"href":"http:\/\/www.shin-heae-kang.com\/de\/wp-json\/wp\/v2\/types\/page"}],"author":[{"embeddable":true,"href":"http:\/\/www.shin-heae-kang.com\/de\/wp-json\/wp\/v2\/users\/1"}],"replies":[{"embeddable":true,"href":"http:\/\/www.shin-heae-kang.com\/de\/wp-json\/wp\/v2\/comments?post=286"}],"version-history":[{"count":3,"href":"http:\/\/www.shin-heae-kang.com\/de\/wp-json\/wp\/v2\/pages\/286\/revisions"}],"predecessor-version":[{"id":425,"href":"http:\/\/www.shin-heae-kang.com\/de\/wp-json\/wp\/v2\/pages\/286\/revisions\/425"}],"up":[{"embeddable":true,"href":"http:\/\/www.shin-heae-kang.com\/de\/wp-json\/wp\/v2\/pages\/262"}],"wp:attachment":[{"href":"http:\/\/www.shin-heae-kang.com\/de\/wp-json\/wp\/v2\/media?parent=286"}],"curies":[{"name":"wp","href":"https:\/\/api.w.org\/{rel}","templated":true}]}}