{"id":313,"date":"2016-09-02T10:46:19","date_gmt":"2016-09-02T08:46:19","guid":{"rendered":"http:\/\/web.c-307.maxcluster.net\/shinheae\/?page_id=313"},"modified":"2017-09-19T06:38:12","modified_gmt":"2017-09-19T04:38:12","slug":"1999-2","status":"publish","type":"page","link":"http:\/\/www.shin-heae-kang.com\/de\/presse\/1999-2\/","title":{"rendered":"1999"},"content":{"rendered":"<h2>Pianistische Paukenschl\u00e4ge<\/h2>\n<p>&#8222;Mit ihrer Interpretation des Klavierkonzerts f-moll von Chopin hat die Pianistin Shin-Heae Kang den Status eines Jewgeny Kissin erreicht, der ebenfalls als 12-J\u00e4hriger bereits beide Chopin-Konzerte spielen konnte. In Chopins virtuosem Klavierkonzert gl\u00e4nzte Shin-Heae Kang nicht nur souver\u00e4n mit ihrer technischen Fertigkeit und Behendigkeit im Blick auf die schnellen Spr\u00fcnge, Arpeggien, Figuren und Doppeltriller, sondern sie gab ihrem brillant perlenden Spiel auch eine starke poetische Note mit auf den Weg &#8211; dies nat\u00fcrlich besonders im zarten Gef\u00fchlsgewebe des Larghettos. Das Orchester begleitete die Deutsch-Koreanerin behutsam und genau, ohne sie &#8222;zuzudecken&#8220;. Der lange Beifall f\u00fcr ihr kristallklares Spiel animierte die Kieler Max-Planck-Sch\u00fclerin zu einer ebenfalls &#8222;unerh\u00f6rten&#8220; Zugabe: den Mephisto-Walzer von Franz Liszt.&#8220;<\/p>\n<p><em>KIELER NACHRICHTEN<\/em><\/p>\n<hr \/>\n<h2>Schon geh\u00f6rt?<\/h2>\n<p>&#8222;Shin-Heae Kang, zw\u00f6lfj\u00e4hrige Klavierstudentin an der L\u00fcbecker Musikhochschule, hat den Landeswettbewerb in Hamburg gewonnen. Die bereits mehrfach mit Preisen &#8211; unter anderem dem Sonderpreis beim Berliner Steinway-Wetbewerb &#8211; ausgezeichnete Musikerin durfte in Hamburg teilnehmen, da sie beim Landeswettbewerb in Schleswig-Holstein wegen eines Konzerts im gro\u00dfen Saal der Berliner Philharmonie verhindert war. Dort f\u00fchrte sie gemeinsam mit den Berliner Symphonikern das g-moll-Klavierkonzert von Mendelssohn-Bartholdy auf.&#8220;<\/p>\n<p><em>KIELER NACHRICHTEN<\/em>","protected":false},"excerpt":{"rendered":"<p>Pianistische Paukenschl\u00e4ge &#8222;Mit ihrer Interpretation des Klavierkonzerts f-moll von Chopin hat die Pianistin Shin-Heae Kang den Status eines Jewgeny Kissin erreicht, der ebenfalls als 12-J\u00e4hriger bereits beide Chopin-Konzerte spielen konnte. In Chopins virtuosem Klavierkonzert gl\u00e4nzte Shin-Heae Kang nicht nur souver\u00e4n mit ihrer technischen Fertigkeit und Behendigkeit im Blick auf die schnellen Spr\u00fcnge, Arpeggien, Figuren und Doppeltriller, sondern sie gab ihrem &#8230; <\/p>\n<div><a href=\"http:\/\/www.shin-heae-kang.com\/de\/presse\/1999-2\/\" class=\"more-link\">Read More<\/a><\/div>\n","protected":false},"author":1,"featured_media":0,"parent":262,"menu_order":0,"comment_status":"closed","ping_status":"closed","template":"","meta":[],"yoast_head":"<!-- This site is optimized with the Yoast SEO plugin v19.14 - https:\/\/yoast.com\/wordpress\/plugins\/seo\/ -->\n<title>1999 - Shin-Heae Kang<\/title>\n<meta name=\"robots\" content=\"index, follow, max-snippet:-1, max-image-preview:large, max-video-preview:-1\" \/>\n<link rel=\"canonical\" href=\"http:\/\/www.shin-heae-kang.com\/kr\/presse\/1999-2\/\" \/>\n<meta property=\"og:locale\" content=\"de_DE\" \/>\n<meta property=\"og:type\" content=\"article\" \/>\n<meta property=\"og:title\" content=\"1999 - Shin-Heae Kang\" \/>\n<meta property=\"og:description\" content=\"Pianistische Paukenschl\u00e4ge &#8222;Mit ihrer Interpretation des Klavierkonzerts f-moll von Chopin hat die Pianistin Shin-Heae Kang den Status eines Jewgeny Kissin erreicht, der ebenfalls als 12-J\u00e4hriger bereits beide Chopin-Konzerte spielen konnte. In Chopins virtuosem Klavierkonzert gl\u00e4nzte Shin-Heae Kang nicht nur souver\u00e4n mit ihrer technischen Fertigkeit und Behendigkeit im Blick auf die schnellen Spr\u00fcnge, Arpeggien, Figuren und Doppeltriller, sondern sie gab ihrem ... Read More\" \/>\n<meta property=\"og:url\" content=\"http:\/\/www.shin-heae-kang.com\/kr\/presse\/1999-2\/\" \/>\n<meta property=\"og:site_name\" content=\"Shin-Heae Kang\" \/>\n<meta property=\"article:modified_time\" content=\"2017-09-19T04:38:12+00:00\" \/>\n<meta name=\"twitter:card\" content=\"summary_large_image\" \/>\n<meta name=\"twitter:label1\" content=\"Gesch\u00e4tzte Lesezeit\" \/>\n\t<meta name=\"twitter:data1\" content=\"1\u00a0Minute\" \/>\n<script type=\"application\/ld+json\" class=\"yoast-schema-graph\">{\"@context\":\"https:\/\/schema.org\",\"@graph\":[{\"@type\":\"WebPage\",\"@id\":\"http:\/\/www.shin-heae-kang.com\/kr\/presse\/1999-2\/\",\"url\":\"http:\/\/www.shin-heae-kang.com\/kr\/presse\/1999-2\/\",\"name\":\"1999 - Shin-Heae Kang\",\"isPartOf\":{\"@id\":\"http:\/\/www.shin-heae-kang.com\/en\/#website\"},\"datePublished\":\"2016-09-02T08:46:19+00:00\",\"dateModified\":\"2017-09-19T04:38:12+00:00\",\"breadcrumb\":{\"@id\":\"http:\/\/www.shin-heae-kang.com\/kr\/presse\/1999-2\/#breadcrumb\"},\"inLanguage\":\"de\",\"potentialAction\":[{\"@type\":\"ReadAction\",\"target\":[\"http:\/\/www.shin-heae-kang.com\/kr\/presse\/1999-2\/\"]}]},{\"@type\":\"BreadcrumbList\",\"@id\":\"http:\/\/www.shin-heae-kang.com\/kr\/presse\/1999-2\/#breadcrumb\",\"itemListElement\":[{\"@type\":\"ListItem\",\"position\":1,\"name\":\"Startseite\",\"item\":\"http:\/\/www.shin-heae-kang.com\/en\/\"},{\"@type\":\"ListItem\",\"position\":2,\"name\":\"Press Reviews\",\"item\":\"http:\/\/www.shin-heae-kang.com\/en\/presse\/\"},{\"@type\":\"ListItem\",\"position\":3,\"name\":\"1999\"}]},{\"@type\":\"WebSite\",\"@id\":\"http:\/\/www.shin-heae-kang.com\/en\/#website\",\"url\":\"http:\/\/www.shin-heae-kang.com\/en\/\",\"name\":\"Shin-Heae Kang\",\"description\":\"Pianistin\",\"potentialAction\":[{\"@type\":\"SearchAction\",\"target\":{\"@type\":\"EntryPoint\",\"urlTemplate\":\"http:\/\/www.shin-heae-kang.com\/en\/?s={search_term_string}\"},\"query-input\":\"required name=search_term_string\"}],\"inLanguage\":\"de\"}]}<\/script>\n<!-- \/ Yoast SEO plugin. -->","yoast_head_json":{"title":"1999 - Shin-Heae Kang","robots":{"index":"index","follow":"follow","max-snippet":"max-snippet:-1","max-image-preview":"max-image-preview:large","max-video-preview":"max-video-preview:-1"},"canonical":"http:\/\/www.shin-heae-kang.com\/kr\/presse\/1999-2\/","og_locale":"de_DE","og_type":"article","og_title":"1999 - Shin-Heae Kang","og_description":"Pianistische Paukenschl\u00e4ge &#8222;Mit ihrer Interpretation des Klavierkonzerts f-moll von Chopin hat die Pianistin Shin-Heae Kang den Status eines Jewgeny Kissin erreicht, der ebenfalls als 12-J\u00e4hriger bereits beide Chopin-Konzerte spielen konnte. In Chopins virtuosem Klavierkonzert gl\u00e4nzte Shin-Heae Kang nicht nur souver\u00e4n mit ihrer technischen Fertigkeit und Behendigkeit im Blick auf die schnellen Spr\u00fcnge, Arpeggien, Figuren und Doppeltriller, sondern sie gab ihrem ... Read More","og_url":"http:\/\/www.shin-heae-kang.com\/kr\/presse\/1999-2\/","og_site_name":"Shin-Heae Kang","article_modified_time":"2017-09-19T04:38:12+00:00","twitter_card":"summary_large_image","twitter_misc":{"Gesch\u00e4tzte Lesezeit":"1\u00a0Minute"},"schema":{"@context":"https:\/\/schema.org","@graph":[{"@type":"WebPage","@id":"http:\/\/www.shin-heae-kang.com\/kr\/presse\/1999-2\/","url":"http:\/\/www.shin-heae-kang.com\/kr\/presse\/1999-2\/","name":"1999 - Shin-Heae Kang","isPartOf":{"@id":"http:\/\/www.shin-heae-kang.com\/en\/#website"},"datePublished":"2016-09-02T08:46:19+00:00","dateModified":"2017-09-19T04:38:12+00:00","breadcrumb":{"@id":"http:\/\/www.shin-heae-kang.com\/kr\/presse\/1999-2\/#breadcrumb"},"inLanguage":"de","potentialAction":[{"@type":"ReadAction","target":["http:\/\/www.shin-heae-kang.com\/kr\/presse\/1999-2\/"]}]},{"@type":"BreadcrumbList","@id":"http:\/\/www.shin-heae-kang.com\/kr\/presse\/1999-2\/#breadcrumb","itemListElement":[{"@type":"ListItem","position":1,"name":"Startseite","item":"http:\/\/www.shin-heae-kang.com\/en\/"},{"@type":"ListItem","position":2,"name":"Press Reviews","item":"http:\/\/www.shin-heae-kang.com\/en\/presse\/"},{"@type":"ListItem","position":3,"name":"1999"}]},{"@type":"WebSite","@id":"http:\/\/www.shin-heae-kang.com\/en\/#website","url":"http:\/\/www.shin-heae-kang.com\/en\/","name":"Shin-Heae Kang","description":"Pianistin","potentialAction":[{"@type":"SearchAction","target":{"@type":"EntryPoint","urlTemplate":"http:\/\/www.shin-heae-kang.com\/en\/?s={search_term_string}"},"query-input":"required name=search_term_string"}],"inLanguage":"de"}]}},"_links":{"self":[{"href":"http:\/\/www.shin-heae-kang.com\/de\/wp-json\/wp\/v2\/pages\/313"}],"collection":[{"href":"http:\/\/www.shin-heae-kang.com\/de\/wp-json\/wp\/v2\/pages"}],"about":[{"href":"http:\/\/www.shin-heae-kang.com\/de\/wp-json\/wp\/v2\/types\/page"}],"author":[{"embeddable":true,"href":"http:\/\/www.shin-heae-kang.com\/de\/wp-json\/wp\/v2\/users\/1"}],"replies":[{"embeddable":true,"href":"http:\/\/www.shin-heae-kang.com\/de\/wp-json\/wp\/v2\/comments?post=313"}],"version-history":[{"count":3,"href":"http:\/\/www.shin-heae-kang.com\/de\/wp-json\/wp\/v2\/pages\/313\/revisions"}],"predecessor-version":[{"id":416,"href":"http:\/\/www.shin-heae-kang.com\/de\/wp-json\/wp\/v2\/pages\/313\/revisions\/416"}],"up":[{"embeddable":true,"href":"http:\/\/www.shin-heae-kang.com\/de\/wp-json\/wp\/v2\/pages\/262"}],"wp:attachment":[{"href":"http:\/\/www.shin-heae-kang.com\/de\/wp-json\/wp\/v2\/media?parent=313"}],"curies":[{"name":"wp","href":"https:\/\/api.w.org\/{rel}","templated":true}]}}