{"id":319,"date":"2016-09-02T10:46:41","date_gmt":"2016-09-02T08:46:41","guid":{"rendered":"http:\/\/web.c-307.maxcluster.net\/shinheae\/?page_id=319"},"modified":"2017-09-19T06:37:03","modified_gmt":"2017-09-19T04:37:03","slug":"1996-2","status":"publish","type":"page","link":"http:\/\/www.shin-heae-kang.com\/de\/presse\/1996-2\/","title":{"rendered":"1996"},"content":{"rendered":"<h2>Mit neun Jahren Solistin<\/h2>\n<p>&#8222;Am Klavier ist Shin-Heae nicht nur ein Kind &#8211; Wie eine Alte sitzt sie am Klavier. Dabei ist sie erst neun Jahre alt. Shin-Heae Kangs kleine H\u00e4nde greifen energisch in die Tastatur. Die kleinen Finger spreizen sich, umfassen beinahe eine Oktave: schwarze Taste, wei\u00dfe Taste, wei\u00df, wei\u00df, schwarz und in rasantem Tempo wird noch ein chromatischer Lauf drangeh\u00e4ngt. Der Kopf beugt sich lauschend nach vorne: Wie klingt, was ich gerade spiele? Noch ein bi\u00dfchen schneller, noch ein bi\u00dfchen besser&#8230;Und doch ein kleiner Fehler? Auch Wunderkinder sind nicht ohne Fehl und Tadel. Shin-Heae steht auf.<\/p>\n<p>Ein, zwei Schritte weg vom Klavier &#8211; und aus der energiegeladenen Pianistin wird das kleine M\u00e4dchen mit dem s\u00fc\u00dfen L\u00e4cheln auf dem koreanischen Gesicht, das sch\u00fcchtern auf dem Sofa sitzt. Links daneben Shin-Gyu, der dreizehnj\u00e4hrige gro\u00dfe Bruder. Er ist der Herr im Haus, bis Papa kommt. Und der Besch\u00fctzerinstinkt schon voll entwickelt: &#8222;In der Schule ist doch niemand auf Shin-Heae neidisch. Sie ist sogar Klassensprecherin.&#8220; Shin-Heae macht eben Musik. 25 Punkte bei &#8222;Jugend Musiziert&#8220; auf regionaler Ebene. Das ist H\u00f6chstpunktzahl. Und da\u00df sie f\u00fcr die Landesebene noch zu jung ist, zeichnet die kleine Kielerin nur noch mehr aus.<\/p>\n<p>Seit drei Jahren nimmt Shin-Heae Unterricht an der L\u00fcbecker Musikhochschule. Die musikalische Fr\u00fcherziehung hat sie \u00fcbersprungen. &#8222;Bis jetzt habe ich noch kein Lampenfieber.&#8220; Das komme erst kurz vor einem Auftritt &#8211; Aber schon auf der B\u00fchne sei es weg. &#8222;Am Klavierspielen ist eigentlich alles sch\u00f6n&#8220;, sogar ein klein wenig mehr Spa\u00df als die Schule macht es Shin-Heae. Spricht da das musikbegeisterte Genie? Oder doch das ganz normale M\u00e4dchen aus der vierten Klasse, das neben dem Klavierspielen mal an der Gitarre zupft, zur rhythmischen Sportgymnastik geht und neben Bach und Bartok auch Michael Jackson h\u00f6rt. Eine Karriere als Musikerin? Selbst als der Bruder das bedeutungsschwere Fremdwort auf Koreanisch \u00fcbersetzt, wei\u00df Shin-Heae nicht wirklich etwas damit anzufangen. Viel \u00fcben, viel Klavierspielen &#8211; das ja.&#8220;<\/p>\n<p><em>KIELER NACHRICHTEN &#8211; PORTRAIT<\/em><\/p>\n<hr \/>\n<h2>Mit unverbrauchter Freude am Spiel<\/h2>\n<p>&#8222;Im Mittelpunkt des Abends stand jedoch die neunj\u00e4hrige in Kiel geborene Shin-Heae Kang. Nach ihrem gl\u00e4nzenden Erfolg beim Wettbewerb &#8222;Jugend Musiziert&#8220; folgte nun ihr erster Auftritt als Solistin mit einem Orchester. Und mit Mozarts Klavierkonzert C-Dur (KV 246) wurde ein Werk gew\u00e4hlt, das nicht nur der jungen Pianistin, sondern auch dem teilweise recht jungen Publikum sichtlich gefiel. Mit \u00fcberzeugender Durchschlagskraft setzt sich Shin-Heae gegen\u00fcber dem begleitenden Orchester durch. Es gab wohl niemanden im Saal, der nicht von ihrem technischen K\u00f6nnen angetan war. Doch auch die Interpretation geriet durch die unverbrauchte Freude am Spiel nicht oberfl\u00e4chlich. Den ausgewogensten Eindruck hinterlie\u00df der langsame Satz, in dem auch das Orchester zu mehr Ruhe fand. Dem herzlichen Applaus folgte als Zugabe Liszts Gnomenreigen, voll von spr\u00fchender, gestaltender Virtuosit\u00e4t.&#8220;<\/p>\n<p><em>KIELER NACHRICHTEN<\/em><\/p>\n<hr \/>\n<h2>Neuentdeckung Shin-Heae Kang (8)<\/h2>\n<p>&#8222;Das Publikum h\u00e4lt den Atem an und ist fasziniert: Shin-Heae Kang spielt Werke von Bach, Mozart und Bartok. Zum erstenmal stellt sich die Achtj\u00e4hrige bei einem Wettbewerb von &#8222;Jugend musiziert&#8220; vor und wird zur gefeierten Neuentdeckung: A star is born. Shin-Heae bekommt auf Anhieb die h\u00f6chstm\u00f6gliche Punktzahl, einen ersten Preis &#8222;mit hervorragendem Erfolg&#8220;.<\/p>\n<p>Shin-Heae braucht mit ihren 130 Zentimetern zwar eine Hilfskonstruktion, um die Pedale zu erreichen, doch das tut ihrem Spiel, das Fachleute als &#8222;absolut professionell&#8220; bezeichnen keinen Abbruch. Schon mit drei Jahren begann sie zu \u00fcben &#8211; Ob die Freizeit dabei nicht zu kurz kommt? &#8222;Auf keinem Fall&#8220;, lacht die Achtj\u00e4hrige. &#8222;Schlie\u00dflich macht Klavierspielen wahnsinnig viel Spa\u00df.&#8220;<\/p>\n<p><em>KIELER EXPRESS<\/em><\/p>\n<hr \/>\n<h2>Schwarz-Wei\u00dfe Entdeckung<\/h2>\n<p>&#8222;Sie ist nur 130 Zentimeter gro\u00df und um an die Pedale des Klaviers zu kommen, braucht sie noch eine Hilfskonstruktion. Doch Shin-Heae Kang, die achtj\u00e4hrige Kielerin, war die Entdeckung bei &#8222;Jugend musiziert&#8220;. &#8222;Sie spielt absolut professionell&#8220; urteilte die Jury &#8211; &#8222;ein seltenes Ausnahmetalent.&#8220;<\/p>\n<p><em>KIELER NACHRICHTEN<\/em>","protected":false},"excerpt":{"rendered":"<p>Mit neun Jahren Solistin &#8222;Am Klavier ist Shin-Heae nicht nur ein Kind &#8211; Wie eine Alte sitzt sie am Klavier. Dabei ist sie erst neun Jahre alt. Shin-Heae Kangs kleine H\u00e4nde greifen energisch in die Tastatur. Die kleinen Finger spreizen sich, umfassen beinahe eine Oktave: schwarze Taste, wei\u00dfe Taste, wei\u00df, wei\u00df, schwarz und in rasantem Tempo wird noch ein chromatischer &#8230; <\/p>\n<div><a href=\"http:\/\/www.shin-heae-kang.com\/de\/presse\/1996-2\/\" class=\"more-link\">Read More<\/a><\/div>\n","protected":false},"author":1,"featured_media":0,"parent":262,"menu_order":0,"comment_status":"closed","ping_status":"closed","template":"","meta":[],"yoast_head":"<!-- This site is optimized with the Yoast SEO plugin v19.14 - https:\/\/yoast.com\/wordpress\/plugins\/seo\/ -->\n<title>1996 - Shin-Heae Kang<\/title>\n<meta name=\"robots\" content=\"index, follow, max-snippet:-1, max-image-preview:large, max-video-preview:-1\" \/>\n<link rel=\"canonical\" href=\"http:\/\/www.shin-heae-kang.com\/en\/presse\/1996-2\/\" \/>\n<meta property=\"og:locale\" content=\"de_DE\" \/>\n<meta property=\"og:type\" content=\"article\" \/>\n<meta property=\"og:title\" content=\"1996 - Shin-Heae Kang\" \/>\n<meta property=\"og:description\" content=\"Mit neun Jahren Solistin &#8222;Am Klavier ist Shin-Heae nicht nur ein Kind &#8211; Wie eine Alte sitzt sie am Klavier. Dabei ist sie erst neun Jahre alt. Shin-Heae Kangs kleine H\u00e4nde greifen energisch in die Tastatur. Die kleinen Finger spreizen sich, umfassen beinahe eine Oktave: schwarze Taste, wei\u00dfe Taste, wei\u00df, wei\u00df, schwarz und in rasantem Tempo wird noch ein chromatischer ... Read More\" \/>\n<meta property=\"og:url\" content=\"http:\/\/www.shin-heae-kang.com\/en\/presse\/1996-2\/\" \/>\n<meta property=\"og:site_name\" content=\"Shin-Heae Kang\" \/>\n<meta property=\"article:modified_time\" content=\"2017-09-19T04:37:03+00:00\" \/>\n<meta name=\"twitter:card\" content=\"summary_large_image\" \/>\n<meta name=\"twitter:label1\" content=\"Gesch\u00e4tzte Lesezeit\" \/>\n\t<meta name=\"twitter:data1\" content=\"3\u00a0Minuten\" \/>\n<script type=\"application\/ld+json\" class=\"yoast-schema-graph\">{\"@context\":\"https:\/\/schema.org\",\"@graph\":[{\"@type\":\"WebPage\",\"@id\":\"http:\/\/www.shin-heae-kang.com\/en\/presse\/1996-2\/\",\"url\":\"http:\/\/www.shin-heae-kang.com\/en\/presse\/1996-2\/\",\"name\":\"1996 - Shin-Heae Kang\",\"isPartOf\":{\"@id\":\"http:\/\/www.shin-heae-kang.com\/en\/#website\"},\"datePublished\":\"2016-09-02T08:46:41+00:00\",\"dateModified\":\"2017-09-19T04:37:03+00:00\",\"breadcrumb\":{\"@id\":\"http:\/\/www.shin-heae-kang.com\/en\/presse\/1996-2\/#breadcrumb\"},\"inLanguage\":\"de\",\"potentialAction\":[{\"@type\":\"ReadAction\",\"target\":[\"http:\/\/www.shin-heae-kang.com\/en\/presse\/1996-2\/\"]}]},{\"@type\":\"BreadcrumbList\",\"@id\":\"http:\/\/www.shin-heae-kang.com\/en\/presse\/1996-2\/#breadcrumb\",\"itemListElement\":[{\"@type\":\"ListItem\",\"position\":1,\"name\":\"Startseite\",\"item\":\"http:\/\/www.shin-heae-kang.com\/en\/\"},{\"@type\":\"ListItem\",\"position\":2,\"name\":\"Press Reviews\",\"item\":\"http:\/\/www.shin-heae-kang.com\/en\/presse\/\"},{\"@type\":\"ListItem\",\"position\":3,\"name\":\"1996\"}]},{\"@type\":\"WebSite\",\"@id\":\"http:\/\/www.shin-heae-kang.com\/en\/#website\",\"url\":\"http:\/\/www.shin-heae-kang.com\/en\/\",\"name\":\"Shin-Heae Kang\",\"description\":\"Pianistin\",\"potentialAction\":[{\"@type\":\"SearchAction\",\"target\":{\"@type\":\"EntryPoint\",\"urlTemplate\":\"http:\/\/www.shin-heae-kang.com\/en\/?s={search_term_string}\"},\"query-input\":\"required name=search_term_string\"}],\"inLanguage\":\"de\"}]}<\/script>\n<!-- \/ Yoast SEO plugin. -->","yoast_head_json":{"title":"1996 - Shin-Heae Kang","robots":{"index":"index","follow":"follow","max-snippet":"max-snippet:-1","max-image-preview":"max-image-preview:large","max-video-preview":"max-video-preview:-1"},"canonical":"http:\/\/www.shin-heae-kang.com\/en\/presse\/1996-2\/","og_locale":"de_DE","og_type":"article","og_title":"1996 - Shin-Heae Kang","og_description":"Mit neun Jahren Solistin &#8222;Am Klavier ist Shin-Heae nicht nur ein Kind &#8211; Wie eine Alte sitzt sie am Klavier. Dabei ist sie erst neun Jahre alt. Shin-Heae Kangs kleine H\u00e4nde greifen energisch in die Tastatur. Die kleinen Finger spreizen sich, umfassen beinahe eine Oktave: schwarze Taste, wei\u00dfe Taste, wei\u00df, wei\u00df, schwarz und in rasantem Tempo wird noch ein chromatischer ... Read More","og_url":"http:\/\/www.shin-heae-kang.com\/en\/presse\/1996-2\/","og_site_name":"Shin-Heae Kang","article_modified_time":"2017-09-19T04:37:03+00:00","twitter_card":"summary_large_image","twitter_misc":{"Gesch\u00e4tzte Lesezeit":"3\u00a0Minuten"},"schema":{"@context":"https:\/\/schema.org","@graph":[{"@type":"WebPage","@id":"http:\/\/www.shin-heae-kang.com\/en\/presse\/1996-2\/","url":"http:\/\/www.shin-heae-kang.com\/en\/presse\/1996-2\/","name":"1996 - Shin-Heae Kang","isPartOf":{"@id":"http:\/\/www.shin-heae-kang.com\/en\/#website"},"datePublished":"2016-09-02T08:46:41+00:00","dateModified":"2017-09-19T04:37:03+00:00","breadcrumb":{"@id":"http:\/\/www.shin-heae-kang.com\/en\/presse\/1996-2\/#breadcrumb"},"inLanguage":"de","potentialAction":[{"@type":"ReadAction","target":["http:\/\/www.shin-heae-kang.com\/en\/presse\/1996-2\/"]}]},{"@type":"BreadcrumbList","@id":"http:\/\/www.shin-heae-kang.com\/en\/presse\/1996-2\/#breadcrumb","itemListElement":[{"@type":"ListItem","position":1,"name":"Startseite","item":"http:\/\/www.shin-heae-kang.com\/en\/"},{"@type":"ListItem","position":2,"name":"Press Reviews","item":"http:\/\/www.shin-heae-kang.com\/en\/presse\/"},{"@type":"ListItem","position":3,"name":"1996"}]},{"@type":"WebSite","@id":"http:\/\/www.shin-heae-kang.com\/en\/#website","url":"http:\/\/www.shin-heae-kang.com\/en\/","name":"Shin-Heae Kang","description":"Pianistin","potentialAction":[{"@type":"SearchAction","target":{"@type":"EntryPoint","urlTemplate":"http:\/\/www.shin-heae-kang.com\/en\/?s={search_term_string}"},"query-input":"required name=search_term_string"}],"inLanguage":"de"}]}},"_links":{"self":[{"href":"http:\/\/www.shin-heae-kang.com\/de\/wp-json\/wp\/v2\/pages\/319"}],"collection":[{"href":"http:\/\/www.shin-heae-kang.com\/de\/wp-json\/wp\/v2\/pages"}],"about":[{"href":"http:\/\/www.shin-heae-kang.com\/de\/wp-json\/wp\/v2\/types\/page"}],"author":[{"embeddable":true,"href":"http:\/\/www.shin-heae-kang.com\/de\/wp-json\/wp\/v2\/users\/1"}],"replies":[{"embeddable":true,"href":"http:\/\/www.shin-heae-kang.com\/de\/wp-json\/wp\/v2\/comments?post=319"}],"version-history":[{"count":4,"href":"http:\/\/www.shin-heae-kang.com\/de\/wp-json\/wp\/v2\/pages\/319\/revisions"}],"predecessor-version":[{"id":414,"href":"http:\/\/www.shin-heae-kang.com\/de\/wp-json\/wp\/v2\/pages\/319\/revisions\/414"}],"up":[{"embeddable":true,"href":"http:\/\/www.shin-heae-kang.com\/de\/wp-json\/wp\/v2\/pages\/262"}],"wp:attachment":[{"href":"http:\/\/www.shin-heae-kang.com\/de\/wp-json\/wp\/v2\/media?parent=319"}],"curies":[{"name":"wp","href":"https:\/\/api.w.org\/{rel}","templated":true}]}}