{"id":439,"date":"2017-09-19T07:08:16","date_gmt":"2017-09-19T05:08:16","guid":{"rendered":"http:\/\/www.shin-heae-kang.com\/?page_id=439"},"modified":"2017-12-05T18:41:42","modified_gmt":"2017-12-05T17:41:42","slug":"2017-2","status":"publish","type":"page","link":"http:\/\/www.shin-heae-kang.com\/de\/presse\/2017-2\/","title":{"rendered":"2017"},"content":{"rendered":"<h2><strong>Ein \u00fcberw\u00e4ltigender WOW-Effekt beim Rezital mit der international zur Weltelite z\u00e4hlenden Pianistin Shin-Heae Kang\u00a0<\/strong><\/h2>\n<p>&#8222;Eruptive Kraft und h\u00f6chste Pr\u00e4zision, dabei zugleich innigste Sensibilit\u00e4t, musikalische Tiefe und gedankliche Durchdringung bei einem geradezu obsessiven Fingerspiel und be\u00e4ngstigender Fingerfertigkeit&#8230;&#8220;<\/p>\n<p>Die Pianistin Shin-Heae Kang er\u00f6ffnete bei ihrem Rezital am 8. um 20.30 Uhr im Elim Art Hall des Elim Art Centers in der Stadt Incheon dem Publikum mit ihrer Kunst ein gleichsam au\u00dferweltliches Erlebnis und zog es vollkommen in ihren Bann. Die Zuh\u00f6rer waren fasziniert und bedankten sich mit lang anhaltendem Applaus bei der K\u00fcnstlerin.<\/p>\n<p>Die Repr\u00e4sentantin des Elim Art Centers wurde 1987 in Deutschland geboren und ist dort aufgewachsen, als Tochter koreanischer Eltern. Nach dem Rezital war man sich einig und sicher &#8211; bei dieser gewaltigen Leistung und dem Potenzial, das die Pianistin Shin-Heae Kang darbot &#8211; eine K\u00fcnstlerin erlebt zu haben, der eine gro\u00dfe und globale Karriere bevorsteht.<\/p>\n<p>Shin-Heae Kang studierte an der Hochschule f\u00fcr Musik, Theater und Medien in Hannover, wo sie 2009 ihr Studium mit Bestnoten abschloss. Seitdem erh\u00e4lt sie wichtige k\u00fcnstlerische Impulse von Martha Argerich, die zu einer wichtigen Wegbegleiterin, Ratgeberin und F\u00f6rderin geworden ist.<\/p>\n<p>Die Musikwelt sieht Shin-Heae Kang im Besitz einer au\u00dfergew\u00f6hnlichen seltenen Gabe, das Innerste der Musik diesseitig zu machen, den Kern der Musik sowohl im nuanciertesten \u00a0Detail \u00a0als auch in seiner Ganzheit darzustellen und auszuleuchten, die Essenz des musikalischen Ausdrucks, die Stimmungen, die kaleidoskopische Palette von Klangfarben und Empfindungen unmittelbar zu kommunizieren.<\/p>\n<p>Im Publikum herrschte eine Stimmung, Zeuge bei der Entdeckung eines musikalisch kostbaren Juwelen gewesen zu sein. Die Zukunft der Pianistin werden wir mit voller Aufmerksamkeit mitverfolgen.<\/p>\n<p><strong><em>THE KUKMIN ILBO DAILY NEWSPAPER SOUTH KOREA \/ KOREAN NAVER<\/em><\/strong>","protected":false},"excerpt":{"rendered":"<p>Ein \u00fcberw\u00e4ltigender WOW-Effekt beim Rezital mit der international zur Weltelite z\u00e4hlenden Pianistin Shin-Heae Kang\u00a0 &#8222;Eruptive Kraft und h\u00f6chste Pr\u00e4zision, dabei zugleich innigste Sensibilit\u00e4t, musikalische Tiefe und gedankliche Durchdringung bei einem geradezu obsessiven Fingerspiel und be\u00e4ngstigender Fingerfertigkeit&#8230;&#8220; Die Pianistin Shin-Heae Kang er\u00f6ffnete bei ihrem Rezital am 8. um 20.30 Uhr im Elim Art Hall des Elim Art Centers in der Stadt &#8230; <\/p>\n<div><a href=\"http:\/\/www.shin-heae-kang.com\/de\/presse\/2017-2\/\" class=\"more-link\">Read More<\/a><\/div>\n","protected":false},"author":1,"featured_media":0,"parent":262,"menu_order":0,"comment_status":"closed","ping_status":"closed","template":"","meta":[],"yoast_head":"<!-- This site is optimized with the Yoast SEO plugin v19.14 - https:\/\/yoast.com\/wordpress\/plugins\/seo\/ -->\n<title>2017 - Shin-Heae Kang<\/title>\n<meta name=\"robots\" content=\"index, follow, max-snippet:-1, max-image-preview:large, max-video-preview:-1\" \/>\n<link rel=\"canonical\" href=\"http:\/\/www.shin-heae-kang.com\/de\/presse\/2017-2\/\" \/>\n<meta property=\"og:locale\" content=\"de_DE\" \/>\n<meta property=\"og:type\" content=\"article\" \/>\n<meta property=\"og:title\" content=\"2017 - Shin-Heae Kang\" \/>\n<meta property=\"og:description\" content=\"Ein \u00fcberw\u00e4ltigender WOW-Effekt beim Rezital mit der international zur Weltelite z\u00e4hlenden Pianistin Shin-Heae Kang\u00a0 &#8222;Eruptive Kraft und h\u00f6chste Pr\u00e4zision, dabei zugleich innigste Sensibilit\u00e4t, musikalische Tiefe und gedankliche Durchdringung bei einem geradezu obsessiven Fingerspiel und be\u00e4ngstigender Fingerfertigkeit&#8230;&#8220; Die Pianistin Shin-Heae Kang er\u00f6ffnete bei ihrem Rezital am 8. um 20.30 Uhr im Elim Art Hall des Elim Art Centers in der Stadt ... Read More\" \/>\n<meta property=\"og:url\" content=\"http:\/\/www.shin-heae-kang.com\/de\/presse\/2017-2\/\" \/>\n<meta property=\"og:site_name\" content=\"Shin-Heae Kang\" \/>\n<meta property=\"article:modified_time\" content=\"2017-12-05T17:41:42+00:00\" \/>\n<meta name=\"twitter:card\" content=\"summary_large_image\" \/>\n<meta name=\"twitter:label1\" content=\"Gesch\u00e4tzte Lesezeit\" \/>\n\t<meta name=\"twitter:data1\" content=\"1\u00a0Minute\" \/>\n<script type=\"application\/ld+json\" class=\"yoast-schema-graph\">{\"@context\":\"https:\/\/schema.org\",\"@graph\":[{\"@type\":\"WebPage\",\"@id\":\"http:\/\/www.shin-heae-kang.com\/de\/presse\/2017-2\/\",\"url\":\"http:\/\/www.shin-heae-kang.com\/de\/presse\/2017-2\/\",\"name\":\"2017 - Shin-Heae Kang\",\"isPartOf\":{\"@id\":\"http:\/\/www.shin-heae-kang.com\/en\/#website\"},\"datePublished\":\"2017-09-19T05:08:16+00:00\",\"dateModified\":\"2017-12-05T17:41:42+00:00\",\"breadcrumb\":{\"@id\":\"http:\/\/www.shin-heae-kang.com\/de\/presse\/2017-2\/#breadcrumb\"},\"inLanguage\":\"de\",\"potentialAction\":[{\"@type\":\"ReadAction\",\"target\":[\"http:\/\/www.shin-heae-kang.com\/de\/presse\/2017-2\/\"]}]},{\"@type\":\"BreadcrumbList\",\"@id\":\"http:\/\/www.shin-heae-kang.com\/de\/presse\/2017-2\/#breadcrumb\",\"itemListElement\":[{\"@type\":\"ListItem\",\"position\":1,\"name\":\"Startseite\",\"item\":\"http:\/\/www.shin-heae-kang.com\/en\/\"},{\"@type\":\"ListItem\",\"position\":2,\"name\":\"Press Reviews\",\"item\":\"http:\/\/www.shin-heae-kang.com\/en\/presse\/\"},{\"@type\":\"ListItem\",\"position\":3,\"name\":\"2017\"}]},{\"@type\":\"WebSite\",\"@id\":\"http:\/\/www.shin-heae-kang.com\/en\/#website\",\"url\":\"http:\/\/www.shin-heae-kang.com\/en\/\",\"name\":\"Shin-Heae Kang\",\"description\":\"Pianistin\",\"potentialAction\":[{\"@type\":\"SearchAction\",\"target\":{\"@type\":\"EntryPoint\",\"urlTemplate\":\"http:\/\/www.shin-heae-kang.com\/en\/?s={search_term_string}\"},\"query-input\":\"required name=search_term_string\"}],\"inLanguage\":\"de\"}]}<\/script>\n<!-- \/ Yoast SEO plugin. -->","yoast_head_json":{"title":"2017 - Shin-Heae Kang","robots":{"index":"index","follow":"follow","max-snippet":"max-snippet:-1","max-image-preview":"max-image-preview:large","max-video-preview":"max-video-preview:-1"},"canonical":"http:\/\/www.shin-heae-kang.com\/de\/presse\/2017-2\/","og_locale":"de_DE","og_type":"article","og_title":"2017 - Shin-Heae Kang","og_description":"Ein \u00fcberw\u00e4ltigender WOW-Effekt beim Rezital mit der international zur Weltelite z\u00e4hlenden Pianistin Shin-Heae Kang\u00a0 &#8222;Eruptive Kraft und h\u00f6chste Pr\u00e4zision, dabei zugleich innigste Sensibilit\u00e4t, musikalische Tiefe und gedankliche Durchdringung bei einem geradezu obsessiven Fingerspiel und be\u00e4ngstigender Fingerfertigkeit&#8230;&#8220; Die Pianistin Shin-Heae Kang er\u00f6ffnete bei ihrem Rezital am 8. um 20.30 Uhr im Elim Art Hall des Elim Art Centers in der Stadt ... Read More","og_url":"http:\/\/www.shin-heae-kang.com\/de\/presse\/2017-2\/","og_site_name":"Shin-Heae Kang","article_modified_time":"2017-12-05T17:41:42+00:00","twitter_card":"summary_large_image","twitter_misc":{"Gesch\u00e4tzte Lesezeit":"1\u00a0Minute"},"schema":{"@context":"https:\/\/schema.org","@graph":[{"@type":"WebPage","@id":"http:\/\/www.shin-heae-kang.com\/de\/presse\/2017-2\/","url":"http:\/\/www.shin-heae-kang.com\/de\/presse\/2017-2\/","name":"2017 - Shin-Heae Kang","isPartOf":{"@id":"http:\/\/www.shin-heae-kang.com\/en\/#website"},"datePublished":"2017-09-19T05:08:16+00:00","dateModified":"2017-12-05T17:41:42+00:00","breadcrumb":{"@id":"http:\/\/www.shin-heae-kang.com\/de\/presse\/2017-2\/#breadcrumb"},"inLanguage":"de","potentialAction":[{"@type":"ReadAction","target":["http:\/\/www.shin-heae-kang.com\/de\/presse\/2017-2\/"]}]},{"@type":"BreadcrumbList","@id":"http:\/\/www.shin-heae-kang.com\/de\/presse\/2017-2\/#breadcrumb","itemListElement":[{"@type":"ListItem","position":1,"name":"Startseite","item":"http:\/\/www.shin-heae-kang.com\/en\/"},{"@type":"ListItem","position":2,"name":"Press Reviews","item":"http:\/\/www.shin-heae-kang.com\/en\/presse\/"},{"@type":"ListItem","position":3,"name":"2017"}]},{"@type":"WebSite","@id":"http:\/\/www.shin-heae-kang.com\/en\/#website","url":"http:\/\/www.shin-heae-kang.com\/en\/","name":"Shin-Heae Kang","description":"Pianistin","potentialAction":[{"@type":"SearchAction","target":{"@type":"EntryPoint","urlTemplate":"http:\/\/www.shin-heae-kang.com\/en\/?s={search_term_string}"},"query-input":"required name=search_term_string"}],"inLanguage":"de"}]}},"_links":{"self":[{"href":"http:\/\/www.shin-heae-kang.com\/de\/wp-json\/wp\/v2\/pages\/439"}],"collection":[{"href":"http:\/\/www.shin-heae-kang.com\/de\/wp-json\/wp\/v2\/pages"}],"about":[{"href":"http:\/\/www.shin-heae-kang.com\/de\/wp-json\/wp\/v2\/types\/page"}],"author":[{"embeddable":true,"href":"http:\/\/www.shin-heae-kang.com\/de\/wp-json\/wp\/v2\/users\/1"}],"replies":[{"embeddable":true,"href":"http:\/\/www.shin-heae-kang.com\/de\/wp-json\/wp\/v2\/comments?post=439"}],"version-history":[{"count":4,"href":"http:\/\/www.shin-heae-kang.com\/de\/wp-json\/wp\/v2\/pages\/439\/revisions"}],"predecessor-version":[{"id":492,"href":"http:\/\/www.shin-heae-kang.com\/de\/wp-json\/wp\/v2\/pages\/439\/revisions\/492"}],"up":[{"embeddable":true,"href":"http:\/\/www.shin-heae-kang.com\/de\/wp-json\/wp\/v2\/pages\/262"}],"wp:attachment":[{"href":"http:\/\/www.shin-heae-kang.com\/de\/wp-json\/wp\/v2\/media?parent=439"}],"curies":[{"name":"wp","href":"https:\/\/api.w.org\/{rel}","templated":true}]}}