{"id":535,"date":"2020-09-21T08:50:22","date_gmt":"2020-09-21T06:50:22","guid":{"rendered":"http:\/\/www.shin-heae-kang.com\/?page_id=535"},"modified":"2020-09-21T10:08:51","modified_gmt":"2020-09-21T08:08:51","slug":"2019-2","status":"publish","type":"page","link":"http:\/\/www.shin-heae-kang.com\/de\/presse\/2019-2\/","title":{"rendered":"2019"},"content":{"rendered":"<div id=\"cs-content\" class=\"cs-content\"><\/div>\n","protected":false},"excerpt":{"rendered":"<p>Kieler NachrichtenZwischen Himmel und H\u00f6lle &#8211; Die Kieler Pianistin Shin-Heae Kang feiert ihr gelungenes\u00a0CD-Deb\u00fct mit Liszt beim Label Oehms Classics Kieler Ausnahmetalent deb\u00fctiert mit Liszt Es gibt nicht so viele Pianisten, die eine handschriftliche Empfehlungshymne von einer Tastenzauber-Ikone wie Martha Argerich in ihrer Deb\u00fct-CD abdrucken k\u00f6nnen. Die argentinische K\u00fcnstlerin erkennt in der 1987 in Kiel geborenen Shin-Heae Kang eine \u201egro\u00dfartige &#8230; <\/p>\n<div><a href=\"http:\/\/www.shin-heae-kang.com\/de\/presse\/2019-2\/\" class=\"more-link\">Read More<\/a><\/div>\n","protected":false},"author":1,"featured_media":0,"parent":262,"menu_order":0,"comment_status":"closed","ping_status":"closed","template":"","meta":[],"yoast_head":"<!-- This site is optimized with the Yoast SEO plugin v19.14 - https:\/\/yoast.com\/wordpress\/plugins\/seo\/ -->\n<title>2019 - Shin-Heae Kang<\/title>\n<meta name=\"robots\" content=\"index, follow, max-snippet:-1, max-image-preview:large, max-video-preview:-1\" \/>\n<link rel=\"canonical\" href=\"http:\/\/www.shin-heae-kang.com\/en\/presse\/2019-2\/\" \/>\n<meta property=\"og:locale\" content=\"de_DE\" \/>\n<meta property=\"og:type\" content=\"article\" \/>\n<meta property=\"og:title\" content=\"2019 - Shin-Heae Kang\" \/>\n<meta property=\"og:description\" content=\"Kieler NachrichtenZwischen Himmel und H\u00f6lle - Die Kieler Pianistin Shin-Heae Kang feiert ihr gelungenes\u00a0CD-Deb\u00fct mit Liszt beim Label Oehms Classics Kieler Ausnahmetalent deb\u00fctiert mit Liszt Es gibt nicht so viele Pianisten, die eine handschriftliche Empfehlungshymne von einer Tastenzauber-Ikone wie Martha Argerich in ihrer Deb\u00fct-CD abdrucken k\u00f6nnen. Die argentinische K\u00fcnstlerin erkennt in der 1987 in Kiel geborenen Shin-Heae Kang eine \u201egro\u00dfartige ... Read More\" \/>\n<meta property=\"og:url\" content=\"http:\/\/www.shin-heae-kang.com\/en\/presse\/2019-2\/\" \/>\n<meta property=\"og:site_name\" content=\"Shin-Heae Kang\" \/>\n<meta property=\"article:modified_time\" content=\"2020-09-21T08:08:51+00:00\" \/>\n<meta name=\"twitter:card\" content=\"summary_large_image\" \/>\n<meta name=\"twitter:label1\" content=\"Gesch\u00e4tzte Lesezeit\" \/>\n\t<meta name=\"twitter:data1\" content=\"1\u00a0Minute\" \/>\n<script type=\"application\/ld+json\" class=\"yoast-schema-graph\">{\"@context\":\"https:\/\/schema.org\",\"@graph\":[{\"@type\":\"WebPage\",\"@id\":\"http:\/\/www.shin-heae-kang.com\/en\/presse\/2019-2\/\",\"url\":\"http:\/\/www.shin-heae-kang.com\/en\/presse\/2019-2\/\",\"name\":\"2019 - Shin-Heae Kang\",\"isPartOf\":{\"@id\":\"http:\/\/www.shin-heae-kang.com\/en\/#website\"},\"datePublished\":\"2020-09-21T06:50:22+00:00\",\"dateModified\":\"2020-09-21T08:08:51+00:00\",\"breadcrumb\":{\"@id\":\"http:\/\/www.shin-heae-kang.com\/en\/presse\/2019-2\/#breadcrumb\"},\"inLanguage\":\"de\",\"potentialAction\":[{\"@type\":\"ReadAction\",\"target\":[\"http:\/\/www.shin-heae-kang.com\/en\/presse\/2019-2\/\"]}]},{\"@type\":\"BreadcrumbList\",\"@id\":\"http:\/\/www.shin-heae-kang.com\/en\/presse\/2019-2\/#breadcrumb\",\"itemListElement\":[{\"@type\":\"ListItem\",\"position\":1,\"name\":\"Startseite\",\"item\":\"http:\/\/www.shin-heae-kang.com\/en\/\"},{\"@type\":\"ListItem\",\"position\":2,\"name\":\"Press Reviews\",\"item\":\"http:\/\/www.shin-heae-kang.com\/en\/presse\/\"},{\"@type\":\"ListItem\",\"position\":3,\"name\":\"2019\"}]},{\"@type\":\"WebSite\",\"@id\":\"http:\/\/www.shin-heae-kang.com\/en\/#website\",\"url\":\"http:\/\/www.shin-heae-kang.com\/en\/\",\"name\":\"Shin-Heae Kang\",\"description\":\"Pianistin\",\"potentialAction\":[{\"@type\":\"SearchAction\",\"target\":{\"@type\":\"EntryPoint\",\"urlTemplate\":\"http:\/\/www.shin-heae-kang.com\/en\/?s={search_term_string}\"},\"query-input\":\"required name=search_term_string\"}],\"inLanguage\":\"de\"}]}<\/script>\n<!-- \/ Yoast SEO plugin. -->","yoast_head_json":{"title":"2019 - Shin-Heae Kang","robots":{"index":"index","follow":"follow","max-snippet":"max-snippet:-1","max-image-preview":"max-image-preview:large","max-video-preview":"max-video-preview:-1"},"canonical":"http:\/\/www.shin-heae-kang.com\/en\/presse\/2019-2\/","og_locale":"de_DE","og_type":"article","og_title":"2019 - Shin-Heae Kang","og_description":"Kieler NachrichtenZwischen Himmel und H\u00f6lle - Die Kieler Pianistin Shin-Heae Kang feiert ihr gelungenes\u00a0CD-Deb\u00fct mit Liszt beim Label Oehms Classics Kieler Ausnahmetalent deb\u00fctiert mit Liszt Es gibt nicht so viele Pianisten, die eine handschriftliche Empfehlungshymne von einer Tastenzauber-Ikone wie Martha Argerich in ihrer Deb\u00fct-CD abdrucken k\u00f6nnen. Die argentinische K\u00fcnstlerin erkennt in der 1987 in Kiel geborenen Shin-Heae Kang eine \u201egro\u00dfartige ... Read More","og_url":"http:\/\/www.shin-heae-kang.com\/en\/presse\/2019-2\/","og_site_name":"Shin-Heae Kang","article_modified_time":"2020-09-21T08:08:51+00:00","twitter_card":"summary_large_image","twitter_misc":{"Gesch\u00e4tzte Lesezeit":"1\u00a0Minute"},"schema":{"@context":"https:\/\/schema.org","@graph":[{"@type":"WebPage","@id":"http:\/\/www.shin-heae-kang.com\/en\/presse\/2019-2\/","url":"http:\/\/www.shin-heae-kang.com\/en\/presse\/2019-2\/","name":"2019 - Shin-Heae Kang","isPartOf":{"@id":"http:\/\/www.shin-heae-kang.com\/en\/#website"},"datePublished":"2020-09-21T06:50:22+00:00","dateModified":"2020-09-21T08:08:51+00:00","breadcrumb":{"@id":"http:\/\/www.shin-heae-kang.com\/en\/presse\/2019-2\/#breadcrumb"},"inLanguage":"de","potentialAction":[{"@type":"ReadAction","target":["http:\/\/www.shin-heae-kang.com\/en\/presse\/2019-2\/"]}]},{"@type":"BreadcrumbList","@id":"http:\/\/www.shin-heae-kang.com\/en\/presse\/2019-2\/#breadcrumb","itemListElement":[{"@type":"ListItem","position":1,"name":"Startseite","item":"http:\/\/www.shin-heae-kang.com\/en\/"},{"@type":"ListItem","position":2,"name":"Press Reviews","item":"http:\/\/www.shin-heae-kang.com\/en\/presse\/"},{"@type":"ListItem","position":3,"name":"2019"}]},{"@type":"WebSite","@id":"http:\/\/www.shin-heae-kang.com\/en\/#website","url":"http:\/\/www.shin-heae-kang.com\/en\/","name":"Shin-Heae Kang","description":"Pianistin","potentialAction":[{"@type":"SearchAction","target":{"@type":"EntryPoint","urlTemplate":"http:\/\/www.shin-heae-kang.com\/en\/?s={search_term_string}"},"query-input":"required name=search_term_string"}],"inLanguage":"de"}]}},"_links":{"self":[{"href":"http:\/\/www.shin-heae-kang.com\/de\/wp-json\/wp\/v2\/pages\/535"}],"collection":[{"href":"http:\/\/www.shin-heae-kang.com\/de\/wp-json\/wp\/v2\/pages"}],"about":[{"href":"http:\/\/www.shin-heae-kang.com\/de\/wp-json\/wp\/v2\/types\/page"}],"author":[{"embeddable":true,"href":"http:\/\/www.shin-heae-kang.com\/de\/wp-json\/wp\/v2\/users\/1"}],"replies":[{"embeddable":true,"href":"http:\/\/www.shin-heae-kang.com\/de\/wp-json\/wp\/v2\/comments?post=535"}],"version-history":[{"count":8,"href":"http:\/\/www.shin-heae-kang.com\/de\/wp-json\/wp\/v2\/pages\/535\/revisions"}],"predecessor-version":[{"id":544,"href":"http:\/\/www.shin-heae-kang.com\/de\/wp-json\/wp\/v2\/pages\/535\/revisions\/544"}],"up":[{"embeddable":true,"href":"http:\/\/www.shin-heae-kang.com\/de\/wp-json\/wp\/v2\/pages\/262"}],"wp:attachment":[{"href":"http:\/\/www.shin-heae-kang.com\/de\/wp-json\/wp\/v2\/media?parent=535"}],"curies":[{"name":"wp","href":"https:\/\/api.w.org\/{rel}","templated":true}]}}