{"id":596,"date":"2020-09-29T12:12:54","date_gmt":"2020-09-29T10:12:54","guid":{"rendered":"http:\/\/www.shin-heae-kang.com\/?page_id=596"},"modified":"2020-09-29T12:27:15","modified_gmt":"2020-09-29T10:27:15","slug":"2020-2","status":"publish","type":"page","link":"http:\/\/www.shin-heae-kang.com\/de\/presse\/2020-2\/","title":{"rendered":"2020"},"content":{"rendered":"\n<h2 style=\"font-size:35px;color:#ffffff;text-decoration:underline;\">BBC Radio 3<\/h2>\n\n\n\n<p>(\u2026) There are two pianos on this large stage now ready for Poulenc&#8217;s Concerto for Two Pianos with soloists &#8211; a combination of mentor and pupil &#8211; the legendary Argentinian pianist Martha Argerich and the German-born pianist Shin-Heae Kang. The scores are heady cocktails of Poulenc\u2019s sparkling written brilliance, a guest appearance by his beloved Mozart, the sound of a gamelan, some lush romantic harmonies and always overflowing with ideas, teasing the audience and thrusting them straight into the action. (\u2026)<\/p>\n\n\n\n<p>A truly brilliant conversation between two pianists and the orchestra &#8211; Poulenc\u00b4s Concerto for Two Pianos performed by Martha Argerich and Shin-Heae Kang with the NDR Radio Philharmonic Orchestra conducted by Andrew Manze (\u2026) and these two pianists who have such a rapport hadn&#8217;t finished their entertainment for the evening. (\u2026)<\/p>\n\n\n\n<p>An encore from Martha Argerich and Shin-Heae Kang getting the audience in the Kuppelsaal swaying to the rhythms of Milhaud&#8217;s Brazileira from his Suite Scaramouche. And as the applause carried on they returned to the stage this time inspired by the sounds of the Russian Easter. (\u2026)<\/p>\n\n\n\n<p>The most delicate and charming of Sugar Plum Fairies &#8211; Martha Argerich and Shin-Heae Kang treated the audience in the Kuppelsaal in Hanover to final encore back in January. And before that they played a thrilling picture of the Russian Easter with traditional Russian charms and bells Rachmaninov\u00b4s Easter, the final movement from his Suite No. 1 in G minor.<\/p>\n\n\n\n<h2 style=\"font-size:35px;color:#ffffff;text-decoration:underline;\">Gramophone<\/h2>\n\n\n\n<p>Shin-Heae Kang impresses as a pianist of considerable technical accomplishment, intent on placing a personal stamp on everything she plays. The Grandes etudes de Paganini are the centrepiece of her recording, and throughout Kang maintains admirable textural clarity. She never forces. &#8218;La campanella&#8216; is masterfully paced. The E major, No 4, evokes the precision of a fine jeweller in charming music-box effects. The ubiquitous 24th Caprice is refreshingly light and crisp.<\/p>\n\n\n\n<h2 style=\"font-size:35px;color:#ffffff;text-decoration:underline;\">MusicWeb International<\/h2>\n\n\n\n<p><em><strong>MusicWeb International &#8211; Recommended<\/strong><\/em><\/p>\n\n\n\n<p>It is not often that you open up a CD case and find out that the pianist has been personally endorsed by none other than Martha Argerich \u2013 as has this one! I had heard of Shin-Heae Kang earlier but had not heard any of her recordings, so I was interested to hear how she plays.<\/p>\n\n\n\n<p>The first item on the disc is the extremely famous and very often heard last of the three Liebestr\u00e4ume. There is a nonchalance and restraint to the playing here. Despite the familiarity of the piece, there are details here which are not often heard. It is a performance of average length in terms of playing time but in terms of feeling, it is far from average.<\/p>\n\n\n\n<p>Next we have the six Paganini \u00e9tudes which include the infamous La campanella with its huge leaps and repeated notes. Anyway, the first of these pieces is an exercise in tremolandos. Ms. Kang copes with this with considerable aplomb, making it sound easy. Her technique of pulling back the tempo slightly at the end of phrases might annoy the purists but in this work (and elsewhere on the disc) it works extremely effectively. The clarity in her right hand makes many details in the score stand out, especially between 4:20 and about 4:50. The second etude is marked Andante capriccioso, and here is especially capricious! Again, the clarity is excellent and the pedalling is, helpfully, very restrained. I like the clever and witty way she ends the phrases \u2013 it is supposed to be capricious after all. Lovely stuff.<\/p>\n\n\n\n<p>Pianists often use La campanella as a virtuoso showpiece. Here, as earlier, there is a restraint to the playing which is exemplary throughout. The right hand is particularly clear; this makes the piece sound even more difficult than it actually is. Kang does not slow down at the end of phrases to the same extent as elsewhere \u2013 in this case it is the right thing to do. The ending of the piece is suitably powerful, very fast and marvellously done. The fourth of the set, written on one stave, is another witty and very fast little work. I like the way the pianist projects the base notes with her left hand, making it sound like a ping pong ball bouncing from one side of a table to the other. The judicious use of pedal really helps. The ending is taken at a tremendous pace, with a rather well placed ritardando as the piece draws to a conclusion.<\/p>\n\n\n\n<p>The fifth \u00e9tude, La chasse, features imitations of flutes and some fiendish fingerwork. None of this presents any problems for the pianist. The piece is dispatched very quickly, efficiently and wonderfully. The final \u00e9tude is the famous theme and variations, used by numerous other composers. Here there is much witty playing. The theme is modified and enhanced by the use of ten fingers rather than four strings on a violin. The speed of some of the playing here is amazing but it fits well with the nature of the piece. Variation 5 (starting at 1:53) is especially interesting, and the clarity is amazing. Ms. Kang also observes the hairpins and rinforzando markings in variation 7; that is not often done, at least to this extent. The work gains in difficulty as it progresses but this poses no problems, and the conclusion is deftly handed. This is an absolutely brilliant recording of these six homages to Paganini, full musical insight and clever playing.<\/p>\n\n\n\n<p>Next comes the famous D flat major Consolation No. 3. This is mesmerizingly played, full of nuance, peace, feeling and depth. It is given here an absolutely stunning performance. There is an abrupt change of mood for the following work, the so-called Dante Sonata, which I have heard many times on many recordings, and several times live. This is a fantastic rendition.<\/p>\n\n\n\n<p>The opening is suitably scary, with its depiction of the descent into Hell. Despite the somewhat dark and bleak nature of the work, there are parts which are beautiful. There is some wonderful phrasing and control in the short Andante section at about 6:10, and some truly magnificent pointing up of the bass notes before the horrendously difficult section at 8:30 (where the right hand plays a myriad of detail while the left hand leaps about) before the sinister music returns.<\/p>\n\n\n\n<p>One thing which is different in this recording is the shortness and power of the attack on the chords. Many are struck very hard, and afterwards the sound dies away very quickly. This is especially clear in the senza rallentare section, where the bass chords are struck very sharply. This works very well here, and in the few bars before the Tempo rubato e molto ritenuto at 12:40. The music sounds like it leads very naturally into that part of the work. This section is magnificently played, the pedalling is spot on and the atmosphere of sadness and slight spookiness is perfect.<\/p>\n\n\n\n<p>The short Andante is enthrallingly played before the peace of these few bars is dispelled by some barnstorming virtuosity. The final three minutes of the work are marked with a variety of tempo directions and, on the whole, fast in pace. The playing is also brilliant, and the work thunders to a noisy conclusion. This is a super performance of this piece. There is much interest and shading in Ms. Kang\u2019s playing, and the whole thing holds together magnificently.<\/p>\n\n\n\n<p>We then have one of Liszt\u2019s numerous transcriptions, one of the most famous: Schumann\u2019s Widmung, which he originally wrote for his wife, Clara. I learned this piece fairly recently and I really do envy the way Ms. Kang is able to play it. There is a fluidity to the opening which is played in a way I have never heard it done. The central section flows very naturally from the opening. The reprise of the music from the start, when it returns, is suitably impassioned, and the work ends happily.<\/p>\n\n\n\n<p>The final work on this recording is the wonderful Rhapsodie espagnole, well known but not that often recorded. That is a shame because it is a splendid piece; I have liked it for years. Speedwise, it is again taken at an average sort of pace (lasting about 13 and a half minutes). I really like the way Ms. Kang slows down before the start of the Jota aragonesa tune (at about 4:55). This is not something I have heard in any other performance. Here it works really well, and eases you gently into the following development of this theme. There is some really lovely playing at 5\u201d35 (marked con grazia in the score) with a sense of hushed reverence. Again here, the fluidity of Ms. Kang\u2019s playing is very apparent, and the clarity and intelligence of her playing is marvellous. Even the most difficult figurations in the piece are dealt with effortlessly in this performance. The last fourfive pages, containing some very tricky writing, are played amazingly well. This is a super performance of a splendid piece by a spectacularly talented pianist. I have a new favourite recording of this work!<\/p>\n\n\n\n<p>The case is plastic and cardboard bonded together, probably environmentally friendly. The booklet is also stuck inside, so it is impossible to lose it. Ms. Kang\u2019s notes are well written and interesting.<\/p>\n\n\n\n<p>I would definitely put this as one of the top Liszt recordings that I have heard over the last couple of years. There is some utterly beautiful and intelligent playing here, and some splendid virtuosity.<\/p>\n\n\n\n<p>Ms. Kang certainly deserves the attention that she has received, and is clearly an artist to watch out for. I will be watching for news of her upcoming releases, since she clearly has plenty to say.<\/p>\n\n\n\n<p>She has a superb technique and innate musicality. Buy this disc!<\/p>\n\n\n\n<h2 style=\"font-size:35px;color:#ffffff;text-decoration:underline;\">PIANO NEWS<\/h2>\n\n\n\n<p>Beim Aufschlagen des Booklets st\u00f6\u00dft man auf eine handschriftliche Charakterisierung der au\u00dfergew\u00f6hnlichen Qualit\u00e4ten der Pianistin Shin-Heae Kang, die aus der Feder von keiner geringeren stammt, als der legend\u00e4ren Pianistin Martha Argerich. Und die vorliegende Einspielung bildet eine eindrucksvolle Affirmation dieser Einsch\u00e4tzung. Kang beweist darin eine meisterhafte Virtuosit\u00e4t, was besonders in Liszts Et\u00fcden auf Paganini zum Ausdruck kommt. Im Rausche seiner Paganini-Faszination entstanden, geh\u00f6ren diese zu den anspruchsvollsten Werken der Klavierliteratur, mehr noch: Sie bilden seit Generationen einen Pr\u00fcfstein f\u00fcr Virtuosen. Kang meistert diese Herausforderung bravour\u00f6s. Beispielhaft ist dabei die Et\u00fcde Nr. 3 La Campanella, in der die Pianistin die vielf\u00e4ltigen Liszt\u00b4schen Raffinessen an virtuoser Klavierkunst zum Leuchten bringt. Neben der Virtuosit\u00e4t ist ihr Spiel aber auch in emotional ausdrucksvollen St\u00fccken schlichtweg vorbildlich. In der Consolation Nr. 3 offenbart die Pianistin ein sensibles Gesp\u00fcr f\u00fcr gef\u00fchlsbetonte Passagen. Die dissonanten Eintr\u00fcbungen vereinen sich mit dem zarten Spielfluss auf einzigartige Weise. Beim Zusammenwirken der verschiedenen Harmonien scheint der Pianistin hier quasi die Quadratur des Kreises zu gelingen: Sie wirken pr\u00e4zise abgegrenzt, zugleich aber in unendlichen Schattierungen ineinander zerflie\u00dfend.<\/p>\n\n\n\n<p>Eine vielseitige und in h\u00f6chstem Ma\u00dfe beeindruckende Einspielung!<\/p>\n\n\n\n<h2 style=\"font-size:35px;color:#ffffff;text-decoration:underline;\">Hannoversche Allgemeine Zeitung<\/h2>\n\n\n\n<p>Ein bescheidenes Multitalent &#8211; Pianistin Shin-Heae Kang gibt Neujahrskonzert mit Martha Argerich und der NDR Radiophilharmonie im Kuppelsaal<\/p>\n\n\n\n<p>Seit fr\u00fchester Kindheit dominiert das Instrument ihr Leben: Die 32-j\u00e4hrige Shin-Heae Kang ist heute eine gefeierte Pianistin. Am Freitag, 10. Januar, tritt sie mit der Starpianistin Martha Argerich im Kuppelsaal in Hannover auf &#8211; in der Stadt, in der sie bereits als Jugendliche an der Musikhochschule studierte. Dass Kang das Klavierspielen \u00fcberhaupt erlernte, war nur ein Zufall K\u00f6nnen bescheidene Menschen erfolgreich sein? Shin-Heae Kang kann es. Die Pianistin gewann zahlreiche Musikpreise und Klavierwettbewerbe, erhielt Stipendien von unterschiedlichen Institutionen. Seit der Kindheit gibt sie Konzerte, am Freitag tritt sie mit der Starpianistin Martha Argerich und der NDR Radiophilharmonie im Kuppelsaal in Hannover auf. Doch wenn sie \u00fcber diese Erfolge spricht, sagt Kang S\u00e4tze wie \u201eDas hat sich dann ergeben\u201c und \u201eDann ist das einfach so passiert\u201c. Dabei kokettiert sie nicht, ein sch\u00fcchternes L\u00e4cheln l\u00e4sst ehrliche Bescheidenheit vermuten.<\/p>\n\n\n\n<p>Die Beziehung zum Instrument begann fr\u00fch, schon als Zweij\u00e4hrige spielte Kang nach Geh\u00f6r. \u201eDass es dazu kam war nur ein Zufall. Wir hatten zu Hause gar kein richtiges Klavier\u201c, erz\u00e4hlt sie. Denn ihre Eltern, die als Studenten aus S\u00fcdkorea nach Kiel kamen, spielen keine Instrumente. Kangs Vater ist Ern\u00e4hrungswissenschaftler, die Mutter Politologin. Bei einem vorweihnachtlichen Besuch im Einkaufszentrum aber sei Kang so fasziniert von einem Spielzeugklavier gewesen, dass die Eltern es ihr zu Weihnachten schenkten.<\/p>\n\n\n\n<p>Schnell bemerkten sie das Talent der Tochter, die Melodien m\u00fchelos nachspielen konnte. Mit drei Jahren erhielt sie Klavierunterricht, mit f\u00fcnf gab sie ihr erstes Konzert, mit sechs begann sie das Vorstudium an der Musikhochschule in L\u00fcbeck &#8211; neben der Grundschule. Ab 2001 studierte die damals 14-J\u00e4hrige an der Hochschule f\u00fcr Musik, Theater und Medien in Hannover bei Professor Karl-Heinz K\u00e4mmerling &#8211; weiterhin neben der Schule. \u201eIch wollte unbedingt Abitur machen\u201c, sagt sie. Und das tat sie, am naturwissenschaftlichen Max-Planck-Gymnasium in Kiel. Mit Auszeichnung.<\/p>\n\n\n\n<p>Zahlreiche Konzerte und Wettbewerbe, die Schule und das Klavierstudium lasteten Kang noch immer nicht aus. Sie trainierte Taekwondo und war Landesmeisterin in Rhythmischer Sportgymnastik. Zudem spielte sie Geige und Querfl\u00f6te und begann als Zehnj\u00e4hrige ein zweites Vorstudium an der Musikhochschule L\u00fcbeck, ein Gitarrenstudium. Gemeinsam mit ihrem \u00e4lteren Bruder gab sie Gitarrenkonzerte und gewann mit dem Instrument beim Bundeswettbewerb Jugend musiziert. Heute spielt sie die Gitarre nicht mehr &#8211; aus einem banalen Grund: \u201eF\u00fcr die Gitarre braucht man lange Fingern\u00e4gel. Beim Klavier ist das fatal, weil es klackert.\u201c Die Hobbys habe sie sich selbst ausgesucht, sagt Kang, Druck von den Eltern habe es nicht gegeben.<\/p>\n\n\n\n<p>Kangs Leidenschaft zeigt sich vor allem dann, wenn sie von ihren Lieblingskomponisten spricht. Einer davon ist Franz Liszt, dessen Werke die Pianistin auf ihrer im vergangenen Jahr erschienenen Deb\u00fct-CD &#8222;Kaleidoscope&#8220; spielt. \u201eMich beeindruckt nicht nur die Musik, sondern auch seine Pers\u00f6nlichkeit. Er war besessen vom Klavier\u201c, sagt Kang. Auch Martha Argerich ist f\u00fcr sie Vorbild und Mentorin. Andere Klavierlehrer hatten Kang genau gezeigt, wie sie das Instrument spielen soll. \u201eBei Martha Argerich war es das Gegenteil\u201c, sagt Kang. \u201eSie sagte: ,Ich kann dir nicht sagen, wie du spielen sollst. Du musst deine eigene Intuition finden.&#8217;\u201c Und obwohl sie bei allen Lehrern viel gelernt habe, sei das der wichtigste Rat gewesen &#8211; f\u00fcr die Musik und f\u00fcr das Leben.<\/p>\n\n\n\n<p><\/p>\n","protected":false},"excerpt":{"rendered":"<p>BBC Radio 3 (\u2026) There are two pianos on this large stage now ready for Poulenc&#8217;s Concerto for Two Pianos with soloists &#8211; a combination of mentor and pupil &#8211; the legendary Argentinian pianist Martha Argerich and the German-born pianist Shin-Heae Kang. The scores are heady cocktails of Poulenc\u2019s sparkling written brilliance, a guest appearance by his beloved Mozart, the &#8230; <\/p>\n<div><a href=\"http:\/\/www.shin-heae-kang.com\/de\/presse\/2020-2\/\" class=\"more-link\">Read More<\/a><\/div>\n","protected":false},"author":1,"featured_media":0,"parent":262,"menu_order":0,"comment_status":"closed","ping_status":"closed","template":"","meta":[],"yoast_head":"<!-- This site is optimized with the Yoast SEO plugin v19.14 - https:\/\/yoast.com\/wordpress\/plugins\/seo\/ -->\n<title>2020 - Shin-Heae Kang<\/title>\n<meta name=\"robots\" content=\"index, follow, max-snippet:-1, max-image-preview:large, max-video-preview:-1\" \/>\n<link rel=\"canonical\" href=\"http:\/\/www.shin-heae-kang.com\/kr\/presse\/2020-2\/\" \/>\n<meta property=\"og:locale\" content=\"de_DE\" \/>\n<meta property=\"og:type\" content=\"article\" \/>\n<meta property=\"og:title\" content=\"2020 - Shin-Heae Kang\" \/>\n<meta property=\"og:description\" content=\"BBC Radio 3 (\u2026) There are two pianos on this large stage now ready for Poulenc&#8217;s Concerto for Two Pianos with soloists &#8211; a combination of mentor and pupil &#8211; the legendary Argentinian pianist Martha Argerich and the German-born pianist Shin-Heae Kang. The scores are heady cocktails of Poulenc\u2019s sparkling written brilliance, a guest appearance by his beloved Mozart, the ... Read More\" \/>\n<meta property=\"og:url\" content=\"http:\/\/www.shin-heae-kang.com\/kr\/presse\/2020-2\/\" \/>\n<meta property=\"og:site_name\" content=\"Shin-Heae Kang\" \/>\n<meta property=\"article:modified_time\" content=\"2020-09-29T10:27:15+00:00\" \/>\n<meta name=\"twitter:card\" content=\"summary_large_image\" \/>\n<meta name=\"twitter:label1\" content=\"Gesch\u00e4tzte Lesezeit\" \/>\n\t<meta name=\"twitter:data1\" content=\"12\u00a0Minuten\" \/>\n<script type=\"application\/ld+json\" class=\"yoast-schema-graph\">{\"@context\":\"https:\/\/schema.org\",\"@graph\":[{\"@type\":\"WebPage\",\"@id\":\"http:\/\/www.shin-heae-kang.com\/kr\/presse\/2020-2\/\",\"url\":\"http:\/\/www.shin-heae-kang.com\/kr\/presse\/2020-2\/\",\"name\":\"2020 - Shin-Heae Kang\",\"isPartOf\":{\"@id\":\"http:\/\/www.shin-heae-kang.com\/en\/#website\"},\"datePublished\":\"2020-09-29T10:12:54+00:00\",\"dateModified\":\"2020-09-29T10:27:15+00:00\",\"breadcrumb\":{\"@id\":\"http:\/\/www.shin-heae-kang.com\/kr\/presse\/2020-2\/#breadcrumb\"},\"inLanguage\":\"de\",\"potentialAction\":[{\"@type\":\"ReadAction\",\"target\":[\"http:\/\/www.shin-heae-kang.com\/kr\/presse\/2020-2\/\"]}]},{\"@type\":\"BreadcrumbList\",\"@id\":\"http:\/\/www.shin-heae-kang.com\/kr\/presse\/2020-2\/#breadcrumb\",\"itemListElement\":[{\"@type\":\"ListItem\",\"position\":1,\"name\":\"Startseite\",\"item\":\"http:\/\/www.shin-heae-kang.com\/en\/\"},{\"@type\":\"ListItem\",\"position\":2,\"name\":\"Press Reviews\",\"item\":\"http:\/\/www.shin-heae-kang.com\/en\/presse\/\"},{\"@type\":\"ListItem\",\"position\":3,\"name\":\"2020\"}]},{\"@type\":\"WebSite\",\"@id\":\"http:\/\/www.shin-heae-kang.com\/en\/#website\",\"url\":\"http:\/\/www.shin-heae-kang.com\/en\/\",\"name\":\"Shin-Heae Kang\",\"description\":\"Pianistin\",\"potentialAction\":[{\"@type\":\"SearchAction\",\"target\":{\"@type\":\"EntryPoint\",\"urlTemplate\":\"http:\/\/www.shin-heae-kang.com\/en\/?s={search_term_string}\"},\"query-input\":\"required name=search_term_string\"}],\"inLanguage\":\"de\"}]}<\/script>\n<!-- \/ Yoast SEO plugin. -->","yoast_head_json":{"title":"2020 - Shin-Heae Kang","robots":{"index":"index","follow":"follow","max-snippet":"max-snippet:-1","max-image-preview":"max-image-preview:large","max-video-preview":"max-video-preview:-1"},"canonical":"http:\/\/www.shin-heae-kang.com\/kr\/presse\/2020-2\/","og_locale":"de_DE","og_type":"article","og_title":"2020 - Shin-Heae Kang","og_description":"BBC Radio 3 (\u2026) There are two pianos on this large stage now ready for Poulenc&#8217;s Concerto for Two Pianos with soloists &#8211; a combination of mentor and pupil &#8211; the legendary Argentinian pianist Martha Argerich and the German-born pianist Shin-Heae Kang. The scores are heady cocktails of Poulenc\u2019s sparkling written brilliance, a guest appearance by his beloved Mozart, the ... Read More","og_url":"http:\/\/www.shin-heae-kang.com\/kr\/presse\/2020-2\/","og_site_name":"Shin-Heae Kang","article_modified_time":"2020-09-29T10:27:15+00:00","twitter_card":"summary_large_image","twitter_misc":{"Gesch\u00e4tzte Lesezeit":"12\u00a0Minuten"},"schema":{"@context":"https:\/\/schema.org","@graph":[{"@type":"WebPage","@id":"http:\/\/www.shin-heae-kang.com\/kr\/presse\/2020-2\/","url":"http:\/\/www.shin-heae-kang.com\/kr\/presse\/2020-2\/","name":"2020 - Shin-Heae Kang","isPartOf":{"@id":"http:\/\/www.shin-heae-kang.com\/en\/#website"},"datePublished":"2020-09-29T10:12:54+00:00","dateModified":"2020-09-29T10:27:15+00:00","breadcrumb":{"@id":"http:\/\/www.shin-heae-kang.com\/kr\/presse\/2020-2\/#breadcrumb"},"inLanguage":"de","potentialAction":[{"@type":"ReadAction","target":["http:\/\/www.shin-heae-kang.com\/kr\/presse\/2020-2\/"]}]},{"@type":"BreadcrumbList","@id":"http:\/\/www.shin-heae-kang.com\/kr\/presse\/2020-2\/#breadcrumb","itemListElement":[{"@type":"ListItem","position":1,"name":"Startseite","item":"http:\/\/www.shin-heae-kang.com\/en\/"},{"@type":"ListItem","position":2,"name":"Press Reviews","item":"http:\/\/www.shin-heae-kang.com\/en\/presse\/"},{"@type":"ListItem","position":3,"name":"2020"}]},{"@type":"WebSite","@id":"http:\/\/www.shin-heae-kang.com\/en\/#website","url":"http:\/\/www.shin-heae-kang.com\/en\/","name":"Shin-Heae Kang","description":"Pianistin","potentialAction":[{"@type":"SearchAction","target":{"@type":"EntryPoint","urlTemplate":"http:\/\/www.shin-heae-kang.com\/en\/?s={search_term_string}"},"query-input":"required name=search_term_string"}],"inLanguage":"de"}]}},"_links":{"self":[{"href":"http:\/\/www.shin-heae-kang.com\/de\/wp-json\/wp\/v2\/pages\/596"}],"collection":[{"href":"http:\/\/www.shin-heae-kang.com\/de\/wp-json\/wp\/v2\/pages"}],"about":[{"href":"http:\/\/www.shin-heae-kang.com\/de\/wp-json\/wp\/v2\/types\/page"}],"author":[{"embeddable":true,"href":"http:\/\/www.shin-heae-kang.com\/de\/wp-json\/wp\/v2\/users\/1"}],"replies":[{"embeddable":true,"href":"http:\/\/www.shin-heae-kang.com\/de\/wp-json\/wp\/v2\/comments?post=596"}],"version-history":[{"count":6,"href":"http:\/\/www.shin-heae-kang.com\/de\/wp-json\/wp\/v2\/pages\/596\/revisions"}],"predecessor-version":[{"id":603,"href":"http:\/\/www.shin-heae-kang.com\/de\/wp-json\/wp\/v2\/pages\/596\/revisions\/603"}],"up":[{"embeddable":true,"href":"http:\/\/www.shin-heae-kang.com\/de\/wp-json\/wp\/v2\/pages\/262"}],"wp:attachment":[{"href":"http:\/\/www.shin-heae-kang.com\/de\/wp-json\/wp\/v2\/media?parent=596"}],"curies":[{"name":"wp","href":"https:\/\/api.w.org\/{rel}","templated":true}]}}