{"id":262,"date":"2016-09-02T10:42:58","date_gmt":"2016-09-02T08:42:58","guid":{"rendered":"http:\/\/web.c-307.maxcluster.net\/shinheae\/?page_id=262"},"modified":"2020-09-29T12:53:52","modified_gmt":"2020-09-29T10:53:52","slug":"presse","status":"publish","type":"page","link":"http:\/\/www.shin-heae-kang.com\/en\/presse\/","title":{"rendered":"Press Reviews"},"content":{"rendered":"<h3>MARTHA ARGERICH<\/h3>\n<p>\u201cShin-Heae Kang is a magnificent pianist. She has all the qualities, superb technique, serious and devoted musicianship, very big repertoire. I strongly recommend her to your attention.\u201d<\/p>\n<h3>BBC RADIO 3<\/h3>\n<p>\u201cA truly brilliant conversation between two pianists and the orchestra &#8211; Poulenc\u00b4s Concerto for Two Pianos performed by Martha Argerich and Shin-Heae Kang with the NDR Radio Philharmonic Orchestra conducted by Andrew Manze\u2026An encore from Martha Argerich and Shin-Heae Kang getting the audience in the Kuppelsaal swaying to the rhythms of Milhaud\u2019s Brazileira\u2026The most delicate and charming of Sugar Plum Fairies\u201d<\/p>\n<h3>RADIO BREMEN<\/h3>\n<p>\u201cOn her new Liszt album, Shin-Heae Kang can be experienced not only as a melodically sensitive poet at the piano, but also as a fearless virtuoso with great piano technique.\u201d<\/p>\n<h3>NDR KULTUR<\/h3>\n<p>\u201cThe musicality is absolutely impressive. Shin-Heae Kang understands how to show the idea behind every piece. Each bar breathes great experience, sense of style and deep humanity. She puts all her technical mastery into the service of a coherent dramaturgy and exposes facets in the music that are often overlaid by virtuosity in other interpretations.\u201d<\/p>\n<h3>KLASSIK HEUTE<\/h3>\n<p>\u201cThis is followed by a cleverly thought-out selection of pieces in this project which is ideally suited to tell a musical \u201cstory\u201d in the best sense. Because this is it exactly what the interpretation of this pianist achieves the whole time. At every moment Shin-Heae Kang devotes lots of attention into permeating clarity and unconditional empathy for conditions of moods. Shin Heae Kang&#8217;s interpretation sensitively puts the figurations in a silvery sheen that sparkles but never dazzles which savors wonderfully lightfootedly and with pointed accent all of the pianistic possibilities.\u201d<\/p>\n<h3>HANNOVERSCHE ALLGEMEINE ZEITUNG<\/h3>\n<p>\u201cA modest multi talent\u201d<\/p>\n<h3>DEUTSCHLANDFUNK KULTUR<\/h3>\n<p>\u201cThe pianist Shin-Heae Kang is not content with depicting the ascent on the ladder of virtuosity from variation to variation quickly and smartly, but she gives the well-known brilliant piece a noble, quickwitted basic tone from which all kinds of coloured fireworks can be fired.\u201d<\/p>\n<h3>PIANO NEWS<\/h3>\n<p>\u201cIn addition to virtuosity, her playing is also simply exemplary in emotionally expressive pieces. When all the various harmonies are working together, the pianist succeeds in squaring the circle: they appear precisely defined, but at the same time they are blending into each other in infinite shades. A versatile and extremely impressive recording!\u201d<\/p>\n<h3>PIZZICATO<\/h3>\n<p>\u201cIn an all-Liszt program, she has technically everything to play virtuoso and musically the intelligence to subordinate virtuosity to the service of music. That makes her performance so special.\u201d<\/p>\n<h3>MUSIC WEB INTERNATIONAL<\/h3>\n<p>\u201cThis is a super performance of a splendid piece by a spectacularly talented pianist. I have a new favourite recording of this work! I would definitely put this as one of the top Liszt recordings that I have heard over the last couple of years. There is some utterly beautiful and intelligent playing here, and some splendid virtuosity. Ms. Kang certainly deserves the attention that she has received, and is clearly an artist to watch out for.\u201d<\/p>\n<h3>LANDESZEITUNG L\u00dcNEBURG<\/h3>\n<p>\u201cShin-Heae Kang has dedicated her album entirely to Franz Liszt and discovers the whole spectrum of human emotions. She succeeds in the decisive aspects, namely taking out the pure bravura of the pieces with high virtuoso demands and permeating deeper into the works.\u201d<\/p>\n<h3>KIELER NACHRICHTEN<\/h3>\n<p>\u201cIn addition to the delicately revealed poetry in Liszt&#8217;s third Liebestraum or in his transcription of Schumann&#8217;s Widmung, the narrative expressiveness with which the Dante sonata from the Ann\u00e9es de P\u00e8lerinage: 2\u00e8me ann\u00e9e: Italie is balanced between hell and heaven is especially thrilling. The piano sound is wonderfully earthy and full-sounding, the melody lines appear elegantly sung. The highly virtuoso etudes which stimulate some pianists to circus caprioles and technical selfexpression rather than to making music, reveal everywhere the thematic core under her hands and sound plastic and beautiful.\u201d<\/p>\n<h3>GRAMOPHONE<\/h3>\n<p>\u201cShin-Heae Kang impresses as a pianist of considerable technical accomplishment, intent on placing a personal stamp on everything she plays.\u201d<\/p>\n<h3>O-TON<\/h3>\n<p>\u201cShe has chosen the program with care. It could have been a suggestion from her mentor Martha Argerich, the album has turned out so well that you can hear it from beginning to end the whole day. That\u2019s how a debut album has to be!\u201d<\/p>\n<h3>MAIN-POST<\/h3>\n<p>Festival Kissinger Sommer Recital Debut<\/p>\n<p>\u201cThe potential for a very great personality &#8211; Amazing, with which accuracy Shin-Heae Kang knew here, to bring out profiled melody and sound lines with the left hand in the complex part of the whole-tone and chromatic weaves, in which Tristan chords are repeatedly sounding (&#8230;) next to those sections in which the artist extracted out the throbbing sound of repetitions of the recurrent main themes with impressive straightforwardness, she always understood it very well to find different contours in the lyrical parts\u201d<\/p>\n<h3>DIE WELT<\/h3>\n<p>\u201cStar of this evening was the pianist Shin-Heae Kang, who has won numerous music awards. Born in Kiel to Korean parents Shin-Heae Kang teared the audience literally from their seats with her brilliant performance\u201d<\/p>\n<h3>HAMBURGER ABENDBLATT<\/h3>\n<p>\u201cA highly gifted Kieler Sprotte\u201d<\/p>\n<h3>NIEDERS\u00c4CHSISCHES TAGEBLATT<\/h3>\n<p>\u201cShe dominates the instrument completely. It is as it would be a part of herself.\u201d<\/p>\n<h3>SCHLESWIG-HOLSTEINISCHE LANDESZEITUNG<\/h3>\n<p>Schleswig-Holstein Musik Festival Recital Debut<\/p>\n<p>\u201cOn the way to a world career &#8211; From cautious shyness and reverence to a pianistic Whirlwind Shin-Heae Kang showed her development from a child prodigy to a mature pianist. Born in Kiel to Korean parents where she also grew up, and after first studies at the University for Music in L\u00fcbeck she is a real Schleswig-Holstein child on her way to a world career (&#8230;) Shin-Heae Kang showed a brilliant masterly control and mastery of music and technique (&#8230;) Shin-Heae Kang has been developing to a fury on the piano during the evening\u201d<\/p>\n<h3>KIELER NACHRICHTEN<\/h3>\n<p>Schleswig-Holstein Musik Festival Recital Debut<\/p>\n<p>\u201cNow Shin-Heae Kang, born 1987 in Kiel and living near to Kiel gave her successful festival debut in the Thormann Hall which was totally sold out (&#8230;) dancing- , ironic-, expressive-skills and formal farsightedness are forming a beautiful symbiosis in her interpretation. The furious 7\/8-bar-finals was increasing intelligently as well as vehemently to an explosive end &#8211; a real master performance!\u201d<\/p>\n<h3>MARIINSKY THEATRE MAGAZINE ST.PETERSBURG<\/h3>\n<p>Mariinsky International Piano Festival Recital Debut<\/p>\n<p>\u201cThe Debutante of the Festival the young pianist Shin-Heae Kang performed pieces by Liszt and Schumann with the utmost professionalism (&#8230;) and she proved all qualities for a great concert career\u201d<\/p>\n<h3>PIANO FORUM MAGAZINE MOSCOW<\/h3>\n<p>Mariinsky International Piano Festival Recital Debut<\/p>\n<p>\u201cWith an inborned musical talent and a very versatile training and education she has received in Germany, Kang performed the program highly professional, with a very pleasant sound, without exceeding the dynamic limits ever. This requires by an artist in specific acoustic circumstances of a concert hall especially big stage experience and the tools of the skills\u201d<\/p>\n<h3>DITHMARSCHER LANDESZEITUNG<\/h3>\n<p>\u201cShe does not look like this. And her name does not sound like this. But she is a true North German &#8211; the pianist Shin-Heae Kang (&#8230;) The reputation of her pianistic giftedness was apparently preceded her, because visitors from all over Schleswig-Holstein were coming to Heide to listen to her performance (&#8230;) took the audience into a world of classical poetry full of sound colors, which one rarely gets to listen\u201d<\/p>\n<h3>KIELER NACHRICHTEN<\/h3>\n<p>\u201cAn Appassionata with a passionate glow &#8211; (&#8230;) Kang showed the full range of her high and unsurpassable virtuosity. In a breathtaking speed and great dexterity of the finger she swept over the keys and ignited in each individual study a performance of an intensive and dynamic clenched awareness with an almost frightening power\u201d<\/p>\n<h3>NIEDERS\u00c4CHSISCHES TAGEBLATT<\/h3>\n<p>\u201cWith powerful slaps she drove over the keys to the finals and led sound the piece out in chords like chiselled\u201d<\/p>\n<h3>FLENSBURGER TAGEBLATT and SCHLESWIGER NACHRICHTEN<\/h3>\n<p>\u201cAbove all the most fascinating item is the forming bandwidth, the artist is mastering. Powerful gripping, but also delicate and restrained; the diversity of expression seems to be unlimited. The young pianist performed with great passion, greatness, high virtuosity, put different emphases, but always being committed to the piece\u201d<\/p>\n<h3>GLINDER ZEITUNG<\/h3>\n<p>\u201cA symbiosis between the instrument and the master\u201d<\/p>\n<h3>KIELER NACHRICHTEN<\/h3>\n<p>\u201cWith Schubert, Schumann and Brahms she obviously seems to be good friends\u201d<\/p>\n<h3>GUBENER TAGESZEITUNG<\/h3>\n<p>\u201cA unique experience with an extraordinary artist\u201d<\/p>\n<h3>NIEDERS\u00c4CHSISCHES TAGEBLATT<\/h3>\n<p>\u201cShin-Heae Kang plays Liszt &#8211; and the audience is thrilled and amazed, witness of something incredible, it can listen to it and yes, when it sits in a good position, it can even see the magical hands over the keys\u201d<\/p>\n<h3>LAUSITZER RUNDSCHAU<\/h3>\n<p>\u201cGreat moment of piano music &#8211; A magnificent recital, in which the intensity and depth of a polished performance achieved a great light- and persuasiveness. Amazing how the aspiring artist was living in and with the sounds and how she was achieving her absolute pianistic highlights conveying these to the audience, when she expressed and showed the core and the deepest of the music outwards being indulged in the melodious sound\u201d<\/p>\n<h3>FROM THE BOOK &#8211; THE DRUID ORDER IN CENTRAL EUROPE<\/h3>\n<p>\u201cMeanwhile, the Big Lodge of Schleswig-Holstein handed over the price of the Druid Order to the 19-year-old pianist Shin-Heae Kang for highly qualified and in very exceptional dimensions willed and committed offspring for her previous extraordinary performances as a talented pianist, who was not only receiving attention for her excellent public performances, but who is also already receiving the highest recognition from the world of musical experts\u201d<\/p>\n<h3>KIELER NACHRICHTEN<\/h3>\n<p>\u201cFor the pianistic merciless piece she had not only nerves of steel. No, she made the audience simply forgetting how devilishly difficult the pianistic matter is. Fearlessly she took the dodgy sixths, octaves and jump passages in attack, turning these into demonic swing, drowned the voices in repetitions from new views and immersed herself so strongly into the intimate variations that you were forgetting yourself and your convictions during her Brahms-Performance\u201d<\/p>\n<h3>HUSUMER NACHRICHTEN<\/h3>\n<p>\u201cShin-Heae Kang paired virtuosity with high musical expressiveness\u201d<\/p>\n<h3>MAIN-ECHO<\/h3>\n<p>Festival Kissinger Sommer Recital Debut<\/p>\n<p>\u201c(&#8230;) inspired the audience with an amazing range of timbres and sound colors in virtuos brilliant pieces\u201d<\/p>\n<p><span style=\"font-size: inherit;\"><\/span><\/p>","protected":false},"excerpt":{"rendered":"<p>MARTHA ARGERICH \u201cShin-Heae Kang is a magnificent pianist. She has all the qualities, superb technique, serious and devoted musicianship, very big repertoire. I strongly recommend her to your attention.\u201d BBC RADIO 3 \u201cA truly brilliant conversation between two pianists and the orchestra &#8211; Poulenc\u00b4s Concerto for Two Pianos performed by Martha Argerich and Shin-Heae Kang with the NDR Radio Philharmonic &#8230; <\/p>\n<div><a href=\"http:\/\/www.shin-heae-kang.com\/en\/presse\/\" class=\"more-link\">Read More<\/a><\/div>\n","protected":false},"author":1,"featured_media":0,"parent":0,"menu_order":0,"comment_status":"closed","ping_status":"closed","template":"","meta":[],"yoast_head":"<!-- This site is optimized with the Yoast SEO plugin v19.14 - https:\/\/yoast.com\/wordpress\/plugins\/seo\/ -->\n<title>Press Reviews - Shin-Heae Kang<\/title>\n<meta name=\"robots\" content=\"index, follow, max-snippet:-1, max-image-preview:large, max-video-preview:-1\" \/>\n<link rel=\"canonical\" href=\"http:\/\/www.shin-heae-kang.com\/en\/presse\/\" \/>\n<meta property=\"og:locale\" content=\"en_US\" \/>\n<meta property=\"og:type\" content=\"article\" \/>\n<meta property=\"og:title\" content=\"Press Reviews - Shin-Heae Kang\" \/>\n<meta property=\"og:description\" content=\"MARTHA ARGERICH \u201cShin-Heae Kang is a magnificent pianist. She has all the qualities, superb technique, serious and devoted musicianship, very big repertoire. I strongly recommend her to your attention.\u201d BBC RADIO 3 \u201cA truly brilliant conversation between two pianists and the orchestra &#8211; Poulenc\u00b4s Concerto for Two Pianos performed by Martha Argerich and Shin-Heae Kang with the NDR Radio Philharmonic ... Read More\" \/>\n<meta property=\"og:url\" content=\"http:\/\/www.shin-heae-kang.com\/en\/presse\/\" \/>\n<meta property=\"og:site_name\" content=\"Shin-Heae Kang\" \/>\n<meta property=\"article:modified_time\" content=\"2020-09-29T10:53:52+00:00\" \/>\n<meta name=\"twitter:card\" content=\"summary_large_image\" \/>\n<meta name=\"twitter:label1\" content=\"Est. reading time\" \/>\n\t<meta name=\"twitter:data1\" content=\"16 minutes\" \/>\n<script type=\"application\/ld+json\" class=\"yoast-schema-graph\">{\"@context\":\"https:\/\/schema.org\",\"@graph\":[{\"@type\":\"WebPage\",\"@id\":\"http:\/\/www.shin-heae-kang.com\/en\/presse\/\",\"url\":\"http:\/\/www.shin-heae-kang.com\/en\/presse\/\",\"name\":\"Press Reviews - Shin-Heae Kang\",\"isPartOf\":{\"@id\":\"http:\/\/www.shin-heae-kang.com\/en\/#website\"},\"datePublished\":\"2016-09-02T08:42:58+00:00\",\"dateModified\":\"2020-09-29T10:53:52+00:00\",\"breadcrumb\":{\"@id\":\"http:\/\/www.shin-heae-kang.com\/en\/presse\/#breadcrumb\"},\"inLanguage\":\"en-US\",\"potentialAction\":[{\"@type\":\"ReadAction\",\"target\":[\"http:\/\/www.shin-heae-kang.com\/en\/presse\/\"]}]},{\"@type\":\"BreadcrumbList\",\"@id\":\"http:\/\/www.shin-heae-kang.com\/en\/presse\/#breadcrumb\",\"itemListElement\":[{\"@type\":\"ListItem\",\"position\":1,\"name\":\"Startseite\",\"item\":\"http:\/\/www.shin-heae-kang.com\/en\/\"},{\"@type\":\"ListItem\",\"position\":2,\"name\":\"Press Reviews\"}]},{\"@type\":\"WebSite\",\"@id\":\"http:\/\/www.shin-heae-kang.com\/en\/#website\",\"url\":\"http:\/\/www.shin-heae-kang.com\/en\/\",\"name\":\"Shin-Heae Kang\",\"description\":\"Pianist\",\"potentialAction\":[{\"@type\":\"SearchAction\",\"target\":{\"@type\":\"EntryPoint\",\"urlTemplate\":\"http:\/\/www.shin-heae-kang.com\/en\/?s={search_term_string}\"},\"query-input\":\"required name=search_term_string\"}],\"inLanguage\":\"en-US\"}]}<\/script>\n<!-- \/ Yoast SEO plugin. -->","yoast_head_json":{"title":"Press Reviews - Shin-Heae Kang","robots":{"index":"index","follow":"follow","max-snippet":"max-snippet:-1","max-image-preview":"max-image-preview:large","max-video-preview":"max-video-preview:-1"},"canonical":"http:\/\/www.shin-heae-kang.com\/en\/presse\/","og_locale":"en_US","og_type":"article","og_title":"Press Reviews - Shin-Heae Kang","og_description":"MARTHA ARGERICH \u201cShin-Heae Kang is a magnificent pianist. She has all the qualities, superb technique, serious and devoted musicianship, very big repertoire. I strongly recommend her to your attention.\u201d BBC RADIO 3 \u201cA truly brilliant conversation between two pianists and the orchestra &#8211; Poulenc\u00b4s Concerto for Two Pianos performed by Martha Argerich and Shin-Heae Kang with the NDR Radio Philharmonic ... Read More","og_url":"http:\/\/www.shin-heae-kang.com\/en\/presse\/","og_site_name":"Shin-Heae Kang","article_modified_time":"2020-09-29T10:53:52+00:00","twitter_card":"summary_large_image","twitter_misc":{"Est. reading time":"16 minutes"},"schema":{"@context":"https:\/\/schema.org","@graph":[{"@type":"WebPage","@id":"http:\/\/www.shin-heae-kang.com\/en\/presse\/","url":"http:\/\/www.shin-heae-kang.com\/en\/presse\/","name":"Press Reviews - Shin-Heae Kang","isPartOf":{"@id":"http:\/\/www.shin-heae-kang.com\/en\/#website"},"datePublished":"2016-09-02T08:42:58+00:00","dateModified":"2020-09-29T10:53:52+00:00","breadcrumb":{"@id":"http:\/\/www.shin-heae-kang.com\/en\/presse\/#breadcrumb"},"inLanguage":"en-US","potentialAction":[{"@type":"ReadAction","target":["http:\/\/www.shin-heae-kang.com\/en\/presse\/"]}]},{"@type":"BreadcrumbList","@id":"http:\/\/www.shin-heae-kang.com\/en\/presse\/#breadcrumb","itemListElement":[{"@type":"ListItem","position":1,"name":"Startseite","item":"http:\/\/www.shin-heae-kang.com\/en\/"},{"@type":"ListItem","position":2,"name":"Press Reviews"}]},{"@type":"WebSite","@id":"http:\/\/www.shin-heae-kang.com\/en\/#website","url":"http:\/\/www.shin-heae-kang.com\/en\/","name":"Shin-Heae Kang","description":"Pianist","potentialAction":[{"@type":"SearchAction","target":{"@type":"EntryPoint","urlTemplate":"http:\/\/www.shin-heae-kang.com\/en\/?s={search_term_string}"},"query-input":"required name=search_term_string"}],"inLanguage":"en-US"}]}},"_links":{"self":[{"href":"http:\/\/www.shin-heae-kang.com\/en\/wp-json\/wp\/v2\/pages\/262"}],"collection":[{"href":"http:\/\/www.shin-heae-kang.com\/en\/wp-json\/wp\/v2\/pages"}],"about":[{"href":"http:\/\/www.shin-heae-kang.com\/en\/wp-json\/wp\/v2\/types\/page"}],"author":[{"embeddable":true,"href":"http:\/\/www.shin-heae-kang.com\/en\/wp-json\/wp\/v2\/users\/1"}],"replies":[{"embeddable":true,"href":"http:\/\/www.shin-heae-kang.com\/en\/wp-json\/wp\/v2\/comments?post=262"}],"version-history":[{"count":14,"href":"http:\/\/www.shin-heae-kang.com\/en\/wp-json\/wp\/v2\/pages\/262\/revisions"}],"predecessor-version":[{"id":611,"href":"http:\/\/www.shin-heae-kang.com\/en\/wp-json\/wp\/v2\/pages\/262\/revisions\/611"}],"wp:attachment":[{"href":"http:\/\/www.shin-heae-kang.com\/en\/wp-json\/wp\/v2\/media?parent=262"}],"curies":[{"name":"wp","href":"https:\/\/api.w.org\/{rel}","templated":true}]}}