{"id":274,"date":"2016-09-02T10:43:54","date_gmt":"2016-09-02T08:43:54","guid":{"rendered":"http:\/\/web.c-307.maxcluster.net\/shinheae\/?page_id=274"},"modified":"2017-09-19T06:43:46","modified_gmt":"2017-09-19T04:43:46","slug":"2012-2","status":"publish","type":"page","link":"http:\/\/www.shin-heae-kang.com\/en\/presse\/2012-2\/","title":{"rendered":"2012"},"content":{"rendered":"<p class=\"qtranxs-available-languages-message qtranxs-available-languages-message-en\">Sorry, this entry is only available in <a href=\"http:\/\/www.shin-heae-kang.com\/de\/wp-json\/wp\/v2\/pages\/274\" class=\"qtranxs-available-language-link qtranxs-available-language-link-de\" title=\"Deutsch\">German<\/a>. For the sake of viewer convenience, the content is shown below in the alternative language. You may click the link to switch the active language.<\/p><h2>Sturm menschlicher Emotionen<\/h2>\n<p>&#8220;Shin-Heae Kang begeisterte ihr Publikum bei ihrem Klavierkonzert in der Reihe \u00bbDannenberger Fr\u00fchling\u00bb &#8211; Eher sch\u00fcchtern kommt sie daher: Shin-Heae Kang beim dritten von f\u00fcnf Konzerten der Kammermusikreihe \u00bbDannenberger Fr\u00fchling\u00bb. Aber Statur, Auftreten und Wesen der Pianistin d\u00fcrfen nicht dar\u00fcber hinwegt\u00e4uschen, dass sie ein absoluter Profi am Konzertfl\u00fcgel ist, der mit gro\u00dfer Ernsthaftigkeit und Konzentration seine Profession betreibt.<\/p>\n<p>Auffallend bei dem Konzert am Sonnabend im Ohmschen Haus waren die langen Einstellungsphasen vor Beginn eines neuen Satzes oder St\u00fcckes &#8211; ging sie im Geiste die n\u00e4chsten Passagen noch mal durch. Auch auffallend die geschickte Auswahl des Programmes in Hinblick auf den unterschiedlichen Charakter der Werke und einer gef\u00fchlten Steigerung im Ablauf. Shin-Heae Kang spielte als Erstes die Sturm-Sonate opus 31 Nr. 2 von Ludwig van Beethovens in d-Moll. Nicht so sehr ein pianistisches Bravourst\u00fcck als eine Charakterstudie: Sei es, dass sich der Zuh\u00f6rer in ein Ungewitter oder vielleicht doch mehr in einen Sturm menschlicher Emotionen versetzt sieht. Bei der gewichtigen und ernsthaften Sonate kann die Pianistin gleich im ersten Satz, dem Largo &#8211; Adagio, ihre Affinit\u00e4t zwischen lansamen, lyrischen Passagen und explosiven Eruptionen beweisen. Bei Beethoven noch gleichsam klassisch gez\u00fcgelt. In dem Sinne funktionieren dann auch das folgende Adagio und Allegretto. Bei der \u00bbWidmung\u00bb von Robert Schumann und Franz Liszt f\u00fchrt Shin-Heae Kang die Konzertbesucher zuerst in ein kleines Lied mit einem intimen Charakter, das immer mehr an Lautst\u00e4rke und Schnelligkeit gewinnt. Offenbar ist dies ein musikalisches Mittel, das sie besonders interessiert. Doch gelingt es der K\u00fcnstlerin anders als bei Beethovens bedeutungsschweren Duktus zuvor, einen spielerischen Eindruck zu bewahren.<\/p>\n<p>Vor der Pause als erster H\u00f6hepunkt die Variationen \u00fcber ein Thema von Paganini von Johannes Brahms. Ein tolles St\u00fcck: In gef\u00fchlten unendlichen Variationen bearbeitet Brahms das Thema. Shin-Heae Kang spielt mit viel Volumen, aber dann in der n\u00e4chsten Variante ganz entr\u00fcckt und tr\u00e4umerisch. Und doch wird deutlich: Auf diesem Niveau ist so ein Vortrag harte Arbeit. Wie kann sie das alles auswendig spielen &#8211; wo doch das Thema immer wieder aufgegriffen wird, was dem Zurechtfinden nicht zutr\u00e4glich sein d\u00fcrfte; bei diesem langen und abwechslungsreichen St\u00fcck.<\/p>\n<p>Als weitere Nuance folgten nach der Pause Balladen von Frederic Chopin. Auch bei Chopin f\u00e4llt der stete Wechsel zwischen ruhigen und entspannten Phasen und artistischen Glanzleistungen auf. Trotzdem gelingt es der Pianistin, auch ihrem Chopin ein anderes Gepr\u00e4ge zu geben. Und dann die Ungarische Rhapsodie Nr. 2 von Franz Liszt. Sp\u00e4testens hier wird deutlich, dass so ein klassischer Klavierabend etwas f\u00fcr jeden Menschen w\u00e4re. Wow &#8211; da hat sie wirklich alles gegeben. Aber so kann das \u00c4u\u00dferliche der kleinen und jungen Frau t\u00e4uschen: Das steckt alles in ihr drin. In der Zugabe, einer Sonate von Scarlatti, zeigt die Pianistin dann noch, dass sie des musikalischen Mittels des Kontrastes gar nicht bedarf, um zu bewegen und gefangen zu nehmen. Ein restlos zufriedenes aber auch ersch\u00f6pftes Publikum applaudierte begeistert.&#8221;<\/p>\n<p><em>NIEDERS\u00c4CHSISCHES TAGEBLATT &#8211; ELBE-JEETZEL-ZEITUNG<\/em>","protected":false},"excerpt":{"rendered":"<p>Sorry, this entry is only available in German. For the sake of viewer convenience, the content is shown below in the alternative language. You may click the link to switch the active language.Sturm menschlicher Emotionen &#8220;Shin-Heae Kang begeisterte ihr Publikum bei ihrem Klavierkonzert in der Reihe \u00bbDannenberger Fr\u00fchling\u00bb &#8211; Eher sch\u00fcchtern kommt sie daher: Shin-Heae Kang beim dritten von f\u00fcnf &#8230; <\/p>\n<div><a href=\"http:\/\/www.shin-heae-kang.com\/en\/presse\/2012-2\/\" class=\"more-link\">Read More<\/a><\/div>\n","protected":false},"author":1,"featured_media":0,"parent":262,"menu_order":0,"comment_status":"closed","ping_status":"closed","template":"","meta":[],"yoast_head":"<!-- This site is optimized with the Yoast SEO plugin v19.14 - https:\/\/yoast.com\/wordpress\/plugins\/seo\/ -->\n<title>2012 - Shin-Heae Kang<\/title>\n<meta name=\"robots\" content=\"index, follow, max-snippet:-1, max-image-preview:large, max-video-preview:-1\" \/>\n<link rel=\"canonical\" href=\"http:\/\/www.shin-heae-kang.com\/en\/presse\/2012-2\/\" \/>\n<meta property=\"og:locale\" content=\"en_US\" \/>\n<meta property=\"og:type\" content=\"article\" \/>\n<meta property=\"og:title\" content=\"2012 - Shin-Heae Kang\" \/>\n<meta property=\"og:description\" content=\"Sorry, this entry is only available in German. For the sake of viewer convenience, the content is shown below in the alternative language. You may click the link to switch the active language.Sturm menschlicher Emotionen &#8220;Shin-Heae Kang begeisterte ihr Publikum bei ihrem Klavierkonzert in der Reihe \u00bbDannenberger Fr\u00fchling\u00bb &#8211; Eher sch\u00fcchtern kommt sie daher: Shin-Heae Kang beim dritten von f\u00fcnf ... Read More\" \/>\n<meta property=\"og:url\" content=\"http:\/\/www.shin-heae-kang.com\/en\/presse\/2012-2\/\" \/>\n<meta property=\"og:site_name\" content=\"Shin-Heae Kang\" \/>\n<meta property=\"article:modified_time\" content=\"2017-09-19T04:43:46+00:00\" \/>\n<meta name=\"twitter:card\" content=\"summary_large_image\" \/>\n<meta name=\"twitter:label1\" content=\"Est. reading time\" \/>\n\t<meta name=\"twitter:data1\" content=\"3 minutes\" \/>\n<script type=\"application\/ld+json\" class=\"yoast-schema-graph\">{\"@context\":\"https:\/\/schema.org\",\"@graph\":[{\"@type\":\"WebPage\",\"@id\":\"http:\/\/www.shin-heae-kang.com\/en\/presse\/2012-2\/\",\"url\":\"http:\/\/www.shin-heae-kang.com\/en\/presse\/2012-2\/\",\"name\":\"2012 - Shin-Heae Kang\",\"isPartOf\":{\"@id\":\"http:\/\/www.shin-heae-kang.com\/en\/#website\"},\"datePublished\":\"2016-09-02T08:43:54+00:00\",\"dateModified\":\"2017-09-19T04:43:46+00:00\",\"breadcrumb\":{\"@id\":\"http:\/\/www.shin-heae-kang.com\/en\/presse\/2012-2\/#breadcrumb\"},\"inLanguage\":\"en-US\",\"potentialAction\":[{\"@type\":\"ReadAction\",\"target\":[\"http:\/\/www.shin-heae-kang.com\/en\/presse\/2012-2\/\"]}]},{\"@type\":\"BreadcrumbList\",\"@id\":\"http:\/\/www.shin-heae-kang.com\/en\/presse\/2012-2\/#breadcrumb\",\"itemListElement\":[{\"@type\":\"ListItem\",\"position\":1,\"name\":\"Startseite\",\"item\":\"http:\/\/www.shin-heae-kang.com\/en\/\"},{\"@type\":\"ListItem\",\"position\":2,\"name\":\"Press Reviews\",\"item\":\"http:\/\/www.shin-heae-kang.com\/en\/presse\/\"},{\"@type\":\"ListItem\",\"position\":3,\"name\":\"2012\"}]},{\"@type\":\"WebSite\",\"@id\":\"http:\/\/www.shin-heae-kang.com\/en\/#website\",\"url\":\"http:\/\/www.shin-heae-kang.com\/en\/\",\"name\":\"Shin-Heae Kang\",\"description\":\"Pianist\",\"potentialAction\":[{\"@type\":\"SearchAction\",\"target\":{\"@type\":\"EntryPoint\",\"urlTemplate\":\"http:\/\/www.shin-heae-kang.com\/en\/?s={search_term_string}\"},\"query-input\":\"required name=search_term_string\"}],\"inLanguage\":\"en-US\"}]}<\/script>\n<!-- \/ Yoast SEO plugin. -->","yoast_head_json":{"title":"2012 - Shin-Heae Kang","robots":{"index":"index","follow":"follow","max-snippet":"max-snippet:-1","max-image-preview":"max-image-preview:large","max-video-preview":"max-video-preview:-1"},"canonical":"http:\/\/www.shin-heae-kang.com\/en\/presse\/2012-2\/","og_locale":"en_US","og_type":"article","og_title":"2012 - Shin-Heae Kang","og_description":"Sorry, this entry is only available in German. For the sake of viewer convenience, the content is shown below in the alternative language. You may click the link to switch the active language.Sturm menschlicher Emotionen &#8220;Shin-Heae Kang begeisterte ihr Publikum bei ihrem Klavierkonzert in der Reihe \u00bbDannenberger Fr\u00fchling\u00bb &#8211; Eher sch\u00fcchtern kommt sie daher: Shin-Heae Kang beim dritten von f\u00fcnf ... Read More","og_url":"http:\/\/www.shin-heae-kang.com\/en\/presse\/2012-2\/","og_site_name":"Shin-Heae Kang","article_modified_time":"2017-09-19T04:43:46+00:00","twitter_card":"summary_large_image","twitter_misc":{"Est. reading time":"3 minutes"},"schema":{"@context":"https:\/\/schema.org","@graph":[{"@type":"WebPage","@id":"http:\/\/www.shin-heae-kang.com\/en\/presse\/2012-2\/","url":"http:\/\/www.shin-heae-kang.com\/en\/presse\/2012-2\/","name":"2012 - Shin-Heae Kang","isPartOf":{"@id":"http:\/\/www.shin-heae-kang.com\/en\/#website"},"datePublished":"2016-09-02T08:43:54+00:00","dateModified":"2017-09-19T04:43:46+00:00","breadcrumb":{"@id":"http:\/\/www.shin-heae-kang.com\/en\/presse\/2012-2\/#breadcrumb"},"inLanguage":"en-US","potentialAction":[{"@type":"ReadAction","target":["http:\/\/www.shin-heae-kang.com\/en\/presse\/2012-2\/"]}]},{"@type":"BreadcrumbList","@id":"http:\/\/www.shin-heae-kang.com\/en\/presse\/2012-2\/#breadcrumb","itemListElement":[{"@type":"ListItem","position":1,"name":"Startseite","item":"http:\/\/www.shin-heae-kang.com\/en\/"},{"@type":"ListItem","position":2,"name":"Press Reviews","item":"http:\/\/www.shin-heae-kang.com\/en\/presse\/"},{"@type":"ListItem","position":3,"name":"2012"}]},{"@type":"WebSite","@id":"http:\/\/www.shin-heae-kang.com\/en\/#website","url":"http:\/\/www.shin-heae-kang.com\/en\/","name":"Shin-Heae Kang","description":"Pianist","potentialAction":[{"@type":"SearchAction","target":{"@type":"EntryPoint","urlTemplate":"http:\/\/www.shin-heae-kang.com\/en\/?s={search_term_string}"},"query-input":"required name=search_term_string"}],"inLanguage":"en-US"}]}},"_links":{"self":[{"href":"http:\/\/www.shin-heae-kang.com\/en\/wp-json\/wp\/v2\/pages\/274"}],"collection":[{"href":"http:\/\/www.shin-heae-kang.com\/en\/wp-json\/wp\/v2\/pages"}],"about":[{"href":"http:\/\/www.shin-heae-kang.com\/en\/wp-json\/wp\/v2\/types\/page"}],"author":[{"embeddable":true,"href":"http:\/\/www.shin-heae-kang.com\/en\/wp-json\/wp\/v2\/users\/1"}],"replies":[{"embeddable":true,"href":"http:\/\/www.shin-heae-kang.com\/en\/wp-json\/wp\/v2\/comments?post=274"}],"version-history":[{"count":3,"href":"http:\/\/www.shin-heae-kang.com\/en\/wp-json\/wp\/v2\/pages\/274\/revisions"}],"predecessor-version":[{"id":429,"href":"http:\/\/www.shin-heae-kang.com\/en\/wp-json\/wp\/v2\/pages\/274\/revisions\/429"}],"up":[{"embeddable":true,"href":"http:\/\/www.shin-heae-kang.com\/en\/wp-json\/wp\/v2\/pages\/262"}],"wp:attachment":[{"href":"http:\/\/www.shin-heae-kang.com\/en\/wp-json\/wp\/v2\/media?parent=274"}],"curies":[{"name":"wp","href":"https:\/\/api.w.org\/{rel}","templated":true}]}}