{"id":301,"date":"2016-09-02T10:45:30","date_gmt":"2016-09-02T08:45:30","guid":{"rendered":"http:\/\/web.c-307.maxcluster.net\/shinheae\/?page_id=301"},"modified":"2017-09-19T06:39:57","modified_gmt":"2017-09-19T04:39:57","slug":"2003-2","status":"publish","type":"page","link":"http:\/\/www.shin-heae-kang.com\/en\/presse\/2003-2\/","title":{"rendered":"2003"},"content":{"rendered":"<p class=\"qtranxs-available-languages-message qtranxs-available-languages-message-en\">Sorry, this entry is only available in <a href=\"http:\/\/www.shin-heae-kang.com\/de\/wp-json\/wp\/v2\/pages\/301\" class=\"qtranxs-available-language-link qtranxs-available-language-link-de\" title=\"Deutsch\">German<\/a>. For the sake of viewer convenience, the content is shown below in the alternative language. You may click the link to switch the active language.<\/p><h2>Die Nacht war das zentrale Motiv<\/h2>\n<p>&#8220;Viel Beifall f\u00fcr die 16-j\u00e4hrige Shin Heae Kang &#8211; F\u00fcr einen guten Zweck spielte Shin-Heae Kang in Louisenlund &#8211; Pianistin Shin-Heae Kang w\u00e4hlte n\u00e4chtliche St\u00fccke von Chopin, Beethoven, Ravel und Liszt, ausgehend von Bachs &#8220;Chaconne in d-Moll&#8221;, in der Klavierbearbeitung von Ferruccio Busoni. &#8220;Ich h\u00f6rte Bachs &#8220;Chaconne&#8221; auf der Violine und war begeistert von dem St\u00fcck&#8221;, erkl\u00e4rte die erst 16-j\u00e4hrige Pianistin ihre Wahl. Sie suchte passende St\u00fccke f\u00fcr einen Klavierabend und fand sie in Chopins &#8220;Nocturne&#8221;, Beethovens &#8220;Mondscheinsonate in cis-Moll&#8221; und Ravels &#8220;Gaspard de la Nuit&#8221;. Der &#8220;Liebestraum&#8221; und die &#8220;Ungarische Rhapsodie&#8221; von Liszt boten einen interessanten Kontrast zu den strengen T\u00f6nen Ravels. Shin-Heae Kangs Auswahl wie auch ihr Spiel fanden \u00fcberw\u00e4ltigenden Beifall bei den G\u00e4sten.&#8221;<\/p>\n<p><em>ECKERNF\u00d6RDER ZEITUNG<\/em><\/p>\n<hr \/>\n<h2>Ein gutes Ohr an schneller Hand<\/h2>\n<p>&#8220;Direkt aus der Fingerfolterkammer stammt das Klavier-Repertoire, das Shin-Heae Kang diesmal an den Lorentzendamm mitgebracht hat. Eine kleine Phase innerer Sammlng, dann senkt die Sechzehnj\u00e4hrige den Kopf hinter den Tastendeckel, als wollte sie bei rasanten Fahrt durch Tont\u00e4ler und -berge den Windwiderstand senken und gleichzeitig der manuellen Antriebsmechanik m\u00f6glichst nahe sein. Beispielsweise durch Maurice Ravels dreis\u00e4tziges Klavierfarbenwunderwerk Gaspard de la nuit, das ohne Frage Spitzenwerte auf der Schwierigkeitsskala erreicht. Bemerkenswert, wie raffiniert und ohne vordergr\u00fcndiges Gedonner Shin-Heae Kang die kleinen und gro\u00dfen Klangwucherungen organisch modelliert. Ganz schlicht und mit hoher Anschlagskultur l\u00e4sst sie unterm Galgen (Le Gibet) unger\u00fchrt unabl\u00e4ssig die Totenglocke l\u00e4uten, bevor die wahnwitzigen Bizarrerien des Scarbo auf den Punkt gezirkelt werden.<\/p>\n<p>Nicht nur hier d\u00fcrfen sich der Verein der Musikfreunde und die talentf\u00f6rdernde Sparkasse Kiel gl\u00fccklich sch\u00e4tzen, mit ihrem Auftrittsforum &#8220;Meisterklasse&#8221; ins Schwarze getroffen zu haben. Das begeisterte Publikum in der prallvollen Kundenhalle sieht das nicht anders. Und doch staunt man \u00fcber den gr\u00fcblerisch-warmen, &#8220;orchestralen&#8221; Ton, den Kang erreicht, \u00fcber viele sch\u00f6n modellierten Melodiephrasen und Nebenstimmenvaleurs. Da geht die Pianistin \u00fcber eine rein technische Bew\u00e4ltigung sowieso, aber auch \u00fcber unbek\u00fcmmert jugendlichen Schwung hinaus. Vor allem aber resultiert es aus einem hochbegabten Ohr.\u201c<\/p>\n<p><em>KIELER NACHRICHTEN<\/em><\/p>\n<hr \/>\n<p>&nbsp;<\/p>\n<p>&#8220;Der 16-j\u00e4hrigen Shin-Heae Kang kann man eine gro\u00dfe musikalische Reife bescheinigen. In drei St\u00fccken von Maurice Ravel setzte sie gekonnt dessen von zartem Pastell \u2013 bis zu kr\u00e4ftigen Farbton reichende Klangpalette um. Energisch im Zugriff, zeichnet ihr Spiel trotzdem eine leichtf\u00fc\u00dfige Eleganz aus.\u201c<\/p>\n<p><em>LINGENER TAGESPOST<\/em><\/p>\n<hr \/>\n<p>&nbsp;<\/p>\n<p>&#8220;Ungleich mehr Ernst von seinem Publikum verlangte dagegen Maurice Ravels Klavierkonzert G-Dur, in dem die nunmehr fast 16-j\u00e4hrige Shin-Heae Kang erneut brillant unter Beweis stellte, inwieweit sie mit den Anforderungen des gro\u00dfen Konzert-Repertoires zu wachsen im Stande ist.<\/p>\n<p>Nicht auftrumpfende Virtuosit\u00e4t, sondern perlende Eleganz kennzeichnete dabei ihre Ravel-Interpretation in den Rahmens\u00e4tzen, w\u00e4hrend im langsamen Mittelsatz geheimnisvoll weich ineinanderflie\u00dfende Kl\u00e4nge nicht nur von Kangs bereits fein entwickelter Kunst der \u00dcberg\u00e4nge ein beredetes Zeugnis ablegten, sondern auch von einem nahezu instinktiven Stilverst\u00e4ndnis der jungen Pianistin. Im zugegebenen Pr\u00e9lude von Sergej Rachmaninow wusste sie nicht weniger auf Anhieb den rechten Ton zu finden.\u201c<\/p>\n<p><em>KIELER NACHRICHTEN<\/em><\/p>\n<hr \/>\n<p>&nbsp;<\/p>\n<p>&#8220;Star des Abends war die Pianistin Shin-Heae Kang, die bereits mit zahlreichen Musikpreisen ausgezeichnet wurde. Die in Kiel geborene Tochter koreanischer Eltern riss mit ihrem brillantem Spiel die Zuh\u00f6rer f\u00f6rmlich von den Sitzen.\u201c<\/p>\n<p><em>DIE WELT<\/em><\/p>\n<hr \/>\n<h2>Junges Nachwuchs-Talent brillierte<\/h2>\n<p>&#8220;Shin-Heae Kang spielte, und es wurde ein gro\u00dfer Erfolg. Rund 200 Besucher verfolgten ihren Vortrag am Steinway-Fl\u00fcgel. Die 16-j\u00e4hrige Koreanerin spielte etwa zwei Stunden lang Werke von Bach-Busoni, Chopin, Schubert, Beethoven und Liszt. Nach dem Konzert war man sich einig: Dieser jungen Pianistin ist eine gro\u00dfe Karriere beschieden. Die gut ausgesuchten St\u00fccke brachten ihre Ausdrucksf\u00e4higkeit voll zur Geltung. &#8220;Sie hat ausgezeichnet gespielt, sehr professionell, es gab zwei Zugaben. Shin-Heae Kang ist ein junges Nachwuchstalent, das einen sehr sensiblen und ausdifferenzierten Vortrag geboten hat.&#8221;<\/p>\n<p><em>GLINDER ZEITUNG<\/em>","protected":false},"excerpt":{"rendered":"<p>Sorry, this entry is only available in German. For the sake of viewer convenience, the content is shown below in the alternative language. You may click the link to switch the active language.Die Nacht war das zentrale Motiv &#8220;Viel Beifall f\u00fcr die 16-j\u00e4hrige Shin Heae Kang &#8211; F\u00fcr einen guten Zweck spielte Shin-Heae Kang in Louisenlund &#8211; Pianistin Shin-Heae Kang &#8230; <\/p>\n<div><a href=\"http:\/\/www.shin-heae-kang.com\/en\/presse\/2003-2\/\" class=\"more-link\">Read More<\/a><\/div>\n","protected":false},"author":1,"featured_media":0,"parent":262,"menu_order":0,"comment_status":"closed","ping_status":"closed","template":"","meta":[],"yoast_head":"<!-- This site is optimized with the Yoast SEO plugin v19.14 - https:\/\/yoast.com\/wordpress\/plugins\/seo\/ -->\n<title>2003 - Shin-Heae Kang<\/title>\n<meta name=\"robots\" content=\"index, follow, max-snippet:-1, max-image-preview:large, max-video-preview:-1\" \/>\n<link rel=\"canonical\" href=\"http:\/\/www.shin-heae-kang.com\/en\/presse\/2003-2\/\" \/>\n<meta property=\"og:locale\" content=\"en_US\" \/>\n<meta property=\"og:type\" content=\"article\" \/>\n<meta property=\"og:title\" content=\"2003 - Shin-Heae Kang\" \/>\n<meta property=\"og:description\" content=\"Sorry, this entry is only available in German. For the sake of viewer convenience, the content is shown below in the alternative language. You may click the link to switch the active language.Die Nacht war das zentrale Motiv &#8220;Viel Beifall f\u00fcr die 16-j\u00e4hrige Shin Heae Kang &#8211; F\u00fcr einen guten Zweck spielte Shin-Heae Kang in Louisenlund &#8211; Pianistin Shin-Heae Kang ... Read More\" \/>\n<meta property=\"og:url\" content=\"http:\/\/www.shin-heae-kang.com\/en\/presse\/2003-2\/\" \/>\n<meta property=\"og:site_name\" content=\"Shin-Heae Kang\" \/>\n<meta property=\"article:modified_time\" content=\"2017-09-19T04:39:57+00:00\" \/>\n<meta name=\"twitter:card\" content=\"summary_large_image\" \/>\n<meta name=\"twitter:label1\" content=\"Est. reading time\" \/>\n\t<meta name=\"twitter:data1\" content=\"3 minutes\" \/>\n<script type=\"application\/ld+json\" class=\"yoast-schema-graph\">{\"@context\":\"https:\/\/schema.org\",\"@graph\":[{\"@type\":\"WebPage\",\"@id\":\"http:\/\/www.shin-heae-kang.com\/en\/presse\/2003-2\/\",\"url\":\"http:\/\/www.shin-heae-kang.com\/en\/presse\/2003-2\/\",\"name\":\"2003 - Shin-Heae Kang\",\"isPartOf\":{\"@id\":\"http:\/\/www.shin-heae-kang.com\/en\/#website\"},\"datePublished\":\"2016-09-02T08:45:30+00:00\",\"dateModified\":\"2017-09-19T04:39:57+00:00\",\"breadcrumb\":{\"@id\":\"http:\/\/www.shin-heae-kang.com\/en\/presse\/2003-2\/#breadcrumb\"},\"inLanguage\":\"en-US\",\"potentialAction\":[{\"@type\":\"ReadAction\",\"target\":[\"http:\/\/www.shin-heae-kang.com\/en\/presse\/2003-2\/\"]}]},{\"@type\":\"BreadcrumbList\",\"@id\":\"http:\/\/www.shin-heae-kang.com\/en\/presse\/2003-2\/#breadcrumb\",\"itemListElement\":[{\"@type\":\"ListItem\",\"position\":1,\"name\":\"Startseite\",\"item\":\"http:\/\/www.shin-heae-kang.com\/en\/\"},{\"@type\":\"ListItem\",\"position\":2,\"name\":\"Press Reviews\",\"item\":\"http:\/\/www.shin-heae-kang.com\/en\/presse\/\"},{\"@type\":\"ListItem\",\"position\":3,\"name\":\"2003\"}]},{\"@type\":\"WebSite\",\"@id\":\"http:\/\/www.shin-heae-kang.com\/en\/#website\",\"url\":\"http:\/\/www.shin-heae-kang.com\/en\/\",\"name\":\"Shin-Heae Kang\",\"description\":\"Pianist\",\"potentialAction\":[{\"@type\":\"SearchAction\",\"target\":{\"@type\":\"EntryPoint\",\"urlTemplate\":\"http:\/\/www.shin-heae-kang.com\/en\/?s={search_term_string}\"},\"query-input\":\"required name=search_term_string\"}],\"inLanguage\":\"en-US\"}]}<\/script>\n<!-- \/ Yoast SEO plugin. -->","yoast_head_json":{"title":"2003 - Shin-Heae Kang","robots":{"index":"index","follow":"follow","max-snippet":"max-snippet:-1","max-image-preview":"max-image-preview:large","max-video-preview":"max-video-preview:-1"},"canonical":"http:\/\/www.shin-heae-kang.com\/en\/presse\/2003-2\/","og_locale":"en_US","og_type":"article","og_title":"2003 - Shin-Heae Kang","og_description":"Sorry, this entry is only available in German. For the sake of viewer convenience, the content is shown below in the alternative language. You may click the link to switch the active language.Die Nacht war das zentrale Motiv &#8220;Viel Beifall f\u00fcr die 16-j\u00e4hrige Shin Heae Kang &#8211; F\u00fcr einen guten Zweck spielte Shin-Heae Kang in Louisenlund &#8211; Pianistin Shin-Heae Kang ... Read More","og_url":"http:\/\/www.shin-heae-kang.com\/en\/presse\/2003-2\/","og_site_name":"Shin-Heae Kang","article_modified_time":"2017-09-19T04:39:57+00:00","twitter_card":"summary_large_image","twitter_misc":{"Est. reading time":"3 minutes"},"schema":{"@context":"https:\/\/schema.org","@graph":[{"@type":"WebPage","@id":"http:\/\/www.shin-heae-kang.com\/en\/presse\/2003-2\/","url":"http:\/\/www.shin-heae-kang.com\/en\/presse\/2003-2\/","name":"2003 - Shin-Heae Kang","isPartOf":{"@id":"http:\/\/www.shin-heae-kang.com\/en\/#website"},"datePublished":"2016-09-02T08:45:30+00:00","dateModified":"2017-09-19T04:39:57+00:00","breadcrumb":{"@id":"http:\/\/www.shin-heae-kang.com\/en\/presse\/2003-2\/#breadcrumb"},"inLanguage":"en-US","potentialAction":[{"@type":"ReadAction","target":["http:\/\/www.shin-heae-kang.com\/en\/presse\/2003-2\/"]}]},{"@type":"BreadcrumbList","@id":"http:\/\/www.shin-heae-kang.com\/en\/presse\/2003-2\/#breadcrumb","itemListElement":[{"@type":"ListItem","position":1,"name":"Startseite","item":"http:\/\/www.shin-heae-kang.com\/en\/"},{"@type":"ListItem","position":2,"name":"Press Reviews","item":"http:\/\/www.shin-heae-kang.com\/en\/presse\/"},{"@type":"ListItem","position":3,"name":"2003"}]},{"@type":"WebSite","@id":"http:\/\/www.shin-heae-kang.com\/en\/#website","url":"http:\/\/www.shin-heae-kang.com\/en\/","name":"Shin-Heae Kang","description":"Pianist","potentialAction":[{"@type":"SearchAction","target":{"@type":"EntryPoint","urlTemplate":"http:\/\/www.shin-heae-kang.com\/en\/?s={search_term_string}"},"query-input":"required name=search_term_string"}],"inLanguage":"en-US"}]}},"_links":{"self":[{"href":"http:\/\/www.shin-heae-kang.com\/en\/wp-json\/wp\/v2\/pages\/301"}],"collection":[{"href":"http:\/\/www.shin-heae-kang.com\/en\/wp-json\/wp\/v2\/pages"}],"about":[{"href":"http:\/\/www.shin-heae-kang.com\/en\/wp-json\/wp\/v2\/types\/page"}],"author":[{"embeddable":true,"href":"http:\/\/www.shin-heae-kang.com\/en\/wp-json\/wp\/v2\/users\/1"}],"replies":[{"embeddable":true,"href":"http:\/\/www.shin-heae-kang.com\/en\/wp-json\/wp\/v2\/comments?post=301"}],"version-history":[{"count":3,"href":"http:\/\/www.shin-heae-kang.com\/en\/wp-json\/wp\/v2\/pages\/301\/revisions"}],"predecessor-version":[{"id":420,"href":"http:\/\/www.shin-heae-kang.com\/en\/wp-json\/wp\/v2\/pages\/301\/revisions\/420"}],"up":[{"embeddable":true,"href":"http:\/\/www.shin-heae-kang.com\/en\/wp-json\/wp\/v2\/pages\/262"}],"wp:attachment":[{"href":"http:\/\/www.shin-heae-kang.com\/en\/wp-json\/wp\/v2\/media?parent=301"}],"curies":[{"name":"wp","href":"https:\/\/api.w.org\/{rel}","templated":true}]}}