{"id":2,"date":"2016-05-07T12:29:10","date_gmt":"2016-05-07T10:29:10","guid":{"rendered":"http:\/\/web.c-307.maxcluster.net\/shinheae\/?page_id=2"},"modified":"2020-09-29T11:41:25","modified_gmt":"2020-09-29T09:41:25","slug":"biographie","status":"publish","type":"page","link":"http:\/\/www.shin-heae-kang.com\/fr\/biographie\/","title":{"rendered":"Biographie"},"content":{"rendered":"<a href=\"http:\/\/www.shin-heae-kang.com\/de\/biographie\/\">Biography auf deutsch<\/a> \u00b7\u00a0<a href=\"http:\/\/www.shin-heae-kang.com\/en\/biographie\/\">Biography in english<\/a> \u00b7\u00a0<a href=\"http:\/\/www.shin-heae-kang.com\/kr\/biographie\/\">\ubc14\uc774\uc624\uadf8\ub77c\ud53c<\/a><\/p>\n<blockquote><p>\u00ab Shin-Heae Kang est une pianiste magnifique. Elle a toutes les qualit\u00e9s, superbe technique, musicalit\u00e9 s\u00e9rieuse et d\u00e9vou\u00e9e, tr\u00e8s grand r\u00e9pertoire. Je la recommande fortement \u00e0 votre attention. \u00bb &#8211; <strong>MARTHA ARGERICH<\/strong><\/p>\n<p>\u00ab Une conversation vraiment brillante entre deux pianistes et l&rsquo;orchestre &#8211; le Concerto pour deux pianos de Poulenc interpr\u00e9t\u00e9 par Martha Argerich et Shin-Heae Kang avec le NDR Radiophilharmonie Orchestre dirig\u00e9 par Andrew Manze &#8230; La plus d\u00e9licate et la plus charmante des F\u00e9es Drag\u00e9es. \u00bb &#8211; <strong>BBC RADIO 3<\/strong><\/p>\n<p>\u00ab C\u00b4est une interpr\u00e9tation excellente d&rsquo;une oeuvre magnifique par une pianiste spectaculairement talentueuse. Il y a un jeu absolument beau et intelligent ici, et une virtuosit\u00e9 splendide. Mme Kang certainement m\u00e9rite l&rsquo;attention qu&rsquo;elle a re\u00e7ue et elle est clairement une artiste \u00e0 surveiller. \u00bb &#8211; <strong>MUSIC WEB INTERNATIONAL<\/strong><\/p>\n<p>\u00ab La musicalit\u00e9 est absolument impressionnante. Chaque bar respire une grande exp\u00e9rience, un sens du style et une humanit\u00e9 profonde. Elle met toute sa ma\u00eetrise technique au service d&rsquo;une dramaturgie coh\u00e9rente, expose des facettes de la musique qui sont souvent recouvertes par la virtuosit\u00e9 dans des autres interpr\u00e9tations. \u00bb &#8211; <strong>NDR KULTUR<\/strong><\/p>\n<p>\u00ab En plus de la virtuosit\u00e9 son jeu est aussi tout simplement exemplaire dans des oeuvres \u00e9motionnellement expressives. \u00bb &#8211; <strong>PIANO NEWS<\/strong><\/p>\n<p>\u00ab La pianiste Shin-Heae Kang ne se contente pas de repr\u00e9senter l&rsquo;ascension sur l&rsquo;\u00e9chelle de la virtuosit\u00e9 de variation en variation tr\u00e8s agilement et rapidement, mais elle donne aux oeuvres brillantes et bien connues un ton de base noble et vif d\u2019esprit duquel toutes sortes de feux d\u2019artifice color\u00e9s peuvent \u00eatre tir\u00e9s. \u00bb &#8211; <strong>DEUTSCHLANDFUNK KULTUR<\/strong><\/p>\n<p>\u00ab Un multi-talent modeste \u00bb &#8211; <strong>HANNOVERSCHE ALLGEMEINE ZEITUNG<\/strong><\/p>\n<p>\u00ab Dans un programme avec des compositions de Liszt elle a techniquement tout pour jouer avec une grande virtuosit\u00e9 et musicalement l&rsquo;intelligence pour subordonner la virtuosit\u00e9 au service de la musique. Ces qualit\u00e9s laissent sa interpr\u00e9tation appara\u00eetre tellement diff\u00e9renci\u00e9e. \u00bb &#8211; <strong>PIZZICATO<\/strong><\/p>\n<p>\u00ab La d\u00e9butante du Festival la jeune pianiste Shin-Heae Kang jouait des oeuvres de Liszt et Schumann avec le plus grand professionnalisme (\u2026) et elle a prouv\u00e9 toutes les qualit\u00e9s pour une grande carri\u00e8re de concert \u00bb &#8211; <strong>MARIINSKY TH\u00c9\u00c2TRE MAGAZINE SAINT-P\u00c9TERSBOURG \/ MARIINSKY INTERNATIONAL PIANO FESTIVAL R\u00c9CITAL D\u00c9BUT<\/strong><\/p>\n<p>\u00ab Shin-Heae Kang impressionne comme une pianiste avec des accomplissements techniques consid\u00e9rables faisant toujours l\u2019attention \u00e0 donner une empreinte personnelle \u00e0 tout ce qu&rsquo;elle joue. \u00bb &#8211; <strong>GRAMOPHONE<\/strong><\/p>\n<p>\u00ab Le Star de la soir\u00e9e \u00e9tait la pianiste Shin-Heae Kang, qui est n\u00e9e \u00e0 Kiel des parents cor\u00e9ens et qui a d\u00e9j\u00e0 remport\u00e9 de nombreux prix de la musique. Elle planifiait l\u00b4audience litt\u00e9ralement hors de leurs si\u00e8ges avec son jeu brillant. \u00bb &#8211; <strong>DIE WELT<\/strong><\/p>\n<p>\u00ab Un effet WOW grandiose dans le r\u00e9cital avec l\u00b4un de top pianiste internationale Shin-Heae Kang \u00bb &#8211; <strong>THE KUKMIN ILBO DAILY NEWSPAPER COR\u00c9E DU SUD \/ KOREAN NAVER<\/strong><\/p>\n<p>\u00ab Elle domine l\u2019instrument compl\u00e8tement, il est comme si c\u2019\u00e9tait une partie d\u2019elle-m\u00eame. \u00bb &#8211; <strong>NIEDERS\u00c4CHSISCHES TAGEBLATT<\/strong><\/p>\n<p>\u00ab En route vers une carri\u00e8re internationale \u00bb &#8211; <strong>SCHLESWIG-HOLSTEIN MUSIK FESTIVAL R\u00c9CITAL D\u00c9BUT<\/strong><\/p>\n<p>\u00ab Sur son nouvel Liszt album on peut d\u00e9couvrir Shin-Heae Kang comme un po\u00e8te sensible du son au piano et aussi comme une virtuose intr\u00e9pide avec une grande technique pianistique. \u00bb &#8211; <strong>RADIO BREMEN<\/strong><\/p><\/blockquote>\n<p>\u00abLa musicalit\u00e9 est absolument impressionnante. Chaque bar respire une grande exp\u00e9rience, un sens du style et une humanit\u00e9 profonde\u00bb, d\u00e9crit NDR Kultur l\u00b4art de Shin-Heae Kang. Piano News \u00e9crit \u00e9galement \u00aben plus de la virtuosit\u00e9 son jeu est aussi tout simplement exemplaire dans des oeuvres \u00e9motionnellement expressives\u00bb. \u00abUne virtuose intr\u00e9pide avec une grande technique pianistique\u00bb a profond\u00e9ment impressionn\u00e9 Radio Bremen \u00abc\u00b4est une interpr\u00e9tation excellente d&rsquo;une oeuvre magnifique par une pianiste spectaculairement talentueuse\u00bb \u00e9crit aussi MusicWeb International.<\/p>\n<p>Shin-Heae Kang est devenue internationalement connue, surtout apr\u00e8s le concert spectaculaire aux deux pianos ensemble avec la pianiste l\u00e9gendaire Martha Argerich et le NDR Radiophilharmonie Orchestre sous la direction du chef d&rsquo;orchestre Andrew Manze au Concert du Nouvel An de la NDR Radiophilharmonie dans la Salle Kuppelsaal \u00e0 Hanovre o\u00f9 ils ont interpr\u00e9t\u00e9 le Concerto pour deux pianos et orchestre de Francis Poulenc. Comme un projet communautaire exceptionnel par l&rsquo;Union Europ\u00e9enne de Radio-T\u00e9l\u00e9vision (UER) le concert a \u00e9t\u00e9 diffus\u00e9 en direct internationalement. Depuis, le concert est diffus\u00e9 r\u00e9guli\u00e8rement dans beaucoup de pays par exemple sur BBC Radio 3 Royaume-Uni, RT\u00c9 Irlande, NRK Klassisk Radio Norv\u00e8ge, Sveriges Radio Su\u00e8de, Klara Radio Belgique, Radio Rom\u00e2nia Muzical Roumanie, HRT Hrvatski Radio Croatie, Polskie Radio Pologne, ORF \u00d61 Radio Autriche, Radio Cl\u00e1scia Espagne, RTP R\u00e1dio e Televis\u00e3o Portugal etc. \u00abUne conversation vraiment brillante entre deux pianistes et l&rsquo;orchestre\u00bb a enthousiasm\u00e9 BBC Radio 3 apr\u00e8s le concert.<\/p>\n<p>Shin-Heae Kang a donn\u00e9 son premier concert \u00e0 l\u2019\u00e2ge de cinq ans. \u00c0 l\u2019\u00e2ge de 9 ans, elle a donn\u00e9 son premier concerto pour piano et orchestre, o\u00f9 elle a jou\u00e9 le Concerto pour piano de Mozart no. 8 KV 246. Ce concert \u00e9tait suivi par de nombreux concerts et r\u00e9citals de piano. \u00c0 l\u2019\u00e2ge de 12 ans, elle a donn\u00e9 ses d\u00e9buts Philharmonic dans la Grande Salle de la Berliner Philharmonie, o\u00f9 elle a jou\u00e9 le Concerto pour piano no. 1 de F\u00e9lix Mendelssohn Bartholdy avec les Berliner Symphoniker. Dans la m\u00eame ann\u00e9e, elle a jou\u00e9 le Concerto pour piano no. 2 en fa mineur de Fr\u00e9d\u00e9ric Chopin. \u00c0 l\u00b4\u00e2ge de 15 ans Shin-Heae Kang a jou\u00e9 dans une soir\u00e9e de concert la Fantaisie hongroise pour piano et orchestre de Franz Liszt et le Konzertst\u00fcck \u00e9galement pour piano et orchestre en fa mineur de Carl Maria von Weber. En 2003, elle a donn\u00e9 des concerts avec le Concerto pour piano en sol majeur de Maurice Ravel, le Concerto pour trois pianos KV 242 de Wolfgang Amadeus Mozart avec le Staatsorchester Braunschweig, et les deux concertos pour piano de F\u00e9lix Mendelssohn Bartholdy dans une soir\u00e9e avec un grand succ\u00e8s dans la Grande Salle de la Laeiszhalle \u00e0 Hambourg. Depuis, elle joue r\u00e9guli\u00e8rement des nombreux concertos avec des diff\u00e9rents orchestres renomm\u00e9s et des chefs d\u2019orchestre prestigieux.<\/p>\n<p>Elle a jou\u00e9 dans diverses villes en Europe, en Asie et aux \u00c9tats-Unis. Puis, elle a jou\u00e9 lors de l\u2019Exposition universelle (EXPO) \u00e0 Hanovre, au Schloss Elmau, dans la Grande Salle de la Laeiszhalle \u00e0 Hambourg, dans la Deutsches Haus \u00e0 Flensbourg, dans la Grande Salle de la Berliner Philharmonie, dans la Salle de Konzerthaus Berlin, dans la Braunschweiger Stadthalle, la Wiener Saal \u00e0 Salzbourg, dans la Grande Salle du Th\u00e9\u00e2tre \u00e0 San Juan \u00e0 Porto Rico, dans le Mariinsky Th\u00e9\u00e2tre de Saint-P\u00e9tersbourg, \u00e0 Munich, Baden-Baden, D\u00fcsseldorf, Lugano, Gstaad, Florence, Rome, Majorque, Barcelone, Incheon etc.<\/p>\n<p>Shin-Heae Kang est r\u00e9guli\u00e8rement invit\u00e9e des festivals renomm\u00e9s, le Festival Kissinger Sommer, le Festival Classix \u00e0 Brunswick, pour le Festival Sommets Musicaux de Gstaad, le Festival d\u2019\u00e9t\u00e9 des Alpes Klassiks \u00e0 Bad Reichenhall, le Festival \u00e0 Passau, le Bodensee-Festival et \u00e0 de nombreux autres festivals. Elle a jou\u00e9 \u00e9galement \u00e0 l\u00b4invitation de la Soci\u00e9t\u00e9 de Brahms \u00e0 Schleswig-Holstein \u00e0 Heide et dans le Centre de recherche de Brahms de l\u2019Institut musicologie \u00e0 Kiel, elle \u00e9tait invit\u00e9e par la Soci\u00e9t\u00e9 de Brahms \u00e0 Baden-Baden pour donner des concerts de musique de chambre au Brahms-Haus-Studio, et aussi par des Soci\u00e9t\u00e9s de Robert Schumann \u00e0 D\u00fcsseldorf et \u00e0 Zwickau pour jouer des r\u00e9citals de piano. En 2008, elle a re\u00e7u une invitation pour visiter Puerto Rico, o\u00f9 elle a fait ses d\u00e9buts am\u00e9ricains avec un r\u00e9cital de piano dans la Grande Salle du Th\u00e9\u00e2tre \u00e0 San Juan et o\u00f9 elle a donn\u00e9 une masterclass et une conf\u00e9rence \u00e0 l\u2019universit\u00e9. Elle donne des masterclasses en Allemagne.<\/p>\n<p>En 2012, elle a fait ses d\u00e9buts au Festival Progetto Martha Argerich \u00e0 l\u2019invitation de Martha Argerich \u00e0 Lugano en Suisse avec un r\u00e9cital de piano. En 2015 elle a donn\u00e9 \u00e9galement ses d\u00e9buts avec un r\u00e9cital de piano au Mariinsky International Piano Festival dans le Mariinsky Th\u00e9\u00e2tre \u00e0 Saint-P\u00e9tersbourg en Russie, et pendant l\u00b4\u00e9t\u00e9 de la m\u00eame ann\u00e9e elle a aussi fait ses d\u00e9buts au Schleswig-Holstein Musik Festival avec un brillant r\u00e9cital de piano. En 2017, elle a fait ses d\u00e9buts en Cor\u00e9e du Sud avec un r\u00e9cital. Le concert a re\u00e7u des r\u00e9actions grandioses par le public et les m\u00e9dias et elle a re\u00e7u des r\u00e9-invitations pour les ann\u00e9es \u00e0 venir.<\/p>\n<p>Elle est invit\u00e9e par de nombreuses stations de radio et de t\u00e9l\u00e9vision en Europe, en Asie et aux \u00c9tats-Unis.<\/p>\n<p>En septembre 2019, l&rsquo;album \u00ab\u00a0Kaleidoscope\u00a0\u00bb avec des oeuvres pour piano solo de Franz Liszt est publi\u00e9 internationalement par le label Oehms Classics. Le CD a re\u00e7u des critiques excellentes de m\u00e9dias internationaux, a \u00e9t\u00e9 \u00e9lu plusieurs fois pour Critics\u2019 Choice Recording et a \u00e9t\u00e9 pr\u00e9sent\u00e9 en d\u00e9tail par beaucoup de stations de radio comme NDR Kultur, Bayerischer Rundfunk, Radio France, Deutschlandfunk Kultur, Radio Bremen etc.<\/p>\n<p>Shin-Heae Kang a re\u00e7u de nombreux prix de la musique, des prix sp\u00e9ciaux et des bourses de diverses institutions et elle a remport\u00e9 plusieurs concours de piano. Elle a re\u00e7u des bourses de la Marie-Luise-Imbusch-Fondation \u00e0 L\u00fcbeck, elle a \u00e9t\u00e9 support\u00e9 par des Lions Clubs diff\u00e9rents et internationaux, des Rotary Clubs et le Zonta Club, en \u00e9t\u00e9 2005 elle a \u00e9tudi\u00e9 les oeuvres compl\u00e8tes de Beethoven, les sonates et les concertos pour piano et orchestre au cours sp\u00e9cial de Beethoven \u00e0 Positano comme la plus jeune boursi\u00e8re de la Wilhelm-Kempff-Fondation. En 2006, elle a \u00e9t\u00e9 honor\u00e9e comme la plus jeune laur\u00e9ate de l\u2019histoire de l\u2019Ordre des Druides allemand avec le prix d\u2019honneur, un prix qu\u2019ont \u00e9galement re\u00e7u Karlheinz B\u00f6hm ou le th\u00e9ologien Prof. Hans K\u00fcng par exemple. En 2012 et en 2015, elle a re\u00e7u une invitation de la Brahms-Fondation Internationale pour un s\u00e9jour de travail au Brahms-Haus-Studio \u00e0 Baden-Baden. \u00c0 l\u2019invitation de NDR Kultur (Northern German Broadcasting) \u00ab Podium der Jungen \u00bb, elle a fait des enregistrements au Rolf-Liebermann-Studio Hamburg pour un portrait.<\/p>\n<p>Shin-Heae Kang, pianiste allemande d\u2019origine cor\u00e9enne, est n\u00e9e en 1987 \u00e0 Kiel. Elle a commenc\u00e9 \u00e0 jouer le piano \u00e0 l\u2019oreille \u00e0 l\u2019\u00e2ge de deux ans. Elle a re\u00e7u ses premi\u00e8res le\u00e7ons de piano \u00e0 l\u2019\u00e2ge de trois ans. Depuis l\u2019\u00e2ge de six ans, elle a fait des \u00e9tudes \u00e0 l\u2019Universit\u00e9 de Musique de L\u00fcbeck, et depuis 2001 elle a \u00e9tudi\u00e9 \u00e0 l\u2019Universit\u00e9 de Musique, Th\u00e9\u00e2tre et M\u00e9dias \u00e0 Hanovre avec le professeur Karl-Heinz K\u00e4mmerling, o\u00f9 elle a achev\u00e9 ses \u00e9tudes avec les meilleures notes. Depuis de nombreuses ann\u00e9es, elle re\u00e7oit des impulsions artistiques tr\u00e8s importantes de la pianiste et mentor Martha Argerich et elle est tr\u00e8s fortement encourag\u00e9e par lui.<\/p>\n<p>Elle a fait son baccalaur\u00e9at au lyc\u00e9e Max-Planck-Schule \u00e0 Kiel en domaines de la physique et en fran\u00e7ais avec distinction. Sa th\u00e8se de dipl\u00f4me, elle l\u2019a \u00e9crite sur le sujet \u00abLa connaissance scientifique et l\u2019interpr\u00e9tation artistique \u2013 Observations dans la 3\u00e8me Sonate de Johannes Brahms \u00bb, pour ce qu\u00b4elle a re\u00e7u la meilleure note et aussi une distinction. Elle parle quatre langues.<\/p>\n<p>Outre le piano, elle a \u00e9galement re\u00e7u des le\u00e7ons de violon et de fl\u00fbte et elle \u00e9tait tr\u00e8s active dans le sport. Elle a \u00e9t\u00e9 championne nationale en gymnastique rythmique, elle avait entra\u00een\u00e9 le taekwondo, et elle a jou\u00e9 au football avec une grande passion. Depuis 1997, elle a \u00e9tudi\u00e9 outre le piano la guitare classique come deuxi\u00e8me instrument \u00e0 l\u00b4Universit\u00e9 de L\u00fcbeck. Sur cet instrument elle a donn\u00e9 des concerts aussi et a remport\u00e9 le premier prix au concours national Jugend musiziert. Shin-Heae Kang joue \u00e9galement de la musique de chambre avec d\u2019autres musiciens avec beaucoup de joie. Actuellement elle vit \u00e0 Hambourg et pr\u00e8s de Kiel.<\/p>\n<p><a href=\"http:\/\/www.shin-heae-kang.com\">www.shin-heae-kang.com<\/a><\/p>\n[S&rsquo;il vous pla\u00eet utilisez uniquement ces informations biographiques. Aucun changement ou raccourcissement sans autorisation. Merci beaucoup!]","protected":false},"excerpt":{"rendered":"<p>Biography auf deutsch \u00b7\u00a0Biography in english \u00b7\u00a0\ubc14\uc774\uc624\uadf8\ub77c\ud53c \u00ab Shin-Heae Kang est une pianiste magnifique. Elle a toutes les qualit\u00e9s, superbe technique, musicalit\u00e9 s\u00e9rieuse et d\u00e9vou\u00e9e, tr\u00e8s grand r\u00e9pertoire. Je la recommande fortement \u00e0 votre attention. \u00bb &#8211; MARTHA ARGERICH \u00ab Une conversation vraiment brillante entre deux pianistes et l&rsquo;orchestre &#8211; le Concerto pour deux pianos de Poulenc interpr\u00e9t\u00e9 par Martha &#8230; <\/p>\n<div><a href=\"http:\/\/www.shin-heae-kang.com\/fr\/biographie\/\" class=\"more-link\">Read More<\/a><\/div>\n","protected":false},"author":1,"featured_media":0,"parent":0,"menu_order":0,"comment_status":"closed","ping_status":"open","template":"","meta":[],"yoast_head":"<!-- This site is optimized with the Yoast SEO plugin v19.14 - https:\/\/yoast.com\/wordpress\/plugins\/seo\/ -->\n<title>Biographie - Shin-Heae Kang<\/title>\n<meta name=\"robots\" content=\"index, follow, max-snippet:-1, max-image-preview:large, max-video-preview:-1\" \/>\n<link rel=\"canonical\" href=\"http:\/\/www.shin-heae-kang.com\/de\/biographie\/\" \/>\n<meta property=\"og:locale\" content=\"fr_FR\" \/>\n<meta property=\"og:type\" content=\"article\" \/>\n<meta property=\"og:title\" content=\"Biographie - Shin-Heae Kang\" \/>\n<meta property=\"og:description\" content=\"Biography auf deutsch \u00b7\u00a0Biography in english \u00b7\u00a0\ubc14\uc774\uc624\uadf8\ub77c\ud53c \u00ab Shin-Heae Kang est une pianiste magnifique. Elle a toutes les qualit\u00e9s, superbe technique, musicalit\u00e9 s\u00e9rieuse et d\u00e9vou\u00e9e, tr\u00e8s grand r\u00e9pertoire. Je la recommande fortement \u00e0 votre attention. \u00bb &#8211; MARTHA ARGERICH \u00ab Une conversation vraiment brillante entre deux pianistes et l&rsquo;orchestre &#8211; le Concerto pour deux pianos de Poulenc interpr\u00e9t\u00e9 par Martha ... Read More\" \/>\n<meta property=\"og:url\" content=\"http:\/\/www.shin-heae-kang.com\/de\/biographie\/\" \/>\n<meta property=\"og:site_name\" content=\"Shin-Heae Kang\" \/>\n<meta property=\"article:modified_time\" content=\"2020-09-29T09:41:25+00:00\" \/>\n<meta name=\"twitter:card\" content=\"summary_large_image\" \/>\n<meta name=\"twitter:label1\" content=\"Dur\u00e9e de lecture estim\u00e9e\" \/>\n\t<meta name=\"twitter:data1\" content=\"31 minutes\" \/>\n<script type=\"application\/ld+json\" class=\"yoast-schema-graph\">{\"@context\":\"https:\/\/schema.org\",\"@graph\":[{\"@type\":\"WebPage\",\"@id\":\"http:\/\/www.shin-heae-kang.com\/de\/biographie\/\",\"url\":\"http:\/\/www.shin-heae-kang.com\/de\/biographie\/\",\"name\":\"Biographie - Shin-Heae Kang\",\"isPartOf\":{\"@id\":\"http:\/\/www.shin-heae-kang.com\/en\/#website\"},\"datePublished\":\"2016-05-07T10:29:10+00:00\",\"dateModified\":\"2020-09-29T09:41:25+00:00\",\"breadcrumb\":{\"@id\":\"http:\/\/www.shin-heae-kang.com\/de\/biographie\/#breadcrumb\"},\"inLanguage\":\"fr-FR\",\"potentialAction\":[{\"@type\":\"ReadAction\",\"target\":[\"http:\/\/www.shin-heae-kang.com\/de\/biographie\/\"]}]},{\"@type\":\"BreadcrumbList\",\"@id\":\"http:\/\/www.shin-heae-kang.com\/de\/biographie\/#breadcrumb\",\"itemListElement\":[{\"@type\":\"ListItem\",\"position\":1,\"name\":\"Startseite\",\"item\":\"http:\/\/www.shin-heae-kang.com\/en\/\"},{\"@type\":\"ListItem\",\"position\":2,\"name\":\"Biographie\"}]},{\"@type\":\"WebSite\",\"@id\":\"http:\/\/www.shin-heae-kang.com\/en\/#website\",\"url\":\"http:\/\/www.shin-heae-kang.com\/en\/\",\"name\":\"Shin-Heae Kang\",\"description\":\"Pianistin\",\"potentialAction\":[{\"@type\":\"SearchAction\",\"target\":{\"@type\":\"EntryPoint\",\"urlTemplate\":\"http:\/\/www.shin-heae-kang.com\/en\/?s={search_term_string}\"},\"query-input\":\"required name=search_term_string\"}],\"inLanguage\":\"fr-FR\"}]}<\/script>\n<!-- \/ Yoast SEO plugin. -->","yoast_head_json":{"title":"Biographie - Shin-Heae Kang","robots":{"index":"index","follow":"follow","max-snippet":"max-snippet:-1","max-image-preview":"max-image-preview:large","max-video-preview":"max-video-preview:-1"},"canonical":"http:\/\/www.shin-heae-kang.com\/de\/biographie\/","og_locale":"fr_FR","og_type":"article","og_title":"Biographie - Shin-Heae Kang","og_description":"Biography auf deutsch \u00b7\u00a0Biography in english \u00b7\u00a0\ubc14\uc774\uc624\uadf8\ub77c\ud53c \u00ab Shin-Heae Kang est une pianiste magnifique. Elle a toutes les qualit\u00e9s, superbe technique, musicalit\u00e9 s\u00e9rieuse et d\u00e9vou\u00e9e, tr\u00e8s grand r\u00e9pertoire. Je la recommande fortement \u00e0 votre attention. \u00bb &#8211; MARTHA ARGERICH \u00ab Une conversation vraiment brillante entre deux pianistes et l&rsquo;orchestre &#8211; le Concerto pour deux pianos de Poulenc interpr\u00e9t\u00e9 par Martha ... Read More","og_url":"http:\/\/www.shin-heae-kang.com\/de\/biographie\/","og_site_name":"Shin-Heae Kang","article_modified_time":"2020-09-29T09:41:25+00:00","twitter_card":"summary_large_image","twitter_misc":{"Dur\u00e9e de lecture estim\u00e9e":"31 minutes"},"schema":{"@context":"https:\/\/schema.org","@graph":[{"@type":"WebPage","@id":"http:\/\/www.shin-heae-kang.com\/de\/biographie\/","url":"http:\/\/www.shin-heae-kang.com\/de\/biographie\/","name":"Biographie - Shin-Heae Kang","isPartOf":{"@id":"http:\/\/www.shin-heae-kang.com\/en\/#website"},"datePublished":"2016-05-07T10:29:10+00:00","dateModified":"2020-09-29T09:41:25+00:00","breadcrumb":{"@id":"http:\/\/www.shin-heae-kang.com\/de\/biographie\/#breadcrumb"},"inLanguage":"fr-FR","potentialAction":[{"@type":"ReadAction","target":["http:\/\/www.shin-heae-kang.com\/de\/biographie\/"]}]},{"@type":"BreadcrumbList","@id":"http:\/\/www.shin-heae-kang.com\/de\/biographie\/#breadcrumb","itemListElement":[{"@type":"ListItem","position":1,"name":"Startseite","item":"http:\/\/www.shin-heae-kang.com\/en\/"},{"@type":"ListItem","position":2,"name":"Biographie"}]},{"@type":"WebSite","@id":"http:\/\/www.shin-heae-kang.com\/en\/#website","url":"http:\/\/www.shin-heae-kang.com\/en\/","name":"Shin-Heae Kang","description":"Pianistin","potentialAction":[{"@type":"SearchAction","target":{"@type":"EntryPoint","urlTemplate":"http:\/\/www.shin-heae-kang.com\/en\/?s={search_term_string}"},"query-input":"required name=search_term_string"}],"inLanguage":"fr-FR"}]}},"_links":{"self":[{"href":"http:\/\/www.shin-heae-kang.com\/fr\/wp-json\/wp\/v2\/pages\/2"}],"collection":[{"href":"http:\/\/www.shin-heae-kang.com\/fr\/wp-json\/wp\/v2\/pages"}],"about":[{"href":"http:\/\/www.shin-heae-kang.com\/fr\/wp-json\/wp\/v2\/types\/page"}],"author":[{"embeddable":true,"href":"http:\/\/www.shin-heae-kang.com\/fr\/wp-json\/wp\/v2\/users\/1"}],"replies":[{"embeddable":true,"href":"http:\/\/www.shin-heae-kang.com\/fr\/wp-json\/wp\/v2\/comments?post=2"}],"version-history":[{"count":65,"href":"http:\/\/www.shin-heae-kang.com\/fr\/wp-json\/wp\/v2\/pages\/2\/revisions"}],"predecessor-version":[{"id":594,"href":"http:\/\/www.shin-heae-kang.com\/fr\/wp-json\/wp\/v2\/pages\/2\/revisions\/594"}],"wp:attachment":[{"href":"http:\/\/www.shin-heae-kang.com\/fr\/wp-json\/wp\/v2\/media?parent=2"}],"curies":[{"name":"wp","href":"https:\/\/api.w.org\/{rel}","templated":true}]}}