{"id":307,"date":"2016-09-02T10:45:52","date_gmt":"2016-09-02T08:45:52","guid":{"rendered":"http:\/\/web.c-307.maxcluster.net\/shinheae\/?page_id=307"},"modified":"2017-09-19T06:39:02","modified_gmt":"2017-09-19T04:39:02","slug":"2001-2","status":"publish","type":"page","link":"http:\/\/www.shin-heae-kang.com\/fr\/presse\/2001-2\/","title":{"rendered":"2001"},"content":{"rendered":"<p class=\"qtranxs-available-languages-message qtranxs-available-languages-message-fr\">D\u00e9sol\u00e9, cet article est seulement disponible en <a href=\"http:\/\/www.shin-heae-kang.com\/de\/wp-json\/wp\/v2\/pages\/307\" class=\"qtranxs-available-language-link qtranxs-available-language-link-de\" title=\"Deutsch\">Allemand<\/a>. Pour le confort de l\u2019utilisateur, le contenu est affich\u00e9 ci-dessous dans une autre langue. Vous pouvez cliquer le lien pour changer de langue active.<\/p><h2>Eine der st\u00e4rksten pianistischen Begabungen in ganz Deutschland<\/h2>\n<p>\u00ab\u00a0Die hochbegabte Pianistin gibt ein Konzert &#8211; Franz Liszt, Fr\u00e9d\u00e9ric Chopin, Ludwig van Beethoven, Sergej Prokofieff und Johann Sebastian Bach sind eher ungew\u00f6hnliche Namen in Verbindung mit einem gerade einmal 15-j\u00e4hrigen M\u00e4dchen. Doch Werke dieser ber\u00fchmten Komponisten stehen auf dem Programm der jungen Pianistin Shin-Heae Kang. Shin-Heae Kang geh\u00f6rt zu den begabtesten Klavier-Studentinnen in Deutschland.\u201c<\/p>\n<p><em>SEGEBERGER ZEITUNG<\/em><\/p>\n<hr \/>\n<h2>Eine 14-j\u00e4hrige Meisterin am Piano<\/h2>\n<p>\u00ab\u00a0Sie ist erst 14 Jahre jung und gilt als eine der begabtesten Nachwuchstalente Deutschlands. Sie ist ein kleines zierliches Pers\u00f6nchen und wirkt eher zur\u00fcckhaltend. Doch wenn die 14-j\u00e4hrige Shin-Heae Kang erst einmal an ihrem Fl\u00fcgel sitzt und zum Klavierkonzert aufspielt, dann w\u00e4chst die Tochter koreanischer Eltern \u00fcber sich hinaus und zeigt, wie meisterhaft sie das Spielen beherrscht.\u00a0\u00bb<\/p>\n<p><em>BASSES BLATT<\/em><\/p>\n<hr \/>\n<h2>Star-Nachlese und Wunderkind-Deb\u00fct<\/h2>\n<p>\u00ab\u00a0Die vierte CD, eine halboffizielle Pressung, geht gerade Kieler Klavierfreunde an: Die pianistische Karriere der 14-j\u00e4hrigen Koreanerin Shin-Heae Kang startete von ihrer Geburtsstadt Kiel aus. Wer ihre bisherige Entwicklung staunend verfolgt hat, muss ihr Gro\u00dfes, ja Au\u00dferordentliches zutrauen.<\/p>\n<p>Ihre Deb\u00fct-CD mit hochvirtuosem Programm hat sie im letzten Oktober an gerade mal einem Tag aufgenommen. Wie sie unter solchen Bedingungen Liszt, Chopin, Beethoven, Mendelssohn und Rachmaninov im Griff hat, verschl\u00e4gt einem die Sprache: \u00ab\u00a0Das M\u00e4dchen hat mehr Kraft als sechs Knaben zusammen\u00a0\u00bb, h\u00e4tte Goethe &#8211; wie einst \u00fcber Clara Wieck &#8211; gesagt. Viel Schwung, enorme Brillanz, eine Menge Sensibilit\u00e4t, Gesp\u00fcr f\u00fcr Atmosph\u00e4re hat sie f\u00fcr Liszt und Rachmaninow parat, wirkt dort musikalisch wirklich \u00ab\u00a0erwachsen\u00a0\u00bb. Um ihre Chopin-Technik d\u00fcrften sie schon jetzt Scharen von Pianisten beneiden: Eine frappierende Start-CD!\u201c<\/p>\n<p><em>KIELER NACHRICHTEN<\/em><\/p>\n<hr \/>\n<h2>Befl\u00fcgelter Fl\u00fcgel<\/h2>\n<p>\u00ab\u00a0Die vielfach preisgekr\u00f6nte Jungpianistin und Max-Planck-Sch\u00fclerin Shin-Heae Kang verlieh dem neuen Instrument am Dienstag wahrhaft Fl\u00fcgel. Fast m\u00f6chte man wieder von einem Wunderkind sprechen. Aber die 13-j\u00e4hrige ist pianistisch gesehen kein Kind mehr. Jenseits von Virtuosit\u00e4t, die sie ohnehin beherrscht, hat sie bereits einen sehr individuellen Pers\u00f6nlichkeitsstil entwickelt. Schon die einleitende Sonata a-moll von Domenico Scarlatti erscheint wie eine Erleuchtung. Kang gl\u00e4nzt nicht nur mit technischen Finessen wie einem zauberhaft geschmeidigen Legato und energischen Sforzati im Bass, sondern scheint das St\u00fcck in seinen musikalischen Dimensionen vollst\u00e4ndig durchdrungen zuhaben und nunmehr ihre Lesart dem H\u00f6rer anzubieten.<\/p>\n<p>Noch erstaunlicher wirkt diese sehr eigene musikalische Sprache, die sich der Technik nur noch als Werkzeug kaum mehr als virtuosem Selbstzweck bedient, in Prokofieffs Toccata d-moll. Kang arbeitet in dem komplex \u00fcberstrukturierten Werk Motivlinien heraus, die man meint noch nie darin geh\u00f6rt zu haben. Ebenso entwickeln unter ihren fulminanten Fingern Mozarts Sonate B-Dur KV 333 und Beethovens Sonate B-Dur op. 22 ganz neue Charaktere. Das grandiose Finale bildet Liszts Spanische Rhapsodie. Hier erweist sich Kang als K\u00fcnstlerin mit einer lyrischen Eigendynamik, die ihres Gleichen sucht. Dem sich bescheiden verbeugenden Ausnahmetalent zollte ein begeistertes Publikum stehende Ovationen.\u201c<\/p>\n<p><em>KIELER NACHRICHTEN<\/em><\/p>\n<hr \/>\n<h2>Sternstunde der Klaviermusik<\/h2>\n<p>\u00ab\u00a0Konzentrierte Meisterin: Die Pianistin Shin-Heae Kang verzauberte die Zuh\u00f6rer mit ihrem makellosen Spiel &#8211; Standing Ovations f\u00fcr 14-j\u00e4hrige Shin-Heae Kang &#8211; Konzert in der ACO-Wagenremise &#8211; Shin-Heae Kang ist erst 14 Jahre alt, aber schon ein Meisterin am Klavier. Die junge Pianistin, Tochter koreanischer Eltern in Kiel geboren, gab am Sonntag in der ACO &#8211; Wagenremise ein Konzert. Das verzauberte Publikum dankte der K\u00fcnstlerin mit Standing Ovations.<\/p>\n<p>Pr\u00e4ludium und Fuge f-moll BWV 857 aus dem Wohltemperierten Klavier, W.A. Mozarts B-Dur-Klaviersonatte KV 333 und Sergej Prokofieffs d-moll-Toccata. Damit nicht genug: Im zweiten Teil des Konzertes in der Alten Wagenremise von ACO standen die Beethoven-Sonate B-Dur op. 22 und die Spanische Rhapsodie von Franz Liszt auf dem Programm. Wer diese Ank\u00fcndigung liest, denkt dabei bestimmt an einen ausgewachsenen Interpreten. Nichts davon: Augenschein und H\u00f6reindruck stimmen in diesem Konzert nicht mit allgemeiner Erfahrung \u00fcberein. So makellos wurden die Werke von einem 14-j\u00e4hrigen M\u00e4dchen auswendig gespielt, dass sich nach diesem Erlebnis mancher studierte Pianist fragen wird, ob er denn den richtigen Beruf gew\u00e4hlt hatte.<\/p>\n<p>Shin-Heae Kang hei\u00dft das zu bewundernde M\u00e4dchen. 1987 in Kiel geboren erhielt sie schon im Alter von drei Jahren den ersten Klavierunterricht. Im vergangenen Jahr erhielt sie den ersten Preis beim Bundeswettbewerb \u00ab\u00a0Jugend musiziert\u00a0\u00bb &#8211; im Fach Gitarre! In der ACO &#8211; Remise trat Shin-Heae Kang als Pianistin auf: Ebenfalls preisw\u00fcrdig. Mit klarem Anschlag interpretierte sie gekonnt Bach und verf\u00fchrte durch sangliches Spiel vom ersten Anschlag an zum Zuh\u00f6ren. Unaufgeregt, souver\u00e4n zauberte sie aus dem B\u00f6sendorfer-Fl\u00fcgel des Nordkollegs auch in den musikalisch dichten Passagen klare Kl\u00e4nge.<\/p>\n<p>Wer zur Wunderkind-Begutachtung in dieses Konzert gekommen war, wurde flugs eines Besseren belehrt: Musik-H\u00f6ren war angesagt. Und kein dressiertes Klavierspielendes Wesen zu bestaunen. \u00ab\u00a0Unglaublich\u00a0\u00bb (so eine begeisterte Zuh\u00f6rerin) \u2013 wie die 14-J\u00e4hrige mit ihrem nat\u00fcrlichen Spiel alle in ihren Bann zog. Im Ton war nichts mehr von einem Kind zu sp\u00fcren. Shin-Heae Kang spielte so souver\u00e4n und erwachsen, dass man sie trotz ihres jungen Alters kaum noch per \u00ab\u00a0Du\u00a0\u00bb anreden m\u00f6chte. Konzentriert lebte sie in einer Musikwelt, zu der das Publikum jedoch immer Zugang hatte: Nach Bach ein kurze Verbeugung w\u00e4hrend des Beifalls, dann die Mozart-Sonate, danach wieder Verbeugung und sofort die Toccata von Prokofieff: Mit kraftvoller Klarheit hochvirtuos gespielt. Niemals schien es irgendwelche spieltechnischen oder Verstandes-Grenzen f\u00fcr die junge K\u00fcnstlerin zu geben. Ihr diente Virtuosit\u00e4t dazu, zu zeigen wie gut sie die Werke verstanden hatte &#8211;\u00a0 und nicht dazu, Fingerferigkeit zu beweisen. Man h\u00f6rte nie leeres Tastengedonner, sondern immer Musik.<\/p>\n<p>Shin-Heae Kang entpuppte sich als wahres Kraftpaket. Was schon Goethe zum Klavierspiel von Clara Schumann bemerkte: ,Sie ist kr\u00e4ftiger als sechs Jungen\u2019 \u2013 das traf auch hier zu. Nach der Beethoven-Sonate wurde das besonders deutlich in der Spanischen Rhapsodie von Franz Liszt. Da und in der zweiten Zugabe (La campanella, ebenfalls von Franz Liszt) trennte nichts mehr das Werk und die Zuh\u00f6rer: Man mochte fast glauben, Liszt habe selbst am Fl\u00fcgel gesessen. So elektrisierend kraftvoll, kontrolliert und pr\u00e4zise spielte die junge Dame auch nach anderthalb Stunden noch.<\/p>\n<p>Das begeisterte und verzauberte Publikum dankte der jungen K\u00fcnstlerin mit kr\u00e4ftigem Beifall und Standing Ovations. Erst jetzt zeigte die 14-J\u00e4hrige ein sch\u00fcchternes L\u00e4cheln. Damit war eine Sternstunde der Klaviermusik zu Ende. Jedem war klar, dass man so etwas Besonderes alsbald nicht wieder erleben wird.\u201c<\/p>\n<p><em>SCHLESWIG-HOLSTEINISCHE LANDESZEITUNG &#8211; RENDSBURGER TAGESPOST<\/em>","protected":false},"excerpt":{"rendered":"<p>D\u00e9sol\u00e9, cet article est seulement disponible en Allemand. Pour le confort de l\u2019utilisateur, le contenu est affich\u00e9 ci-dessous dans une autre langue. Vous pouvez cliquer le lien pour changer de langue active.Eine der st\u00e4rksten pianistischen Begabungen in ganz Deutschland \u00ab\u00a0Die hochbegabte Pianistin gibt ein Konzert &#8211; Franz Liszt, Fr\u00e9d\u00e9ric Chopin, Ludwig van Beethoven, Sergej Prokofieff und Johann Sebastian Bach sind &#8230; <\/p>\n<div><a href=\"http:\/\/www.shin-heae-kang.com\/fr\/presse\/2001-2\/\" class=\"more-link\">Read More<\/a><\/div>\n","protected":false},"author":1,"featured_media":0,"parent":262,"menu_order":0,"comment_status":"closed","ping_status":"closed","template":"","meta":[],"yoast_head":"<!-- This site is optimized with the Yoast SEO plugin v19.14 - https:\/\/yoast.com\/wordpress\/plugins\/seo\/ -->\n<title>2001 - Shin-Heae Kang<\/title>\n<meta name=\"robots\" content=\"index, follow, max-snippet:-1, max-image-preview:large, max-video-preview:-1\" \/>\n<link rel=\"canonical\" href=\"http:\/\/www.shin-heae-kang.com\/de\/presse\/2001-2\/\" \/>\n<meta property=\"og:locale\" content=\"fr_FR\" \/>\n<meta property=\"og:type\" content=\"article\" \/>\n<meta property=\"og:title\" content=\"2001 - Shin-Heae Kang\" \/>\n<meta property=\"og:description\" content=\"D\u00e9sol\u00e9, cet article est seulement disponible en Allemand. Pour le confort de l\u2019utilisateur, le contenu est affich\u00e9 ci-dessous dans une autre langue. Vous pouvez cliquer le lien pour changer de langue active.Eine der st\u00e4rksten pianistischen Begabungen in ganz Deutschland \u00ab\u00a0Die hochbegabte Pianistin gibt ein Konzert &#8211; Franz Liszt, Fr\u00e9d\u00e9ric Chopin, Ludwig van Beethoven, Sergej Prokofieff und Johann Sebastian Bach sind ... Read More\" \/>\n<meta property=\"og:url\" content=\"http:\/\/www.shin-heae-kang.com\/de\/presse\/2001-2\/\" \/>\n<meta property=\"og:site_name\" content=\"Shin-Heae Kang\" \/>\n<meta property=\"article:modified_time\" content=\"2017-09-19T04:39:02+00:00\" \/>\n<meta name=\"twitter:card\" content=\"summary_large_image\" \/>\n<meta name=\"twitter:label1\" content=\"Dur\u00e9e de lecture estim\u00e9e\" \/>\n\t<meta name=\"twitter:data1\" content=\"5 minutes\" \/>\n<script type=\"application\/ld+json\" class=\"yoast-schema-graph\">{\"@context\":\"https:\/\/schema.org\",\"@graph\":[{\"@type\":\"WebPage\",\"@id\":\"http:\/\/www.shin-heae-kang.com\/de\/presse\/2001-2\/\",\"url\":\"http:\/\/www.shin-heae-kang.com\/de\/presse\/2001-2\/\",\"name\":\"2001 - Shin-Heae Kang\",\"isPartOf\":{\"@id\":\"http:\/\/www.shin-heae-kang.com\/en\/#website\"},\"datePublished\":\"2016-09-02T08:45:52+00:00\",\"dateModified\":\"2017-09-19T04:39:02+00:00\",\"breadcrumb\":{\"@id\":\"http:\/\/www.shin-heae-kang.com\/de\/presse\/2001-2\/#breadcrumb\"},\"inLanguage\":\"fr-FR\",\"potentialAction\":[{\"@type\":\"ReadAction\",\"target\":[\"http:\/\/www.shin-heae-kang.com\/de\/presse\/2001-2\/\"]}]},{\"@type\":\"BreadcrumbList\",\"@id\":\"http:\/\/www.shin-heae-kang.com\/de\/presse\/2001-2\/#breadcrumb\",\"itemListElement\":[{\"@type\":\"ListItem\",\"position\":1,\"name\":\"Startseite\",\"item\":\"http:\/\/www.shin-heae-kang.com\/en\/\"},{\"@type\":\"ListItem\",\"position\":2,\"name\":\"Press Reviews\",\"item\":\"http:\/\/www.shin-heae-kang.com\/en\/presse\/\"},{\"@type\":\"ListItem\",\"position\":3,\"name\":\"2001\"}]},{\"@type\":\"WebSite\",\"@id\":\"http:\/\/www.shin-heae-kang.com\/en\/#website\",\"url\":\"http:\/\/www.shin-heae-kang.com\/en\/\",\"name\":\"Shin-Heae Kang\",\"description\":\"Pianistin\",\"potentialAction\":[{\"@type\":\"SearchAction\",\"target\":{\"@type\":\"EntryPoint\",\"urlTemplate\":\"http:\/\/www.shin-heae-kang.com\/en\/?s={search_term_string}\"},\"query-input\":\"required name=search_term_string\"}],\"inLanguage\":\"fr-FR\"}]}<\/script>\n<!-- \/ Yoast SEO plugin. -->","yoast_head_json":{"title":"2001 - Shin-Heae Kang","robots":{"index":"index","follow":"follow","max-snippet":"max-snippet:-1","max-image-preview":"max-image-preview:large","max-video-preview":"max-video-preview:-1"},"canonical":"http:\/\/www.shin-heae-kang.com\/de\/presse\/2001-2\/","og_locale":"fr_FR","og_type":"article","og_title":"2001 - Shin-Heae Kang","og_description":"D\u00e9sol\u00e9, cet article est seulement disponible en Allemand. Pour le confort de l\u2019utilisateur, le contenu est affich\u00e9 ci-dessous dans une autre langue. Vous pouvez cliquer le lien pour changer de langue active.Eine der st\u00e4rksten pianistischen Begabungen in ganz Deutschland \u00ab\u00a0Die hochbegabte Pianistin gibt ein Konzert &#8211; Franz Liszt, Fr\u00e9d\u00e9ric Chopin, Ludwig van Beethoven, Sergej Prokofieff und Johann Sebastian Bach sind ... Read More","og_url":"http:\/\/www.shin-heae-kang.com\/de\/presse\/2001-2\/","og_site_name":"Shin-Heae Kang","article_modified_time":"2017-09-19T04:39:02+00:00","twitter_card":"summary_large_image","twitter_misc":{"Dur\u00e9e de lecture estim\u00e9e":"5 minutes"},"schema":{"@context":"https:\/\/schema.org","@graph":[{"@type":"WebPage","@id":"http:\/\/www.shin-heae-kang.com\/de\/presse\/2001-2\/","url":"http:\/\/www.shin-heae-kang.com\/de\/presse\/2001-2\/","name":"2001 - Shin-Heae Kang","isPartOf":{"@id":"http:\/\/www.shin-heae-kang.com\/en\/#website"},"datePublished":"2016-09-02T08:45:52+00:00","dateModified":"2017-09-19T04:39:02+00:00","breadcrumb":{"@id":"http:\/\/www.shin-heae-kang.com\/de\/presse\/2001-2\/#breadcrumb"},"inLanguage":"fr-FR","potentialAction":[{"@type":"ReadAction","target":["http:\/\/www.shin-heae-kang.com\/de\/presse\/2001-2\/"]}]},{"@type":"BreadcrumbList","@id":"http:\/\/www.shin-heae-kang.com\/de\/presse\/2001-2\/#breadcrumb","itemListElement":[{"@type":"ListItem","position":1,"name":"Startseite","item":"http:\/\/www.shin-heae-kang.com\/en\/"},{"@type":"ListItem","position":2,"name":"Press Reviews","item":"http:\/\/www.shin-heae-kang.com\/en\/presse\/"},{"@type":"ListItem","position":3,"name":"2001"}]},{"@type":"WebSite","@id":"http:\/\/www.shin-heae-kang.com\/en\/#website","url":"http:\/\/www.shin-heae-kang.com\/en\/","name":"Shin-Heae Kang","description":"Pianistin","potentialAction":[{"@type":"SearchAction","target":{"@type":"EntryPoint","urlTemplate":"http:\/\/www.shin-heae-kang.com\/en\/?s={search_term_string}"},"query-input":"required name=search_term_string"}],"inLanguage":"fr-FR"}]}},"_links":{"self":[{"href":"http:\/\/www.shin-heae-kang.com\/fr\/wp-json\/wp\/v2\/pages\/307"}],"collection":[{"href":"http:\/\/www.shin-heae-kang.com\/fr\/wp-json\/wp\/v2\/pages"}],"about":[{"href":"http:\/\/www.shin-heae-kang.com\/fr\/wp-json\/wp\/v2\/types\/page"}],"author":[{"embeddable":true,"href":"http:\/\/www.shin-heae-kang.com\/fr\/wp-json\/wp\/v2\/users\/1"}],"replies":[{"embeddable":true,"href":"http:\/\/www.shin-heae-kang.com\/fr\/wp-json\/wp\/v2\/comments?post=307"}],"version-history":[{"count":3,"href":"http:\/\/www.shin-heae-kang.com\/fr\/wp-json\/wp\/v2\/pages\/307\/revisions"}],"predecessor-version":[{"id":418,"href":"http:\/\/www.shin-heae-kang.com\/fr\/wp-json\/wp\/v2\/pages\/307\/revisions\/418"}],"up":[{"embeddable":true,"href":"http:\/\/www.shin-heae-kang.com\/fr\/wp-json\/wp\/v2\/pages\/262"}],"wp:attachment":[{"href":"http:\/\/www.shin-heae-kang.com\/fr\/wp-json\/wp\/v2\/media?parent=307"}],"curies":[{"name":"wp","href":"https:\/\/api.w.org\/{rel}","templated":true}]}}