{"id":316,"date":"2016-09-02T10:46:29","date_gmt":"2016-09-02T08:46:29","guid":{"rendered":"http:\/\/web.c-307.maxcluster.net\/shinheae\/?page_id=316"},"modified":"2017-09-19T06:37:48","modified_gmt":"2017-09-19T04:37:48","slug":"1998-2","status":"publish","type":"page","link":"http:\/\/www.shin-heae-kang.com\/fr\/presse\/1998-2\/","title":{"rendered":"1998"},"content":{"rendered":"<p class=\"qtranxs-available-languages-message qtranxs-available-languages-message-fr\">D\u00e9sol\u00e9, cet article est seulement disponible en <a href=\"http:\/\/www.shin-heae-kang.com\/de\/wp-json\/wp\/v2\/pages\/316\" class=\"qtranxs-available-language-link qtranxs-available-language-link-de\" title=\"Deutsch\">Allemand<\/a>. Pour le confort de l\u2019utilisateur, le contenu est affich\u00e9 ci-dessous dans une autre langue. Vous pouvez cliquer le lien pour changer de langue active.<\/p><h2>Steinway-Preis f\u00fcr 11-j\u00e4hrige Kielerin<\/h2>\n<p>\u00ab\u00a0Shin-Heae Kang errang beim diesj\u00e4hrigen Steinway-Klavierwettbewerb in Berlin einen gro\u00dfen Erfolg: Sie geh\u00f6rte nicht nur zu den ersten Preistr\u00e4gern ihrer Altersgruppe, sondern gewann auch den Sonderpreis s\u00e4mtlicher Teilnehmer. Im M\u00e4rz 1999 wird sie zusammen mit den Berliner Sinfonikern in der Philharmonie ein Klavierkonzert spielen. An dem Wettbewerb beteiligten sich Kinder und Jugendliche aus ganz Deutschland. Beim Steinway-Wettbewerb in Hamburg geh\u00f6rte Shin-Heae Kang bereits vor zwei Jahren zu den ersten Preistr\u00e4gern.\u00a0\u00bb<\/p>\n<p><em>KIELER NACHRICHTEN<\/em><\/p>\n<hr \/>\n<h2>Vorliebe f\u00fcrs Virtuose<\/h2>\n<p>\u00ab\u00a0Shin-Heae Kang &#8211; Am liebsten spielt die Vorstudentin an der Musikhochschule St\u00fccke wie die \u00ab\u00a0Teuflische Einfl\u00fcsterung\u00a0\u00bb von Prokofieff, die Chopin-Et\u00fcden oder Liszts \u00ab\u00a0Ungarische Rhapsodien\u00a0\u00bb &#8211; virtuose, klanggewaltige Musik, dankbare Konzertliteratur. Nichts Ungew\u00f6hnliches f\u00fcr junge K\u00fcnstler. Ungew\u00f6hnlich an der Kielerin Shin-Heae Kang ist, da\u00df sie erst elf Jahre alt ist und diese St\u00fccke alle schon gespielt hat. \u00ab\u00a0Ihr technischer Stand ist f\u00fcr dieses Alter wirklich au\u00dfergew\u00f6hnlich\u00a0\u00bb.<\/p>\n<p>Beim Steinway-Wettbewerb in Berlin gewann Shin-Heae den Sonderpreis s\u00e4mtlicher Teilnehmer, und deshalb gibt sie am 7. M\u00e4rz im gro\u00dfen Saal der Berliner Philharmonie ein Konzert mit den Berliner Sinfonikern. Wahrscheinlich wird sie das g-moll-Klavierkonzert von Mendelssohn auff\u00fchren.<\/p>\n<p>Wenn Shin-Heae am Fl\u00fcgel sitzt und eines ihrer Lieblingsst\u00fccke spielt, haben ihr Gesicht und ihre Bewegungen einen Ausdruck kindlicher Konzentration, der nicht ganz zu der Brillanz ihres Klavierspiels passen will. Sie wirkt nicht fr\u00fchreif und nicht dressiert, sondern wie ein elfj\u00e4hriges M\u00e4dchen, das unbedingt dieses Instrument beherrschen will. Und so ganz nebenbei hat sie auch noch den Landeswettbewerb \u00ab\u00a0Jugend musiziert\u00a0\u00bb gewonnen &#8211; in der Wertung f\u00fcr Sologitarre. Au\u00dferdem ist Shin-Heae eine begeisterte Sportlerin &#8211; besonders gern spielt sie Fu\u00dfball.\u00a0\u00bb<\/p>\n<p><em>L\u00dcBECKER NACHRICHTEN &#8211; PORTRAIT<\/em><\/p>\n<hr \/>\n<h2>Frappierende Klaviertechnik<\/h2>\n<p>\u00ab\u00a0Die elfj\u00e4hrige Shin-Heae Kang als gefeierte Solistin &#8211; Die zweite Kritik dieses Abends mu\u00df nun aber endlich von der elfj\u00e4hrigen Pianistin Shin-Heae Kang handeln. Wer vor knapp drei Jahren beim Kieler Regionalwettbewerb Jugend musiziert erlebte, wie ein gerade achtj\u00e4hriges M\u00e4dchen ein Bachsches Pr\u00e4ludium mit Fuge so spielte, wie es gute Musikstudenten gern in ihrer Abschlusspr\u00fcfung tun w\u00fcrden, kam schon damals aus dem Staunen kaum heraus. Auch sp\u00e4ter konnte man gelegentlich h\u00f6ren, wie rasant sich die in Kiel geborene Koreanerin, die das Max-Planck-Gymnasium besucht, weiter entwickelte.<\/p>\n<p>Im Barlach-Konzert war jetzt zu erleben, wie sie Mendelssohns g-moll-Konzert mit einem Schwung, einer bewundernswerten Klaviertechnik in Angriff nahm, die dem musikalischen Feuer des Werkes ganz angemessen war. So konzentriert ging die junge Solistin zu Werke, da\u00df Robert K\u00f6nig als sorgsamer und befl\u00fcgelnder Mentor des konzertanten Wettstreits ihr die Eins\u00e4tze gar nicht zu geben brauchte, weil er sich ihrer ganz sicher war. Nur im langsamen Satz wurde der sch\u00f6ne R\u00fcckgang zum Hauptthema mit intensivem Blickkonakt in bestem Einvernehmen angepeilt. Die junge Pianistin wurde heftig gefeiert und bedankte sich mit einer fulminanten Prokofjew-Zugabe. Auf Shin-Heae Kangs weiteren k\u00fcnstlerischen Weg d\u00fcrfen wir gespannt sein!\u00a0\u00bb<\/p>\n<p><em>KIELER NACHRICHTEN<\/em>","protected":false},"excerpt":{"rendered":"<p>D\u00e9sol\u00e9, cet article est seulement disponible en Allemand. Pour le confort de l\u2019utilisateur, le contenu est affich\u00e9 ci-dessous dans une autre langue. Vous pouvez cliquer le lien pour changer de langue active.Steinway-Preis f\u00fcr 11-j\u00e4hrige Kielerin \u00ab\u00a0Shin-Heae Kang errang beim diesj\u00e4hrigen Steinway-Klavierwettbewerb in Berlin einen gro\u00dfen Erfolg: Sie geh\u00f6rte nicht nur zu den ersten Preistr\u00e4gern ihrer Altersgruppe, sondern gewann auch den &#8230; <\/p>\n<div><a href=\"http:\/\/www.shin-heae-kang.com\/fr\/presse\/1998-2\/\" class=\"more-link\">Read More<\/a><\/div>\n","protected":false},"author":1,"featured_media":0,"parent":262,"menu_order":0,"comment_status":"closed","ping_status":"closed","template":"","meta":[],"yoast_head":"<!-- This site is optimized with the Yoast SEO plugin v19.14 - https:\/\/yoast.com\/wordpress\/plugins\/seo\/ -->\n<title>1998 - Shin-Heae Kang<\/title>\n<meta name=\"robots\" content=\"index, follow, max-snippet:-1, max-image-preview:large, max-video-preview:-1\" \/>\n<link rel=\"canonical\" href=\"http:\/\/www.shin-heae-kang.com\/fr\/presse\/1998-2\/\" \/>\n<meta property=\"og:locale\" content=\"fr_FR\" \/>\n<meta property=\"og:type\" content=\"article\" \/>\n<meta property=\"og:title\" content=\"1998 - Shin-Heae Kang\" \/>\n<meta property=\"og:description\" content=\"D\u00e9sol\u00e9, cet article est seulement disponible en Allemand. Pour le confort de l\u2019utilisateur, le contenu est affich\u00e9 ci-dessous dans une autre langue. Vous pouvez cliquer le lien pour changer de langue active.Steinway-Preis f\u00fcr 11-j\u00e4hrige Kielerin \u00ab\u00a0Shin-Heae Kang errang beim diesj\u00e4hrigen Steinway-Klavierwettbewerb in Berlin einen gro\u00dfen Erfolg: Sie geh\u00f6rte nicht nur zu den ersten Preistr\u00e4gern ihrer Altersgruppe, sondern gewann auch den ... Read More\" \/>\n<meta property=\"og:url\" content=\"http:\/\/www.shin-heae-kang.com\/fr\/presse\/1998-2\/\" \/>\n<meta property=\"og:site_name\" content=\"Shin-Heae Kang\" \/>\n<meta property=\"article:modified_time\" content=\"2017-09-19T04:37:48+00:00\" \/>\n<meta name=\"twitter:card\" content=\"summary_large_image\" \/>\n<meta name=\"twitter:label1\" content=\"Dur\u00e9e de lecture estim\u00e9e\" \/>\n\t<meta name=\"twitter:data1\" content=\"3 minutes\" \/>\n<script type=\"application\/ld+json\" class=\"yoast-schema-graph\">{\"@context\":\"https:\/\/schema.org\",\"@graph\":[{\"@type\":\"WebPage\",\"@id\":\"http:\/\/www.shin-heae-kang.com\/fr\/presse\/1998-2\/\",\"url\":\"http:\/\/www.shin-heae-kang.com\/fr\/presse\/1998-2\/\",\"name\":\"1998 - Shin-Heae Kang\",\"isPartOf\":{\"@id\":\"http:\/\/www.shin-heae-kang.com\/en\/#website\"},\"datePublished\":\"2016-09-02T08:46:29+00:00\",\"dateModified\":\"2017-09-19T04:37:48+00:00\",\"breadcrumb\":{\"@id\":\"http:\/\/www.shin-heae-kang.com\/fr\/presse\/1998-2\/#breadcrumb\"},\"inLanguage\":\"fr-FR\",\"potentialAction\":[{\"@type\":\"ReadAction\",\"target\":[\"http:\/\/www.shin-heae-kang.com\/fr\/presse\/1998-2\/\"]}]},{\"@type\":\"BreadcrumbList\",\"@id\":\"http:\/\/www.shin-heae-kang.com\/fr\/presse\/1998-2\/#breadcrumb\",\"itemListElement\":[{\"@type\":\"ListItem\",\"position\":1,\"name\":\"Startseite\",\"item\":\"http:\/\/www.shin-heae-kang.com\/en\/\"},{\"@type\":\"ListItem\",\"position\":2,\"name\":\"Press Reviews\",\"item\":\"http:\/\/www.shin-heae-kang.com\/en\/presse\/\"},{\"@type\":\"ListItem\",\"position\":3,\"name\":\"1998\"}]},{\"@type\":\"WebSite\",\"@id\":\"http:\/\/www.shin-heae-kang.com\/en\/#website\",\"url\":\"http:\/\/www.shin-heae-kang.com\/en\/\",\"name\":\"Shin-Heae Kang\",\"description\":\"Pianistin\",\"potentialAction\":[{\"@type\":\"SearchAction\",\"target\":{\"@type\":\"EntryPoint\",\"urlTemplate\":\"http:\/\/www.shin-heae-kang.com\/en\/?s={search_term_string}\"},\"query-input\":\"required name=search_term_string\"}],\"inLanguage\":\"fr-FR\"}]}<\/script>\n<!-- \/ Yoast SEO plugin. -->","yoast_head_json":{"title":"1998 - Shin-Heae Kang","robots":{"index":"index","follow":"follow","max-snippet":"max-snippet:-1","max-image-preview":"max-image-preview:large","max-video-preview":"max-video-preview:-1"},"canonical":"http:\/\/www.shin-heae-kang.com\/fr\/presse\/1998-2\/","og_locale":"fr_FR","og_type":"article","og_title":"1998 - Shin-Heae Kang","og_description":"D\u00e9sol\u00e9, cet article est seulement disponible en Allemand. Pour le confort de l\u2019utilisateur, le contenu est affich\u00e9 ci-dessous dans une autre langue. Vous pouvez cliquer le lien pour changer de langue active.Steinway-Preis f\u00fcr 11-j\u00e4hrige Kielerin \u00ab\u00a0Shin-Heae Kang errang beim diesj\u00e4hrigen Steinway-Klavierwettbewerb in Berlin einen gro\u00dfen Erfolg: Sie geh\u00f6rte nicht nur zu den ersten Preistr\u00e4gern ihrer Altersgruppe, sondern gewann auch den ... Read More","og_url":"http:\/\/www.shin-heae-kang.com\/fr\/presse\/1998-2\/","og_site_name":"Shin-Heae Kang","article_modified_time":"2017-09-19T04:37:48+00:00","twitter_card":"summary_large_image","twitter_misc":{"Dur\u00e9e de lecture estim\u00e9e":"3 minutes"},"schema":{"@context":"https:\/\/schema.org","@graph":[{"@type":"WebPage","@id":"http:\/\/www.shin-heae-kang.com\/fr\/presse\/1998-2\/","url":"http:\/\/www.shin-heae-kang.com\/fr\/presse\/1998-2\/","name":"1998 - Shin-Heae Kang","isPartOf":{"@id":"http:\/\/www.shin-heae-kang.com\/en\/#website"},"datePublished":"2016-09-02T08:46:29+00:00","dateModified":"2017-09-19T04:37:48+00:00","breadcrumb":{"@id":"http:\/\/www.shin-heae-kang.com\/fr\/presse\/1998-2\/#breadcrumb"},"inLanguage":"fr-FR","potentialAction":[{"@type":"ReadAction","target":["http:\/\/www.shin-heae-kang.com\/fr\/presse\/1998-2\/"]}]},{"@type":"BreadcrumbList","@id":"http:\/\/www.shin-heae-kang.com\/fr\/presse\/1998-2\/#breadcrumb","itemListElement":[{"@type":"ListItem","position":1,"name":"Startseite","item":"http:\/\/www.shin-heae-kang.com\/en\/"},{"@type":"ListItem","position":2,"name":"Press Reviews","item":"http:\/\/www.shin-heae-kang.com\/en\/presse\/"},{"@type":"ListItem","position":3,"name":"1998"}]},{"@type":"WebSite","@id":"http:\/\/www.shin-heae-kang.com\/en\/#website","url":"http:\/\/www.shin-heae-kang.com\/en\/","name":"Shin-Heae Kang","description":"Pianistin","potentialAction":[{"@type":"SearchAction","target":{"@type":"EntryPoint","urlTemplate":"http:\/\/www.shin-heae-kang.com\/en\/?s={search_term_string}"},"query-input":"required name=search_term_string"}],"inLanguage":"fr-FR"}]}},"_links":{"self":[{"href":"http:\/\/www.shin-heae-kang.com\/fr\/wp-json\/wp\/v2\/pages\/316"}],"collection":[{"href":"http:\/\/www.shin-heae-kang.com\/fr\/wp-json\/wp\/v2\/pages"}],"about":[{"href":"http:\/\/www.shin-heae-kang.com\/fr\/wp-json\/wp\/v2\/types\/page"}],"author":[{"embeddable":true,"href":"http:\/\/www.shin-heae-kang.com\/fr\/wp-json\/wp\/v2\/users\/1"}],"replies":[{"embeddable":true,"href":"http:\/\/www.shin-heae-kang.com\/fr\/wp-json\/wp\/v2\/comments?post=316"}],"version-history":[{"count":3,"href":"http:\/\/www.shin-heae-kang.com\/fr\/wp-json\/wp\/v2\/pages\/316\/revisions"}],"predecessor-version":[{"id":415,"href":"http:\/\/www.shin-heae-kang.com\/fr\/wp-json\/wp\/v2\/pages\/316\/revisions\/415"}],"up":[{"embeddable":true,"href":"http:\/\/www.shin-heae-kang.com\/fr\/wp-json\/wp\/v2\/pages\/262"}],"wp:attachment":[{"href":"http:\/\/www.shin-heae-kang.com\/fr\/wp-json\/wp\/v2\/media?parent=316"}],"curies":[{"name":"wp","href":"https:\/\/api.w.org\/{rel}","templated":true}]}}