{"id":437,"date":"2017-09-19T07:06:51","date_gmt":"2017-09-19T05:06:51","guid":{"rendered":"http:\/\/www.shin-heae-kang.com\/?page_id=437"},"modified":"2017-09-19T07:06:51","modified_gmt":"2017-09-19T05:06:51","slug":"2016-2","status":"publish","type":"page","link":"http:\/\/www.shin-heae-kang.com\/fr\/presse\/2016-2\/","title":{"rendered":"2016"},"content":{"rendered":"<p class=\"qtranxs-available-languages-message qtranxs-available-languages-message-fr\">D\u00e9sol\u00e9, cet article est seulement disponible en <a href=\"http:\/\/www.shin-heae-kang.com\/de\/wp-json\/wp\/v2\/pages\/437\" class=\"qtranxs-available-language-link qtranxs-available-language-link-de\" title=\"Deutsch\">Allemand<\/a>. Pour le confort de l\u2019utilisateur, le contenu est affich\u00e9 ci-dessous dans une autre langue. Vous pouvez cliquer le lien pour changer de langue active.<\/p><h2><strong>Klavierabend in der Kirche<\/strong><\/h2>\n<p><strong>Shin-Heae Kang erh\u00e4lt lang anhaltenden Beifall f\u00fcr ihr Konzert in der St. Michaeliskirche<\/strong><\/p>\n<p>Ein Klavierabend mit Pianistin Shin-Heae Kang in der St. Michaeliskirche begeisterte das Publikum.<\/p>\n<p>War es der Vortrag der jungen Frau, deren Kunst alle faszinierte? Oder war es die Macht der Musik? Wohl beides. Als beeindruckend empfanden Zuh\u00f6rer die Harmonie zwischen der K\u00fcnstlerin und ihrem Instrument, dem sie zarte und leise, aber ebenso m\u00e4chtige und volle T\u00f6ne behutsam oder auch in atemberaubendem Tempo entlockte. Ob es im ersten Teil zwei Sonaten von Domenico Scarlatti oder die Wanderer-Fantasie von Franz Schubert oder eine Nocturne und die beiden Et\u00fcden Sternenregen und Revolutions-Et\u00fcde von Fr\u00e9d\u00e9ric Chopin waren, immer zog die Pianistin die Zuh\u00f6rer in ihren Bann.<\/p>\n<p>In der Pause kam es daher zu vielen begeisterten \u00c4u\u00dferungen und Gespr\u00e4chen \u00fcber die Darbietungen. Im zweiten Teil erklang die Appassionata von Ludwig van Beethoven, die f\u00fcr manchen Besucher der H\u00f6hepunkt des Abends war. Das Konzert endete mit der Rhapsodie Espagnole von Franz Liszt. Das Publikum dankte der K\u00fcnstlerin mit lang anhaltendem Beifall. Die Kirchengemeinde bedankte sich bei Ferdinand Wittrock und Frau, dass sie ihr ihren Fl\u00fcgel als Dauerleihgabe \u00fcberlie\u00dfen und so das Klavierkonzert erm\u00f6glichten.<\/p>\n<p><strong><em>DITHMARSCHER LANDESZEITUNG<\/em><\/strong><\/p>\n<hr \/>\n<p>&nbsp;","protected":false},"excerpt":{"rendered":"<p>D\u00e9sol\u00e9, cet article est seulement disponible en Allemand. Pour le confort de l\u2019utilisateur, le contenu est affich\u00e9 ci-dessous dans une autre langue. Vous pouvez cliquer le lien pour changer de langue active.Klavierabend in der Kirche Shin-Heae Kang erh\u00e4lt lang anhaltenden Beifall f\u00fcr ihr Konzert in der St. Michaeliskirche Ein Klavierabend mit Pianistin Shin-Heae Kang in der St. Michaeliskirche begeisterte das &#8230; <\/p>\n<div><a href=\"http:\/\/www.shin-heae-kang.com\/fr\/presse\/2016-2\/\" class=\"more-link\">Read More<\/a><\/div>\n","protected":false},"author":1,"featured_media":0,"parent":262,"menu_order":0,"comment_status":"closed","ping_status":"closed","template":"","meta":[],"yoast_head":"<!-- This site is optimized with the Yoast SEO plugin v19.14 - https:\/\/yoast.com\/wordpress\/plugins\/seo\/ -->\n<title>2016 - Shin-Heae Kang<\/title>\n<meta name=\"robots\" content=\"index, follow, max-snippet:-1, max-image-preview:large, max-video-preview:-1\" \/>\n<link rel=\"canonical\" href=\"http:\/\/www.shin-heae-kang.com\/en\/presse\/2016-2\/\" \/>\n<meta property=\"og:locale\" content=\"fr_FR\" \/>\n<meta property=\"og:type\" content=\"article\" \/>\n<meta property=\"og:title\" content=\"2016 - Shin-Heae Kang\" \/>\n<meta property=\"og:description\" content=\"D\u00e9sol\u00e9, cet article est seulement disponible en Allemand. Pour le confort de l\u2019utilisateur, le contenu est affich\u00e9 ci-dessous dans une autre langue. Vous pouvez cliquer le lien pour changer de langue active.Klavierabend in der Kirche Shin-Heae Kang erh\u00e4lt lang anhaltenden Beifall f\u00fcr ihr Konzert in der St. Michaeliskirche Ein Klavierabend mit Pianistin Shin-Heae Kang in der St. Michaeliskirche begeisterte das ... Read More\" \/>\n<meta property=\"og:url\" content=\"http:\/\/www.shin-heae-kang.com\/en\/presse\/2016-2\/\" \/>\n<meta property=\"og:site_name\" content=\"Shin-Heae Kang\" \/>\n<meta name=\"twitter:card\" content=\"summary_large_image\" \/>\n<meta name=\"twitter:label1\" content=\"Dur\u00e9e de lecture estim\u00e9e\" \/>\n\t<meta name=\"twitter:data1\" content=\"1 minute\" \/>\n<script type=\"application\/ld+json\" class=\"yoast-schema-graph\">{\"@context\":\"https:\/\/schema.org\",\"@graph\":[{\"@type\":\"WebPage\",\"@id\":\"http:\/\/www.shin-heae-kang.com\/en\/presse\/2016-2\/\",\"url\":\"http:\/\/www.shin-heae-kang.com\/en\/presse\/2016-2\/\",\"name\":\"2016 - Shin-Heae Kang\",\"isPartOf\":{\"@id\":\"http:\/\/www.shin-heae-kang.com\/en\/#website\"},\"datePublished\":\"2017-09-19T05:06:51+00:00\",\"dateModified\":\"2017-09-19T05:06:51+00:00\",\"breadcrumb\":{\"@id\":\"http:\/\/www.shin-heae-kang.com\/en\/presse\/2016-2\/#breadcrumb\"},\"inLanguage\":\"fr-FR\",\"potentialAction\":[{\"@type\":\"ReadAction\",\"target\":[\"http:\/\/www.shin-heae-kang.com\/en\/presse\/2016-2\/\"]}]},{\"@type\":\"BreadcrumbList\",\"@id\":\"http:\/\/www.shin-heae-kang.com\/en\/presse\/2016-2\/#breadcrumb\",\"itemListElement\":[{\"@type\":\"ListItem\",\"position\":1,\"name\":\"Startseite\",\"item\":\"http:\/\/www.shin-heae-kang.com\/en\/\"},{\"@type\":\"ListItem\",\"position\":2,\"name\":\"Press Reviews\",\"item\":\"http:\/\/www.shin-heae-kang.com\/en\/presse\/\"},{\"@type\":\"ListItem\",\"position\":3,\"name\":\"2016\"}]},{\"@type\":\"WebSite\",\"@id\":\"http:\/\/www.shin-heae-kang.com\/en\/#website\",\"url\":\"http:\/\/www.shin-heae-kang.com\/en\/\",\"name\":\"Shin-Heae Kang\",\"description\":\"Pianistin\",\"potentialAction\":[{\"@type\":\"SearchAction\",\"target\":{\"@type\":\"EntryPoint\",\"urlTemplate\":\"http:\/\/www.shin-heae-kang.com\/en\/?s={search_term_string}\"},\"query-input\":\"required name=search_term_string\"}],\"inLanguage\":\"fr-FR\"}]}<\/script>\n<!-- \/ Yoast SEO plugin. -->","yoast_head_json":{"title":"2016 - Shin-Heae Kang","robots":{"index":"index","follow":"follow","max-snippet":"max-snippet:-1","max-image-preview":"max-image-preview:large","max-video-preview":"max-video-preview:-1"},"canonical":"http:\/\/www.shin-heae-kang.com\/en\/presse\/2016-2\/","og_locale":"fr_FR","og_type":"article","og_title":"2016 - Shin-Heae Kang","og_description":"D\u00e9sol\u00e9, cet article est seulement disponible en Allemand. Pour le confort de l\u2019utilisateur, le contenu est affich\u00e9 ci-dessous dans une autre langue. Vous pouvez cliquer le lien pour changer de langue active.Klavierabend in der Kirche Shin-Heae Kang erh\u00e4lt lang anhaltenden Beifall f\u00fcr ihr Konzert in der St. Michaeliskirche Ein Klavierabend mit Pianistin Shin-Heae Kang in der St. Michaeliskirche begeisterte das ... Read More","og_url":"http:\/\/www.shin-heae-kang.com\/en\/presse\/2016-2\/","og_site_name":"Shin-Heae Kang","twitter_card":"summary_large_image","twitter_misc":{"Dur\u00e9e de lecture estim\u00e9e":"1 minute"},"schema":{"@context":"https:\/\/schema.org","@graph":[{"@type":"WebPage","@id":"http:\/\/www.shin-heae-kang.com\/en\/presse\/2016-2\/","url":"http:\/\/www.shin-heae-kang.com\/en\/presse\/2016-2\/","name":"2016 - Shin-Heae Kang","isPartOf":{"@id":"http:\/\/www.shin-heae-kang.com\/en\/#website"},"datePublished":"2017-09-19T05:06:51+00:00","dateModified":"2017-09-19T05:06:51+00:00","breadcrumb":{"@id":"http:\/\/www.shin-heae-kang.com\/en\/presse\/2016-2\/#breadcrumb"},"inLanguage":"fr-FR","potentialAction":[{"@type":"ReadAction","target":["http:\/\/www.shin-heae-kang.com\/en\/presse\/2016-2\/"]}]},{"@type":"BreadcrumbList","@id":"http:\/\/www.shin-heae-kang.com\/en\/presse\/2016-2\/#breadcrumb","itemListElement":[{"@type":"ListItem","position":1,"name":"Startseite","item":"http:\/\/www.shin-heae-kang.com\/en\/"},{"@type":"ListItem","position":2,"name":"Press Reviews","item":"http:\/\/www.shin-heae-kang.com\/en\/presse\/"},{"@type":"ListItem","position":3,"name":"2016"}]},{"@type":"WebSite","@id":"http:\/\/www.shin-heae-kang.com\/en\/#website","url":"http:\/\/www.shin-heae-kang.com\/en\/","name":"Shin-Heae Kang","description":"Pianistin","potentialAction":[{"@type":"SearchAction","target":{"@type":"EntryPoint","urlTemplate":"http:\/\/www.shin-heae-kang.com\/en\/?s={search_term_string}"},"query-input":"required name=search_term_string"}],"inLanguage":"fr-FR"}]}},"_links":{"self":[{"href":"http:\/\/www.shin-heae-kang.com\/fr\/wp-json\/wp\/v2\/pages\/437"}],"collection":[{"href":"http:\/\/www.shin-heae-kang.com\/fr\/wp-json\/wp\/v2\/pages"}],"about":[{"href":"http:\/\/www.shin-heae-kang.com\/fr\/wp-json\/wp\/v2\/types\/page"}],"author":[{"embeddable":true,"href":"http:\/\/www.shin-heae-kang.com\/fr\/wp-json\/wp\/v2\/users\/1"}],"replies":[{"embeddable":true,"href":"http:\/\/www.shin-heae-kang.com\/fr\/wp-json\/wp\/v2\/comments?post=437"}],"version-history":[{"count":1,"href":"http:\/\/www.shin-heae-kang.com\/fr\/wp-json\/wp\/v2\/pages\/437\/revisions"}],"predecessor-version":[{"id":438,"href":"http:\/\/www.shin-heae-kang.com\/fr\/wp-json\/wp\/v2\/pages\/437\/revisions\/438"}],"up":[{"embeddable":true,"href":"http:\/\/www.shin-heae-kang.com\/fr\/wp-json\/wp\/v2\/pages\/262"}],"wp:attachment":[{"href":"http:\/\/www.shin-heae-kang.com\/fr\/wp-json\/wp\/v2\/media?parent=437"}],"curies":[{"name":"wp","href":"https:\/\/api.w.org\/{rel}","templated":true}]}}