{"id":12,"date":"2016-05-07T13:22:10","date_gmt":"2016-05-07T11:22:10","guid":{"rendered":"http:\/\/web.c-307.maxcluster.net\/shinheae\/?page_id=12"},"modified":"2021-11-06T09:56:10","modified_gmt":"2021-11-06T08:56:10","slug":"startseite","status":"publish","type":"page","link":"http:\/\/www.shin-heae-kang.com\/kr\/","title":{"rendered":"Home"},"content":{"rendered":"<p class=\"qtranxs-available-languages-message qtranxs-available-languages-message-kr\">Unfortunately this page is only available in <a href=\"http:\/\/www.shin-heae-kang.com\/de\/wp-json\/wp\/v2\/pages\/12\" class=\"qtranxs-available-language-link qtranxs-available-language-link-de\" title=\"Deutsch\">Deutsch<\/a> and <a href=\"http:\/\/www.shin-heae-kang.com\/en\/wp-json\/wp\/v2\/pages\/12\" class=\"qtranxs-available-language-link qtranxs-available-language-link-en\" title=\"English\">English<\/a>. For the sake of viewer convenience, the content is shown below in this site default language. You may click one of the links to switch the site language to another available language.<\/p><p><style type=\"text\/css\">\r\n.entry-wrap{padding:0;background-color:#111111;}<br \/>\r\n<\/style><\/p>\r\n<p>\u00a0<\/p>\r\n<script type=\"text\/javascript\">jQuery(function() { _initLayerSlider( '#layerslider_1_hv8tu8y3h8y7', {sliderVersion: '6.11.2', responsiveUnder: 0, layersContainer: 0, slideBGSize: 'auto', hideUnder: 0, hideOver: 100000, pauseOnHover: 1, skin: 'v5', showCircleTimer: false, useSrcset: true, skinsPath: 'http:\/\/www.shin-heae-kang.com\/wp-content\/plugins\/LayerSlider\/assets\/static\/layerslider\/skins\/'}); });<\/script><div id=\"layerslider_1_hv8tu8y3h8y7\" class=\"ls-wp-container fitvidsignore\" style=\"width:1200px;height:600px;margin:0 auto;margin-bottom: 0px;\"><div class=\"ls-slide\" data-ls=\"duration:15000;transition2d:1;kenburnsscale:1.2;\"><img width=\"1200\" height=\"600\" src=\"http:\/\/www.shin-heae-kang.com\/wp-content\/uploads\/2020\/09\/slider-01.jpg\" class=\"ls-bg\" alt=\"\" decoding=\"async\" srcset=\"http:\/\/www.shin-heae-kang.com\/wp-content\/uploads\/2020\/09\/slider-01.jpg 1200w, http:\/\/www.shin-heae-kang.com\/wp-content\/uploads\/2020\/09\/slider-01-300x150.jpg 300w, http:\/\/www.shin-heae-kang.com\/wp-content\/uploads\/2020\/09\/slider-01-1024x512.jpg 1024w, http:\/\/www.shin-heae-kang.com\/wp-content\/uploads\/2020\/09\/slider-01-768x384.jpg 768w, http:\/\/www.shin-heae-kang.com\/wp-content\/uploads\/2020\/09\/slider-01-100x50.jpg 100w, http:\/\/www.shin-heae-kang.com\/wp-content\/uploads\/2020\/09\/slider-01-1080x540.jpg 1080w\" sizes=\"(max-width: 1200px) 100vw, 1200px\" \/><h2 style=\"font-family: 'Roboto';font-weight:300;width:50%;font-size:22px;line-height:38px;color:#ffffff;top:344px;left:513px;font-weight:400;text-align:left;white-space:normal;\" class=\"ls-l ls-text-layer\" data-ls=\"offsetxin:80;offsetxout:-80;durationout:400;parallaxlevel:0;\">\"Star des Abends war die Pianistin Shin-Heae Kang, die bereits mit zahlreichen Musikpreisen ausgezeichnet wurde. Die in Kiel geborene Tochter koreanischer Eltern riss mit ihrem brillanten Spiel die Zuh&ouml;rer f&ouml;rmlich von den Sitzen.\" - <i>DIE WELT<\/i><\/h2><\/div><div class=\"ls-slide\" data-ls=\"duration:15000;transition2d:1;kenburnsscale:1.2;\"><img width=\"1200\" height=\"600\" src=\"http:\/\/www.shin-heae-kang.com\/wp-content\/uploads\/2020\/09\/slider-02.jpg\" class=\"ls-bg\" alt=\"\" decoding=\"async\" srcset=\"http:\/\/www.shin-heae-kang.com\/wp-content\/uploads\/2020\/09\/slider-02.jpg 1200w, http:\/\/www.shin-heae-kang.com\/wp-content\/uploads\/2020\/09\/slider-02-300x150.jpg 300w, http:\/\/www.shin-heae-kang.com\/wp-content\/uploads\/2020\/09\/slider-02-1024x512.jpg 1024w, http:\/\/www.shin-heae-kang.com\/wp-content\/uploads\/2020\/09\/slider-02-768x384.jpg 768w, http:\/\/www.shin-heae-kang.com\/wp-content\/uploads\/2020\/09\/slider-02-100x50.jpg 100w, http:\/\/www.shin-heae-kang.com\/wp-content\/uploads\/2020\/09\/slider-02-1080x540.jpg 1080w\" sizes=\"(max-width: 1200px) 100vw, 1200px\" \/><h2 style=\"font-family: 'Roboto';font-weight:300;width:25%;font-size:22px;line-height:38px;color:#ffffff;top:134px;left:816px;font-weight:400;white-space:normal;\" class=\"ls-l ls-text-layer\" data-ls=\"offsetxin:80;offsetxout:-80;durationout:400;parallaxlevel:0;\">\"Shin-Heae Kang is a magnificent pianist. She has all the qualities, superb technique, serious and devoted musicianship, very big repertoire. I strongly recommend her to your attention.\" - <i>MARTHA ARGERICH<\/i><\/h2><\/div><div class=\"ls-slide\" data-ls=\"duration:15000;transition2d:1;kenburnsscale:1.2;\"><img width=\"1200\" height=\"600\" src=\"http:\/\/www.shin-heae-kang.com\/wp-content\/uploads\/2020\/09\/slider-03.jpg\" class=\"ls-bg\" alt=\"\" decoding=\"async\" srcset=\"http:\/\/www.shin-heae-kang.com\/wp-content\/uploads\/2020\/09\/slider-03.jpg 1200w, http:\/\/www.shin-heae-kang.com\/wp-content\/uploads\/2020\/09\/slider-03-300x150.jpg 300w, http:\/\/www.shin-heae-kang.com\/wp-content\/uploads\/2020\/09\/slider-03-1024x512.jpg 1024w, http:\/\/www.shin-heae-kang.com\/wp-content\/uploads\/2020\/09\/slider-03-768x384.jpg 768w, http:\/\/www.shin-heae-kang.com\/wp-content\/uploads\/2020\/09\/slider-03-100x50.jpg 100w, http:\/\/www.shin-heae-kang.com\/wp-content\/uploads\/2020\/09\/slider-03-1080x540.jpg 1080w\" sizes=\"(max-width: 1200px) 100vw, 1200px\" \/><h2 style=\"font-family: 'Roboto';font-weight:300;width:50%;font-size:22px;line-height:38px;color:#ffffff;top:376px;left:335px;font-weight:400;white-space:normal;\" class=\"ls-l ls-text-layer\" data-ls=\"offsetxin:80;offsetxout:-80;durationout:400;parallaxlevel:0;\">&bdquo;Die Musikalit&auml;t ist schier beeindruckend. Jeder Takt atmet gro&szlig;e Erfahrung, Stilempfinden und tiefe Menschlichkeit.&ldquo; - <i>NDR KULTUR<\/i><\/h2><\/div><div class=\"ls-slide\" data-ls=\"duration:15000;transition2d:1;kenburnsscale:1.2;\"><img width=\"1200\" height=\"600\" src=\"http:\/\/www.shin-heae-kang.com\/wp-content\/uploads\/2020\/09\/slider-04.jpg\" class=\"ls-bg\" alt=\"\" decoding=\"async\" srcset=\"http:\/\/www.shin-heae-kang.com\/wp-content\/uploads\/2020\/09\/slider-04.jpg 1200w, http:\/\/www.shin-heae-kang.com\/wp-content\/uploads\/2020\/09\/slider-04-300x150.jpg 300w, http:\/\/www.shin-heae-kang.com\/wp-content\/uploads\/2020\/09\/slider-04-1024x512.jpg 1024w, http:\/\/www.shin-heae-kang.com\/wp-content\/uploads\/2020\/09\/slider-04-768x384.jpg 768w, http:\/\/www.shin-heae-kang.com\/wp-content\/uploads\/2020\/09\/slider-04-100x50.jpg 100w, http:\/\/www.shin-heae-kang.com\/wp-content\/uploads\/2020\/09\/slider-04-1080x540.jpg 1080w\" sizes=\"(max-width: 1200px) 100vw, 1200px\" \/><h2 style=\"font-family: 'Roboto';font-weight:300;width:25%;padding-left:25%;font-size:22px;line-height:38px;color:#ffffff;top:312px;font-weight:400;left:539px;white-space:normal;\" class=\"ls-l ls-text-layer\" data-ls=\"offsetxin:80;offsetxout:-80;durationout:400;parallaxlevel:0;\">&bdquo;Auf ihrer neuen Liszt-CD kann man Shin-Heae Kang nicht nur als klangsensible Poetin am Klavier erleben, sondern auch als furchtlose Virtuosin mit gro&szlig;er Klaviertechnik.&ldquo; - <i>RADIO BREMEN<\/i><\/h2><\/div><div class=\"ls-slide\" data-ls=\"duration:15000;transition2d:1;kenburnsscale:1.2;\"><img width=\"1200\" height=\"600\" src=\"http:\/\/www.shin-heae-kang.com\/wp-content\/uploads\/2020\/09\/slider-08.jpg\" class=\"ls-bg\" alt=\"\" decoding=\"async\" srcset=\"http:\/\/www.shin-heae-kang.com\/wp-content\/uploads\/2020\/09\/slider-08.jpg 1200w, http:\/\/www.shin-heae-kang.com\/wp-content\/uploads\/2020\/09\/slider-08-300x150.jpg 300w, http:\/\/www.shin-heae-kang.com\/wp-content\/uploads\/2020\/09\/slider-08-1024x512.jpg 1024w, http:\/\/www.shin-heae-kang.com\/wp-content\/uploads\/2020\/09\/slider-08-768x384.jpg 768w, http:\/\/www.shin-heae-kang.com\/wp-content\/uploads\/2020\/09\/slider-08-100x50.jpg 100w, http:\/\/www.shin-heae-kang.com\/wp-content\/uploads\/2020\/09\/slider-08-1080x540.jpg 1080w\" sizes=\"(max-width: 1200px) 100vw, 1200px\" \/><h2 style=\"font-family: 'Roboto';font-weight:300;width:40%;font-size:22px;line-height:38px;color:#ffffff;top:300px;left:49px;font-weight:400;background-color:#000000;white-space:normal;\" class=\"ls-l ls-text-layer\" data-ls=\"offsetxin:80;offsetxout:-80;durationout:400;parallaxlevel:0;\">&bdquo;The Debutante of the Festival the young pianist Shin-Heae Kang performed pieces by Liszt and Schumann with the utmost professionalism (&hellip;) and she proved all qualities for a great concert career&ldquo; - <i>MARIINSKY-THEATER MAGAZIN ST. PETERSBURG<\/i><\/h2><\/div><div class=\"ls-slide\" data-ls=\"duration:15000;transition2d:1;kenburnsscale:1.2;\"><img width=\"1200\" height=\"600\" src=\"http:\/\/www.shin-heae-kang.com\/wp-content\/uploads\/2020\/09\/slider-18.jpg\" class=\"ls-bg\" alt=\"\" decoding=\"async\" srcset=\"http:\/\/www.shin-heae-kang.com\/wp-content\/uploads\/2020\/09\/slider-18.jpg 1200w, http:\/\/www.shin-heae-kang.com\/wp-content\/uploads\/2020\/09\/slider-18-300x150.jpg 300w, http:\/\/www.shin-heae-kang.com\/wp-content\/uploads\/2020\/09\/slider-18-1024x512.jpg 1024w, http:\/\/www.shin-heae-kang.com\/wp-content\/uploads\/2020\/09\/slider-18-768x384.jpg 768w, http:\/\/www.shin-heae-kang.com\/wp-content\/uploads\/2020\/09\/slider-18-100x50.jpg 100w, http:\/\/www.shin-heae-kang.com\/wp-content\/uploads\/2020\/09\/slider-18-1080x540.jpg 1080w\" sizes=\"(max-width: 1200px) 100vw, 1200px\" \/><p style=\"font-family: 'Roboto';font-weight:300;width:50%;font-size:22px;line-height:38px;color:#ffffff;top:379px;left:52px;font-weight:400;white-space:normal;\" class=\"ls-l ls-text-layer\" data-ls=\"offsetxin:80;offsetxout:-80;durationout:400;parallaxlevel:0;\">&bdquo;This is a super performance of a splendid piece by a spectacularly talented pianist. There is some utterly beautiful and intelligent playing here, and some splendid virtuosity.&ldquo; - <i>MUSIC WEB INTERNATIONAL<\/i><\/p><\/div><\/div>\r\n\r\n\r\n\r\n<h3 class=\"has-text-align-center\">News<\/h3>\r\n\r\n\r\n\r\n<p class=\"has-text-align-center\"><strong>CD ALBUM&nbsp;KALEIDOSCOPE&nbsp;&#8211;&nbsp;SHIN-HEAE&nbsp;KANG&nbsp;PLAYS&nbsp;LISZT<\/strong><\/p>\r\n\r\n\r\n\r\n<div class=\"wp-block-image\"><figure style=\"text-align:center\"><img decoding=\"async\" loading=\"lazy\" width=\"500\" height=\"500\" src=\"http:\/\/www.shin-heae-kang.com\/wp-content\/uploads\/2019\/08\/cd500-1.png\" alt=\"\" class=\"wp-image-508\" srcset=\"http:\/\/www.shin-heae-kang.com\/wp-content\/uploads\/2019\/08\/cd500-1.png 500w, http:\/\/www.shin-heae-kang.com\/wp-content\/uploads\/2019\/08\/cd500-1-150x150.png 150w, http:\/\/www.shin-heae-kang.com\/wp-content\/uploads\/2019\/08\/cd500-1-300x300.png 300w, http:\/\/www.shin-heae-kang.com\/wp-content\/uploads\/2019\/08\/cd500-1-100x100.png 100w\" sizes=\"(max-width: 500px) 100vw, 500px\" \/><\/figure><\/div>\r\n\r\n\r\n\r\n<p class=\"has-text-align-center\">International\u00a0Release: September 2019<\/p>\r\n\r\n\r\n\r\n\r\n\r\n\r\n\r\n<h3 class=\"has-text-align-center\">Portr\u00e4t: Ausnahmepianistin Shin-Heae Kang<\/h3>\r\n\r\n\r\n<style>\r\n.wp-video {\r\n    text-align: center;\r\n    margin-left: auto;\r\n    margin-right: auto;\r\n}\r\n<\/style>\r\n\r\n\r\n    <div>        \r\n    <video id=\"plyr69fb26db5afd2\" controls>\r\n       <source src=\"http:\/\/www.shin-heae-kang.com\/wp-content\/uploads\/2021\/11\/20211030_NDR.mp4\" type=\"video\/mp4\" \/>\r\n    <\/video>\r\n    <\/div>    <script>\r\n        const evplayerplyr69fb26db5afd2 = new Plyr(document.getElementById('plyr69fb26db5afd2'));\r\n        evplayerplyr69fb26db5afd2.ratio = '16:9';\r\n        evplayerplyr69fb26db5afd2.iconUrl = 'http:\/\/www.shin-heae-kang.com\/wp-content\/plugins\/easy-video-player\/lib\/plyr.svg';\r\n        evplayerplyr69fb26db5afd2.blankVideo = 'http:\/\/www.shin-heae-kang.com\/wp-content\/plugins\/easy-video-player\/lib\/blank.mp4';  \r\n    <\/script>\r\n<p class=\"has-text-align-center\">Sendung: DAS! (NDR)<\/p>\r\n\r\n\r\n\r\n\r\n\r\n\r\n<h4 class=\"has-text-align-center\">Poulenc: Konzert f\u00fcr zwei Klaviere | Martha Argerich | Shin-Heae Kang | NDR Radiophilharmonie<\/h4>\r\n\r\n\r\n<iframe src=\"https:\/\/www.youtube.com\/embed\/AOON1VpQ5MQ\" title=\"YouTube video player\" frameborder=\"0\" allow=\"accelerometer; autoplay; clipboard-write; encrypted-media; gyroscope; picture-in-picture\" allowfullscreen style=\"width:100%;height:675px;\"><\/iframe>\r\n<p class=\"has-text-align-center\">Konzertmitschnitt aus dem Kuppelsaal, Hannover Congress Centrum<\/p>\r\n\r\n\r\n\r\n\r\n\r\n\r\n<h4 class=\"has-text-align-center\">Tschaikowsky: &#8220;Tanz der Zuckerfee&#8221; | Martha Argerich &#038; Shin-Heae Kang | NDR Radiophilharmonie<\/h4>\r\n\r\n\r\n<iframe src=\"https:\/\/www.youtube.com\/embed\/hGHJ8y8VfNA\" title=\"YouTube video player\" frameborder=\"0\" allow=\"accelerometer; autoplay; clipboard-write; encrypted-media; gyroscope; picture-in-picture\" allowfullscreen style=\"width:100%;height:675px;\"><\/iframe>\r\n<p class=\"has-text-align-center\">BBC Radio 3: &#8220;The most delicate and charming of Sugar Plum Fairies with Martha Argerich and Shin-Heae Kang&#8221;<\/p>\r\n\r\n\r\n\r\n\r\n\r\n\r\n<h3 class=\"has-text-align-center\">Presse<\/h3>\r\n\r\n\r\n\r\n<p class=\"has-text-align-center\"><strong>DEUTSCHLANDFUNK KULTUR<br><\/strong>\u201eDie Pianistin Shin-Heae Kang begn\u00fcgt sich nicht damit, den Anstieg auf der Virtuosit\u00e4tsleiter von Variation zu<br>Variation tastenflink abzubilden, sondern verleiht dem wohlbekannten Rei\u00dfer einen noblen, geistesgegenw\u00e4rtig<br>abget\u00f6nten Grundton, aus dem heraus sich allerlei Farben-Feuerwerke abschie\u00dfen lassen.\u201c<br><\/p>\r\n\r\n\r\n\r\n<p class=\"has-text-align-center\"><strong>RADIO BREMEN<br><\/strong>\u201eAuf ihrer neuen Liszt-CD kann man Shin-Heae Kang nicht nur als klangsensible Poetin<br>am Klavier erleben, sondern auch als furchtlose Virtuosin mit gro\u00dfer Klaviertechnik.\u201c<br><\/p>\r\n\r\n\r\n\r\n<p class=\"has-text-align-center\"><strong>MUSIC WEB INTERNATIONAL<br><\/strong>\u201eThis is a super performance of a splendid piece by a spectacularly talented pianist.<br>I would definitely put this as one of the top Liszt recordings that I have heard over the last couple of years.<br>There is some utterly beautiful and intelligent playing here, and some splendid virtuosity.\u201c<br><\/p>\r\n\r\n\r\n\r\n<p class=\"has-text-align-center\"><strong>PIANO NEWS<br><\/strong>\u201eNeben der Virtuosit\u00e4t ist ihr Spiel aber auch in emotional ausdrucksvollen St\u00fccken schlichtweg vorbildlich.<br>Eine vielseitige und in h\u00f6chstem Ma\u00dfe beeindruckende Einspielung!\u201c<br><\/p>\r\n\r\n\r\n\r\n<p class=\"has-text-align-center\"><strong>NDR KULTUR<br><\/strong>\u201eDie Musikalit\u00e4t ist schier beeindruckend. Shin-Heae Kang versteht es die Idee hinter jedem St\u00fcck zu zeigen.<br>Jeder Takt atmet gro\u00dfe Erfahrung, Stilempfinden und tiefe Menschlichkeit.\u201c<br><\/p>\r\n\r\n\r\n\r\n<p class=\"has-text-align-center\"><strong>PIZZICATO<br><\/strong>\u201eIn einem reinen Liszt-Programm hat sie technisch alles, um virtuos zu spielen<br>und musikalisch die Intelligenz, um die Virtuosit\u00e4t dem Dienste an der Musik unterzuordnen.<br>Das l\u00e4sst ihr Spiel so differenziert wirken.\u201c<br><\/p>\r\n\r\n\r\n\r\n<p class=\"has-text-align-center\"><strong>KLASSIK.COM<br><\/strong>\u201eVirtuoses Leuchten &#8211; Shin-Heae Kang mit starker Liszt-Performance &#8211;<br>M\u00e4chtige Unisono-Passagen, in denen sie sich vor energischem Zugriff nicht scheut, kommen ebenso \u00fcberzeugend<br>zur Geltung wie virtuos leuchtende Diskant-Farben. Mit klangsensiblem Tiefgang und gestalterischer \u00dcbersicht<br>versenkt sie sich in den gro\u00df dimensionierten, meditativen Zustand von &#8216;Apr\u00e8s une lecture de Dante&#8217;.\u201c<br><\/p>\r\n\r\n\r\n\r\n<p class=\"has-text-align-center\"><strong>KLASSIK HEUTE<br><\/strong>\u201eSensibel versetzt Shin Heae Kangs Spiel die Figurationen<br>in einen silbrigen Glanz, der funkelt, aber nie blendet, der herrlich leichtf\u00fc\u00dfig<br>und mit pointierter Akzentierung die vielen pianistischen M\u00f6glichkeiten auskostet.\u201c<br><\/p>\r\n\r\n\r\n\r\n<p class=\"has-text-align-center\"><strong>GRAMOPHONE<br><\/strong>\u201eShin-Heae Kang impresses as a pianist of considerable technical accomplishment,<br>intent on placing a personal stamp on everything she plays.\u201c<br><\/p>\r\n\r\n\r\n\r\n<p class=\"has-text-align-center\"><strong>KIELER NACHRICHTEN<br><\/strong>\u201eDer Klavierklang ist wunderbar erdig und vollt\u00f6nend, die Melodienlinien erscheinen elegant gesungen.<br>Die hochvirtuosen Et\u00fcden verraten unter ihren H\u00e4nden \u00fcberall den thematischen Kern,<br>t\u00f6nen plastisch und sch\u00f6n.\u201c<br><\/p>\r\n\r\n\r\n\r\n<p class=\"has-text-align-center\"><strong>LANDESZEITUNG L\u00dcNEBURG<br><\/strong>\u201eIhr Album widmet Shin-Heae Kang ganz Franz Liszt und durchmisst das ganze Spektrum menschlicher Gef\u00fchle.<br>Ihr gelingt das Entscheidende, den hohen virtuosen Anspr\u00fcchen n\u00e4mlich die pure Bravour zu nehmen<br>und tiefer in die Werke einzudringen.\u201c<br><\/p>\r\n\r\n\r\n\r\n<p class=\"has-text-align-center\"><strong>O-TON<br><\/strong>\u201eDas Album ist so gut gelungen, dass man es den lieben langen Tag rauf und runter h\u00f6ren kann.<br>So muss ein Deb\u00fct-Album sein!\u201c<\/p>\r\n\r\n\r\n\r\n\r\n\r\n\r\n\r\n<h3 class=\"has-text-align-center\">Trailer<\/h3>\r\n\r\n\r\n\r\n<figure class=\"wp-block-embed-youtube wp-block-embed is-type-video is-provider-youtube wp-embed-aspect-16-9 wp-has-aspect-ratio\"><div class=\"wp-block-embed__wrapper\">\r\n<div class=\"x-resp-embed x-is-video x-is-youtube\"><iframe loading=\"lazy\" width=\"960\" height=\"540\" src=\"https:\/\/www.youtube.com\/embed\/xfjbf2P0dFI?feature=oembed\" frameborder=\"0\" allow=\"accelerometer; autoplay; encrypted-media; gyroscope; picture-in-picture\" allowfullscreen><\/iframe><\/div>\r\n<\/div><\/figure>\r\n\r\n\r\n\r\n<figure class=\"wp-block-embed-youtube wp-block-embed is-type-video is-provider-youtube wp-embed-aspect-16-9 wp-has-aspect-ratio\"><div class=\"wp-block-embed__wrapper\">\r\n<div class=\"x-resp-embed x-is-video x-is-youtube\"><iframe loading=\"lazy\" width=\"960\" height=\"540\" src=\"https:\/\/www.youtube.com\/embed\/-7TePF7wX_s?feature=oembed\" frameborder=\"0\" allow=\"accelerometer; autoplay; encrypted-media; gyroscope; picture-in-picture\" allowfullscreen><\/iframe><\/div>\r\n<\/div><\/figure>","protected":false},"excerpt":{"rendered":"<p>Unfortunately this page is only available in Deutsch and English. For the sake of viewer convenience, the content is shown below in this site default language. You may click one of the links to switch the site language to another available language. \u00a0 News CD ALBUM&nbsp;KALEIDOSCOPE&nbsp;&#8211;&nbsp;SHIN-HEAE&nbsp;KANG&nbsp;PLAYS&nbsp;LISZT International\u00a0Release: September 2019 Portr\u00e4t: Ausnahmepianistin Shin-Heae Kang Sendung: DAS! (NDR) Poulenc: Konzert f\u00fcr zwei &#8230; <\/p>\n<div><a href=\"http:\/\/www.shin-heae-kang.com\/kr\/\" class=\"more-link\">Read More<\/a><\/div>\n","protected":false},"author":1,"featured_media":0,"parent":0,"menu_order":0,"comment_status":"closed","ping_status":"closed","template":"","meta":[],"yoast_head":"<!-- This site is optimized with the Yoast SEO plugin v19.14 - https:\/\/yoast.com\/wordpress\/plugins\/seo\/ -->\n<title>Home - Shin-Heae Kang<\/title>\n<meta name=\"robots\" content=\"index, follow, max-snippet:-1, max-image-preview:large, max-video-preview:-1\" \/>\n<link rel=\"canonical\" href=\"http:\/\/www.shin-heae-kang.com\/en\/\" \/>\n<meta property=\"og:locale\" content=\"en_US\" \/>\n<meta property=\"og:type\" content=\"article\" \/>\n<meta property=\"og:title\" content=\"Home - Shin-Heae Kang\" \/>\n<meta property=\"og:description\" content=\"Unfortunately this page is only available in Deutsch and English. For the sake of viewer convenience, the content is shown below in this site default language. You may click one of the links to switch the site language to another available language. \u00a0 News CD ALBUM&nbsp;KALEIDOSCOPE&nbsp;&#8211;&nbsp;SHIN-HEAE&nbsp;KANG&nbsp;PLAYS&nbsp;LISZT International\u00a0Release: September 2019 Portr\u00e4t: Ausnahmepianistin Shin-Heae Kang Sendung: DAS! (NDR) Poulenc: Konzert f\u00fcr zwei ... Read More\" \/>\n<meta property=\"og:url\" content=\"http:\/\/www.shin-heae-kang.com\/en\/\" \/>\n<meta property=\"og:site_name\" content=\"Shin-Heae Kang\" \/>\n<meta property=\"article:modified_time\" content=\"2021-11-06T08:56:10+00:00\" \/>\n<meta property=\"og:image\" content=\"http:\/\/www.shin-heae-kang.com\/wp-content\/uploads\/2019\/08\/cd500-1.png\" \/>\n<meta name=\"twitter:card\" content=\"summary_large_image\" \/>\n<meta name=\"twitter:label1\" content=\"Est. reading time\" \/>\n\t<meta name=\"twitter:data1\" content=\"5 minutes\" \/>\n<script type=\"application\/ld+json\" class=\"yoast-schema-graph\">{\"@context\":\"https:\/\/schema.org\",\"@graph\":[{\"@type\":\"WebPage\",\"@id\":\"http:\/\/www.shin-heae-kang.com\/en\/\",\"url\":\"http:\/\/www.shin-heae-kang.com\/en\/\",\"name\":\"Home - Shin-Heae Kang\",\"isPartOf\":{\"@id\":\"http:\/\/www.shin-heae-kang.com\/en\/#website\"},\"datePublished\":\"2016-05-07T11:22:10+00:00\",\"dateModified\":\"2021-11-06T08:56:10+00:00\",\"breadcrumb\":{\"@id\":\"http:\/\/www.shin-heae-kang.com\/en\/#breadcrumb\"},\"inLanguage\":\"kr\",\"potentialAction\":[{\"@type\":\"ReadAction\",\"target\":[\"http:\/\/www.shin-heae-kang.com\/en\/\"]}]},{\"@type\":\"BreadcrumbList\",\"@id\":\"http:\/\/www.shin-heae-kang.com\/en\/#breadcrumb\",\"itemListElement\":[{\"@type\":\"ListItem\",\"position\":1,\"name\":\"Startseite\",\"item\":\"http:\/\/www.shin-heae-kang.com\/en\/\"},{\"@type\":\"ListItem\",\"position\":2,\"name\":\"Homepage\"}]},{\"@type\":\"WebSite\",\"@id\":\"http:\/\/www.shin-heae-kang.com\/en\/#website\",\"url\":\"http:\/\/www.shin-heae-kang.com\/en\/\",\"name\":\"Shin-Heae Kang\",\"description\":\"Pianistin\",\"potentialAction\":[{\"@type\":\"SearchAction\",\"target\":{\"@type\":\"EntryPoint\",\"urlTemplate\":\"http:\/\/www.shin-heae-kang.com\/en\/?s={search_term_string}\"},\"query-input\":\"required name=search_term_string\"}],\"inLanguage\":\"kr\"}]}<\/script>\n<!-- \/ Yoast SEO plugin. -->","yoast_head_json":{"title":"Home - Shin-Heae Kang","robots":{"index":"index","follow":"follow","max-snippet":"max-snippet:-1","max-image-preview":"max-image-preview:large","max-video-preview":"max-video-preview:-1"},"canonical":"http:\/\/www.shin-heae-kang.com\/en\/","og_locale":"en_US","og_type":"article","og_title":"Home - Shin-Heae Kang","og_description":"Unfortunately this page is only available in Deutsch and English. For the sake of viewer convenience, the content is shown below in this site default language. You may click one of the links to switch the site language to another available language. \u00a0 News CD ALBUM&nbsp;KALEIDOSCOPE&nbsp;&#8211;&nbsp;SHIN-HEAE&nbsp;KANG&nbsp;PLAYS&nbsp;LISZT International\u00a0Release: September 2019 Portr\u00e4t: Ausnahmepianistin Shin-Heae Kang Sendung: DAS! (NDR) Poulenc: Konzert f\u00fcr zwei ... Read More","og_url":"http:\/\/www.shin-heae-kang.com\/en\/","og_site_name":"Shin-Heae Kang","article_modified_time":"2021-11-06T08:56:10+00:00","og_image":[{"url":"http:\/\/www.shin-heae-kang.com\/wp-content\/uploads\/2019\/08\/cd500-1.png"}],"twitter_card":"summary_large_image","twitter_misc":{"Est. reading time":"5 minutes"},"schema":{"@context":"https:\/\/schema.org","@graph":[{"@type":"WebPage","@id":"http:\/\/www.shin-heae-kang.com\/en\/","url":"http:\/\/www.shin-heae-kang.com\/en\/","name":"Home - Shin-Heae Kang","isPartOf":{"@id":"http:\/\/www.shin-heae-kang.com\/en\/#website"},"datePublished":"2016-05-07T11:22:10+00:00","dateModified":"2021-11-06T08:56:10+00:00","breadcrumb":{"@id":"http:\/\/www.shin-heae-kang.com\/en\/#breadcrumb"},"inLanguage":"kr","potentialAction":[{"@type":"ReadAction","target":["http:\/\/www.shin-heae-kang.com\/en\/"]}]},{"@type":"BreadcrumbList","@id":"http:\/\/www.shin-heae-kang.com\/en\/#breadcrumb","itemListElement":[{"@type":"ListItem","position":1,"name":"Startseite","item":"http:\/\/www.shin-heae-kang.com\/en\/"},{"@type":"ListItem","position":2,"name":"Homepage"}]},{"@type":"WebSite","@id":"http:\/\/www.shin-heae-kang.com\/en\/#website","url":"http:\/\/www.shin-heae-kang.com\/en\/","name":"Shin-Heae Kang","description":"Pianistin","potentialAction":[{"@type":"SearchAction","target":{"@type":"EntryPoint","urlTemplate":"http:\/\/www.shin-heae-kang.com\/en\/?s={search_term_string}"},"query-input":"required name=search_term_string"}],"inLanguage":"kr"}]}},"_links":{"self":[{"href":"http:\/\/www.shin-heae-kang.com\/kr\/wp-json\/wp\/v2\/pages\/12"}],"collection":[{"href":"http:\/\/www.shin-heae-kang.com\/kr\/wp-json\/wp\/v2\/pages"}],"about":[{"href":"http:\/\/www.shin-heae-kang.com\/kr\/wp-json\/wp\/v2\/types\/page"}],"author":[{"embeddable":true,"href":"http:\/\/www.shin-heae-kang.com\/kr\/wp-json\/wp\/v2\/users\/1"}],"replies":[{"embeddable":true,"href":"http:\/\/www.shin-heae-kang.com\/kr\/wp-json\/wp\/v2\/comments?post=12"}],"version-history":[{"count":22,"href":"http:\/\/www.shin-heae-kang.com\/kr\/wp-json\/wp\/v2\/pages\/12\/revisions"}],"predecessor-version":[{"id":628,"href":"http:\/\/www.shin-heae-kang.com\/kr\/wp-json\/wp\/v2\/pages\/12\/revisions\/628"}],"wp:attachment":[{"href":"http:\/\/www.shin-heae-kang.com\/kr\/wp-json\/wp\/v2\/media?parent=12"}],"curies":[{"name":"wp","href":"https:\/\/api.w.org\/{rel}","templated":true}]}}