{"id":292,"date":"2016-09-02T10:44:59","date_gmt":"2016-09-02T08:44:59","guid":{"rendered":"http:\/\/web.c-307.maxcluster.net\/shinheae\/?page_id=292"},"modified":"2017-09-19T06:41:40","modified_gmt":"2017-09-19T04:41:40","slug":"2006-2","status":"publish","type":"page","link":"http:\/\/www.shin-heae-kang.com\/kr\/presse\/2006-2\/","title":{"rendered":"2006"},"content":{"rendered":"<p class=\"qtranxs-available-languages-message qtranxs-available-languages-message-kr\">Unfortunately this page is only available in <a href=\"http:\/\/www.shin-heae-kang.com\/de\/wp-json\/wp\/v2\/pages\/292\" class=\"qtranxs-available-language-link qtranxs-available-language-link-de\" title=\"Deutsch\">Deutsch<\/a>. For the sake of viewer convenience, the content is shown below in the alternative language. You may click the link to switch the active language.<\/p><h2>Sp\u00e4te Zugabe begeisterte die Zuh\u00f6rer<\/h2>\n<p>&#8220;Shin-Heae Kang gab ein Klavierkonzert im Rittersaal des Schlosses vor Husum &#8211; Sie erntete Standing Ovation, als sie sich nach der Verleihung des Preises 2006 des Deutschen Druiden-Ordens mit der ,Wandererfantasie\u2019 von Franz Schubert bedankte, jenem Werk, das selbst f\u00fcr den Komponisten eine pianistische Herausforderung darstellte. Dieses und auch der allgemeine Wunsch, die 19 Jahre junge Pianistin Shin-Heae Kang einmal mehr zu h\u00f6ren, war der Anlass f\u00fcr die Gro\u00df-Loge Schleswig-Holstein, die Angeh\u00f6rigen der Logen des Landes sowie deren Freunde und Bekannte zu einem Klavierkonzert einzuladen, das am 11.11.2006 im stilvollen Ritersaal des Schlosses vor Husum stattfand.<\/p>\n<p>Der Abend wurde zu dem erwarteten Erfolg und als solcher weit mehr als nur eine Erg\u00e4nzung zu dem in Flensburg Geh\u00f6rten. Die ausgew\u00e4hlten Werke von Franz Schubert und Fr\u00e9d\u00e9ric Chopin \u00fcber Johannes Brahms bis Robert Schumann und Franz Liszt zeigten die ganze Bandbreite ihrer au\u00dfergew\u00f6hnlichen Begabung. Einf\u00fchlsam interpretierte sie die herbe Sch\u00f6nheit einer Schubert-Sonate ebenso wie die poetische Gef\u00fchlswelt zweier Nocturnes von Chopin. In der gro\u00dfen C-Dur-Fantasie von Schumann entfaltete Shin-Heae die ganze Empfindungstiefe und Ausdrucksvielfalt dieser Komposition, die zu Recht als ein H\u00f6hepunkt im Klavierschaffen des gro\u00dfen Romantikers gilt. Und Pr\u00fcfsteine f\u00fcr jeden Pianisten in der Bew\u00e4ltigung h\u00f6chster Anforderungen an pianistische Virtuosit\u00e4t und Brillanz sind die Paganinivariationen von Brahms und die Dantesonate von Liszt, die Shin-Heae mit atemberaubender K\u00f6nnerschaft darbot.<\/p>\n<p>Wir erlebten einen Konzertabend mit \u201cRomantik pur&#8221;. Und wir haben die Preistr\u00e4gerin 2006 des Deutschen Druiden-Ordens nicht zuletzt auch wegen ihrer freundlichen und bescheidenen Art lieb gewonnen.&#8221;<\/p>\n<p><em>ZEITSCHRIFT DES DRUIDEN-ORDENS &#8211; DRUIDENSTERN<\/em><\/p>\n<hr \/>\n<h2>Virtuosit\u00e4t gepaart mit Ausdruckskraft<\/h2>\n<p>&#8220;Shin-Heae Kang verzauberte Konzert-Besucher \u2013 Zum ersten Mal kam die junge Pianistin Shin-Heae Kang aus Kiel zu einem Konzert nach Husum. Auf Einladung der Gro\u00df-Loge Schleswig-Holstein spielte die Koreanerin, die mit ihren Eltern in der Landeshauptstadt lebt, im Rittersaal des Schlosses. Zuvor hatte der Landesverband des Deutschen Druiden-Ordens der 19-J\u00e4hrigen im Mai seinen Ehrenpreis 2006 verliehen.<\/p>\n<p>Die Vorfreude auf diesen au\u00dfergew\u00f6hnlichen Konzertabend teilten sich Veranstalter, Mitglieder, Freunde und F\u00f6rderer. Shin-Heae Kang pr\u00e4sentierte den Zuh\u00f6rern Klaviermusik aus der Zeit der Romantik. Die ausgew\u00e4hlten St\u00fccke von Franz Schubert, Frederik Chopin, Robert Schumann, Johannes Brahms und Franz Liszt waren bestens geeignet, die ganze Bandbreite dieser ungew\u00f6hnlichen Begabung zu demonstrieren. Shin-Heae Kang paart Virtuosit\u00e4t mit hoher musikalischer Ausdruckskraft.\u201c<\/p>\n<p><em>HUSUMER NACHRICHTEN<\/em><\/p>\n<hr \/>\n<h2>Von junger Pianistin beeindruckt<\/h2>\n<p>&#8220;Ein H\u00f6hepunkt war auch f\u00fcr die Gubener die Preisverleihung des Deutschen Druiden-Ordens an eine junge deutsche Pianistin koreanischer Herkunft. In Norddeutschland ist die 19-j\u00e4hrige Shin-Heae Kang schon sehr bekannt. Der Preis des Deutschen Druidenordens wird seit 1985 alle zwei Jahre f\u00fcr herausragende Leistungen auf verschiedenen Gebieten der Natur &#8211;\u00a0 und Geisteswissenschaften sowie der Kunst verliehen.&#8221;<\/p>\n<p><em>LAUSITZER RUNDSCHAU<\/em><\/p>\n<hr \/>\n<h2>Ehrenpreis in 2006 &#8211; Verleihung an die 19-j\u00e4hrige Pianistin Shin-Heae Kang<\/h2>\n<p>&#8220;Der gro\u00dfe Saal des &#8220;Deutschen Hauses&#8221; in Flensburg war bis auf den letzten Platz gef\u00fcllt. Er gab innerhalb der Feierlichkeiten zum 100j\u00e4hrigen Jubil\u00e4um der Gro\u00df-Loge Schleswig-Holstein den w\u00fcrdigen und verdienten Rahmen f\u00fcr eine bemerkenswerte Ehrung. Zum absoluten H\u00f6hepunkt wurde jedoch der als Dank gedachte musikalische Vortrag der Preistr\u00e4gerin. Die gleichsam kraftvoll und einf\u00fchlsam vorgetragene &#8220;Wanderer-Fantasie&#8221; von Franz Schubert, von der selbst ihr Komponist sagte, sie sei vom Schwierigkeitsgrad her kaum spielbar, quittierte das Auditorium mit lang anhaltendem Applaus und standing ovations.&#8221;<\/p>\n<p><em>DEUTSCHER DRUIDEN-ORDEN<\/em><\/p>\n<hr \/>\n<h2>Piano-Parforceritt<\/h2>\n<p>&#8220;Es gibt Interpretationen, die stellen in erster Linie Fragen an die Musik. Und es gibt solche, die vor allem Antworten parat haben. Zu letzteren geh\u00f6ren diejenigen der jungen Pianistin Shin Heae Kang. Die Antworten wurden gerne geh\u00f6rt &#8211; nicht erst, als die in Kiel aufgewachsene Tochter koreanischer Eltern zum Abschluss ihres Programms mit den &#8220;Paganini-Variationen&#8221; von Brahms in einem wahren Parforceritt alle Register pianistischer Virtuosit\u00e4t zog.<\/p>\n<p>Schon zuvor war bei dem Konzert im Rahmen des &#8220;Dannenberger Fr\u00fchlings&#8221; deutlich geworden, dass die Musikerin keine spieltechnische H\u00fcrde zu scheuen braucht \u2013 doch bei den vertrackten L\u00e4ufe der Brahmsschen Komposition, die \u00fcber weite Strecke mit rasantem Tempo zu realisieren sind, war die Pianistin ganz in ihrem Element.<\/p>\n<p>Mit Bravos quittierte das mitgerissene Publikum das Spiel. Vor allem dessen auch gegen das Instrument durchgesetzte vehemente Rasanz lie\u00df eine in sich \u00e4u\u00dferst geschlossene Interpretation entstehen. Die Struktur des Werks arbeitete die Pianistin exakt heraus. Das Programm wurde von zwei Balladen Frederic Chopins abgerundet, Musik, die Shin Heae Kang sich besonders zu liegen scheint: Souver\u00e4n und genau brachte sie emotionalen Pole dieser Musik auf den Punkt, lie\u00df um sie R\u00e4ume der Uneindeutigkeit und Vielfalt entstehen.\u201c<\/p>\n<p><em>NIEDERS\u00c4CHSISCHES TAGEBLATT &#8211; ELBE-JEETZEL-ZEITUNG<\/em><\/p>\n<hr \/>\n<h2>Wirbel mit Tiefgang &#8211; Die Zeit war reif f\u00fcr eine CD-Produktion<\/h2>\n<p>&#8220;Die F\u00e4higkeit der Hochbegabten, hinter dem effektvollen Wirbel flinker Finger den Kern der Musik zu erfassen, wird mir der vorliegenden Disc nun Bit f\u00fcr Bit nachgewiesen. Schon Franz Schuberts Wanderer-Fantasie atmet bei Kang immer wieder auch jene Poesie und Nachdenklichkeit, die in allzu vordergr\u00fcndig brillant aufgefassten Interpretationen oft fehlt. Beinahe zwingend f\u00fchrt der Weg so hin\u00fcber zu den lediglich ein duzend Jahre j\u00fcngeren Symphonischen Et\u00fcden op. 13 des janusk\u00f6pfigen Robert Schumann. Obwohl die junge Virtuosin weder hier noch in Liszts Ungarischer Rhapsodie Nr. 2 waghalsiges Irrlichtern scheut, liegt eine W\u00e4rme und Empfindsamkeit im Ton, die ins Schwarze der Romantik trifft.\u201c<\/p>\n<p><em>KIELER NACHRICHTEN<\/em>","protected":false},"excerpt":{"rendered":"<p>Unfortunately this page is only available in Deutsch. For the sake of viewer convenience, the content is shown below in the alternative language. You may click the link to switch the active language.Sp\u00e4te Zugabe begeisterte die Zuh\u00f6rer &#8220;Shin-Heae Kang gab ein Klavierkonzert im Rittersaal des Schlosses vor Husum &#8211; Sie erntete Standing Ovation, als sie sich nach der Verleihung des &#8230; <\/p>\n<div><a href=\"http:\/\/www.shin-heae-kang.com\/kr\/presse\/2006-2\/\" class=\"more-link\">Read More<\/a><\/div>\n","protected":false},"author":1,"featured_media":0,"parent":262,"menu_order":0,"comment_status":"closed","ping_status":"closed","template":"","meta":[],"yoast_head":"<!-- This site is optimized with the Yoast SEO plugin v19.14 - https:\/\/yoast.com\/wordpress\/plugins\/seo\/ -->\n<title>2006 - Shin-Heae Kang<\/title>\n<meta name=\"robots\" content=\"index, follow, max-snippet:-1, max-image-preview:large, max-video-preview:-1\" \/>\n<link rel=\"canonical\" href=\"http:\/\/www.shin-heae-kang.com\/fr\/presse\/2006-2\/\" \/>\n<meta property=\"og:locale\" content=\"en_US\" \/>\n<meta property=\"og:type\" content=\"article\" \/>\n<meta property=\"og:title\" content=\"2006 - Shin-Heae Kang\" \/>\n<meta property=\"og:description\" content=\"Unfortunately this page is only available in Deutsch. For the sake of viewer convenience, the content is shown below in the alternative language. You may click the link to switch the active language.Sp\u00e4te Zugabe begeisterte die Zuh\u00f6rer &#8220;Shin-Heae Kang gab ein Klavierkonzert im Rittersaal des Schlosses vor Husum &#8211; Sie erntete Standing Ovation, als sie sich nach der Verleihung des ... Read More\" \/>\n<meta property=\"og:url\" content=\"http:\/\/www.shin-heae-kang.com\/fr\/presse\/2006-2\/\" \/>\n<meta property=\"og:site_name\" content=\"Shin-Heae Kang\" \/>\n<meta property=\"article:modified_time\" content=\"2017-09-19T04:41:40+00:00\" \/>\n<meta name=\"twitter:card\" content=\"summary_large_image\" \/>\n<meta name=\"twitter:label1\" content=\"Est. reading time\" \/>\n\t<meta name=\"twitter:data1\" content=\"5 minutes\" \/>\n<script type=\"application\/ld+json\" class=\"yoast-schema-graph\">{\"@context\":\"https:\/\/schema.org\",\"@graph\":[{\"@type\":\"WebPage\",\"@id\":\"http:\/\/www.shin-heae-kang.com\/fr\/presse\/2006-2\/\",\"url\":\"http:\/\/www.shin-heae-kang.com\/fr\/presse\/2006-2\/\",\"name\":\"2006 - Shin-Heae Kang\",\"isPartOf\":{\"@id\":\"http:\/\/www.shin-heae-kang.com\/en\/#website\"},\"datePublished\":\"2016-09-02T08:44:59+00:00\",\"dateModified\":\"2017-09-19T04:41:40+00:00\",\"breadcrumb\":{\"@id\":\"http:\/\/www.shin-heae-kang.com\/fr\/presse\/2006-2\/#breadcrumb\"},\"inLanguage\":\"kr\",\"potentialAction\":[{\"@type\":\"ReadAction\",\"target\":[\"http:\/\/www.shin-heae-kang.com\/fr\/presse\/2006-2\/\"]}]},{\"@type\":\"BreadcrumbList\",\"@id\":\"http:\/\/www.shin-heae-kang.com\/fr\/presse\/2006-2\/#breadcrumb\",\"itemListElement\":[{\"@type\":\"ListItem\",\"position\":1,\"name\":\"Startseite\",\"item\":\"http:\/\/www.shin-heae-kang.com\/en\/\"},{\"@type\":\"ListItem\",\"position\":2,\"name\":\"Press Reviews\",\"item\":\"http:\/\/www.shin-heae-kang.com\/en\/presse\/\"},{\"@type\":\"ListItem\",\"position\":3,\"name\":\"2006\"}]},{\"@type\":\"WebSite\",\"@id\":\"http:\/\/www.shin-heae-kang.com\/en\/#website\",\"url\":\"http:\/\/www.shin-heae-kang.com\/en\/\",\"name\":\"Shin-Heae Kang\",\"description\":\"Pianistin\",\"potentialAction\":[{\"@type\":\"SearchAction\",\"target\":{\"@type\":\"EntryPoint\",\"urlTemplate\":\"http:\/\/www.shin-heae-kang.com\/en\/?s={search_term_string}\"},\"query-input\":\"required name=search_term_string\"}],\"inLanguage\":\"kr\"}]}<\/script>\n<!-- \/ Yoast SEO plugin. -->","yoast_head_json":{"title":"2006 - Shin-Heae Kang","robots":{"index":"index","follow":"follow","max-snippet":"max-snippet:-1","max-image-preview":"max-image-preview:large","max-video-preview":"max-video-preview:-1"},"canonical":"http:\/\/www.shin-heae-kang.com\/fr\/presse\/2006-2\/","og_locale":"en_US","og_type":"article","og_title":"2006 - Shin-Heae Kang","og_description":"Unfortunately this page is only available in Deutsch. For the sake of viewer convenience, the content is shown below in the alternative language. You may click the link to switch the active language.Sp\u00e4te Zugabe begeisterte die Zuh\u00f6rer &#8220;Shin-Heae Kang gab ein Klavierkonzert im Rittersaal des Schlosses vor Husum &#8211; Sie erntete Standing Ovation, als sie sich nach der Verleihung des ... Read More","og_url":"http:\/\/www.shin-heae-kang.com\/fr\/presse\/2006-2\/","og_site_name":"Shin-Heae Kang","article_modified_time":"2017-09-19T04:41:40+00:00","twitter_card":"summary_large_image","twitter_misc":{"Est. reading time":"5 minutes"},"schema":{"@context":"https:\/\/schema.org","@graph":[{"@type":"WebPage","@id":"http:\/\/www.shin-heae-kang.com\/fr\/presse\/2006-2\/","url":"http:\/\/www.shin-heae-kang.com\/fr\/presse\/2006-2\/","name":"2006 - Shin-Heae Kang","isPartOf":{"@id":"http:\/\/www.shin-heae-kang.com\/en\/#website"},"datePublished":"2016-09-02T08:44:59+00:00","dateModified":"2017-09-19T04:41:40+00:00","breadcrumb":{"@id":"http:\/\/www.shin-heae-kang.com\/fr\/presse\/2006-2\/#breadcrumb"},"inLanguage":"kr","potentialAction":[{"@type":"ReadAction","target":["http:\/\/www.shin-heae-kang.com\/fr\/presse\/2006-2\/"]}]},{"@type":"BreadcrumbList","@id":"http:\/\/www.shin-heae-kang.com\/fr\/presse\/2006-2\/#breadcrumb","itemListElement":[{"@type":"ListItem","position":1,"name":"Startseite","item":"http:\/\/www.shin-heae-kang.com\/en\/"},{"@type":"ListItem","position":2,"name":"Press Reviews","item":"http:\/\/www.shin-heae-kang.com\/en\/presse\/"},{"@type":"ListItem","position":3,"name":"2006"}]},{"@type":"WebSite","@id":"http:\/\/www.shin-heae-kang.com\/en\/#website","url":"http:\/\/www.shin-heae-kang.com\/en\/","name":"Shin-Heae Kang","description":"Pianistin","potentialAction":[{"@type":"SearchAction","target":{"@type":"EntryPoint","urlTemplate":"http:\/\/www.shin-heae-kang.com\/en\/?s={search_term_string}"},"query-input":"required name=search_term_string"}],"inLanguage":"kr"}]}},"_links":{"self":[{"href":"http:\/\/www.shin-heae-kang.com\/kr\/wp-json\/wp\/v2\/pages\/292"}],"collection":[{"href":"http:\/\/www.shin-heae-kang.com\/kr\/wp-json\/wp\/v2\/pages"}],"about":[{"href":"http:\/\/www.shin-heae-kang.com\/kr\/wp-json\/wp\/v2\/types\/page"}],"author":[{"embeddable":true,"href":"http:\/\/www.shin-heae-kang.com\/kr\/wp-json\/wp\/v2\/users\/1"}],"replies":[{"embeddable":true,"href":"http:\/\/www.shin-heae-kang.com\/kr\/wp-json\/wp\/v2\/comments?post=292"}],"version-history":[{"count":3,"href":"http:\/\/www.shin-heae-kang.com\/kr\/wp-json\/wp\/v2\/pages\/292\/revisions"}],"predecessor-version":[{"id":423,"href":"http:\/\/www.shin-heae-kang.com\/kr\/wp-json\/wp\/v2\/pages\/292\/revisions\/423"}],"up":[{"embeddable":true,"href":"http:\/\/www.shin-heae-kang.com\/kr\/wp-json\/wp\/v2\/pages\/262"}],"wp:attachment":[{"href":"http:\/\/www.shin-heae-kang.com\/kr\/wp-json\/wp\/v2\/media?parent=292"}],"curies":[{"name":"wp","href":"https:\/\/api.w.org\/{rel}","templated":true}]}}