{"id":310,"date":"2016-09-02T10:46:09","date_gmt":"2016-09-02T08:46:09","guid":{"rendered":"http:\/\/web.c-307.maxcluster.net\/shinheae\/?page_id=310"},"modified":"2017-09-19T06:38:37","modified_gmt":"2017-09-19T04:38:37","slug":"2000-2","status":"publish","type":"page","link":"http:\/\/www.shin-heae-kang.com\/kr\/presse\/2000-2\/","title":{"rendered":"2000"},"content":{"rendered":"<p class=\"qtranxs-available-languages-message qtranxs-available-languages-message-kr\">Unfortunately this page is only available in <a href=\"http:\/\/www.shin-heae-kang.com\/de\/wp-json\/wp\/v2\/pages\/310\" class=\"qtranxs-available-language-link qtranxs-available-language-link-de\" title=\"Deutsch\">Deutsch<\/a>. For the sake of viewer convenience, the content is shown below in the alternative language. You may click the link to switch the active language.<\/p><h2>Shin-Heae Kang begeisterte<\/h2>\n<p>&#8220;Es gibt viele M\u00e4dchen mit 13 Jahren, die gut Klavier spielen k\u00f6nnen. Es gibt einige M\u00e4dchen mit 13 Jahren, die sehr gut Klavier spielen k\u00f6nnen. Shin-Heae Kang ist ebenfalls 13 Jahre und spielt ausgezeichnet &#8211; im wahrsten Sinne des Wortes &#8211; Klavier. Die Untertertianerin der Max-Planck-Schule wurde in Kiel geboren. Ihren gar nicht norddeutschen Namen verdankt sie ihren Eltern, die aus Korea stammen.<\/p>\n<p>Schon sehr fr\u00fch &#8211; im Alter von drei Jahren &#8211; fiel die besondere musikalische Begabung Shin-Heaes auf. Shin-Heae ist mehrfache Preistr\u00e4gerin des Wettbewerbs &#8220;Jugend musiziert&#8221; mit den h\u00f6chst erreichbaren Punktzahlen. 1996 war sie Preistr\u00e4gerin des Steinway-Wettbewerbs in Hamburg und 1998 des Steinway-Wetbewerbs in Berlin, wo sie sogar einen Sonderpreis erhielt. Ihr erstes Konzert gab Shin-Heae mit neun Jahren. Mehrmals trat sie als Klaviersolistin mit Orchester auf. Schlie\u00dflich war Shin-Heae bereits mehrfach Gast bei Radio 3 des NDR, beim deutschen Fernsehen und N3. Zus\u00e4tzlich studiert Shin-Heae als weiteres Fach Gitarre, auch in diesem Fach wurde sie beim Bundeswettbewerb &#8220;Jugend musiziert&#8221; in Berlin 2000 1. Preistr\u00e4gerin.<\/p>\n<p>In ihrem Konzert in der R\u00e4ucherkate spielte Shin-Heae Werke von Beethoven, Rachmaninoff, Prokofieff, Debussy, Chopin und Liszt. Wer den gro\u00dfen Konzertfl\u00fcgel, hell angestrahlt, und die dagegen zierlich wirkende Pianistin sah, konnte zun\u00e4chst nicht ahnen, mit welcher Intensit\u00e4t und St\u00e4rke die verschiedenen St\u00fccke gespielt w\u00fcrden. Schon von Beginn an war das vollbesetze Auditorium im Banne dieser meisterlich dargebotenen Konzertmusik. Abgerundet wurde das optische Bild von der m\u00e4dchenhaften Bescheidenheit, mit der der gro\u00dfe Applaus in Empfang genommen wurde.<\/p>\n<p>\u00dcber zweieinhalb Stunden spielte die junge Pianistin alle Werke des Klavierabends aus dem Kopf. Das begeisterte Publikum erklatschte sich mehrere Zugaben und ging mit der Gwissheit nach Hause, eine K\u00fcnstlerin geh\u00f6rt und gesehen zu haben, von der man sicherlich noch manches h\u00f6ren wird.&#8221;<\/p>\n<p><em>KIELER JOURNAL<\/em><\/p>\n<hr \/>\n<h2>Feingef\u00fchl, Kraft und Fingerfertigkeit<\/h2>\n<p>&#8220;Junge Pianistin Shin-Heae Kang begeisterte in Molfsee &#8211; Was Shin-Heae Kang mit 13 Jahren bereits auf dem Klavier zustande bringt, darum kann sie manch ein ausgebildeter Konzertpianist beneiden \u2013 und zwar nicht nur in technischer Hinsicht, sondern auch in Bezug auf ein tief musikalisches Gesp\u00fcr. Rund 200 Besucher erlebten in der R\u00e4ucherkate am Freilichtmuseum in Molfsee am Sonntagabend ein au\u00dfergew\u00f6hnliches Konzert, in dem eben kein Wunderkind lediglich angelernt zirkusreife Leistungen bot, sondern in dem eine heranwachsende Jugendliche phasenweise nahezu Unglaubliches kaprizierte &#8211; mit erstaunlicher Sensibilit\u00e4t und sp\u00fcrbarer Lust am Spiel: Selten einmal h\u00f6rt man Sergei Prokofjews motorische Toccata in d-moll op. 11 so klar strukturiert und exakt akzentuiert.<\/p>\n<p>Felix Mendelssohn Variations serieuses in d-moll op. 54 stehen wohl so selten auf dem Programm, weil sich nur wenige Pianisten an den Spagat zwischen poetischen Kl\u00e4nge und hochvirtuosen Ausbr\u00fcchen heranwagen. Wie Shin-Heae Kang hier die Kontraste zwischen den Stimmungen erspielte, mit wie viel Feingef\u00fchl und zugleich Kraft und Fingerfertigkeit auch in der linken Hand, war atemberaubend. Mit einem ungeheuer vielf\u00e4ltigen Anschlagsspektrum wurden wundersch\u00f6ne weiche Passagen ebenso souver\u00e4n gemeistert wie blitzartige Entladungen. Auch wenn die Akzente in Ludwig van Beethovens Wut \u00fcber den verlorenen Groschen und in seiner Sonate in Es-Dur op. 31\/3 schon einmal etwas ungest\u00fcm gesetzt wurden, war es auch hier spannend, wie jede Note sich wohlgeordnet in ein komplexes Ganzes f\u00fcgte. Ebenso wohlgeordnet wie beim abschlie\u00dfenden Tastenfeuerwerk: Franz Liszts Rigoletto-Paraphrase.<\/p>\n<p>Um das Programm nicht bis Mitternacht zu verl\u00e4ngern, k\u00fcndigte der Veranstalter nach der 3. Zugabe schlie\u00dflich das letzte St\u00fcck des Abends an. Als Zugaben wurde den begeisterten Zuh\u00f6rern dreimal Chopin (zwei Walzer, eine Et\u00fcde) und noch einmal Liszt dargeboten: das brillant gespielte Paganini-Thema in La Campanella.&#8221;<\/p>\n<p><em>KIELER NACHRICHTEN<\/em><\/p>\n<hr \/>\n<h2>Auftritt einer Hochbegabten<\/h2>\n<p>&#8220;Ihren gro\u00dfen Auftritt hat die 13-j\u00e4hrige Klavier-Vorstudentin Shin-Heae Kang im Kammermusiksaal der Musikhochschule: Sie wird allein den ersten Teil des Konzertabends bestreiten. Shin-Heae Kang war erste Preistr\u00e4gerin bei &#8220;Jugend musiziert&#8221; und beim Steinway-Wettbewerb und hat bereits ihre erste CD eingespielt.&#8221;<\/p>\n<p><em>L\u00dcBECKER NACHRICHTEN<\/em>","protected":false},"excerpt":{"rendered":"<p>Unfortunately this page is only available in Deutsch. For the sake of viewer convenience, the content is shown below in the alternative language. You may click the link to switch the active language.Shin-Heae Kang begeisterte &#8220;Es gibt viele M\u00e4dchen mit 13 Jahren, die gut Klavier spielen k\u00f6nnen. Es gibt einige M\u00e4dchen mit 13 Jahren, die sehr gut Klavier spielen k\u00f6nnen. &#8230; <\/p>\n<div><a href=\"http:\/\/www.shin-heae-kang.com\/kr\/presse\/2000-2\/\" class=\"more-link\">Read More<\/a><\/div>\n","protected":false},"author":1,"featured_media":0,"parent":262,"menu_order":0,"comment_status":"closed","ping_status":"closed","template":"","meta":[],"yoast_head":"<!-- This site is optimized with the Yoast SEO plugin v19.14 - https:\/\/yoast.com\/wordpress\/plugins\/seo\/ -->\n<title>2000 - Shin-Heae Kang<\/title>\n<meta name=\"robots\" content=\"index, follow, max-snippet:-1, max-image-preview:large, max-video-preview:-1\" \/>\n<link rel=\"canonical\" href=\"http:\/\/www.shin-heae-kang.com\/kr\/presse\/2000-2\/\" \/>\n<meta property=\"og:locale\" content=\"en_US\" \/>\n<meta property=\"og:type\" content=\"article\" \/>\n<meta property=\"og:title\" content=\"2000 - Shin-Heae Kang\" \/>\n<meta property=\"og:description\" content=\"Unfortunately this page is only available in Deutsch. For the sake of viewer convenience, the content is shown below in the alternative language. You may click the link to switch the active language.Shin-Heae Kang begeisterte &#8220;Es gibt viele M\u00e4dchen mit 13 Jahren, die gut Klavier spielen k\u00f6nnen. Es gibt einige M\u00e4dchen mit 13 Jahren, die sehr gut Klavier spielen k\u00f6nnen. ... Read More\" \/>\n<meta property=\"og:url\" content=\"http:\/\/www.shin-heae-kang.com\/kr\/presse\/2000-2\/\" \/>\n<meta property=\"og:site_name\" content=\"Shin-Heae Kang\" \/>\n<meta property=\"article:modified_time\" content=\"2017-09-19T04:38:37+00:00\" \/>\n<meta name=\"twitter:card\" content=\"summary_large_image\" \/>\n<meta name=\"twitter:label1\" content=\"Est. reading time\" \/>\n\t<meta name=\"twitter:data1\" content=\"3 minutes\" \/>\n<script type=\"application\/ld+json\" class=\"yoast-schema-graph\">{\"@context\":\"https:\/\/schema.org\",\"@graph\":[{\"@type\":\"WebPage\",\"@id\":\"http:\/\/www.shin-heae-kang.com\/kr\/presse\/2000-2\/\",\"url\":\"http:\/\/www.shin-heae-kang.com\/kr\/presse\/2000-2\/\",\"name\":\"2000 - Shin-Heae Kang\",\"isPartOf\":{\"@id\":\"http:\/\/www.shin-heae-kang.com\/en\/#website\"},\"datePublished\":\"2016-09-02T08:46:09+00:00\",\"dateModified\":\"2017-09-19T04:38:37+00:00\",\"breadcrumb\":{\"@id\":\"http:\/\/www.shin-heae-kang.com\/kr\/presse\/2000-2\/#breadcrumb\"},\"inLanguage\":\"kr\",\"potentialAction\":[{\"@type\":\"ReadAction\",\"target\":[\"http:\/\/www.shin-heae-kang.com\/kr\/presse\/2000-2\/\"]}]},{\"@type\":\"BreadcrumbList\",\"@id\":\"http:\/\/www.shin-heae-kang.com\/kr\/presse\/2000-2\/#breadcrumb\",\"itemListElement\":[{\"@type\":\"ListItem\",\"position\":1,\"name\":\"Startseite\",\"item\":\"http:\/\/www.shin-heae-kang.com\/en\/\"},{\"@type\":\"ListItem\",\"position\":2,\"name\":\"Press Reviews\",\"item\":\"http:\/\/www.shin-heae-kang.com\/en\/presse\/\"},{\"@type\":\"ListItem\",\"position\":3,\"name\":\"2000\"}]},{\"@type\":\"WebSite\",\"@id\":\"http:\/\/www.shin-heae-kang.com\/en\/#website\",\"url\":\"http:\/\/www.shin-heae-kang.com\/en\/\",\"name\":\"Shin-Heae Kang\",\"description\":\"Pianistin\",\"potentialAction\":[{\"@type\":\"SearchAction\",\"target\":{\"@type\":\"EntryPoint\",\"urlTemplate\":\"http:\/\/www.shin-heae-kang.com\/en\/?s={search_term_string}\"},\"query-input\":\"required name=search_term_string\"}],\"inLanguage\":\"kr\"}]}<\/script>\n<!-- \/ Yoast SEO plugin. -->","yoast_head_json":{"title":"2000 - Shin-Heae Kang","robots":{"index":"index","follow":"follow","max-snippet":"max-snippet:-1","max-image-preview":"max-image-preview:large","max-video-preview":"max-video-preview:-1"},"canonical":"http:\/\/www.shin-heae-kang.com\/kr\/presse\/2000-2\/","og_locale":"en_US","og_type":"article","og_title":"2000 - Shin-Heae Kang","og_description":"Unfortunately this page is only available in Deutsch. For the sake of viewer convenience, the content is shown below in the alternative language. You may click the link to switch the active language.Shin-Heae Kang begeisterte &#8220;Es gibt viele M\u00e4dchen mit 13 Jahren, die gut Klavier spielen k\u00f6nnen. Es gibt einige M\u00e4dchen mit 13 Jahren, die sehr gut Klavier spielen k\u00f6nnen. ... Read More","og_url":"http:\/\/www.shin-heae-kang.com\/kr\/presse\/2000-2\/","og_site_name":"Shin-Heae Kang","article_modified_time":"2017-09-19T04:38:37+00:00","twitter_card":"summary_large_image","twitter_misc":{"Est. reading time":"3 minutes"},"schema":{"@context":"https:\/\/schema.org","@graph":[{"@type":"WebPage","@id":"http:\/\/www.shin-heae-kang.com\/kr\/presse\/2000-2\/","url":"http:\/\/www.shin-heae-kang.com\/kr\/presse\/2000-2\/","name":"2000 - Shin-Heae Kang","isPartOf":{"@id":"http:\/\/www.shin-heae-kang.com\/en\/#website"},"datePublished":"2016-09-02T08:46:09+00:00","dateModified":"2017-09-19T04:38:37+00:00","breadcrumb":{"@id":"http:\/\/www.shin-heae-kang.com\/kr\/presse\/2000-2\/#breadcrumb"},"inLanguage":"kr","potentialAction":[{"@type":"ReadAction","target":["http:\/\/www.shin-heae-kang.com\/kr\/presse\/2000-2\/"]}]},{"@type":"BreadcrumbList","@id":"http:\/\/www.shin-heae-kang.com\/kr\/presse\/2000-2\/#breadcrumb","itemListElement":[{"@type":"ListItem","position":1,"name":"Startseite","item":"http:\/\/www.shin-heae-kang.com\/en\/"},{"@type":"ListItem","position":2,"name":"Press Reviews","item":"http:\/\/www.shin-heae-kang.com\/en\/presse\/"},{"@type":"ListItem","position":3,"name":"2000"}]},{"@type":"WebSite","@id":"http:\/\/www.shin-heae-kang.com\/en\/#website","url":"http:\/\/www.shin-heae-kang.com\/en\/","name":"Shin-Heae Kang","description":"Pianistin","potentialAction":[{"@type":"SearchAction","target":{"@type":"EntryPoint","urlTemplate":"http:\/\/www.shin-heae-kang.com\/en\/?s={search_term_string}"},"query-input":"required name=search_term_string"}],"inLanguage":"kr"}]}},"_links":{"self":[{"href":"http:\/\/www.shin-heae-kang.com\/kr\/wp-json\/wp\/v2\/pages\/310"}],"collection":[{"href":"http:\/\/www.shin-heae-kang.com\/kr\/wp-json\/wp\/v2\/pages"}],"about":[{"href":"http:\/\/www.shin-heae-kang.com\/kr\/wp-json\/wp\/v2\/types\/page"}],"author":[{"embeddable":true,"href":"http:\/\/www.shin-heae-kang.com\/kr\/wp-json\/wp\/v2\/users\/1"}],"replies":[{"embeddable":true,"href":"http:\/\/www.shin-heae-kang.com\/kr\/wp-json\/wp\/v2\/comments?post=310"}],"version-history":[{"count":3,"href":"http:\/\/www.shin-heae-kang.com\/kr\/wp-json\/wp\/v2\/pages\/310\/revisions"}],"predecessor-version":[{"id":417,"href":"http:\/\/www.shin-heae-kang.com\/kr\/wp-json\/wp\/v2\/pages\/310\/revisions\/417"}],"up":[{"embeddable":true,"href":"http:\/\/www.shin-heae-kang.com\/kr\/wp-json\/wp\/v2\/pages\/262"}],"wp:attachment":[{"href":"http:\/\/www.shin-heae-kang.com\/kr\/wp-json\/wp\/v2\/media?parent=310"}],"curies":[{"name":"wp","href":"https:\/\/api.w.org\/{rel}","templated":true}]}}